{"id":61523,"date":"2022-01-22T18:15:21","date_gmt":"2022-01-22T17:15:21","guid":{"rendered":"https:\/\/demoweb.info\/sexshop001\/producto\/satisfyer-men-heat-vibration\/"},"modified":"2022-01-22T18:15:31","modified_gmt":"2022-01-22T17:15:31","slug":"satisfyer-men-heat-vibration","status":"publish","type":"product","link":"https:\/\/demoweb.info\/sexshop001\/producto\/satisfyer-men-heat-vibration\/","title":{"rendered":"SATISFYER MEN HEAT VIBRATION"},"content":{"rendered":"<p><strong>SATISFYER MEN HEAT VIBRATION &#8211; NUEVA EDICI\u00d3N 2020<\/strong><\/p>\n<p>El dise\u00f1o masculino en negro elegante hace que este masturbador sea un compa\u00f1ero de juegos con estilo para los hombres modernos. Su tama\u00f1o ideal se adapta perfectamente a la mano y garantiza un funcionamiento agradable, incluso cuando las cosas se vuelven salvajes. Gracias a las bater\u00edas recargables, el juguete no solo es bueno para ti, sino que tambi\u00e9n favorece al medio ambiente. Si tu compa\u00f1ero de juegos necesita m\u00e1s energ\u00eda, simplemente puedes recargarlo con el cable magn\u00e9tico USB incluido y podr\u00e1s comenzar de nuevo.<\/p>\n<p>Satisfyer Men Heat Vibration presenta una innovadora funci\u00f3n de calor que hace que tu placer sea incre\u00edblemente realista. Puedes ajustar la funci\u00f3n de calor usando 3 niveles hasta 40&ordm;C y dejar que el calor reconfortante en el t\u00fanel de amor suave te vuelva absolutamente loco. Si cierras los ojos con \u00e9xtasis y simplemente te dejas llevar hasta la cima del placer, \u00a1te olvidar\u00e1s en un instante que llegaste aqu\u00ed con un juguete! No lo creas \u00a1solo pru\u00e9balo!<\/p>\n<p>Caracter\u00edsticas:<\/p>\n<p>&#8211; Impermeable (IPX7).<br \/>\n&#8211; 70 programas de vibraci\u00f3n.<br \/>\n&#8211; Con funci\u00f3n de calentamiento.<br \/>\n&#8211; Silicona inocua para la piel.<br \/>\n&#8211; Recargable con cable de carga USB incluido.<br \/>\n<strong>&#8211; Nueva edici\u00f3n 2020<br \/>\n&#8211; Nuevo embalaje acorde con la nueva imagen de la marca<\/strong><br \/>\n<!--StartFragment--><strong>&#8211; GARANT\u00cdA DE HIGIENE: Tendr\u00e1s 100% asegurado que eres la primera persona en abrir tu nuevo juguete.<\/strong><!--EndFragment--><\/p>\n<p>La silicona suave y agradable para la piel es flexible, se ajusta r\u00e1pidamente a la temperatura de tu cuerpo y se complementa perfectamente con el emocionante pl\u00e1stico ABS implacable. Para un disfrute \u00f3ptimo, recomendamos lubricantes a base de agua, que son ideales para los productos de Satisfyer Men: aqu\u00ed puede elegir entre neutral, enfriamiento y calentamiento.<\/p>\n<p>Un lubricante a base de agua protege el material y mantiene la superficie agradable y suave. Gracias al acabado impermeable (IPX7), puedes limpiar a fondo el juguete con agua tibia y jab\u00f3n suave y luego usar el desinfectante en spray Satisfyer Men para una limpieza completa.<\/p>\n<p><strong>Medidas<\/strong>: 7,5 cm x 4,5 cm<\/p>\n","protected":false},"excerpt":{"rendered":"<p>SATISFYER MEN HEAT VIBRATION &#8211; NUEVA EDICI\u00d3N 2020 El dise\u00f1o masculino en negro elegante hace que este masturbador sea un<\/p>\n","protected":false},"featured_media":61524,"comment_status":"open","ping_status":"open","template":"","meta":[],"product_cat":[364],"product_tag":[614,442],"class_list":["post-61523","product","type-product","status-publish","has-post-thumbnail","hentry","product_cat-con-vibracion","product_tag-men","product_tag-satisfyer"],"bundled_by":[],"bundle_stock_status":"instock","bundle_stock_quantity":25,"bundle_virtual":false,"bundle_layout":"","bundle_add_to_cart_form_location":"","bundle_editable_in_cart":false,"bundle_sold_individually_context":"","bundle_item_grouping":"","bundle_min_size":"","bundle_max_size":"","bundled_items":[],"yoast_head":"<!-- This site is optimized with the Yoast SEO plugin v20.6 - https:\/\/yoast.com\/wordpress\/plugins\/seo\/ -->\n<title>SATISFYER MEN HEAT VIBRATION - Tienda Er\u00f3tica<\/title>\n<meta name=\"robots\" content=\"noindex, follow, max-snippet:-1, max-image-preview:large, max-video-preview:-1\" \/>\n<meta property=\"og:locale\" content=\"es_ES\" \/>\n<meta property=\"og:type\" content=\"article\" \/>\n<meta property=\"og:title\" content=\"SATISFYER MEN HEAT VIBRATION - Tienda Er\u00f3tica\" \/>\n<meta property=\"og:description\" content=\"SATISFYER MEN HEAT VIBRATION &#8211; NUEVA EDICI\u00d3N 2020 El dise\u00f1o masculino en negro elegante hace que este masturbador sea un\" \/>\n<meta property=\"og:url\" content=\"https:\/\/demoweb.info\/sexshop001\/producto\/satisfyer-men-heat-vibration\/\" \/>\n<meta property=\"og:site_name\" content=\"Tienda Er\u00f3tica\" \/>\n<meta property=\"article:modified_time\" content=\"2022-01-22T17:15:31+00:00\" \/>\n<meta property=\"og:image\" content=\"https:\/\/demoweb.info\/sexshop001\/wp-content\/uploads\/2022\/01\/SATISFYER-MEN-HEAT-VIBRATION.jpg\" \/>\n\t<meta property=\"og:image:width\" content=\"550\" \/>\n\t<meta property=\"og:image:height\" content=\"550\" \/>\n\t<meta property=\"og:image:type\" content=\"image\/jpeg\" \/>\n<meta name=\"twitter:card\" content=\"summary_large_image\" \/>\n<meta name=\"twitter:label1\" content=\"Tiempo de lectura\" \/>\n\t<meta name=\"twitter:data1\" content=\"2 minutos\" \/>\n<script type=\"application\/ld+json\" class=\"yoast-schema-graph\">{\"@context\":\"https:\/\/schema.org\",\"@graph\":[{\"@type\":\"WebPage\",\"@id\":\"https:\/\/demoweb.info\/sexshop001\/producto\/satisfyer-men-heat-vibration\/\",\"url\":\"https:\/\/demoweb.info\/sexshop001\/producto\/satisfyer-men-heat-vibration\/\",\"name\":\"SATISFYER MEN HEAT VIBRATION - Tienda Er\u00f3tica\",\"isPartOf\":{\"@id\":\"https:\/\/demoweb.info\/sexshop001\/#website\"},\"datePublished\":\"2022-01-22T17:15:21+00:00\",\"dateModified\":\"2022-01-22T17:15:31+00:00\",\"breadcrumb\":{\"@id\":\"https:\/\/demoweb.info\/sexshop001\/producto\/satisfyer-men-heat-vibration\/#breadcrumb\"},\"inLanguage\":\"es\",\"potentialAction\":[{\"@type\":\"ReadAction\",\"target\":[\"https:\/\/demoweb.info\/sexshop001\/producto\/satisfyer-men-heat-vibration\/\"]}]},{\"@type\":\"BreadcrumbList\",\"@id\":\"https:\/\/demoweb.info\/sexshop001\/producto\/satisfyer-men-heat-vibration\/#breadcrumb\",\"itemListElement\":[{\"@type\":\"ListItem\",\"position\":1,\"name\":\"Portada\",\"item\":\"https:\/\/demoweb.info\/sexshop001\/\"},{\"@type\":\"ListItem\",\"position\":2,\"name\":\"Tienda\",\"item\":\"https:\/\/demoweb.info\/sexshop001\/tienda\/\"},{\"@type\":\"ListItem\",\"position\":3,\"name\":\"SATISFYER MEN HEAT VIBRATION\"}]},{\"@type\":\"WebSite\",\"@id\":\"https:\/\/demoweb.info\/sexshop001\/#website\",\"url\":\"https:\/\/demoweb.info\/sexshop001\/\",\"name\":\"Tienda Er\u00f3tica\",\"description\":\"DEMOWEB SL\",\"potentialAction\":[{\"@type\":\"SearchAction\",\"target\":{\"@type\":\"EntryPoint\",\"urlTemplate\":\"https:\/\/demoweb.info\/sexshop001\/?s={search_term_string}\"},\"query-input\":\"required name=search_term_string\"}],\"inLanguage\":\"es\"}]}<\/script>\n<!-- \/ Yoast SEO plugin. -->","yoast_head_json":{"title":"SATISFYER MEN HEAT VIBRATION - Tienda Er\u00f3tica","robots":{"index":"noindex","follow":"follow","max-snippet":"max-snippet:-1","max-image-preview":"max-image-preview:large","max-video-preview":"max-video-preview:-1"},"og_locale":"es_ES","og_type":"article","og_title":"SATISFYER MEN HEAT VIBRATION - Tienda Er\u00f3tica","og_description":"SATISFYER MEN HEAT VIBRATION &#8211; NUEVA EDICI\u00d3N 2020 El dise\u00f1o masculino en negro elegante hace que este masturbador sea un","og_url":"https:\/\/demoweb.info\/sexshop001\/producto\/satisfyer-men-heat-vibration\/","og_site_name":"Tienda Er\u00f3tica","article_modified_time":"2022-01-22T17:15:31+00:00","og_image":[{"width":550,"height":550,"url":"https:\/\/demoweb.info\/sexshop001\/wp-content\/uploads\/2022\/01\/SATISFYER-MEN-HEAT-VIBRATION.jpg","type":"image\/jpeg"}],"twitter_card":"summary_large_image","twitter_misc":{"Tiempo de lectura":"2 minutos"},"schema":{"@context":"https:\/\/schema.org","@graph":[{"@type":"WebPage","@id":"https:\/\/demoweb.info\/sexshop001\/producto\/satisfyer-men-heat-vibration\/","url":"https:\/\/demoweb.info\/sexshop001\/producto\/satisfyer-men-heat-vibration\/","name":"SATISFYER MEN HEAT VIBRATION - Tienda Er\u00f3tica","isPartOf":{"@id":"https:\/\/demoweb.info\/sexshop001\/#website"},"datePublished":"2022-01-22T17:15:21+00:00","dateModified":"2022-01-22T17:15:31+00:00","breadcrumb":{"@id":"https:\/\/demoweb.info\/sexshop001\/producto\/satisfyer-men-heat-vibration\/#breadcrumb"},"inLanguage":"es","potentialAction":[{"@type":"ReadAction","target":["https:\/\/demoweb.info\/sexshop001\/producto\/satisfyer-men-heat-vibration\/"]}]},{"@type":"BreadcrumbList","@id":"https:\/\/demoweb.info\/sexshop001\/producto\/satisfyer-men-heat-vibration\/#breadcrumb","itemListElement":[{"@type":"ListItem","position":1,"name":"Portada","item":"https:\/\/demoweb.info\/sexshop001\/"},{"@type":"ListItem","position":2,"name":"Tienda","item":"https:\/\/demoweb.info\/sexshop001\/tienda\/"},{"@type":"ListItem","position":3,"name":"SATISFYER MEN HEAT VIBRATION"}]},{"@type":"WebSite","@id":"https:\/\/demoweb.info\/sexshop001\/#website","url":"https:\/\/demoweb.info\/sexshop001\/","name":"Tienda Er\u00f3tica","description":"DEMOWEB SL","potentialAction":[{"@type":"SearchAction","target":{"@type":"EntryPoint","urlTemplate":"https:\/\/demoweb.info\/sexshop001\/?s={search_term_string}"},"query-input":"required name=search_term_string"}],"inLanguage":"es"}]}},"_links":{"self":[{"href":"https:\/\/demoweb.info\/sexshop001\/wp-json\/wp\/v3\/product\/61523","targetHints":{"allow":["GET"]}}],"collection":[{"href":"https:\/\/demoweb.info\/sexshop001\/wp-json\/wp\/v3\/product"}],"about":[{"href":"https:\/\/demoweb.info\/sexshop001\/wp-json\/wp\/v2\/types\/product"}],"replies":[{"embeddable":true,"href":"https:\/\/demoweb.info\/sexshop001\/wp-json\/wp\/v2\/comments?post=61523"}],"wp:featuredmedia":[{"embeddable":true,"href":"https:\/\/demoweb.info\/sexshop001\/wp-json\/wp\/v2\/media\/61524"}],"wp:attachment":[{"href":"https:\/\/demoweb.info\/sexshop001\/wp-json\/wp\/v2\/media?parent=61523"}],"wp:term":[{"taxonomy":"product_cat","embeddable":true,"href":"https:\/\/demoweb.info\/sexshop001\/wp-json\/wp\/v2\/product_cat?post=61523"},{"taxonomy":"product_tag","embeddable":true,"href":"https:\/\/demoweb.info\/sexshop001\/wp-json\/wp\/v2\/product_tag?post=61523"}],"curies":[{"name":"wp","href":"https:\/\/api.w.org\/{rel}","templated":true}]}}