{"id":61492,"date":"2022-01-22T18:15:10","date_gmt":"2022-01-22T17:15:10","guid":{"rendered":"https:\/\/demoweb.info\/sexshop001\/producto\/my-size-preservativos-49mm-36uds\/"},"modified":"2022-01-22T18:15:10","modified_gmt":"2022-01-22T17:15:10","slug":"my-size-preservativos-49mm-36uds","status":"publish","type":"product","link":"https:\/\/demoweb.info\/sexshop001\/producto\/my-size-preservativos-49mm-36uds\/","title":{"rendered":"MY SIZE PRESERVATIVOS 49MM &#8211; 36UDS"},"content":{"rendered":"<p><strong>MY SIZE 49MM <\/strong><\/p>\n<p>\u00a1S\u00f3lo se siente bien, cuando se ajusta bien! Piensa en ello, todo lo que pones en tu cuerpo &#8211; de guantes a los sombreros a las chaquetas &#8211; es del tama\u00f1o perfecto para ti. Y ahora tambi\u00e9n lo es tu preservativo. Con un preservativo de MY.SIZE, \u00a1lo sentir\u00e1s todo y no temer\u00e1s nada!<\/p>\n<p>Un tama\u00f1o incorrecto del preservativo significa una falta de placer, una sensaci\u00f3n aburrida, estar inc\u00f3modo, deslizamiento posible rotura. Los preservativos actualmente disponibles en el mercado var\u00edan considerablemente en textura, sabor y forma, pero apenas en tama\u00f1o. El tama\u00f1o del preservativo no se menciona realmente y el tama\u00f1o var\u00eda entre 52 &#8211; 56 mm de ancho. S\u00f3lo unos pocos preservativos est\u00e1n disponibles en tama\u00f1o 57 mm, un tama\u00f1o de preservativo ya considerado muy grande. Sin embargo, si nos fijamos en estudios recientes sobre el tama\u00f1o del pene erecto, los anchos de 58 &#8211; 61 mm se encontraron en realidad tama\u00f1os promedio.<\/p>\n<p>MY.SIZE &#8211; 7 tama\u00f1os de preservativos para un ajuste perfecto! \u00a1Ofreciendo mayor comodidad, seguridad y sensaci\u00f3n!<\/p>\n<p><strong>*TAMA\u00d1O: 49 MM<\/strong><\/p>\n<p>Contiene: 36 uds<\/p>\n","protected":false},"excerpt":{"rendered":"<p>MY SIZE 49MM \u00a1S\u00f3lo se siente bien, cuando se ajusta bien! Piensa en ello, todo lo que pones en tu<\/p>\n","protected":false},"featured_media":61493,"comment_status":"open","ping_status":"open","template":"","meta":[],"product_cat":[621],"product_tag":[1032],"class_list":["post-61492","product","type-product","status-publish","has-post-thumbnail","hentry","product_cat-naturales","product_tag-my-size"],"bundled_by":[],"bundle_stock_status":"instock","bundle_stock_quantity":1,"bundle_virtual":false,"bundle_layout":"","bundle_add_to_cart_form_location":"","bundle_editable_in_cart":false,"bundle_sold_individually_context":"","bundle_item_grouping":"","bundle_min_size":"","bundle_max_size":"","bundled_items":[],"yoast_head":"<!-- This site is optimized with the Yoast SEO plugin v20.6 - https:\/\/yoast.com\/wordpress\/plugins\/seo\/ -->\n<title>MY SIZE PRESERVATIVOS 49MM - 36UDS - Tienda Er\u00f3tica<\/title>\n<meta name=\"robots\" content=\"noindex, follow, max-snippet:-1, max-image-preview:large, max-video-preview:-1\" \/>\n<meta property=\"og:locale\" content=\"es_ES\" \/>\n<meta property=\"og:type\" content=\"article\" \/>\n<meta property=\"og:title\" content=\"MY SIZE PRESERVATIVOS 49MM - 36UDS - Tienda Er\u00f3tica\" \/>\n<meta property=\"og:description\" content=\"MY SIZE 49MM \u00a1S\u00f3lo se siente bien, cuando se ajusta bien! Piensa en ello, todo lo que pones en tu\" \/>\n<meta property=\"og:url\" content=\"https:\/\/demoweb.info\/sexshop001\/producto\/my-size-preservativos-49mm-36uds\/\" \/>\n<meta property=\"og:site_name\" content=\"Tienda Er\u00f3tica\" \/>\n<meta property=\"og:image\" content=\"https:\/\/demoweb.info\/sexshop001\/wp-content\/uploads\/2022\/01\/MY-SIZE-PRESERVATIVOS-49MM-36UDS.jpg\" \/>\n\t<meta property=\"og:image:width\" content=\"550\" \/>\n\t<meta property=\"og:image:height\" content=\"550\" \/>\n\t<meta property=\"og:image:type\" content=\"image\/jpeg\" \/>\n<meta name=\"twitter:card\" content=\"summary_large_image\" \/>\n<meta name=\"twitter:label1\" content=\"Tiempo de lectura\" \/>\n\t<meta name=\"twitter:data1\" content=\"1 minuto\" \/>\n<script type=\"application\/ld+json\" class=\"yoast-schema-graph\">{\"@context\":\"https:\/\/schema.org\",\"@graph\":[{\"@type\":\"WebPage\",\"@id\":\"https:\/\/demoweb.info\/sexshop001\/producto\/my-size-preservativos-49mm-36uds\/\",\"url\":\"https:\/\/demoweb.info\/sexshop001\/producto\/my-size-preservativos-49mm-36uds\/\",\"name\":\"MY SIZE PRESERVATIVOS 49MM - 36UDS - Tienda Er\u00f3tica\",\"isPartOf\":{\"@id\":\"https:\/\/demoweb.info\/sexshop001\/#website\"},\"datePublished\":\"2022-01-22T17:15:10+00:00\",\"dateModified\":\"2022-01-22T17:15:10+00:00\",\"breadcrumb\":{\"@id\":\"https:\/\/demoweb.info\/sexshop001\/producto\/my-size-preservativos-49mm-36uds\/#breadcrumb\"},\"inLanguage\":\"es\",\"potentialAction\":[{\"@type\":\"ReadAction\",\"target\":[\"https:\/\/demoweb.info\/sexshop001\/producto\/my-size-preservativos-49mm-36uds\/\"]}]},{\"@type\":\"BreadcrumbList\",\"@id\":\"https:\/\/demoweb.info\/sexshop001\/producto\/my-size-preservativos-49mm-36uds\/#breadcrumb\",\"itemListElement\":[{\"@type\":\"ListItem\",\"position\":1,\"name\":\"Portada\",\"item\":\"https:\/\/demoweb.info\/sexshop001\/\"},{\"@type\":\"ListItem\",\"position\":2,\"name\":\"Tienda\",\"item\":\"https:\/\/demoweb.info\/sexshop001\/tienda\/\"},{\"@type\":\"ListItem\",\"position\":3,\"name\":\"MY SIZE PRESERVATIVOS 49MM &#8211; 36UDS\"}]},{\"@type\":\"WebSite\",\"@id\":\"https:\/\/demoweb.info\/sexshop001\/#website\",\"url\":\"https:\/\/demoweb.info\/sexshop001\/\",\"name\":\"Tienda Er\u00f3tica\",\"description\":\"DEMOWEB SL\",\"potentialAction\":[{\"@type\":\"SearchAction\",\"target\":{\"@type\":\"EntryPoint\",\"urlTemplate\":\"https:\/\/demoweb.info\/sexshop001\/?s={search_term_string}\"},\"query-input\":\"required name=search_term_string\"}],\"inLanguage\":\"es\"}]}<\/script>\n<!-- \/ Yoast SEO plugin. -->","yoast_head_json":{"title":"MY SIZE PRESERVATIVOS 49MM - 36UDS - Tienda Er\u00f3tica","robots":{"index":"noindex","follow":"follow","max-snippet":"max-snippet:-1","max-image-preview":"max-image-preview:large","max-video-preview":"max-video-preview:-1"},"og_locale":"es_ES","og_type":"article","og_title":"MY SIZE PRESERVATIVOS 49MM - 36UDS - Tienda Er\u00f3tica","og_description":"MY SIZE 49MM \u00a1S\u00f3lo se siente bien, cuando se ajusta bien! Piensa en ello, todo lo que pones en tu","og_url":"https:\/\/demoweb.info\/sexshop001\/producto\/my-size-preservativos-49mm-36uds\/","og_site_name":"Tienda Er\u00f3tica","og_image":[{"width":550,"height":550,"url":"https:\/\/demoweb.info\/sexshop001\/wp-content\/uploads\/2022\/01\/MY-SIZE-PRESERVATIVOS-49MM-36UDS.jpg","type":"image\/jpeg"}],"twitter_card":"summary_large_image","twitter_misc":{"Tiempo de lectura":"1 minuto"},"schema":{"@context":"https:\/\/schema.org","@graph":[{"@type":"WebPage","@id":"https:\/\/demoweb.info\/sexshop001\/producto\/my-size-preservativos-49mm-36uds\/","url":"https:\/\/demoweb.info\/sexshop001\/producto\/my-size-preservativos-49mm-36uds\/","name":"MY SIZE PRESERVATIVOS 49MM - 36UDS - Tienda Er\u00f3tica","isPartOf":{"@id":"https:\/\/demoweb.info\/sexshop001\/#website"},"datePublished":"2022-01-22T17:15:10+00:00","dateModified":"2022-01-22T17:15:10+00:00","breadcrumb":{"@id":"https:\/\/demoweb.info\/sexshop001\/producto\/my-size-preservativos-49mm-36uds\/#breadcrumb"},"inLanguage":"es","potentialAction":[{"@type":"ReadAction","target":["https:\/\/demoweb.info\/sexshop001\/producto\/my-size-preservativos-49mm-36uds\/"]}]},{"@type":"BreadcrumbList","@id":"https:\/\/demoweb.info\/sexshop001\/producto\/my-size-preservativos-49mm-36uds\/#breadcrumb","itemListElement":[{"@type":"ListItem","position":1,"name":"Portada","item":"https:\/\/demoweb.info\/sexshop001\/"},{"@type":"ListItem","position":2,"name":"Tienda","item":"https:\/\/demoweb.info\/sexshop001\/tienda\/"},{"@type":"ListItem","position":3,"name":"MY SIZE PRESERVATIVOS 49MM &#8211; 36UDS"}]},{"@type":"WebSite","@id":"https:\/\/demoweb.info\/sexshop001\/#website","url":"https:\/\/demoweb.info\/sexshop001\/","name":"Tienda Er\u00f3tica","description":"DEMOWEB SL","potentialAction":[{"@type":"SearchAction","target":{"@type":"EntryPoint","urlTemplate":"https:\/\/demoweb.info\/sexshop001\/?s={search_term_string}"},"query-input":"required name=search_term_string"}],"inLanguage":"es"}]}},"_links":{"self":[{"href":"https:\/\/demoweb.info\/sexshop001\/wp-json\/wp\/v3\/product\/61492","targetHints":{"allow":["GET"]}}],"collection":[{"href":"https:\/\/demoweb.info\/sexshop001\/wp-json\/wp\/v3\/product"}],"about":[{"href":"https:\/\/demoweb.info\/sexshop001\/wp-json\/wp\/v2\/types\/product"}],"replies":[{"embeddable":true,"href":"https:\/\/demoweb.info\/sexshop001\/wp-json\/wp\/v2\/comments?post=61492"}],"wp:featuredmedia":[{"embeddable":true,"href":"https:\/\/demoweb.info\/sexshop001\/wp-json\/wp\/v2\/media\/61493"}],"wp:attachment":[{"href":"https:\/\/demoweb.info\/sexshop001\/wp-json\/wp\/v2\/media?parent=61492"}],"wp:term":[{"taxonomy":"product_cat","embeddable":true,"href":"https:\/\/demoweb.info\/sexshop001\/wp-json\/wp\/v2\/product_cat?post=61492"},{"taxonomy":"product_tag","embeddable":true,"href":"https:\/\/demoweb.info\/sexshop001\/wp-json\/wp\/v2\/product_tag?post=61492"}],"curies":[{"name":"wp","href":"https:\/\/api.w.org\/{rel}","templated":true}]}}