{"id":61474,"date":"2022-01-22T18:14:48","date_gmt":"2022-01-22T17:14:48","guid":{"rendered":"https:\/\/demoweb.info\/sexshop001\/producto\/twilight-varita-electroestimulacion-110v\/"},"modified":"2022-01-22T18:14:56","modified_gmt":"2022-01-22T17:14:56","slug":"twilight-varita-electroestimulacion-110v","status":"publish","type":"product","link":"https:\/\/demoweb.info\/sexshop001\/producto\/twilight-varita-electroestimulacion-110v\/","title":{"rendered":"TWILIGHT VARITA ELECTROESTIMULACI\u00d3N 110V"},"content":{"rendered":"<p><strong>TWILIGHT WAND 110V<\/strong><\/p>\n<p>Twilight Wand de Zeus Electrosex es una forma contempor\u00e1nea de electrificar tus sentidos, as\u00ed como un placer estimulante para los ojos.<\/p>\n<p>Simplemente coloca el electrodo deseado, aten\u00faa las luces y observa c\u00f3mo fluye la luz ambiental desde la varita hasta el destino elegido. Con un dise\u00f1o \u00fanico para aficionados y usuarios novatos por igual, puedes comenzar a la intensidad m\u00e1s baja y ver c\u00f3mo se ilumina tu compa\u00f1ero cuando se estimula con esta pieza de brillante dise\u00f1o.<\/p>\n<p>Eleva su luz a una muesca aumentando la frecuencia a la intensidad deseada. La Twilight Wand est\u00e1 bellamente acompa\u00f1ada con cuatro accesorios de vidrio brillante, cada una con su propio espect\u00e1culo de luz ambiental, sensaci\u00f3n e intensidad. Esta pieza compacta y ligera es f\u00e1cil de llevar contigo en tus viajes.<\/p>\n<p>Material: Pl\u00e1stico ABS y cristal.<\/p>\n<p>Medidas: 22,86 x 4,44 cm<\/p>\n","protected":false},"excerpt":{"rendered":"<p>TWILIGHT WAND 110V Twilight Wand de Zeus Electrosex es una forma contempor\u00e1nea de electrificar tus sentidos, as\u00ed como un placer<\/p>\n","protected":false},"featured_media":61475,"comment_status":"open","ping_status":"open","template":"","meta":[],"product_cat":[492],"product_tag":[274,493],"class_list":["post-61474","product","type-product","status-publish","has-post-thumbnail","hentry","product_cat-electroestimulacion","product_tag-xr-brands","product_tag-zeus-electrosex"],"bundled_by":[],"bundle_stock_status":"instock","bundle_stock_quantity":13,"bundle_virtual":false,"bundle_layout":"","bundle_add_to_cart_form_location":"","bundle_editable_in_cart":false,"bundle_sold_individually_context":"","bundle_item_grouping":"","bundle_min_size":"","bundle_max_size":"","bundled_items":[],"yoast_head":"<!-- This site is optimized with the Yoast SEO plugin v20.6 - https:\/\/yoast.com\/wordpress\/plugins\/seo\/ -->\n<title>TWILIGHT VARITA ELECTROESTIMULACI\u00d3N 110V - Tienda Er\u00f3tica<\/title>\n<meta name=\"robots\" content=\"noindex, follow, max-snippet:-1, max-image-preview:large, max-video-preview:-1\" \/>\n<meta property=\"og:locale\" content=\"es_ES\" \/>\n<meta property=\"og:type\" content=\"article\" \/>\n<meta property=\"og:title\" content=\"TWILIGHT VARITA ELECTROESTIMULACI\u00d3N 110V - Tienda Er\u00f3tica\" \/>\n<meta property=\"og:description\" content=\"TWILIGHT WAND 110V Twilight Wand de Zeus Electrosex es una forma contempor\u00e1nea de electrificar tus sentidos, as\u00ed como un placer\" \/>\n<meta property=\"og:url\" content=\"https:\/\/demoweb.info\/sexshop001\/producto\/twilight-varita-electroestimulacion-110v\/\" \/>\n<meta property=\"og:site_name\" content=\"Tienda Er\u00f3tica\" \/>\n<meta property=\"article:modified_time\" content=\"2022-01-22T17:14:56+00:00\" \/>\n<meta property=\"og:image\" content=\"https:\/\/demoweb.info\/sexshop001\/wp-content\/uploads\/2022\/01\/TWILIGHT-VARITA-ELECTROESTIMULACION-110V.jpg\" \/>\n\t<meta property=\"og:image:width\" content=\"550\" \/>\n\t<meta property=\"og:image:height\" content=\"550\" \/>\n\t<meta property=\"og:image:type\" content=\"image\/jpeg\" \/>\n<meta name=\"twitter:card\" content=\"summary_large_image\" \/>\n<meta name=\"twitter:label1\" content=\"Tiempo de lectura\" \/>\n\t<meta name=\"twitter:data1\" content=\"1 minuto\" \/>\n<script type=\"application\/ld+json\" class=\"yoast-schema-graph\">{\"@context\":\"https:\/\/schema.org\",\"@graph\":[{\"@type\":\"WebPage\",\"@id\":\"https:\/\/demoweb.info\/sexshop001\/producto\/twilight-varita-electroestimulacion-110v\/\",\"url\":\"https:\/\/demoweb.info\/sexshop001\/producto\/twilight-varita-electroestimulacion-110v\/\",\"name\":\"TWILIGHT VARITA ELECTROESTIMULACI\u00d3N 110V - Tienda Er\u00f3tica\",\"isPartOf\":{\"@id\":\"https:\/\/demoweb.info\/sexshop001\/#website\"},\"datePublished\":\"2022-01-22T17:14:48+00:00\",\"dateModified\":\"2022-01-22T17:14:56+00:00\",\"breadcrumb\":{\"@id\":\"https:\/\/demoweb.info\/sexshop001\/producto\/twilight-varita-electroestimulacion-110v\/#breadcrumb\"},\"inLanguage\":\"es\",\"potentialAction\":[{\"@type\":\"ReadAction\",\"target\":[\"https:\/\/demoweb.info\/sexshop001\/producto\/twilight-varita-electroestimulacion-110v\/\"]}]},{\"@type\":\"BreadcrumbList\",\"@id\":\"https:\/\/demoweb.info\/sexshop001\/producto\/twilight-varita-electroestimulacion-110v\/#breadcrumb\",\"itemListElement\":[{\"@type\":\"ListItem\",\"position\":1,\"name\":\"Portada\",\"item\":\"https:\/\/demoweb.info\/sexshop001\/\"},{\"@type\":\"ListItem\",\"position\":2,\"name\":\"Tienda\",\"item\":\"https:\/\/demoweb.info\/sexshop001\/tienda\/\"},{\"@type\":\"ListItem\",\"position\":3,\"name\":\"TWILIGHT VARITA ELECTROESTIMULACI\u00d3N 110V\"}]},{\"@type\":\"WebSite\",\"@id\":\"https:\/\/demoweb.info\/sexshop001\/#website\",\"url\":\"https:\/\/demoweb.info\/sexshop001\/\",\"name\":\"Tienda Er\u00f3tica\",\"description\":\"DEMOWEB SL\",\"potentialAction\":[{\"@type\":\"SearchAction\",\"target\":{\"@type\":\"EntryPoint\",\"urlTemplate\":\"https:\/\/demoweb.info\/sexshop001\/?s={search_term_string}\"},\"query-input\":\"required name=search_term_string\"}],\"inLanguage\":\"es\"}]}<\/script>\n<!-- \/ Yoast SEO plugin. -->","yoast_head_json":{"title":"TWILIGHT VARITA ELECTROESTIMULACI\u00d3N 110V - Tienda Er\u00f3tica","robots":{"index":"noindex","follow":"follow","max-snippet":"max-snippet:-1","max-image-preview":"max-image-preview:large","max-video-preview":"max-video-preview:-1"},"og_locale":"es_ES","og_type":"article","og_title":"TWILIGHT VARITA ELECTROESTIMULACI\u00d3N 110V - Tienda Er\u00f3tica","og_description":"TWILIGHT WAND 110V Twilight Wand de Zeus Electrosex es una forma contempor\u00e1nea de electrificar tus sentidos, as\u00ed como un placer","og_url":"https:\/\/demoweb.info\/sexshop001\/producto\/twilight-varita-electroestimulacion-110v\/","og_site_name":"Tienda Er\u00f3tica","article_modified_time":"2022-01-22T17:14:56+00:00","og_image":[{"width":550,"height":550,"url":"https:\/\/demoweb.info\/sexshop001\/wp-content\/uploads\/2022\/01\/TWILIGHT-VARITA-ELECTROESTIMULACION-110V.jpg","type":"image\/jpeg"}],"twitter_card":"summary_large_image","twitter_misc":{"Tiempo de lectura":"1 minuto"},"schema":{"@context":"https:\/\/schema.org","@graph":[{"@type":"WebPage","@id":"https:\/\/demoweb.info\/sexshop001\/producto\/twilight-varita-electroestimulacion-110v\/","url":"https:\/\/demoweb.info\/sexshop001\/producto\/twilight-varita-electroestimulacion-110v\/","name":"TWILIGHT VARITA ELECTROESTIMULACI\u00d3N 110V - Tienda Er\u00f3tica","isPartOf":{"@id":"https:\/\/demoweb.info\/sexshop001\/#website"},"datePublished":"2022-01-22T17:14:48+00:00","dateModified":"2022-01-22T17:14:56+00:00","breadcrumb":{"@id":"https:\/\/demoweb.info\/sexshop001\/producto\/twilight-varita-electroestimulacion-110v\/#breadcrumb"},"inLanguage":"es","potentialAction":[{"@type":"ReadAction","target":["https:\/\/demoweb.info\/sexshop001\/producto\/twilight-varita-electroestimulacion-110v\/"]}]},{"@type":"BreadcrumbList","@id":"https:\/\/demoweb.info\/sexshop001\/producto\/twilight-varita-electroestimulacion-110v\/#breadcrumb","itemListElement":[{"@type":"ListItem","position":1,"name":"Portada","item":"https:\/\/demoweb.info\/sexshop001\/"},{"@type":"ListItem","position":2,"name":"Tienda","item":"https:\/\/demoweb.info\/sexshop001\/tienda\/"},{"@type":"ListItem","position":3,"name":"TWILIGHT VARITA ELECTROESTIMULACI\u00d3N 110V"}]},{"@type":"WebSite","@id":"https:\/\/demoweb.info\/sexshop001\/#website","url":"https:\/\/demoweb.info\/sexshop001\/","name":"Tienda Er\u00f3tica","description":"DEMOWEB SL","potentialAction":[{"@type":"SearchAction","target":{"@type":"EntryPoint","urlTemplate":"https:\/\/demoweb.info\/sexshop001\/?s={search_term_string}"},"query-input":"required name=search_term_string"}],"inLanguage":"es"}]}},"_links":{"self":[{"href":"https:\/\/demoweb.info\/sexshop001\/wp-json\/wp\/v3\/product\/61474","targetHints":{"allow":["GET"]}}],"collection":[{"href":"https:\/\/demoweb.info\/sexshop001\/wp-json\/wp\/v3\/product"}],"about":[{"href":"https:\/\/demoweb.info\/sexshop001\/wp-json\/wp\/v2\/types\/product"}],"replies":[{"embeddable":true,"href":"https:\/\/demoweb.info\/sexshop001\/wp-json\/wp\/v2\/comments?post=61474"}],"wp:featuredmedia":[{"embeddable":true,"href":"https:\/\/demoweb.info\/sexshop001\/wp-json\/wp\/v2\/media\/61475"}],"wp:attachment":[{"href":"https:\/\/demoweb.info\/sexshop001\/wp-json\/wp\/v2\/media?parent=61474"}],"wp:term":[{"taxonomy":"product_cat","embeddable":true,"href":"https:\/\/demoweb.info\/sexshop001\/wp-json\/wp\/v2\/product_cat?post=61474"},{"taxonomy":"product_tag","embeddable":true,"href":"https:\/\/demoweb.info\/sexshop001\/wp-json\/wp\/v2\/product_tag?post=61474"}],"curies":[{"name":"wp","href":"https:\/\/api.w.org\/{rel}","templated":true}]}}