{"id":61439,"date":"2022-01-22T18:14:16","date_gmt":"2022-01-22T17:14:16","guid":{"rendered":"https:\/\/demoweb.info\/sexshop001\/producto\/shots-dolls-cindy-muneca-realistica\/"},"modified":"2022-01-22T18:14:27","modified_gmt":"2022-01-22T17:14:27","slug":"shots-dolls-cindy-muneca-realistica","status":"publish","type":"product","link":"https:\/\/demoweb.info\/sexshop001\/producto\/shots-dolls-cindy-muneca-realistica\/","title":{"rendered":"SHOTS DOLLS CINDY &#8211; MU\u00d1ECA REAL\u00cdSTICA"},"content":{"rendered":"<p><strong>SHOTS DOLLS CINDY <\/strong><\/p>\n<p>Shots est\u00e1 encantado de presentar su nueva mu\u00f1eca de la vida real. Cindy es una mu\u00f1eca de pie hecha de material Body Safe TPE.<\/p>\n<p>Cindy tiene brazos y piernas totalmente articulables. Siempre mueva suavemente los brazos y las piernas con cuidado para colocarlos en la posici\u00f3n requerida. Cindy tiene pernos de pie para dar el equilibrio correcto para estar de pie.<\/p>\n<p>Es posible quitar los tornillos de pie. S\u00f3lo ret\u00edralos. Advertencia: cuando se quitan los tornillos, \u00a1Cindy no puede pararse! Cindy puede usar zapatos, sin embargo, se recomienda usar solo zapatos planos, sin tacones.<\/p>\n<p>Cindy tiene tres aberturas para un juego er\u00f3tico incre\u00edble para cumplir todos tus deseos. Las \u00e1reas vaginal, anal y oral de Cindy deben limpiarse despu\u00e9s de cada uso para evitar la acumulaci\u00f3n de bacterias. Utilice \u00fanicamente lubricante a base de agua. La silicona o los lubricantes a base de petr\u00f3leo pueden da\u00f1ar la piel de Cindy.<\/p>\n<p>Para dar una sensaci\u00f3n m\u00e1s realista, se ha agregado un elemento de calentamiento corporal. Para iniciar el elemento de calentamiento, conecte un puerto USB. Mantener durante 3 minutos en el puerto USB para alcanzar el m\u00e1ximo calor. Despu\u00e9s de esto inserte el elemento en la apertura preferida de Cindy.<\/p>\n<p>Tenga cuidado de no colocar Cindy con o sobre elementos que contengan tintas, como peri\u00f3dicos, revistas, material de color oscuro, hojas negras o h\u00famedas o materiales de cuero que contengan pigmentos solubles en aceite.<\/p>\n<p>Experimenta una incre\u00edble aventura de la vida real. \u00a1Puedes tener una cita cuando quieras con Cindy!<\/p>\n<p>Incluido:<br \/>\n&#8211; Elemento de calentamiento del cuerpo USB<br \/>\n&#8211; 1 bola de pecho<br \/>\n&#8211; Conjunto de lencer\u00eda.<br \/>\n&#8211; Reemplazo extra de u\u00f1as a presi\u00f3n.<br \/>\n&#8211; cepillo para el pelo<br \/>\n&#8211; Irrigador de limpieza.<br \/>\n&#8211; 1 vagina accesorio adicional<br \/>\n&#8211; Manual de instrucciones<\/p>\n<p>Caracter\u00edsticas:<\/p>\n<p>Largo: 163 cm<br \/>\nPeso: 49 kg<br \/>\nPecho: copa K (101 cm)<br \/>\nCintura: 57 cm<br \/>\nCadera: 106 cm<br \/>\nProfundidad de la vagina: 18 cm<br \/>\nProfundidad del ano: 18 cm<br \/>\nProfundidad oral: 15 cm<br \/>\nMateriales TPE<\/p>\n","protected":false},"excerpt":{"rendered":"<p>SHOTS DOLLS CINDY Shots est\u00e1 encantado de presentar su nueva mu\u00f1eca de la vida real. Cindy es una mu\u00f1eca de<\/p>\n","protected":false},"featured_media":61440,"comment_status":"open","ping_status":"open","template":"","meta":[],"product_cat":[472],"product_tag":[1164,302],"class_list":["post-61439","product","type-product","status-publish","has-post-thumbnail","hentry","product_cat-realisticas","product_tag-dolls","product_tag-shots"],"bundled_by":[],"bundle_stock_status":"outofstock","bundle_stock_quantity":0,"bundle_virtual":false,"bundle_layout":"","bundle_add_to_cart_form_location":"","bundle_editable_in_cart":false,"bundle_sold_individually_context":"","bundle_item_grouping":"","bundle_min_size":"","bundle_max_size":"","bundled_items":[],"yoast_head":"<!-- This site is optimized with the Yoast SEO plugin v20.6 - https:\/\/yoast.com\/wordpress\/plugins\/seo\/ -->\n<title>SHOTS DOLLS CINDY - MU\u00d1ECA REAL\u00cdSTICA - Tienda Er\u00f3tica<\/title>\n<meta name=\"robots\" content=\"noindex, follow, max-snippet:-1, max-image-preview:large, max-video-preview:-1\" \/>\n<meta property=\"og:locale\" content=\"es_ES\" \/>\n<meta property=\"og:type\" content=\"article\" \/>\n<meta property=\"og:title\" content=\"SHOTS DOLLS CINDY - MU\u00d1ECA REAL\u00cdSTICA - Tienda Er\u00f3tica\" \/>\n<meta property=\"og:description\" content=\"SHOTS DOLLS CINDY Shots est\u00e1 encantado de presentar su nueva mu\u00f1eca de la vida real. Cindy es una mu\u00f1eca de\" \/>\n<meta property=\"og:url\" content=\"https:\/\/demoweb.info\/sexshop001\/producto\/shots-dolls-cindy-muneca-realistica\/\" \/>\n<meta property=\"og:site_name\" content=\"Tienda Er\u00f3tica\" \/>\n<meta property=\"article:modified_time\" content=\"2022-01-22T17:14:27+00:00\" \/>\n<meta property=\"og:image\" content=\"https:\/\/demoweb.info\/sexshop001\/wp-content\/uploads\/2022\/01\/SHOTS-DOLLS-CINDY-MUNECA-REALISTICA.jpg\" \/>\n\t<meta property=\"og:image:width\" content=\"550\" \/>\n\t<meta property=\"og:image:height\" content=\"550\" \/>\n\t<meta property=\"og:image:type\" content=\"image\/jpeg\" \/>\n<meta name=\"twitter:card\" content=\"summary_large_image\" \/>\n<meta name=\"twitter:label1\" content=\"Tiempo de lectura\" \/>\n\t<meta name=\"twitter:data1\" content=\"2 minutos\" \/>\n<script type=\"application\/ld+json\" class=\"yoast-schema-graph\">{\"@context\":\"https:\/\/schema.org\",\"@graph\":[{\"@type\":\"WebPage\",\"@id\":\"https:\/\/demoweb.info\/sexshop001\/producto\/shots-dolls-cindy-muneca-realistica\/\",\"url\":\"https:\/\/demoweb.info\/sexshop001\/producto\/shots-dolls-cindy-muneca-realistica\/\",\"name\":\"SHOTS DOLLS CINDY - MU\u00d1ECA REAL\u00cdSTICA - Tienda Er\u00f3tica\",\"isPartOf\":{\"@id\":\"https:\/\/demoweb.info\/sexshop001\/#website\"},\"datePublished\":\"2022-01-22T17:14:16+00:00\",\"dateModified\":\"2022-01-22T17:14:27+00:00\",\"breadcrumb\":{\"@id\":\"https:\/\/demoweb.info\/sexshop001\/producto\/shots-dolls-cindy-muneca-realistica\/#breadcrumb\"},\"inLanguage\":\"es\",\"potentialAction\":[{\"@type\":\"ReadAction\",\"target\":[\"https:\/\/demoweb.info\/sexshop001\/producto\/shots-dolls-cindy-muneca-realistica\/\"]}]},{\"@type\":\"BreadcrumbList\",\"@id\":\"https:\/\/demoweb.info\/sexshop001\/producto\/shots-dolls-cindy-muneca-realistica\/#breadcrumb\",\"itemListElement\":[{\"@type\":\"ListItem\",\"position\":1,\"name\":\"Portada\",\"item\":\"https:\/\/demoweb.info\/sexshop001\/\"},{\"@type\":\"ListItem\",\"position\":2,\"name\":\"Tienda\",\"item\":\"https:\/\/demoweb.info\/sexshop001\/tienda\/\"},{\"@type\":\"ListItem\",\"position\":3,\"name\":\"SHOTS DOLLS CINDY &#8211; MU\u00d1ECA REAL\u00cdSTICA\"}]},{\"@type\":\"WebSite\",\"@id\":\"https:\/\/demoweb.info\/sexshop001\/#website\",\"url\":\"https:\/\/demoweb.info\/sexshop001\/\",\"name\":\"Tienda Er\u00f3tica\",\"description\":\"DEMOWEB SL\",\"potentialAction\":[{\"@type\":\"SearchAction\",\"target\":{\"@type\":\"EntryPoint\",\"urlTemplate\":\"https:\/\/demoweb.info\/sexshop001\/?s={search_term_string}\"},\"query-input\":\"required name=search_term_string\"}],\"inLanguage\":\"es\"}]}<\/script>\n<!-- \/ Yoast SEO plugin. -->","yoast_head_json":{"title":"SHOTS DOLLS CINDY - MU\u00d1ECA REAL\u00cdSTICA - Tienda Er\u00f3tica","robots":{"index":"noindex","follow":"follow","max-snippet":"max-snippet:-1","max-image-preview":"max-image-preview:large","max-video-preview":"max-video-preview:-1"},"og_locale":"es_ES","og_type":"article","og_title":"SHOTS DOLLS CINDY - MU\u00d1ECA REAL\u00cdSTICA - Tienda Er\u00f3tica","og_description":"SHOTS DOLLS CINDY Shots est\u00e1 encantado de presentar su nueva mu\u00f1eca de la vida real. Cindy es una mu\u00f1eca de","og_url":"https:\/\/demoweb.info\/sexshop001\/producto\/shots-dolls-cindy-muneca-realistica\/","og_site_name":"Tienda Er\u00f3tica","article_modified_time":"2022-01-22T17:14:27+00:00","og_image":[{"width":550,"height":550,"url":"https:\/\/demoweb.info\/sexshop001\/wp-content\/uploads\/2022\/01\/SHOTS-DOLLS-CINDY-MUNECA-REALISTICA.jpg","type":"image\/jpeg"}],"twitter_card":"summary_large_image","twitter_misc":{"Tiempo de lectura":"2 minutos"},"schema":{"@context":"https:\/\/schema.org","@graph":[{"@type":"WebPage","@id":"https:\/\/demoweb.info\/sexshop001\/producto\/shots-dolls-cindy-muneca-realistica\/","url":"https:\/\/demoweb.info\/sexshop001\/producto\/shots-dolls-cindy-muneca-realistica\/","name":"SHOTS DOLLS CINDY - MU\u00d1ECA REAL\u00cdSTICA - Tienda Er\u00f3tica","isPartOf":{"@id":"https:\/\/demoweb.info\/sexshop001\/#website"},"datePublished":"2022-01-22T17:14:16+00:00","dateModified":"2022-01-22T17:14:27+00:00","breadcrumb":{"@id":"https:\/\/demoweb.info\/sexshop001\/producto\/shots-dolls-cindy-muneca-realistica\/#breadcrumb"},"inLanguage":"es","potentialAction":[{"@type":"ReadAction","target":["https:\/\/demoweb.info\/sexshop001\/producto\/shots-dolls-cindy-muneca-realistica\/"]}]},{"@type":"BreadcrumbList","@id":"https:\/\/demoweb.info\/sexshop001\/producto\/shots-dolls-cindy-muneca-realistica\/#breadcrumb","itemListElement":[{"@type":"ListItem","position":1,"name":"Portada","item":"https:\/\/demoweb.info\/sexshop001\/"},{"@type":"ListItem","position":2,"name":"Tienda","item":"https:\/\/demoweb.info\/sexshop001\/tienda\/"},{"@type":"ListItem","position":3,"name":"SHOTS DOLLS CINDY &#8211; MU\u00d1ECA REAL\u00cdSTICA"}]},{"@type":"WebSite","@id":"https:\/\/demoweb.info\/sexshop001\/#website","url":"https:\/\/demoweb.info\/sexshop001\/","name":"Tienda Er\u00f3tica","description":"DEMOWEB SL","potentialAction":[{"@type":"SearchAction","target":{"@type":"EntryPoint","urlTemplate":"https:\/\/demoweb.info\/sexshop001\/?s={search_term_string}"},"query-input":"required name=search_term_string"}],"inLanguage":"es"}]}},"_links":{"self":[{"href":"https:\/\/demoweb.info\/sexshop001\/wp-json\/wp\/v3\/product\/61439","targetHints":{"allow":["GET"]}}],"collection":[{"href":"https:\/\/demoweb.info\/sexshop001\/wp-json\/wp\/v3\/product"}],"about":[{"href":"https:\/\/demoweb.info\/sexshop001\/wp-json\/wp\/v2\/types\/product"}],"replies":[{"embeddable":true,"href":"https:\/\/demoweb.info\/sexshop001\/wp-json\/wp\/v2\/comments?post=61439"}],"wp:featuredmedia":[{"embeddable":true,"href":"https:\/\/demoweb.info\/sexshop001\/wp-json\/wp\/v2\/media\/61440"}],"wp:attachment":[{"href":"https:\/\/demoweb.info\/sexshop001\/wp-json\/wp\/v2\/media?parent=61439"}],"wp:term":[{"taxonomy":"product_cat","embeddable":true,"href":"https:\/\/demoweb.info\/sexshop001\/wp-json\/wp\/v2\/product_cat?post=61439"},{"taxonomy":"product_tag","embeddable":true,"href":"https:\/\/demoweb.info\/sexshop001\/wp-json\/wp\/v2\/product_tag?post=61439"}],"curies":[{"name":"wp","href":"https:\/\/api.w.org\/{rel}","templated":true}]}}