{"id":61356,"date":"2022-01-22T18:13:13","date_gmt":"2022-01-22T17:13:13","guid":{"rendered":"https:\/\/demoweb.info\/sexshop001\/producto\/varilla-uretral-prince-wand\/"},"modified":"2022-01-22T18:13:26","modified_gmt":"2022-01-22T17:13:26","slug":"varilla-uretral-prince-wand","status":"publish","type":"product","link":"https:\/\/demoweb.info\/sexshop001\/producto\/varilla-uretral-prince-wand\/","title":{"rendered":"VARILLA URETRAL PRINCE WAND"},"content":{"rendered":"<p><strong>BUMPY URETHRAL STRETCHER <\/strong><\/p>\n<p>La camilla uretral de acero inoxidable viene con una varilla que se desliza dentro de la uretra, colocada en un marco que est\u00e1 unido al anillo del glande. Deslice el anillo justo pasando la cabeza de su pene. Ideal para la TCC o para el estiramiento uretral general, el estirador uretral seguramente le dar\u00e1 los resultados que busca.<\/p>\n<ul>\n<li>Dimensiones del producto 10,5 x 3,1 x 0,8 cm<\/li>\n<li>Peso del producto 37 gramos<\/li>\n<li>Longitud insertable 7,9 cm<\/li>\n<li>Presupuesto Di\u00e1metro cockring 1: 2,5 cm Di\u00e1metro cockring 2: 3 cm Di\u00e1metro Uretral: 0,8 cm<\/li>\n<li>Materiales de acero inoxidable<\/li>\n<\/ul>\n","protected":false},"excerpt":{"rendered":"<p>BUMPY URETHRAL STRETCHER La camilla uretral de acero inoxidable viene con una varilla que se desliza dentro de la uretra,<\/p>\n","protected":false},"featured_media":61357,"comment_status":"open","ping_status":"open","template":"","meta":[],"product_cat":[290],"product_tag":[283],"class_list":["post-61356","product","type-product","status-publish","has-post-thumbnail","hentry","product_cat-penis-plug","product_tag-triune"],"bundled_by":[],"bundle_stock_status":"outofstock","bundle_stock_quantity":0,"bundle_virtual":false,"bundle_layout":"","bundle_add_to_cart_form_location":"","bundle_editable_in_cart":false,"bundle_sold_individually_context":"","bundle_item_grouping":"","bundle_min_size":"","bundle_max_size":"","bundled_items":[],"yoast_head":"<!-- This site is optimized with the Yoast SEO plugin v20.6 - https:\/\/yoast.com\/wordpress\/plugins\/seo\/ -->\n<title>VARILLA URETRAL PRINCE WAND - Tienda Er\u00f3tica<\/title>\n<meta name=\"robots\" content=\"noindex, follow, max-snippet:-1, max-image-preview:large, max-video-preview:-1\" \/>\n<meta property=\"og:locale\" content=\"es_ES\" \/>\n<meta property=\"og:type\" content=\"article\" \/>\n<meta property=\"og:title\" content=\"VARILLA URETRAL PRINCE WAND - Tienda Er\u00f3tica\" \/>\n<meta property=\"og:description\" content=\"BUMPY URETHRAL STRETCHER La camilla uretral de acero inoxidable viene con una varilla que se desliza dentro de la uretra,\" \/>\n<meta property=\"og:url\" content=\"https:\/\/demoweb.info\/sexshop001\/producto\/varilla-uretral-prince-wand\/\" \/>\n<meta property=\"og:site_name\" content=\"Tienda Er\u00f3tica\" \/>\n<meta property=\"article:modified_time\" content=\"2022-01-22T17:13:26+00:00\" \/>\n<meta property=\"og:image\" content=\"https:\/\/demoweb.info\/sexshop001\/wp-content\/uploads\/2022\/01\/VARILLA-URETRAL-PRINCE-WAND.jpg\" \/>\n\t<meta property=\"og:image:width\" content=\"550\" \/>\n\t<meta property=\"og:image:height\" content=\"550\" \/>\n\t<meta property=\"og:image:type\" content=\"image\/jpeg\" \/>\n<meta name=\"twitter:card\" content=\"summary_large_image\" \/>\n<script type=\"application\/ld+json\" class=\"yoast-schema-graph\">{\"@context\":\"https:\/\/schema.org\",\"@graph\":[{\"@type\":\"WebPage\",\"@id\":\"https:\/\/demoweb.info\/sexshop001\/producto\/varilla-uretral-prince-wand\/\",\"url\":\"https:\/\/demoweb.info\/sexshop001\/producto\/varilla-uretral-prince-wand\/\",\"name\":\"VARILLA URETRAL PRINCE WAND - Tienda Er\u00f3tica\",\"isPartOf\":{\"@id\":\"https:\/\/demoweb.info\/sexshop001\/#website\"},\"datePublished\":\"2022-01-22T17:13:13+00:00\",\"dateModified\":\"2022-01-22T17:13:26+00:00\",\"breadcrumb\":{\"@id\":\"https:\/\/demoweb.info\/sexshop001\/producto\/varilla-uretral-prince-wand\/#breadcrumb\"},\"inLanguage\":\"es\",\"potentialAction\":[{\"@type\":\"ReadAction\",\"target\":[\"https:\/\/demoweb.info\/sexshop001\/producto\/varilla-uretral-prince-wand\/\"]}]},{\"@type\":\"BreadcrumbList\",\"@id\":\"https:\/\/demoweb.info\/sexshop001\/producto\/varilla-uretral-prince-wand\/#breadcrumb\",\"itemListElement\":[{\"@type\":\"ListItem\",\"position\":1,\"name\":\"Portada\",\"item\":\"https:\/\/demoweb.info\/sexshop001\/\"},{\"@type\":\"ListItem\",\"position\":2,\"name\":\"Tienda\",\"item\":\"https:\/\/demoweb.info\/sexshop001\/tienda\/\"},{\"@type\":\"ListItem\",\"position\":3,\"name\":\"VARILLA URETRAL PRINCE WAND\"}]},{\"@type\":\"WebSite\",\"@id\":\"https:\/\/demoweb.info\/sexshop001\/#website\",\"url\":\"https:\/\/demoweb.info\/sexshop001\/\",\"name\":\"Tienda Er\u00f3tica\",\"description\":\"DEMOWEB SL\",\"potentialAction\":[{\"@type\":\"SearchAction\",\"target\":{\"@type\":\"EntryPoint\",\"urlTemplate\":\"https:\/\/demoweb.info\/sexshop001\/?s={search_term_string}\"},\"query-input\":\"required name=search_term_string\"}],\"inLanguage\":\"es\"}]}<\/script>\n<!-- \/ Yoast SEO plugin. -->","yoast_head_json":{"title":"VARILLA URETRAL PRINCE WAND - Tienda Er\u00f3tica","robots":{"index":"noindex","follow":"follow","max-snippet":"max-snippet:-1","max-image-preview":"max-image-preview:large","max-video-preview":"max-video-preview:-1"},"og_locale":"es_ES","og_type":"article","og_title":"VARILLA URETRAL PRINCE WAND - Tienda Er\u00f3tica","og_description":"BUMPY URETHRAL STRETCHER La camilla uretral de acero inoxidable viene con una varilla que se desliza dentro de la uretra,","og_url":"https:\/\/demoweb.info\/sexshop001\/producto\/varilla-uretral-prince-wand\/","og_site_name":"Tienda Er\u00f3tica","article_modified_time":"2022-01-22T17:13:26+00:00","og_image":[{"width":550,"height":550,"url":"https:\/\/demoweb.info\/sexshop001\/wp-content\/uploads\/2022\/01\/VARILLA-URETRAL-PRINCE-WAND.jpg","type":"image\/jpeg"}],"twitter_card":"summary_large_image","schema":{"@context":"https:\/\/schema.org","@graph":[{"@type":"WebPage","@id":"https:\/\/demoweb.info\/sexshop001\/producto\/varilla-uretral-prince-wand\/","url":"https:\/\/demoweb.info\/sexshop001\/producto\/varilla-uretral-prince-wand\/","name":"VARILLA URETRAL PRINCE WAND - Tienda Er\u00f3tica","isPartOf":{"@id":"https:\/\/demoweb.info\/sexshop001\/#website"},"datePublished":"2022-01-22T17:13:13+00:00","dateModified":"2022-01-22T17:13:26+00:00","breadcrumb":{"@id":"https:\/\/demoweb.info\/sexshop001\/producto\/varilla-uretral-prince-wand\/#breadcrumb"},"inLanguage":"es","potentialAction":[{"@type":"ReadAction","target":["https:\/\/demoweb.info\/sexshop001\/producto\/varilla-uretral-prince-wand\/"]}]},{"@type":"BreadcrumbList","@id":"https:\/\/demoweb.info\/sexshop001\/producto\/varilla-uretral-prince-wand\/#breadcrumb","itemListElement":[{"@type":"ListItem","position":1,"name":"Portada","item":"https:\/\/demoweb.info\/sexshop001\/"},{"@type":"ListItem","position":2,"name":"Tienda","item":"https:\/\/demoweb.info\/sexshop001\/tienda\/"},{"@type":"ListItem","position":3,"name":"VARILLA URETRAL PRINCE WAND"}]},{"@type":"WebSite","@id":"https:\/\/demoweb.info\/sexshop001\/#website","url":"https:\/\/demoweb.info\/sexshop001\/","name":"Tienda Er\u00f3tica","description":"DEMOWEB SL","potentialAction":[{"@type":"SearchAction","target":{"@type":"EntryPoint","urlTemplate":"https:\/\/demoweb.info\/sexshop001\/?s={search_term_string}"},"query-input":"required name=search_term_string"}],"inLanguage":"es"}]}},"_links":{"self":[{"href":"https:\/\/demoweb.info\/sexshop001\/wp-json\/wp\/v3\/product\/61356","targetHints":{"allow":["GET"]}}],"collection":[{"href":"https:\/\/demoweb.info\/sexshop001\/wp-json\/wp\/v3\/product"}],"about":[{"href":"https:\/\/demoweb.info\/sexshop001\/wp-json\/wp\/v2\/types\/product"}],"replies":[{"embeddable":true,"href":"https:\/\/demoweb.info\/sexshop001\/wp-json\/wp\/v2\/comments?post=61356"}],"wp:featuredmedia":[{"embeddable":true,"href":"https:\/\/demoweb.info\/sexshop001\/wp-json\/wp\/v2\/media\/61357"}],"wp:attachment":[{"href":"https:\/\/demoweb.info\/sexshop001\/wp-json\/wp\/v2\/media?parent=61356"}],"wp:term":[{"taxonomy":"product_cat","embeddable":true,"href":"https:\/\/demoweb.info\/sexshop001\/wp-json\/wp\/v2\/product_cat?post=61356"},{"taxonomy":"product_tag","embeddable":true,"href":"https:\/\/demoweb.info\/sexshop001\/wp-json\/wp\/v2\/product_tag?post=61356"}],"curies":[{"name":"wp","href":"https:\/\/api.w.org\/{rel}","templated":true}]}}