{"id":61349,"date":"2022-01-22T18:13:13","date_gmt":"2022-01-22T17:13:13","guid":{"rendered":"https:\/\/demoweb.info\/sexshop001\/producto\/g-spot-dildo-de-acero-inox\/"},"modified":"2022-01-22T18:13:21","modified_gmt":"2022-01-22T17:13:21","slug":"g-spot-dildo-de-acero-inox","status":"publish","type":"product","link":"https:\/\/demoweb.info\/sexshop001\/producto\/g-spot-dildo-de-acero-inox\/","title":{"rendered":"G-SPOT DILDO DE ACERO INOX"},"content":{"rendered":"<p><strong>G-SPOT WAND<\/strong><\/p>\n<p>Es realmente una varita m\u00e1gica, que evoca el placer anal y vaginal de lujo en m\u00e1s de un sentido, un objeto de placer magn\u00edficamente dise\u00f1ado, hecho de acero inoxidable de alta calidad con una precisi\u00f3n impresionante, para la estimulaci\u00f3n espec\u00edfica del punto G y del punto P.<\/p>\n<p>Incluso viene con un cuerpo de acero inoxidable que absorbe las temperaturas, para un dulce placer sensorial, ya sea que desees sensaciones calientes, c\u00e1lidas o fr\u00edas, no busques m\u00e1s porque este juguete lo engloba todo.<\/p>\n<p>Un instrumento de acero inoxidable liso, sensualmente curvo, de placer alucinante.<\/p>\n<ul>\n<li>Medidas: 22 x 4,2 cm<\/li>\n<li>Peso: 590 gr<\/li>\n<\/ul>\n","protected":false},"excerpt":{"rendered":"<p>G-SPOT WAND Es realmente una varita m\u00e1gica, que evoca el placer anal y vaginal de lujo en m\u00e1s de un<\/p>\n","protected":false},"featured_media":61350,"comment_status":"open","ping_status":"open","template":"","meta":[],"product_cat":[467],"product_tag":[283],"class_list":["post-61349","product","type-product","status-publish","has-post-thumbnail","hentry","product_cat-desafios","product_tag-triune"],"bundled_by":[],"bundle_stock_status":"outofstock","bundle_stock_quantity":0,"bundle_virtual":false,"bundle_layout":"","bundle_add_to_cart_form_location":"","bundle_editable_in_cart":false,"bundle_sold_individually_context":"","bundle_item_grouping":"","bundle_min_size":"","bundle_max_size":"","bundled_items":[],"yoast_head":"<!-- This site is optimized with the Yoast SEO plugin v20.6 - https:\/\/yoast.com\/wordpress\/plugins\/seo\/ -->\n<title>G-SPOT DILDO DE ACERO INOX - Tienda Er\u00f3tica<\/title>\n<meta name=\"robots\" content=\"noindex, follow, max-snippet:-1, max-image-preview:large, max-video-preview:-1\" \/>\n<meta property=\"og:locale\" content=\"es_ES\" \/>\n<meta property=\"og:type\" content=\"article\" \/>\n<meta property=\"og:title\" content=\"G-SPOT DILDO DE ACERO INOX - Tienda Er\u00f3tica\" \/>\n<meta property=\"og:description\" content=\"G-SPOT WAND Es realmente una varita m\u00e1gica, que evoca el placer anal y vaginal de lujo en m\u00e1s de un\" \/>\n<meta property=\"og:url\" content=\"https:\/\/demoweb.info\/sexshop001\/producto\/g-spot-dildo-de-acero-inox\/\" \/>\n<meta property=\"og:site_name\" content=\"Tienda Er\u00f3tica\" \/>\n<meta property=\"article:modified_time\" content=\"2022-01-22T17:13:21+00:00\" \/>\n<meta property=\"og:image\" content=\"https:\/\/demoweb.info\/sexshop001\/wp-content\/uploads\/2022\/01\/G-SPOT-DILDO-DE-ACERO-INOX.jpg\" \/>\n\t<meta property=\"og:image:width\" content=\"550\" \/>\n\t<meta property=\"og:image:height\" content=\"550\" \/>\n\t<meta property=\"og:image:type\" content=\"image\/jpeg\" \/>\n<meta name=\"twitter:card\" content=\"summary_large_image\" \/>\n<meta name=\"twitter:label1\" content=\"Tiempo de lectura\" \/>\n\t<meta name=\"twitter:data1\" content=\"1 minuto\" \/>\n<script type=\"application\/ld+json\" class=\"yoast-schema-graph\">{\"@context\":\"https:\/\/schema.org\",\"@graph\":[{\"@type\":\"WebPage\",\"@id\":\"https:\/\/demoweb.info\/sexshop001\/producto\/g-spot-dildo-de-acero-inox\/\",\"url\":\"https:\/\/demoweb.info\/sexshop001\/producto\/g-spot-dildo-de-acero-inox\/\",\"name\":\"G-SPOT DILDO DE ACERO INOX - Tienda Er\u00f3tica\",\"isPartOf\":{\"@id\":\"https:\/\/demoweb.info\/sexshop001\/#website\"},\"datePublished\":\"2022-01-22T17:13:13+00:00\",\"dateModified\":\"2022-01-22T17:13:21+00:00\",\"breadcrumb\":{\"@id\":\"https:\/\/demoweb.info\/sexshop001\/producto\/g-spot-dildo-de-acero-inox\/#breadcrumb\"},\"inLanguage\":\"es\",\"potentialAction\":[{\"@type\":\"ReadAction\",\"target\":[\"https:\/\/demoweb.info\/sexshop001\/producto\/g-spot-dildo-de-acero-inox\/\"]}]},{\"@type\":\"BreadcrumbList\",\"@id\":\"https:\/\/demoweb.info\/sexshop001\/producto\/g-spot-dildo-de-acero-inox\/#breadcrumb\",\"itemListElement\":[{\"@type\":\"ListItem\",\"position\":1,\"name\":\"Portada\",\"item\":\"https:\/\/demoweb.info\/sexshop001\/\"},{\"@type\":\"ListItem\",\"position\":2,\"name\":\"Tienda\",\"item\":\"https:\/\/demoweb.info\/sexshop001\/tienda\/\"},{\"@type\":\"ListItem\",\"position\":3,\"name\":\"G-SPOT DILDO DE ACERO INOX\"}]},{\"@type\":\"WebSite\",\"@id\":\"https:\/\/demoweb.info\/sexshop001\/#website\",\"url\":\"https:\/\/demoweb.info\/sexshop001\/\",\"name\":\"Tienda Er\u00f3tica\",\"description\":\"DEMOWEB SL\",\"potentialAction\":[{\"@type\":\"SearchAction\",\"target\":{\"@type\":\"EntryPoint\",\"urlTemplate\":\"https:\/\/demoweb.info\/sexshop001\/?s={search_term_string}\"},\"query-input\":\"required name=search_term_string\"}],\"inLanguage\":\"es\"}]}<\/script>\n<!-- \/ Yoast SEO plugin. -->","yoast_head_json":{"title":"G-SPOT DILDO DE ACERO INOX - Tienda Er\u00f3tica","robots":{"index":"noindex","follow":"follow","max-snippet":"max-snippet:-1","max-image-preview":"max-image-preview:large","max-video-preview":"max-video-preview:-1"},"og_locale":"es_ES","og_type":"article","og_title":"G-SPOT DILDO DE ACERO INOX - Tienda Er\u00f3tica","og_description":"G-SPOT WAND Es realmente una varita m\u00e1gica, que evoca el placer anal y vaginal de lujo en m\u00e1s de un","og_url":"https:\/\/demoweb.info\/sexshop001\/producto\/g-spot-dildo-de-acero-inox\/","og_site_name":"Tienda Er\u00f3tica","article_modified_time":"2022-01-22T17:13:21+00:00","og_image":[{"width":550,"height":550,"url":"https:\/\/demoweb.info\/sexshop001\/wp-content\/uploads\/2022\/01\/G-SPOT-DILDO-DE-ACERO-INOX.jpg","type":"image\/jpeg"}],"twitter_card":"summary_large_image","twitter_misc":{"Tiempo de lectura":"1 minuto"},"schema":{"@context":"https:\/\/schema.org","@graph":[{"@type":"WebPage","@id":"https:\/\/demoweb.info\/sexshop001\/producto\/g-spot-dildo-de-acero-inox\/","url":"https:\/\/demoweb.info\/sexshop001\/producto\/g-spot-dildo-de-acero-inox\/","name":"G-SPOT DILDO DE ACERO INOX - Tienda Er\u00f3tica","isPartOf":{"@id":"https:\/\/demoweb.info\/sexshop001\/#website"},"datePublished":"2022-01-22T17:13:13+00:00","dateModified":"2022-01-22T17:13:21+00:00","breadcrumb":{"@id":"https:\/\/demoweb.info\/sexshop001\/producto\/g-spot-dildo-de-acero-inox\/#breadcrumb"},"inLanguage":"es","potentialAction":[{"@type":"ReadAction","target":["https:\/\/demoweb.info\/sexshop001\/producto\/g-spot-dildo-de-acero-inox\/"]}]},{"@type":"BreadcrumbList","@id":"https:\/\/demoweb.info\/sexshop001\/producto\/g-spot-dildo-de-acero-inox\/#breadcrumb","itemListElement":[{"@type":"ListItem","position":1,"name":"Portada","item":"https:\/\/demoweb.info\/sexshop001\/"},{"@type":"ListItem","position":2,"name":"Tienda","item":"https:\/\/demoweb.info\/sexshop001\/tienda\/"},{"@type":"ListItem","position":3,"name":"G-SPOT DILDO DE ACERO INOX"}]},{"@type":"WebSite","@id":"https:\/\/demoweb.info\/sexshop001\/#website","url":"https:\/\/demoweb.info\/sexshop001\/","name":"Tienda Er\u00f3tica","description":"DEMOWEB SL","potentialAction":[{"@type":"SearchAction","target":{"@type":"EntryPoint","urlTemplate":"https:\/\/demoweb.info\/sexshop001\/?s={search_term_string}"},"query-input":"required name=search_term_string"}],"inLanguage":"es"}]}},"_links":{"self":[{"href":"https:\/\/demoweb.info\/sexshop001\/wp-json\/wp\/v3\/product\/61349","targetHints":{"allow":["GET"]}}],"collection":[{"href":"https:\/\/demoweb.info\/sexshop001\/wp-json\/wp\/v3\/product"}],"about":[{"href":"https:\/\/demoweb.info\/sexshop001\/wp-json\/wp\/v2\/types\/product"}],"replies":[{"embeddable":true,"href":"https:\/\/demoweb.info\/sexshop001\/wp-json\/wp\/v2\/comments?post=61349"}],"wp:featuredmedia":[{"embeddable":true,"href":"https:\/\/demoweb.info\/sexshop001\/wp-json\/wp\/v2\/media\/61350"}],"wp:attachment":[{"href":"https:\/\/demoweb.info\/sexshop001\/wp-json\/wp\/v2\/media?parent=61349"}],"wp:term":[{"taxonomy":"product_cat","embeddable":true,"href":"https:\/\/demoweb.info\/sexshop001\/wp-json\/wp\/v2\/product_cat?post=61349"},{"taxonomy":"product_tag","embeddable":true,"href":"https:\/\/demoweb.info\/sexshop001\/wp-json\/wp\/v2\/product_tag?post=61349"}],"curies":[{"name":"wp","href":"https:\/\/api.w.org\/{rel}","templated":true}]}}