{"id":61189,"date":"2022-01-22T18:11:11","date_gmt":"2022-01-22T17:11:11","guid":{"rendered":"https:\/\/demoweb.info\/sexshop001\/producto\/sono-no-74-anillo-vibrador-con-control-remoto-negro\/"},"modified":"2022-01-22T18:11:18","modified_gmt":"2022-01-22T17:11:18","slug":"sono-no-74-anillo-vibrador-con-control-remoto-negro","status":"publish","type":"product","link":"https:\/\/demoweb.info\/sexshop001\/producto\/sono-no-74-anillo-vibrador-con-control-remoto-negro\/","title":{"rendered":"SONO NO.74 ANILLO VIBRADOR CON CONTROL REMOTO &#8211; NEGRO"},"content":{"rendered":"<p><strong>SONO NO. 74 &#8211; REMOTE CONTROLLED VIBRATING COCK RING <\/strong><\/p>\n<p>Dale a tu vida sexual un zumbido con este lujoso aro vibratorio para el pene controlado por control remoto.<\/p>\n<p>Las vibraciones resaltan e intensifican el placer sexual de los dos miembros de la pareja. Este poderoso juguete est\u00e1 elaborado con suave y estirable silicona de grado m\u00e9dico, viene con 10 diferentes y excitantes patrones de vibraciones que mueven tu mundo hasta a 11,000 rpm.<\/p>\n<p>Con esta \u00fanica figura con una forma delgada oval y un contorno que se ajusta c\u00f3modamente a su cuerpo aplica una suntuosa presi\u00f3n sobre el cl\u00edtoris.<\/p>\n<p>El SONO tiene un di\u00e1metro interno estirable de 3,3 cm y tambi\u00e9n es a prueba de agua (IP x 5) para tener una diversi\u00f3n mejor y m\u00e1s mojada.<\/p>\n<p>Este elegante juguete es recargable v\u00eda USB (De 2 a 3h de tiempo de recarga con un cable incluido) mientras que el control remoto tiene 1 s\u00f3lo bot\u00f3n y una bater\u00eda (incluida).<\/p>\n<p>Caracter\u00edsticas:<\/p>\n<ul>\n<li>Medidas totales: 9 x 4,7 cm<\/li>\n<li>Di\u00e1metro externo: 4,5 cm<\/li>\n<li>Di\u00e1metro interno: 3,2 cm<\/li>\n<li>Rotaciones: 11RPM<\/li>\n<li>Velocidades: 10<\/li>\n<li>Nivel de ruido: 50 dB<\/li>\n<li>Recargable por USB<\/li>\n<li>Tiempo de carga: 120 min<\/li>\n<li>Duraci\u00f3n de la bater\u00eda: 120 min<\/li>\n<li>Resistente al agua<\/li>\n<li>Sin fltatos<\/li>\n<li>Material: Silicona<\/li>\n<\/ul>\n","protected":false},"excerpt":{"rendered":"<p>SONO NO. 74 &#8211; REMOTE CONTROLLED VIBRATING COCK RING Dale a tu vida sexual un zumbido con este lujoso aro<\/p>\n","protected":false},"featured_media":61190,"comment_status":"open","ping_status":"open","template":"","meta":[],"product_cat":[438],"product_tag":[302,312],"class_list":["post-61189","product","type-product","status-publish","has-post-thumbnail","hentry","product_cat-con-vibrador-anillos","product_tag-shots","product_tag-sono"],"bundled_by":[],"bundle_stock_status":"instock","bundle_stock_quantity":2,"bundle_virtual":false,"bundle_layout":"","bundle_add_to_cart_form_location":"","bundle_editable_in_cart":false,"bundle_sold_individually_context":"","bundle_item_grouping":"","bundle_min_size":"","bundle_max_size":"","bundled_items":[],"yoast_head":"<!-- This site is optimized with the Yoast SEO plugin v20.6 - https:\/\/yoast.com\/wordpress\/plugins\/seo\/ -->\n<title>SONO NO.74 ANILLO VIBRADOR CON CONTROL REMOTO - NEGRO - Tienda Er\u00f3tica<\/title>\n<meta name=\"robots\" content=\"noindex, follow, max-snippet:-1, max-image-preview:large, max-video-preview:-1\" \/>\n<meta property=\"og:locale\" content=\"es_ES\" \/>\n<meta property=\"og:type\" content=\"article\" \/>\n<meta property=\"og:title\" content=\"SONO NO.74 ANILLO VIBRADOR CON CONTROL REMOTO - NEGRO - Tienda Er\u00f3tica\" \/>\n<meta property=\"og:description\" content=\"SONO NO. 74 &#8211; REMOTE CONTROLLED VIBRATING COCK RING Dale a tu vida sexual un zumbido con este lujoso aro\" \/>\n<meta property=\"og:url\" content=\"https:\/\/demoweb.info\/sexshop001\/producto\/sono-no-74-anillo-vibrador-con-control-remoto-negro\/\" \/>\n<meta property=\"og:site_name\" content=\"Tienda Er\u00f3tica\" \/>\n<meta property=\"article:modified_time\" content=\"2022-01-22T17:11:18+00:00\" \/>\n<meta property=\"og:image\" content=\"https:\/\/demoweb.info\/sexshop001\/wp-content\/uploads\/2022\/01\/SONO-NO.74-ANILLO-VIBRADOR-CON-CONTROL-REMOTO-NEGRO.jpg\" \/>\n\t<meta property=\"og:image:width\" content=\"550\" \/>\n\t<meta property=\"og:image:height\" content=\"550\" \/>\n\t<meta property=\"og:image:type\" content=\"image\/jpeg\" \/>\n<meta name=\"twitter:card\" content=\"summary_large_image\" \/>\n<meta name=\"twitter:label1\" content=\"Tiempo de lectura\" \/>\n\t<meta name=\"twitter:data1\" content=\"1 minuto\" \/>\n<script type=\"application\/ld+json\" class=\"yoast-schema-graph\">{\"@context\":\"https:\/\/schema.org\",\"@graph\":[{\"@type\":\"WebPage\",\"@id\":\"https:\/\/demoweb.info\/sexshop001\/producto\/sono-no-74-anillo-vibrador-con-control-remoto-negro\/\",\"url\":\"https:\/\/demoweb.info\/sexshop001\/producto\/sono-no-74-anillo-vibrador-con-control-remoto-negro\/\",\"name\":\"SONO NO.74 ANILLO VIBRADOR CON CONTROL REMOTO - NEGRO - Tienda Er\u00f3tica\",\"isPartOf\":{\"@id\":\"https:\/\/demoweb.info\/sexshop001\/#website\"},\"datePublished\":\"2022-01-22T17:11:11+00:00\",\"dateModified\":\"2022-01-22T17:11:18+00:00\",\"breadcrumb\":{\"@id\":\"https:\/\/demoweb.info\/sexshop001\/producto\/sono-no-74-anillo-vibrador-con-control-remoto-negro\/#breadcrumb\"},\"inLanguage\":\"es\",\"potentialAction\":[{\"@type\":\"ReadAction\",\"target\":[\"https:\/\/demoweb.info\/sexshop001\/producto\/sono-no-74-anillo-vibrador-con-control-remoto-negro\/\"]}]},{\"@type\":\"BreadcrumbList\",\"@id\":\"https:\/\/demoweb.info\/sexshop001\/producto\/sono-no-74-anillo-vibrador-con-control-remoto-negro\/#breadcrumb\",\"itemListElement\":[{\"@type\":\"ListItem\",\"position\":1,\"name\":\"Portada\",\"item\":\"https:\/\/demoweb.info\/sexshop001\/\"},{\"@type\":\"ListItem\",\"position\":2,\"name\":\"Tienda\",\"item\":\"https:\/\/demoweb.info\/sexshop001\/tienda\/\"},{\"@type\":\"ListItem\",\"position\":3,\"name\":\"SONO NO.74 ANILLO VIBRADOR CON CONTROL REMOTO &#8211; NEGRO\"}]},{\"@type\":\"WebSite\",\"@id\":\"https:\/\/demoweb.info\/sexshop001\/#website\",\"url\":\"https:\/\/demoweb.info\/sexshop001\/\",\"name\":\"Tienda Er\u00f3tica\",\"description\":\"DEMOWEB SL\",\"potentialAction\":[{\"@type\":\"SearchAction\",\"target\":{\"@type\":\"EntryPoint\",\"urlTemplate\":\"https:\/\/demoweb.info\/sexshop001\/?s={search_term_string}\"},\"query-input\":\"required name=search_term_string\"}],\"inLanguage\":\"es\"}]}<\/script>\n<!-- \/ Yoast SEO plugin. -->","yoast_head_json":{"title":"SONO NO.74 ANILLO VIBRADOR CON CONTROL REMOTO - NEGRO - Tienda Er\u00f3tica","robots":{"index":"noindex","follow":"follow","max-snippet":"max-snippet:-1","max-image-preview":"max-image-preview:large","max-video-preview":"max-video-preview:-1"},"og_locale":"es_ES","og_type":"article","og_title":"SONO NO.74 ANILLO VIBRADOR CON CONTROL REMOTO - NEGRO - Tienda Er\u00f3tica","og_description":"SONO NO. 74 &#8211; REMOTE CONTROLLED VIBRATING COCK RING Dale a tu vida sexual un zumbido con este lujoso aro","og_url":"https:\/\/demoweb.info\/sexshop001\/producto\/sono-no-74-anillo-vibrador-con-control-remoto-negro\/","og_site_name":"Tienda Er\u00f3tica","article_modified_time":"2022-01-22T17:11:18+00:00","og_image":[{"width":550,"height":550,"url":"https:\/\/demoweb.info\/sexshop001\/wp-content\/uploads\/2022\/01\/SONO-NO.74-ANILLO-VIBRADOR-CON-CONTROL-REMOTO-NEGRO.jpg","type":"image\/jpeg"}],"twitter_card":"summary_large_image","twitter_misc":{"Tiempo de lectura":"1 minuto"},"schema":{"@context":"https:\/\/schema.org","@graph":[{"@type":"WebPage","@id":"https:\/\/demoweb.info\/sexshop001\/producto\/sono-no-74-anillo-vibrador-con-control-remoto-negro\/","url":"https:\/\/demoweb.info\/sexshop001\/producto\/sono-no-74-anillo-vibrador-con-control-remoto-negro\/","name":"SONO NO.74 ANILLO VIBRADOR CON CONTROL REMOTO - NEGRO - Tienda Er\u00f3tica","isPartOf":{"@id":"https:\/\/demoweb.info\/sexshop001\/#website"},"datePublished":"2022-01-22T17:11:11+00:00","dateModified":"2022-01-22T17:11:18+00:00","breadcrumb":{"@id":"https:\/\/demoweb.info\/sexshop001\/producto\/sono-no-74-anillo-vibrador-con-control-remoto-negro\/#breadcrumb"},"inLanguage":"es","potentialAction":[{"@type":"ReadAction","target":["https:\/\/demoweb.info\/sexshop001\/producto\/sono-no-74-anillo-vibrador-con-control-remoto-negro\/"]}]},{"@type":"BreadcrumbList","@id":"https:\/\/demoweb.info\/sexshop001\/producto\/sono-no-74-anillo-vibrador-con-control-remoto-negro\/#breadcrumb","itemListElement":[{"@type":"ListItem","position":1,"name":"Portada","item":"https:\/\/demoweb.info\/sexshop001\/"},{"@type":"ListItem","position":2,"name":"Tienda","item":"https:\/\/demoweb.info\/sexshop001\/tienda\/"},{"@type":"ListItem","position":3,"name":"SONO NO.74 ANILLO VIBRADOR CON CONTROL REMOTO &#8211; NEGRO"}]},{"@type":"WebSite","@id":"https:\/\/demoweb.info\/sexshop001\/#website","url":"https:\/\/demoweb.info\/sexshop001\/","name":"Tienda Er\u00f3tica","description":"DEMOWEB SL","potentialAction":[{"@type":"SearchAction","target":{"@type":"EntryPoint","urlTemplate":"https:\/\/demoweb.info\/sexshop001\/?s={search_term_string}"},"query-input":"required name=search_term_string"}],"inLanguage":"es"}]}},"_links":{"self":[{"href":"https:\/\/demoweb.info\/sexshop001\/wp-json\/wp\/v3\/product\/61189","targetHints":{"allow":["GET"]}}],"collection":[{"href":"https:\/\/demoweb.info\/sexshop001\/wp-json\/wp\/v3\/product"}],"about":[{"href":"https:\/\/demoweb.info\/sexshop001\/wp-json\/wp\/v2\/types\/product"}],"replies":[{"embeddable":true,"href":"https:\/\/demoweb.info\/sexshop001\/wp-json\/wp\/v2\/comments?post=61189"}],"wp:featuredmedia":[{"embeddable":true,"href":"https:\/\/demoweb.info\/sexshop001\/wp-json\/wp\/v2\/media\/61190"}],"wp:attachment":[{"href":"https:\/\/demoweb.info\/sexshop001\/wp-json\/wp\/v2\/media?parent=61189"}],"wp:term":[{"taxonomy":"product_cat","embeddable":true,"href":"https:\/\/demoweb.info\/sexshop001\/wp-json\/wp\/v2\/product_cat?post=61189"},{"taxonomy":"product_tag","embeddable":true,"href":"https:\/\/demoweb.info\/sexshop001\/wp-json\/wp\/v2\/product_tag?post=61189"}],"curies":[{"name":"wp","href":"https:\/\/api.w.org\/{rel}","templated":true}]}}