{"id":61144,"date":"2022-01-22T18:10:41","date_gmt":"2022-01-22T17:10:41","guid":{"rendered":"https:\/\/demoweb.info\/sexshop001\/producto\/gc-pene-vibrador-thick-realistico-20cm-morado\/"},"modified":"2022-01-22T18:59:51","modified_gmt":"2022-01-22T17:59:51","slug":"gc-pene-vibrador-thick-realistico-20cm-morado","status":"publish","type":"product","link":"https:\/\/demoweb.info\/sexshop001\/producto\/gc-pene-vibrador-thick-realistico-20cm-morado\/","title":{"rendered":"GC PENE VIBRADOR THICK REAL\u00cdSTICO 20CM &#8211; MORADO"},"content":{"rendered":"<p><strong>8 INCH THICK REALISTIC DILDO VIBE <\/strong><\/p>\n<p>Con su impresionante longitud insertable de 17.5 cm, esta herramienta te dar\u00e1 todo el placer que quieras y m\u00e1s.<\/p>\n<p>Hecho de goma termopl\u00e1stica c\u00f3moda (TPE) este juguete de alcance profundo te estimular\u00e1 justo en los sitios adecuados.<\/p>\n<p>El GC 8\u201d THICK REALISTIC DILDO VIBE se revoluciona hasta unas impresionantes 11.000 RPM y con sus mandos giratorios f\u00e1ciles de usar en la base, llegar\u00e1s a tu mejor orgasmo en muy poco tiempo.<\/p>\n<ul>\n<li>Medidas totales: 20 x 4,2 cm<\/li>\n<li>Di\u00e1metro: 4,2 cm<\/li>\n<li>Longitud insertable: 17,5 cm<\/li>\n<li>Funciona con 2 pilas AA, que encontrar\u00e1s en nuestra secci\u00f3n PILAS.<\/li>\n<\/ul>\n","protected":false},"excerpt":{"rendered":"<p>8 INCH THICK REALISTIC DILDO VIBE Con su impresionante longitud insertable de 17.5 cm, esta herramienta te dar\u00e1 todo el<\/p>\n","protected":false},"featured_media":61145,"comment_status":"open","ping_status":"open","template":"","meta":[],"product_cat":[317],"product_tag":[1081,302],"class_list":["post-61144","product","type-product","status-publish","has-post-thumbnail","hentry","product_cat-con-vibrador","product_tag-gc","product_tag-shots"],"bundled_by":[],"bundle_stock_status":"instock","bundle_stock_quantity":3,"bundle_virtual":false,"bundle_layout":"","bundle_add_to_cart_form_location":"","bundle_editable_in_cart":false,"bundle_sold_individually_context":"","bundle_item_grouping":"","bundle_min_size":"","bundle_max_size":"","bundled_items":[],"yoast_head":"<!-- This site is optimized with the Yoast SEO plugin v20.6 - https:\/\/yoast.com\/wordpress\/plugins\/seo\/ -->\n<title>GC PENE VIBRADOR THICK REAL\u00cdSTICO 20CM - MORADO - Tienda Er\u00f3tica<\/title>\n<meta name=\"robots\" content=\"noindex, follow, max-snippet:-1, max-image-preview:large, max-video-preview:-1\" \/>\n<meta property=\"og:locale\" content=\"es_ES\" \/>\n<meta property=\"og:type\" content=\"article\" \/>\n<meta property=\"og:title\" content=\"GC PENE VIBRADOR THICK REAL\u00cdSTICO 20CM - MORADO - Tienda Er\u00f3tica\" \/>\n<meta property=\"og:description\" content=\"8 INCH THICK REALISTIC DILDO VIBE Con su impresionante longitud insertable de 17.5 cm, esta herramienta te dar\u00e1 todo el\" \/>\n<meta property=\"og:url\" content=\"https:\/\/demoweb.info\/sexshop001\/producto\/gc-pene-vibrador-thick-realistico-20cm-morado\/\" \/>\n<meta property=\"og:site_name\" content=\"Tienda Er\u00f3tica\" \/>\n<meta property=\"article:modified_time\" content=\"2022-01-22T17:59:51+00:00\" \/>\n<meta property=\"og:image\" content=\"https:\/\/demoweb.info\/sexshop001\/wp-content\/uploads\/2022\/01\/GC-PENE-VIBRADOR-THICK-REALISTICO-20CM-MORADO.jpg\" \/>\n\t<meta property=\"og:image:width\" content=\"550\" \/>\n\t<meta property=\"og:image:height\" content=\"550\" \/>\n\t<meta property=\"og:image:type\" content=\"image\/jpeg\" \/>\n<meta name=\"twitter:card\" content=\"summary_large_image\" \/>\n<meta name=\"twitter:label1\" content=\"Tiempo de lectura\" \/>\n\t<meta name=\"twitter:data1\" content=\"1 minuto\" \/>\n<script type=\"application\/ld+json\" class=\"yoast-schema-graph\">{\"@context\":\"https:\/\/schema.org\",\"@graph\":[{\"@type\":\"WebPage\",\"@id\":\"https:\/\/demoweb.info\/sexshop001\/producto\/gc-pene-vibrador-thick-realistico-20cm-morado\/\",\"url\":\"https:\/\/demoweb.info\/sexshop001\/producto\/gc-pene-vibrador-thick-realistico-20cm-morado\/\",\"name\":\"GC PENE VIBRADOR THICK REAL\u00cdSTICO 20CM - MORADO - Tienda Er\u00f3tica\",\"isPartOf\":{\"@id\":\"https:\/\/demoweb.info\/sexshop001\/#website\"},\"datePublished\":\"2022-01-22T17:10:41+00:00\",\"dateModified\":\"2022-01-22T17:59:51+00:00\",\"breadcrumb\":{\"@id\":\"https:\/\/demoweb.info\/sexshop001\/producto\/gc-pene-vibrador-thick-realistico-20cm-morado\/#breadcrumb\"},\"inLanguage\":\"es\",\"potentialAction\":[{\"@type\":\"ReadAction\",\"target\":[\"https:\/\/demoweb.info\/sexshop001\/producto\/gc-pene-vibrador-thick-realistico-20cm-morado\/\"]}]},{\"@type\":\"BreadcrumbList\",\"@id\":\"https:\/\/demoweb.info\/sexshop001\/producto\/gc-pene-vibrador-thick-realistico-20cm-morado\/#breadcrumb\",\"itemListElement\":[{\"@type\":\"ListItem\",\"position\":1,\"name\":\"Portada\",\"item\":\"https:\/\/demoweb.info\/sexshop001\/\"},{\"@type\":\"ListItem\",\"position\":2,\"name\":\"Tienda\",\"item\":\"https:\/\/demoweb.info\/sexshop001\/tienda\/\"},{\"@type\":\"ListItem\",\"position\":3,\"name\":\"GC PENE VIBRADOR THICK REAL\u00cdSTICO 20CM &#8211; MORADO\"}]},{\"@type\":\"WebSite\",\"@id\":\"https:\/\/demoweb.info\/sexshop001\/#website\",\"url\":\"https:\/\/demoweb.info\/sexshop001\/\",\"name\":\"Tienda Er\u00f3tica\",\"description\":\"DEMOWEB SL\",\"potentialAction\":[{\"@type\":\"SearchAction\",\"target\":{\"@type\":\"EntryPoint\",\"urlTemplate\":\"https:\/\/demoweb.info\/sexshop001\/?s={search_term_string}\"},\"query-input\":\"required name=search_term_string\"}],\"inLanguage\":\"es\"}]}<\/script>\n<!-- \/ Yoast SEO plugin. -->","yoast_head_json":{"title":"GC PENE VIBRADOR THICK REAL\u00cdSTICO 20CM - MORADO - Tienda Er\u00f3tica","robots":{"index":"noindex","follow":"follow","max-snippet":"max-snippet:-1","max-image-preview":"max-image-preview:large","max-video-preview":"max-video-preview:-1"},"og_locale":"es_ES","og_type":"article","og_title":"GC PENE VIBRADOR THICK REAL\u00cdSTICO 20CM - MORADO - Tienda Er\u00f3tica","og_description":"8 INCH THICK REALISTIC DILDO VIBE Con su impresionante longitud insertable de 17.5 cm, esta herramienta te dar\u00e1 todo el","og_url":"https:\/\/demoweb.info\/sexshop001\/producto\/gc-pene-vibrador-thick-realistico-20cm-morado\/","og_site_name":"Tienda Er\u00f3tica","article_modified_time":"2022-01-22T17:59:51+00:00","og_image":[{"width":550,"height":550,"url":"https:\/\/demoweb.info\/sexshop001\/wp-content\/uploads\/2022\/01\/GC-PENE-VIBRADOR-THICK-REALISTICO-20CM-MORADO.jpg","type":"image\/jpeg"}],"twitter_card":"summary_large_image","twitter_misc":{"Tiempo de lectura":"1 minuto"},"schema":{"@context":"https:\/\/schema.org","@graph":[{"@type":"WebPage","@id":"https:\/\/demoweb.info\/sexshop001\/producto\/gc-pene-vibrador-thick-realistico-20cm-morado\/","url":"https:\/\/demoweb.info\/sexshop001\/producto\/gc-pene-vibrador-thick-realistico-20cm-morado\/","name":"GC PENE VIBRADOR THICK REAL\u00cdSTICO 20CM - MORADO - Tienda Er\u00f3tica","isPartOf":{"@id":"https:\/\/demoweb.info\/sexshop001\/#website"},"datePublished":"2022-01-22T17:10:41+00:00","dateModified":"2022-01-22T17:59:51+00:00","breadcrumb":{"@id":"https:\/\/demoweb.info\/sexshop001\/producto\/gc-pene-vibrador-thick-realistico-20cm-morado\/#breadcrumb"},"inLanguage":"es","potentialAction":[{"@type":"ReadAction","target":["https:\/\/demoweb.info\/sexshop001\/producto\/gc-pene-vibrador-thick-realistico-20cm-morado\/"]}]},{"@type":"BreadcrumbList","@id":"https:\/\/demoweb.info\/sexshop001\/producto\/gc-pene-vibrador-thick-realistico-20cm-morado\/#breadcrumb","itemListElement":[{"@type":"ListItem","position":1,"name":"Portada","item":"https:\/\/demoweb.info\/sexshop001\/"},{"@type":"ListItem","position":2,"name":"Tienda","item":"https:\/\/demoweb.info\/sexshop001\/tienda\/"},{"@type":"ListItem","position":3,"name":"GC PENE VIBRADOR THICK REAL\u00cdSTICO 20CM &#8211; MORADO"}]},{"@type":"WebSite","@id":"https:\/\/demoweb.info\/sexshop001\/#website","url":"https:\/\/demoweb.info\/sexshop001\/","name":"Tienda Er\u00f3tica","description":"DEMOWEB SL","potentialAction":[{"@type":"SearchAction","target":{"@type":"EntryPoint","urlTemplate":"https:\/\/demoweb.info\/sexshop001\/?s={search_term_string}"},"query-input":"required name=search_term_string"}],"inLanguage":"es"}]}},"_links":{"self":[{"href":"https:\/\/demoweb.info\/sexshop001\/wp-json\/wp\/v3\/product\/61144","targetHints":{"allow":["GET"]}}],"collection":[{"href":"https:\/\/demoweb.info\/sexshop001\/wp-json\/wp\/v3\/product"}],"about":[{"href":"https:\/\/demoweb.info\/sexshop001\/wp-json\/wp\/v2\/types\/product"}],"replies":[{"embeddable":true,"href":"https:\/\/demoweb.info\/sexshop001\/wp-json\/wp\/v2\/comments?post=61144"}],"wp:featuredmedia":[{"embeddable":true,"href":"https:\/\/demoweb.info\/sexshop001\/wp-json\/wp\/v2\/media\/61145"}],"wp:attachment":[{"href":"https:\/\/demoweb.info\/sexshop001\/wp-json\/wp\/v2\/media?parent=61144"}],"wp:term":[{"taxonomy":"product_cat","embeddable":true,"href":"https:\/\/demoweb.info\/sexshop001\/wp-json\/wp\/v2\/product_cat?post=61144"},{"taxonomy":"product_tag","embeddable":true,"href":"https:\/\/demoweb.info\/sexshop001\/wp-json\/wp\/v2\/product_tag?post=61144"}],"curies":[{"name":"wp","href":"https:\/\/api.w.org\/{rel}","templated":true}]}}