{"id":61089,"date":"2022-01-22T18:09:44","date_gmt":"2022-01-22T17:09:44","guid":{"rendered":"https:\/\/demoweb.info\/sexshop001\/producto\/dildo-con-arnes-sin-sujeccion-silicona-negro\/"},"modified":"2022-01-22T18:10:03","modified_gmt":"2022-01-22T17:10:03","slug":"dildo-con-arnes-sin-sujeccion-silicona-negro","status":"publish","type":"product","link":"https:\/\/demoweb.info\/sexshop001\/producto\/dildo-con-arnes-sin-sujeccion-silicona-negro\/","title":{"rendered":"DILDO CON ARN\u00c9S SIN SUJECCI\u00d3N SILICONA &#8211; NEGRO"},"content":{"rendered":"<p><strong>SILICONE STRAPLESS STRAPON<\/strong><\/p>\n<p>Este sensacional consolador de silicona no requiere arn\u00e9s, por lo que nada se interpondr\u00e1 entre tu amante y t\u00fa, a excepci\u00f3n de vuestro propio placer intenso juntos.<\/p>\n<p>Completamente sin tirantes, se mantiene en su lugar con una sonda curvil\u00ednea, insertable y curvada, que ofrece una deliciosa estimulaci\u00f3n del punto G para el usuario. El extremo acanalado m\u00e1s largo se usa para penetrar a tu pareja masculina o femenina.<\/p>\n<p>Ideal para parejas del mismo sexo o las para parejas que les guste el Pegging.<\/p>\n<p>Hecho de goma termopl\u00e1stica s\u00faper flexible con un acabado de silicona suave de calidad m\u00e9dica, este juguete sexual tiene una parte curva de estimulaci\u00f3n del punto G de 6,8 cm mientras que el extremo penetrante mide 12 cm.<\/p>\n<p>STRAPLESS STRAPON viene en tres colores tentadores: negro, rosa y morado<\/p>\n<p>Caracter\u00edsticas:<\/p>\n<ul>\n<li>Dimensiones del producto: 10,2 x 4,1 cm<\/li>\n<li>Di\u00e1metro externo: 4,1 cm<\/li>\n<li>Di\u00e1mtero interno: 2,8 cm<\/li>\n<li>Medidas estimulador del punto G: 10 x 2 cm<\/li>\n<li>Longitud de parte de penetraci\u00f3n interna: 12 x 2,5 cm<\/li>\n<li>Resistente al agua.<\/li>\n<li>Sin ftalatos.<\/li>\n<\/ul>\n","protected":false},"excerpt":{"rendered":"<p>SILICONE STRAPLESS STRAPON Este sensacional consolador de silicona no requiere arn\u00e9s, por lo que nada se interpondr\u00e1 entre tu amante<\/p>\n","protected":false},"featured_media":61090,"comment_status":"open","ping_status":"open","template":"","meta":[],"product_cat":[273],"product_tag":[307,302],"class_list":["post-61089","product","type-product","status-publish","has-post-thumbnail","hentry","product_cat-silicona-sin-sujecion","product_tag-ouch","product_tag-shots"],"bundled_by":[],"bundle_stock_status":"instock","bundle_stock_quantity":1,"bundle_virtual":false,"bundle_layout":"","bundle_add_to_cart_form_location":"","bundle_editable_in_cart":false,"bundle_sold_individually_context":"","bundle_item_grouping":"","bundle_min_size":"","bundle_max_size":"","bundled_items":[],"yoast_head":"<!-- This site is optimized with the Yoast SEO plugin v20.6 - https:\/\/yoast.com\/wordpress\/plugins\/seo\/ -->\n<title>DILDO CON ARN\u00c9S SIN SUJECCI\u00d3N SILICONA - NEGRO - Tienda Er\u00f3tica<\/title>\n<meta name=\"robots\" content=\"noindex, follow, max-snippet:-1, max-image-preview:large, max-video-preview:-1\" \/>\n<meta property=\"og:locale\" content=\"es_ES\" \/>\n<meta property=\"og:type\" content=\"article\" \/>\n<meta property=\"og:title\" content=\"DILDO CON ARN\u00c9S SIN SUJECCI\u00d3N SILICONA - NEGRO - Tienda Er\u00f3tica\" \/>\n<meta property=\"og:description\" content=\"SILICONE STRAPLESS STRAPON Este sensacional consolador de silicona no requiere arn\u00e9s, por lo que nada se interpondr\u00e1 entre tu amante\" \/>\n<meta property=\"og:url\" content=\"https:\/\/demoweb.info\/sexshop001\/producto\/dildo-con-arnes-sin-sujeccion-silicona-negro\/\" \/>\n<meta property=\"og:site_name\" content=\"Tienda Er\u00f3tica\" \/>\n<meta property=\"article:modified_time\" content=\"2022-01-22T17:10:03+00:00\" \/>\n<meta property=\"og:image\" content=\"https:\/\/demoweb.info\/sexshop001\/wp-content\/uploads\/2022\/01\/DILDO-CON-ARNES-SIN-SUJECCION-SILICONA-NEGRO.jpg\" \/>\n\t<meta property=\"og:image:width\" content=\"550\" \/>\n\t<meta property=\"og:image:height\" content=\"550\" \/>\n\t<meta property=\"og:image:type\" content=\"image\/jpeg\" \/>\n<meta name=\"twitter:card\" content=\"summary_large_image\" \/>\n<meta name=\"twitter:label1\" content=\"Tiempo de lectura\" \/>\n\t<meta name=\"twitter:data1\" content=\"1 minuto\" \/>\n<script type=\"application\/ld+json\" class=\"yoast-schema-graph\">{\"@context\":\"https:\/\/schema.org\",\"@graph\":[{\"@type\":\"WebPage\",\"@id\":\"https:\/\/demoweb.info\/sexshop001\/producto\/dildo-con-arnes-sin-sujeccion-silicona-negro\/\",\"url\":\"https:\/\/demoweb.info\/sexshop001\/producto\/dildo-con-arnes-sin-sujeccion-silicona-negro\/\",\"name\":\"DILDO CON ARN\u00c9S SIN SUJECCI\u00d3N SILICONA - NEGRO - Tienda Er\u00f3tica\",\"isPartOf\":{\"@id\":\"https:\/\/demoweb.info\/sexshop001\/#website\"},\"datePublished\":\"2022-01-22T17:09:44+00:00\",\"dateModified\":\"2022-01-22T17:10:03+00:00\",\"breadcrumb\":{\"@id\":\"https:\/\/demoweb.info\/sexshop001\/producto\/dildo-con-arnes-sin-sujeccion-silicona-negro\/#breadcrumb\"},\"inLanguage\":\"es\",\"potentialAction\":[{\"@type\":\"ReadAction\",\"target\":[\"https:\/\/demoweb.info\/sexshop001\/producto\/dildo-con-arnes-sin-sujeccion-silicona-negro\/\"]}]},{\"@type\":\"BreadcrumbList\",\"@id\":\"https:\/\/demoweb.info\/sexshop001\/producto\/dildo-con-arnes-sin-sujeccion-silicona-negro\/#breadcrumb\",\"itemListElement\":[{\"@type\":\"ListItem\",\"position\":1,\"name\":\"Portada\",\"item\":\"https:\/\/demoweb.info\/sexshop001\/\"},{\"@type\":\"ListItem\",\"position\":2,\"name\":\"Tienda\",\"item\":\"https:\/\/demoweb.info\/sexshop001\/tienda\/\"},{\"@type\":\"ListItem\",\"position\":3,\"name\":\"DILDO CON ARN\u00c9S SIN SUJECCI\u00d3N SILICONA &#8211; NEGRO\"}]},{\"@type\":\"WebSite\",\"@id\":\"https:\/\/demoweb.info\/sexshop001\/#website\",\"url\":\"https:\/\/demoweb.info\/sexshop001\/\",\"name\":\"Tienda Er\u00f3tica\",\"description\":\"DEMOWEB SL\",\"potentialAction\":[{\"@type\":\"SearchAction\",\"target\":{\"@type\":\"EntryPoint\",\"urlTemplate\":\"https:\/\/demoweb.info\/sexshop001\/?s={search_term_string}\"},\"query-input\":\"required name=search_term_string\"}],\"inLanguage\":\"es\"}]}<\/script>\n<!-- \/ Yoast SEO plugin. -->","yoast_head_json":{"title":"DILDO CON ARN\u00c9S SIN SUJECCI\u00d3N SILICONA - NEGRO - Tienda Er\u00f3tica","robots":{"index":"noindex","follow":"follow","max-snippet":"max-snippet:-1","max-image-preview":"max-image-preview:large","max-video-preview":"max-video-preview:-1"},"og_locale":"es_ES","og_type":"article","og_title":"DILDO CON ARN\u00c9S SIN SUJECCI\u00d3N SILICONA - NEGRO - Tienda Er\u00f3tica","og_description":"SILICONE STRAPLESS STRAPON Este sensacional consolador de silicona no requiere arn\u00e9s, por lo que nada se interpondr\u00e1 entre tu amante","og_url":"https:\/\/demoweb.info\/sexshop001\/producto\/dildo-con-arnes-sin-sujeccion-silicona-negro\/","og_site_name":"Tienda Er\u00f3tica","article_modified_time":"2022-01-22T17:10:03+00:00","og_image":[{"width":550,"height":550,"url":"https:\/\/demoweb.info\/sexshop001\/wp-content\/uploads\/2022\/01\/DILDO-CON-ARNES-SIN-SUJECCION-SILICONA-NEGRO.jpg","type":"image\/jpeg"}],"twitter_card":"summary_large_image","twitter_misc":{"Tiempo de lectura":"1 minuto"},"schema":{"@context":"https:\/\/schema.org","@graph":[{"@type":"WebPage","@id":"https:\/\/demoweb.info\/sexshop001\/producto\/dildo-con-arnes-sin-sujeccion-silicona-negro\/","url":"https:\/\/demoweb.info\/sexshop001\/producto\/dildo-con-arnes-sin-sujeccion-silicona-negro\/","name":"DILDO CON ARN\u00c9S SIN SUJECCI\u00d3N SILICONA - NEGRO - Tienda Er\u00f3tica","isPartOf":{"@id":"https:\/\/demoweb.info\/sexshop001\/#website"},"datePublished":"2022-01-22T17:09:44+00:00","dateModified":"2022-01-22T17:10:03+00:00","breadcrumb":{"@id":"https:\/\/demoweb.info\/sexshop001\/producto\/dildo-con-arnes-sin-sujeccion-silicona-negro\/#breadcrumb"},"inLanguage":"es","potentialAction":[{"@type":"ReadAction","target":["https:\/\/demoweb.info\/sexshop001\/producto\/dildo-con-arnes-sin-sujeccion-silicona-negro\/"]}]},{"@type":"BreadcrumbList","@id":"https:\/\/demoweb.info\/sexshop001\/producto\/dildo-con-arnes-sin-sujeccion-silicona-negro\/#breadcrumb","itemListElement":[{"@type":"ListItem","position":1,"name":"Portada","item":"https:\/\/demoweb.info\/sexshop001\/"},{"@type":"ListItem","position":2,"name":"Tienda","item":"https:\/\/demoweb.info\/sexshop001\/tienda\/"},{"@type":"ListItem","position":3,"name":"DILDO CON ARN\u00c9S SIN SUJECCI\u00d3N SILICONA &#8211; NEGRO"}]},{"@type":"WebSite","@id":"https:\/\/demoweb.info\/sexshop001\/#website","url":"https:\/\/demoweb.info\/sexshop001\/","name":"Tienda Er\u00f3tica","description":"DEMOWEB SL","potentialAction":[{"@type":"SearchAction","target":{"@type":"EntryPoint","urlTemplate":"https:\/\/demoweb.info\/sexshop001\/?s={search_term_string}"},"query-input":"required name=search_term_string"}],"inLanguage":"es"}]}},"_links":{"self":[{"href":"https:\/\/demoweb.info\/sexshop001\/wp-json\/wp\/v3\/product\/61089","targetHints":{"allow":["GET"]}}],"collection":[{"href":"https:\/\/demoweb.info\/sexshop001\/wp-json\/wp\/v3\/product"}],"about":[{"href":"https:\/\/demoweb.info\/sexshop001\/wp-json\/wp\/v2\/types\/product"}],"replies":[{"embeddable":true,"href":"https:\/\/demoweb.info\/sexshop001\/wp-json\/wp\/v2\/comments?post=61089"}],"wp:featuredmedia":[{"embeddable":true,"href":"https:\/\/demoweb.info\/sexshop001\/wp-json\/wp\/v2\/media\/61090"}],"wp:attachment":[{"href":"https:\/\/demoweb.info\/sexshop001\/wp-json\/wp\/v2\/media?parent=61089"}],"wp:term":[{"taxonomy":"product_cat","embeddable":true,"href":"https:\/\/demoweb.info\/sexshop001\/wp-json\/wp\/v2\/product_cat?post=61089"},{"taxonomy":"product_tag","embeddable":true,"href":"https:\/\/demoweb.info\/sexshop001\/wp-json\/wp\/v2\/product_tag?post=61089"}],"curies":[{"name":"wp","href":"https:\/\/api.w.org\/{rel}","templated":true}]}}