{"id":61077,"date":"2022-01-22T18:09:44","date_gmt":"2022-01-22T17:09:44","guid":{"rendered":"https:\/\/demoweb.info\/sexshop001\/producto\/queen-black-lace-mascara-fantasia-negro\/"},"modified":"2022-01-22T18:09:54","modified_gmt":"2022-01-22T17:09:54","slug":"queen-black-lace-mascara-fantasia-negro","status":"publish","type":"product","link":"https:\/\/demoweb.info\/sexshop001\/producto\/queen-black-lace-mascara-fantasia-negro\/","title":{"rendered":"QUEEN BLACK LACE M\u00c1SCARA FANTAS\u00cdA &#8211; NEGRO"},"content":{"rendered":"<p><strong>QUEEN BLACK LACE MASK<\/strong><\/p>\n<p>OUCH! Te presenta una serie de 4 m\u00e1scaras hechas a mano, de alta calidad, ligeras y f\u00e1ciles de usar, detalladas con intrincados dise\u00f1os modernos inspirados en Venecia.<\/p>\n<p>Creadas con tecnolog\u00eda de corte l\u00e1ser de los mejores materiales ecol\u00f3gicos, estas m\u00e1scaras realmente te dar\u00e1n un aire de misterio seductor. La m\u00e1scara cuenta con dos cintas de calidad para su correcta sujeci\u00f3n durante largas horas de uso o juego c\u00f3modos y que te facilitar\u00e1n un ajuste f\u00e1cil.<\/p>\n<p>OUCH! Queen Black Lace Mask es una excelente opci\u00f3n para esos juegos sensuales, pero tambi\u00e9n es perfecta para fiestas, bodas, desfiles, Mardi Gras, fiestas fem\u00e1ticas, bailes de m\u00e1scaras y disfraces, etc.<\/p>\n<p>Dimensiones del producto: 23 x 13 cm<\/p><\/p>\n","protected":false},"excerpt":{"rendered":"<p>QUEEN BLACK LACE MASK OUCH! Te presenta una serie de 4 m\u00e1scaras hechas a mano, de alta calidad, ligeras y<\/p>\n","protected":false},"featured_media":61078,"comment_status":"open","ping_status":"open","template":"","meta":[],"product_cat":[497],"product_tag":[307,302],"class_list":["post-61077","product","type-product","status-publish","has-post-thumbnail","hentry","product_cat-fantasia","product_tag-ouch","product_tag-shots"],"bundled_by":[],"bundle_stock_status":"instock","bundle_stock_quantity":6,"bundle_virtual":false,"bundle_layout":"","bundle_add_to_cart_form_location":"","bundle_editable_in_cart":false,"bundle_sold_individually_context":"","bundle_item_grouping":"","bundle_min_size":"","bundle_max_size":"","bundled_items":[],"yoast_head":"<!-- This site is optimized with the Yoast SEO plugin v20.6 - https:\/\/yoast.com\/wordpress\/plugins\/seo\/ -->\n<title>QUEEN BLACK LACE M\u00c1SCARA FANTAS\u00cdA - NEGRO - Tienda Er\u00f3tica<\/title>\n<meta name=\"robots\" content=\"noindex, follow, max-snippet:-1, max-image-preview:large, max-video-preview:-1\" \/>\n<meta property=\"og:locale\" content=\"es_ES\" \/>\n<meta property=\"og:type\" content=\"article\" \/>\n<meta property=\"og:title\" content=\"QUEEN BLACK LACE M\u00c1SCARA FANTAS\u00cdA - NEGRO - Tienda Er\u00f3tica\" \/>\n<meta property=\"og:description\" content=\"QUEEN BLACK LACE MASK OUCH! Te presenta una serie de 4 m\u00e1scaras hechas a mano, de alta calidad, ligeras y\" \/>\n<meta property=\"og:url\" content=\"https:\/\/demoweb.info\/sexshop001\/producto\/queen-black-lace-mascara-fantasia-negro\/\" \/>\n<meta property=\"og:site_name\" content=\"Tienda Er\u00f3tica\" \/>\n<meta property=\"article:modified_time\" content=\"2022-01-22T17:09:54+00:00\" \/>\n<meta property=\"og:image\" content=\"https:\/\/demoweb.info\/sexshop001\/wp-content\/uploads\/2022\/01\/QUEEN-BLACK-LACE-MASCARA-FANTASIA-NEGRO.jpg\" \/>\n\t<meta property=\"og:image:width\" content=\"550\" \/>\n\t<meta property=\"og:image:height\" content=\"550\" \/>\n\t<meta property=\"og:image:type\" content=\"image\/jpeg\" \/>\n<meta name=\"twitter:card\" content=\"summary_large_image\" \/>\n<meta name=\"twitter:label1\" content=\"Tiempo de lectura\" \/>\n\t<meta name=\"twitter:data1\" content=\"1 minuto\" \/>\n<script type=\"application\/ld+json\" class=\"yoast-schema-graph\">{\"@context\":\"https:\/\/schema.org\",\"@graph\":[{\"@type\":\"WebPage\",\"@id\":\"https:\/\/demoweb.info\/sexshop001\/producto\/queen-black-lace-mascara-fantasia-negro\/\",\"url\":\"https:\/\/demoweb.info\/sexshop001\/producto\/queen-black-lace-mascara-fantasia-negro\/\",\"name\":\"QUEEN BLACK LACE M\u00c1SCARA FANTAS\u00cdA - NEGRO - Tienda Er\u00f3tica\",\"isPartOf\":{\"@id\":\"https:\/\/demoweb.info\/sexshop001\/#website\"},\"datePublished\":\"2022-01-22T17:09:44+00:00\",\"dateModified\":\"2022-01-22T17:09:54+00:00\",\"breadcrumb\":{\"@id\":\"https:\/\/demoweb.info\/sexshop001\/producto\/queen-black-lace-mascara-fantasia-negro\/#breadcrumb\"},\"inLanguage\":\"es\",\"potentialAction\":[{\"@type\":\"ReadAction\",\"target\":[\"https:\/\/demoweb.info\/sexshop001\/producto\/queen-black-lace-mascara-fantasia-negro\/\"]}]},{\"@type\":\"BreadcrumbList\",\"@id\":\"https:\/\/demoweb.info\/sexshop001\/producto\/queen-black-lace-mascara-fantasia-negro\/#breadcrumb\",\"itemListElement\":[{\"@type\":\"ListItem\",\"position\":1,\"name\":\"Portada\",\"item\":\"https:\/\/demoweb.info\/sexshop001\/\"},{\"@type\":\"ListItem\",\"position\":2,\"name\":\"Tienda\",\"item\":\"https:\/\/demoweb.info\/sexshop001\/tienda\/\"},{\"@type\":\"ListItem\",\"position\":3,\"name\":\"QUEEN BLACK LACE M\u00c1SCARA FANTAS\u00cdA &#8211; NEGRO\"}]},{\"@type\":\"WebSite\",\"@id\":\"https:\/\/demoweb.info\/sexshop001\/#website\",\"url\":\"https:\/\/demoweb.info\/sexshop001\/\",\"name\":\"Tienda Er\u00f3tica\",\"description\":\"DEMOWEB SL\",\"potentialAction\":[{\"@type\":\"SearchAction\",\"target\":{\"@type\":\"EntryPoint\",\"urlTemplate\":\"https:\/\/demoweb.info\/sexshop001\/?s={search_term_string}\"},\"query-input\":\"required name=search_term_string\"}],\"inLanguage\":\"es\"}]}<\/script>\n<!-- \/ Yoast SEO plugin. -->","yoast_head_json":{"title":"QUEEN BLACK LACE M\u00c1SCARA FANTAS\u00cdA - NEGRO - Tienda Er\u00f3tica","robots":{"index":"noindex","follow":"follow","max-snippet":"max-snippet:-1","max-image-preview":"max-image-preview:large","max-video-preview":"max-video-preview:-1"},"og_locale":"es_ES","og_type":"article","og_title":"QUEEN BLACK LACE M\u00c1SCARA FANTAS\u00cdA - NEGRO - Tienda Er\u00f3tica","og_description":"QUEEN BLACK LACE MASK OUCH! Te presenta una serie de 4 m\u00e1scaras hechas a mano, de alta calidad, ligeras y","og_url":"https:\/\/demoweb.info\/sexshop001\/producto\/queen-black-lace-mascara-fantasia-negro\/","og_site_name":"Tienda Er\u00f3tica","article_modified_time":"2022-01-22T17:09:54+00:00","og_image":[{"width":550,"height":550,"url":"https:\/\/demoweb.info\/sexshop001\/wp-content\/uploads\/2022\/01\/QUEEN-BLACK-LACE-MASCARA-FANTASIA-NEGRO.jpg","type":"image\/jpeg"}],"twitter_card":"summary_large_image","twitter_misc":{"Tiempo de lectura":"1 minuto"},"schema":{"@context":"https:\/\/schema.org","@graph":[{"@type":"WebPage","@id":"https:\/\/demoweb.info\/sexshop001\/producto\/queen-black-lace-mascara-fantasia-negro\/","url":"https:\/\/demoweb.info\/sexshop001\/producto\/queen-black-lace-mascara-fantasia-negro\/","name":"QUEEN BLACK LACE M\u00c1SCARA FANTAS\u00cdA - NEGRO - Tienda Er\u00f3tica","isPartOf":{"@id":"https:\/\/demoweb.info\/sexshop001\/#website"},"datePublished":"2022-01-22T17:09:44+00:00","dateModified":"2022-01-22T17:09:54+00:00","breadcrumb":{"@id":"https:\/\/demoweb.info\/sexshop001\/producto\/queen-black-lace-mascara-fantasia-negro\/#breadcrumb"},"inLanguage":"es","potentialAction":[{"@type":"ReadAction","target":["https:\/\/demoweb.info\/sexshop001\/producto\/queen-black-lace-mascara-fantasia-negro\/"]}]},{"@type":"BreadcrumbList","@id":"https:\/\/demoweb.info\/sexshop001\/producto\/queen-black-lace-mascara-fantasia-negro\/#breadcrumb","itemListElement":[{"@type":"ListItem","position":1,"name":"Portada","item":"https:\/\/demoweb.info\/sexshop001\/"},{"@type":"ListItem","position":2,"name":"Tienda","item":"https:\/\/demoweb.info\/sexshop001\/tienda\/"},{"@type":"ListItem","position":3,"name":"QUEEN BLACK LACE M\u00c1SCARA FANTAS\u00cdA &#8211; NEGRO"}]},{"@type":"WebSite","@id":"https:\/\/demoweb.info\/sexshop001\/#website","url":"https:\/\/demoweb.info\/sexshop001\/","name":"Tienda Er\u00f3tica","description":"DEMOWEB SL","potentialAction":[{"@type":"SearchAction","target":{"@type":"EntryPoint","urlTemplate":"https:\/\/demoweb.info\/sexshop001\/?s={search_term_string}"},"query-input":"required name=search_term_string"}],"inLanguage":"es"}]}},"_links":{"self":[{"href":"https:\/\/demoweb.info\/sexshop001\/wp-json\/wp\/v3\/product\/61077","targetHints":{"allow":["GET"]}}],"collection":[{"href":"https:\/\/demoweb.info\/sexshop001\/wp-json\/wp\/v3\/product"}],"about":[{"href":"https:\/\/demoweb.info\/sexshop001\/wp-json\/wp\/v2\/types\/product"}],"replies":[{"embeddable":true,"href":"https:\/\/demoweb.info\/sexshop001\/wp-json\/wp\/v2\/comments?post=61077"}],"wp:featuredmedia":[{"embeddable":true,"href":"https:\/\/demoweb.info\/sexshop001\/wp-json\/wp\/v2\/media\/61078"}],"wp:attachment":[{"href":"https:\/\/demoweb.info\/sexshop001\/wp-json\/wp\/v2\/media?parent=61077"}],"wp:term":[{"taxonomy":"product_cat","embeddable":true,"href":"https:\/\/demoweb.info\/sexshop001\/wp-json\/wp\/v2\/product_cat?post=61077"},{"taxonomy":"product_tag","embeddable":true,"href":"https:\/\/demoweb.info\/sexshop001\/wp-json\/wp\/v2\/product_tag?post=61077"}],"curies":[{"name":"wp","href":"https:\/\/api.w.org\/{rel}","templated":true}]}}