{"id":61068,"date":"2022-01-22T18:09:44","date_gmt":"2022-01-22T17:09:44","guid":{"rendered":"https:\/\/demoweb.info\/sexshop001\/producto\/triad-anillo-magnetico-para-testiculos-3cm\/"},"modified":"2022-01-22T18:09:47","modified_gmt":"2022-01-22T17:09:47","slug":"triad-anillo-magnetico-para-testiculos-3cm","status":"publish","type":"product","link":"https:\/\/demoweb.info\/sexshop001\/producto\/triad-anillo-magnetico-para-testiculos-3cm\/","title":{"rendered":"TRIAD ANILLO MAGN\u00c9TICO PARA TEST\u00cdCULOS 3CM"},"content":{"rendered":"<p><strong>TRIAD MAGNETIC BALL STRETCHERS<\/strong><\/p>\n<p>Imanes s\u00faper fuertes, f\u00e1ciles de usar y limpiar, para estirar y ejercitar los test\u00edculos.<\/p>\n<p>Tal vez quieras agregar diversi\u00f3n de estiramiento en tu caj\u00f3n de juguetes sexuales. Este anillo de test\u00edculos de acero inoxidable liso satisfar\u00e1 todas tus necesidades y fantas\u00edas en la mayor medida posible, con el objetivo de proporcionar el cuidado atento y ejercitar los test\u00edculos fuerte, f\u00edsica y mentalmente.<\/p>\n<p>La fuerza magn\u00e9tica ultra potente permite usar este anillo de manera c\u00f3moda.<\/p>\n<ul>\n<li>Medidas: 6,5 x 6,6 x 3 cm<\/li>\n<li>Di\u00e1metro interno: 3,6 cm<\/li>\n<li>Peso: 619 gr<\/li>\n<\/ul>\n","protected":false},"excerpt":{"rendered":"<p>TRIAD MAGNETIC BALL STRETCHERS Imanes s\u00faper fuertes, f\u00e1ciles de usar y limpiar, para estirar y ejercitar los test\u00edculos. Tal vez<\/p>\n","protected":false},"featured_media":61069,"comment_status":"open","ping_status":"open","template":"","meta":[],"product_cat":[286],"product_tag":[283],"class_list":["post-61068","product","type-product","status-publish","has-post-thumbnail","hentry","product_cat-metal","product_tag-triune"],"bundled_by":[],"bundle_stock_status":"instock","bundle_stock_quantity":1,"bundle_virtual":false,"bundle_layout":"","bundle_add_to_cart_form_location":"","bundle_editable_in_cart":false,"bundle_sold_individually_context":"","bundle_item_grouping":"","bundle_min_size":"","bundle_max_size":"","bundled_items":[],"yoast_head":"<!-- This site is optimized with the Yoast SEO plugin v20.6 - https:\/\/yoast.com\/wordpress\/plugins\/seo\/ -->\n<title>TRIAD ANILLO MAGN\u00c9TICO PARA TEST\u00cdCULOS 3CM - Tienda Er\u00f3tica<\/title>\n<meta name=\"robots\" content=\"noindex, follow, max-snippet:-1, max-image-preview:large, max-video-preview:-1\" \/>\n<meta property=\"og:locale\" content=\"es_ES\" \/>\n<meta property=\"og:type\" content=\"article\" \/>\n<meta property=\"og:title\" content=\"TRIAD ANILLO MAGN\u00c9TICO PARA TEST\u00cdCULOS 3CM - Tienda Er\u00f3tica\" \/>\n<meta property=\"og:description\" content=\"TRIAD MAGNETIC BALL STRETCHERS Imanes s\u00faper fuertes, f\u00e1ciles de usar y limpiar, para estirar y ejercitar los test\u00edculos. Tal vez\" \/>\n<meta property=\"og:url\" content=\"https:\/\/demoweb.info\/sexshop001\/producto\/triad-anillo-magnetico-para-testiculos-3cm\/\" \/>\n<meta property=\"og:site_name\" content=\"Tienda Er\u00f3tica\" \/>\n<meta property=\"article:modified_time\" content=\"2022-01-22T17:09:47+00:00\" \/>\n<meta property=\"og:image\" content=\"https:\/\/demoweb.info\/sexshop001\/wp-content\/uploads\/2022\/01\/TRIAD-ANILLO-MAGNETICO-PARA-TESTICULOS-3CM.jpg\" \/>\n\t<meta property=\"og:image:width\" content=\"550\" \/>\n\t<meta property=\"og:image:height\" content=\"550\" \/>\n\t<meta property=\"og:image:type\" content=\"image\/jpeg\" \/>\n<meta name=\"twitter:card\" content=\"summary_large_image\" \/>\n<script type=\"application\/ld+json\" class=\"yoast-schema-graph\">{\"@context\":\"https:\/\/schema.org\",\"@graph\":[{\"@type\":\"WebPage\",\"@id\":\"https:\/\/demoweb.info\/sexshop001\/producto\/triad-anillo-magnetico-para-testiculos-3cm\/\",\"url\":\"https:\/\/demoweb.info\/sexshop001\/producto\/triad-anillo-magnetico-para-testiculos-3cm\/\",\"name\":\"TRIAD ANILLO MAGN\u00c9TICO PARA TEST\u00cdCULOS 3CM - Tienda Er\u00f3tica\",\"isPartOf\":{\"@id\":\"https:\/\/demoweb.info\/sexshop001\/#website\"},\"datePublished\":\"2022-01-22T17:09:44+00:00\",\"dateModified\":\"2022-01-22T17:09:47+00:00\",\"breadcrumb\":{\"@id\":\"https:\/\/demoweb.info\/sexshop001\/producto\/triad-anillo-magnetico-para-testiculos-3cm\/#breadcrumb\"},\"inLanguage\":\"es\",\"potentialAction\":[{\"@type\":\"ReadAction\",\"target\":[\"https:\/\/demoweb.info\/sexshop001\/producto\/triad-anillo-magnetico-para-testiculos-3cm\/\"]}]},{\"@type\":\"BreadcrumbList\",\"@id\":\"https:\/\/demoweb.info\/sexshop001\/producto\/triad-anillo-magnetico-para-testiculos-3cm\/#breadcrumb\",\"itemListElement\":[{\"@type\":\"ListItem\",\"position\":1,\"name\":\"Portada\",\"item\":\"https:\/\/demoweb.info\/sexshop001\/\"},{\"@type\":\"ListItem\",\"position\":2,\"name\":\"Tienda\",\"item\":\"https:\/\/demoweb.info\/sexshop001\/tienda\/\"},{\"@type\":\"ListItem\",\"position\":3,\"name\":\"TRIAD ANILLO MAGN\u00c9TICO PARA TEST\u00cdCULOS 3CM\"}]},{\"@type\":\"WebSite\",\"@id\":\"https:\/\/demoweb.info\/sexshop001\/#website\",\"url\":\"https:\/\/demoweb.info\/sexshop001\/\",\"name\":\"Tienda Er\u00f3tica\",\"description\":\"DEMOWEB SL\",\"potentialAction\":[{\"@type\":\"SearchAction\",\"target\":{\"@type\":\"EntryPoint\",\"urlTemplate\":\"https:\/\/demoweb.info\/sexshop001\/?s={search_term_string}\"},\"query-input\":\"required name=search_term_string\"}],\"inLanguage\":\"es\"}]}<\/script>\n<!-- \/ Yoast SEO plugin. -->","yoast_head_json":{"title":"TRIAD ANILLO MAGN\u00c9TICO PARA TEST\u00cdCULOS 3CM - Tienda Er\u00f3tica","robots":{"index":"noindex","follow":"follow","max-snippet":"max-snippet:-1","max-image-preview":"max-image-preview:large","max-video-preview":"max-video-preview:-1"},"og_locale":"es_ES","og_type":"article","og_title":"TRIAD ANILLO MAGN\u00c9TICO PARA TEST\u00cdCULOS 3CM - Tienda Er\u00f3tica","og_description":"TRIAD MAGNETIC BALL STRETCHERS Imanes s\u00faper fuertes, f\u00e1ciles de usar y limpiar, para estirar y ejercitar los test\u00edculos. Tal vez","og_url":"https:\/\/demoweb.info\/sexshop001\/producto\/triad-anillo-magnetico-para-testiculos-3cm\/","og_site_name":"Tienda Er\u00f3tica","article_modified_time":"2022-01-22T17:09:47+00:00","og_image":[{"width":550,"height":550,"url":"https:\/\/demoweb.info\/sexshop001\/wp-content\/uploads\/2022\/01\/TRIAD-ANILLO-MAGNETICO-PARA-TESTICULOS-3CM.jpg","type":"image\/jpeg"}],"twitter_card":"summary_large_image","schema":{"@context":"https:\/\/schema.org","@graph":[{"@type":"WebPage","@id":"https:\/\/demoweb.info\/sexshop001\/producto\/triad-anillo-magnetico-para-testiculos-3cm\/","url":"https:\/\/demoweb.info\/sexshop001\/producto\/triad-anillo-magnetico-para-testiculos-3cm\/","name":"TRIAD ANILLO MAGN\u00c9TICO PARA TEST\u00cdCULOS 3CM - Tienda Er\u00f3tica","isPartOf":{"@id":"https:\/\/demoweb.info\/sexshop001\/#website"},"datePublished":"2022-01-22T17:09:44+00:00","dateModified":"2022-01-22T17:09:47+00:00","breadcrumb":{"@id":"https:\/\/demoweb.info\/sexshop001\/producto\/triad-anillo-magnetico-para-testiculos-3cm\/#breadcrumb"},"inLanguage":"es","potentialAction":[{"@type":"ReadAction","target":["https:\/\/demoweb.info\/sexshop001\/producto\/triad-anillo-magnetico-para-testiculos-3cm\/"]}]},{"@type":"BreadcrumbList","@id":"https:\/\/demoweb.info\/sexshop001\/producto\/triad-anillo-magnetico-para-testiculos-3cm\/#breadcrumb","itemListElement":[{"@type":"ListItem","position":1,"name":"Portada","item":"https:\/\/demoweb.info\/sexshop001\/"},{"@type":"ListItem","position":2,"name":"Tienda","item":"https:\/\/demoweb.info\/sexshop001\/tienda\/"},{"@type":"ListItem","position":3,"name":"TRIAD ANILLO MAGN\u00c9TICO PARA TEST\u00cdCULOS 3CM"}]},{"@type":"WebSite","@id":"https:\/\/demoweb.info\/sexshop001\/#website","url":"https:\/\/demoweb.info\/sexshop001\/","name":"Tienda Er\u00f3tica","description":"DEMOWEB SL","potentialAction":[{"@type":"SearchAction","target":{"@type":"EntryPoint","urlTemplate":"https:\/\/demoweb.info\/sexshop001\/?s={search_term_string}"},"query-input":"required name=search_term_string"}],"inLanguage":"es"}]}},"_links":{"self":[{"href":"https:\/\/demoweb.info\/sexshop001\/wp-json\/wp\/v3\/product\/61068","targetHints":{"allow":["GET"]}}],"collection":[{"href":"https:\/\/demoweb.info\/sexshop001\/wp-json\/wp\/v3\/product"}],"about":[{"href":"https:\/\/demoweb.info\/sexshop001\/wp-json\/wp\/v2\/types\/product"}],"replies":[{"embeddable":true,"href":"https:\/\/demoweb.info\/sexshop001\/wp-json\/wp\/v2\/comments?post=61068"}],"wp:featuredmedia":[{"embeddable":true,"href":"https:\/\/demoweb.info\/sexshop001\/wp-json\/wp\/v2\/media\/61069"}],"wp:attachment":[{"href":"https:\/\/demoweb.info\/sexshop001\/wp-json\/wp\/v2\/media?parent=61068"}],"wp:term":[{"taxonomy":"product_cat","embeddable":true,"href":"https:\/\/demoweb.info\/sexshop001\/wp-json\/wp\/v2\/product_cat?post=61068"},{"taxonomy":"product_tag","embeddable":true,"href":"https:\/\/demoweb.info\/sexshop001\/wp-json\/wp\/v2\/product_tag?post=61068"}],"curies":[{"name":"wp","href":"https:\/\/api.w.org\/{rel}","templated":true}]}}