{"id":61064,"date":"2022-01-22T18:09:44","date_gmt":"2022-01-22T17:09:44","guid":{"rendered":"https:\/\/demoweb.info\/sexshop001\/producto\/bola-de-acrilico-carnicero-puas\/"},"modified":"2022-01-22T18:09:44","modified_gmt":"2022-01-22T17:09:44","slug":"bola-de-acrilico-carnicero-puas","status":"publish","type":"product","link":"https:\/\/demoweb.info\/sexshop001\/producto\/bola-de-acrilico-carnicero-puas\/","title":{"rendered":"BOLA DE ACR\u00cdLICO CARNICERO PUAS"},"content":{"rendered":"<p><strong>ACRYLIC BALL BUTCHER WITH SPIKES<\/strong><\/p>\n<p>El acr\u00edlico transparente es excelente, ligero y con bordes lisos. Su pene se pondr\u00e1 duro en anticipaci\u00f3n de la placa acr\u00edlica s\u00f3lida que se eleva y amenaza con aplastar sus bolas. Gira los dos tornillos en la placa inferior y observa c\u00f3mo sus ojos se agrandan cuando comienza a sentir la presi\u00f3n. No pasar\u00e1 mucho tiempo antes de que solo una fracci\u00f3n de vuelta lo tenga jadeando y suplicando piedad.<\/p>\n<p>El acr\u00edlico transparente le permite obtener una excelente vista de sus tuercas aplanadas desde todos los \u00e1ngulos .<\/p>\n<p>TAMA\u00d1O: Di\u00e1metro interno: Manguito de test\u00edculo: 5.1 cm (2 pulgadas) x 2.64 cm (1 pulgada) x Longitud: 5 pulgadas x Ancho: 2.5 pulgadas<\/p>\n<ul>\n<li>Dimensiones del producto 10,5 x 6,2 x 14 cm<\/li>\n<li>Peso del producto 351 gramos<\/li>\n<li>Longitud del presupuesto: 10,4 cm Longitud ajustable: 5,5 cm, N\u00famero de espigas: 19<\/li>\n<li>Materiales Acrilicos<\/li>\n<\/ul>\n","protected":false},"excerpt":{"rendered":"<p>ACRYLIC BALL BUTCHER WITH SPIKES El acr\u00edlico transparente es excelente, ligero y con bordes lisos. Su pene se pondr\u00e1 duro<\/p>\n","protected":false},"featured_media":61065,"comment_status":"open","ping_status":"open","template":"","meta":[],"product_cat":[290],"product_tag":[283],"class_list":["post-61064","product","type-product","status-publish","has-post-thumbnail","hentry","product_cat-penis-plug","product_tag-triune"],"bundled_by":[],"bundle_stock_status":"instock","bundle_stock_quantity":1,"bundle_virtual":false,"bundle_layout":"","bundle_add_to_cart_form_location":"","bundle_editable_in_cart":false,"bundle_sold_individually_context":"","bundle_item_grouping":"","bundle_min_size":"","bundle_max_size":"","bundled_items":[],"yoast_head":"<!-- This site is optimized with the Yoast SEO plugin v20.6 - https:\/\/yoast.com\/wordpress\/plugins\/seo\/ -->\n<title>BOLA DE ACR\u00cdLICO CARNICERO PUAS - Tienda Er\u00f3tica<\/title>\n<meta name=\"robots\" content=\"noindex, follow, max-snippet:-1, max-image-preview:large, max-video-preview:-1\" \/>\n<meta property=\"og:locale\" content=\"es_ES\" \/>\n<meta property=\"og:type\" content=\"article\" \/>\n<meta property=\"og:title\" content=\"BOLA DE ACR\u00cdLICO CARNICERO PUAS - Tienda Er\u00f3tica\" \/>\n<meta property=\"og:description\" content=\"ACRYLIC BALL BUTCHER WITH SPIKES El acr\u00edlico transparente es excelente, ligero y con bordes lisos. Su pene se pondr\u00e1 duro\" \/>\n<meta property=\"og:url\" content=\"https:\/\/demoweb.info\/sexshop001\/producto\/bola-de-acrilico-carnicero-puas\/\" \/>\n<meta property=\"og:site_name\" content=\"Tienda Er\u00f3tica\" \/>\n<meta property=\"og:image\" content=\"https:\/\/demoweb.info\/sexshop001\/wp-content\/uploads\/2022\/01\/BOLA-DE-ACRILICO-CARNICERO-PUAS.jpg\" \/>\n\t<meta property=\"og:image:width\" content=\"550\" \/>\n\t<meta property=\"og:image:height\" content=\"550\" \/>\n\t<meta property=\"og:image:type\" content=\"image\/jpeg\" \/>\n<meta name=\"twitter:card\" content=\"summary_large_image\" \/>\n<meta name=\"twitter:label1\" content=\"Tiempo de lectura\" \/>\n\t<meta name=\"twitter:data1\" content=\"1 minuto\" \/>\n<script type=\"application\/ld+json\" class=\"yoast-schema-graph\">{\"@context\":\"https:\/\/schema.org\",\"@graph\":[{\"@type\":\"WebPage\",\"@id\":\"https:\/\/demoweb.info\/sexshop001\/producto\/bola-de-acrilico-carnicero-puas\/\",\"url\":\"https:\/\/demoweb.info\/sexshop001\/producto\/bola-de-acrilico-carnicero-puas\/\",\"name\":\"BOLA DE ACR\u00cdLICO CARNICERO PUAS - Tienda Er\u00f3tica\",\"isPartOf\":{\"@id\":\"https:\/\/demoweb.info\/sexshop001\/#website\"},\"datePublished\":\"2022-01-22T17:09:44+00:00\",\"dateModified\":\"2022-01-22T17:09:44+00:00\",\"breadcrumb\":{\"@id\":\"https:\/\/demoweb.info\/sexshop001\/producto\/bola-de-acrilico-carnicero-puas\/#breadcrumb\"},\"inLanguage\":\"es\",\"potentialAction\":[{\"@type\":\"ReadAction\",\"target\":[\"https:\/\/demoweb.info\/sexshop001\/producto\/bola-de-acrilico-carnicero-puas\/\"]}]},{\"@type\":\"BreadcrumbList\",\"@id\":\"https:\/\/demoweb.info\/sexshop001\/producto\/bola-de-acrilico-carnicero-puas\/#breadcrumb\",\"itemListElement\":[{\"@type\":\"ListItem\",\"position\":1,\"name\":\"Portada\",\"item\":\"https:\/\/demoweb.info\/sexshop001\/\"},{\"@type\":\"ListItem\",\"position\":2,\"name\":\"Tienda\",\"item\":\"https:\/\/demoweb.info\/sexshop001\/tienda\/\"},{\"@type\":\"ListItem\",\"position\":3,\"name\":\"BOLA DE ACR\u00cdLICO CARNICERO PUAS\"}]},{\"@type\":\"WebSite\",\"@id\":\"https:\/\/demoweb.info\/sexshop001\/#website\",\"url\":\"https:\/\/demoweb.info\/sexshop001\/\",\"name\":\"Tienda Er\u00f3tica\",\"description\":\"DEMOWEB SL\",\"potentialAction\":[{\"@type\":\"SearchAction\",\"target\":{\"@type\":\"EntryPoint\",\"urlTemplate\":\"https:\/\/demoweb.info\/sexshop001\/?s={search_term_string}\"},\"query-input\":\"required name=search_term_string\"}],\"inLanguage\":\"es\"}]}<\/script>\n<!-- \/ Yoast SEO plugin. -->","yoast_head_json":{"title":"BOLA DE ACR\u00cdLICO CARNICERO PUAS - Tienda Er\u00f3tica","robots":{"index":"noindex","follow":"follow","max-snippet":"max-snippet:-1","max-image-preview":"max-image-preview:large","max-video-preview":"max-video-preview:-1"},"og_locale":"es_ES","og_type":"article","og_title":"BOLA DE ACR\u00cdLICO CARNICERO PUAS - Tienda Er\u00f3tica","og_description":"ACRYLIC BALL BUTCHER WITH SPIKES El acr\u00edlico transparente es excelente, ligero y con bordes lisos. Su pene se pondr\u00e1 duro","og_url":"https:\/\/demoweb.info\/sexshop001\/producto\/bola-de-acrilico-carnicero-puas\/","og_site_name":"Tienda Er\u00f3tica","og_image":[{"width":550,"height":550,"url":"https:\/\/demoweb.info\/sexshop001\/wp-content\/uploads\/2022\/01\/BOLA-DE-ACRILICO-CARNICERO-PUAS.jpg","type":"image\/jpeg"}],"twitter_card":"summary_large_image","twitter_misc":{"Tiempo de lectura":"1 minuto"},"schema":{"@context":"https:\/\/schema.org","@graph":[{"@type":"WebPage","@id":"https:\/\/demoweb.info\/sexshop001\/producto\/bola-de-acrilico-carnicero-puas\/","url":"https:\/\/demoweb.info\/sexshop001\/producto\/bola-de-acrilico-carnicero-puas\/","name":"BOLA DE ACR\u00cdLICO CARNICERO PUAS - Tienda Er\u00f3tica","isPartOf":{"@id":"https:\/\/demoweb.info\/sexshop001\/#website"},"datePublished":"2022-01-22T17:09:44+00:00","dateModified":"2022-01-22T17:09:44+00:00","breadcrumb":{"@id":"https:\/\/demoweb.info\/sexshop001\/producto\/bola-de-acrilico-carnicero-puas\/#breadcrumb"},"inLanguage":"es","potentialAction":[{"@type":"ReadAction","target":["https:\/\/demoweb.info\/sexshop001\/producto\/bola-de-acrilico-carnicero-puas\/"]}]},{"@type":"BreadcrumbList","@id":"https:\/\/demoweb.info\/sexshop001\/producto\/bola-de-acrilico-carnicero-puas\/#breadcrumb","itemListElement":[{"@type":"ListItem","position":1,"name":"Portada","item":"https:\/\/demoweb.info\/sexshop001\/"},{"@type":"ListItem","position":2,"name":"Tienda","item":"https:\/\/demoweb.info\/sexshop001\/tienda\/"},{"@type":"ListItem","position":3,"name":"BOLA DE ACR\u00cdLICO CARNICERO PUAS"}]},{"@type":"WebSite","@id":"https:\/\/demoweb.info\/sexshop001\/#website","url":"https:\/\/demoweb.info\/sexshop001\/","name":"Tienda Er\u00f3tica","description":"DEMOWEB SL","potentialAction":[{"@type":"SearchAction","target":{"@type":"EntryPoint","urlTemplate":"https:\/\/demoweb.info\/sexshop001\/?s={search_term_string}"},"query-input":"required name=search_term_string"}],"inLanguage":"es"}]}},"_links":{"self":[{"href":"https:\/\/demoweb.info\/sexshop001\/wp-json\/wp\/v3\/product\/61064","targetHints":{"allow":["GET"]}}],"collection":[{"href":"https:\/\/demoweb.info\/sexshop001\/wp-json\/wp\/v3\/product"}],"about":[{"href":"https:\/\/demoweb.info\/sexshop001\/wp-json\/wp\/v2\/types\/product"}],"replies":[{"embeddable":true,"href":"https:\/\/demoweb.info\/sexshop001\/wp-json\/wp\/v2\/comments?post=61064"}],"wp:featuredmedia":[{"embeddable":true,"href":"https:\/\/demoweb.info\/sexshop001\/wp-json\/wp\/v2\/media\/61065"}],"wp:attachment":[{"href":"https:\/\/demoweb.info\/sexshop001\/wp-json\/wp\/v2\/media?parent=61064"}],"wp:term":[{"taxonomy":"product_cat","embeddable":true,"href":"https:\/\/demoweb.info\/sexshop001\/wp-json\/wp\/v2\/product_cat?post=61064"},{"taxonomy":"product_tag","embeddable":true,"href":"https:\/\/demoweb.info\/sexshop001\/wp-json\/wp\/v2\/product_tag?post=61064"}],"curies":[{"name":"wp","href":"https:\/\/api.w.org\/{rel}","templated":true}]}}