{"id":61060,"date":"2022-01-22T18:09:17","date_gmt":"2022-01-22T17:09:17","guid":{"rendered":"https:\/\/demoweb.info\/sexshop001\/producto\/sono-no-67-plug-de-silicona-penetrable-negro\/"},"modified":"2022-01-22T18:09:40","modified_gmt":"2022-01-22T17:09:40","slug":"sono-no-67-plug-de-silicona-penetrable-negro","status":"publish","type":"product","link":"https:\/\/demoweb.info\/sexshop001\/producto\/sono-no-67-plug-de-silicona-penetrable-negro\/","title":{"rendered":"SONO NO. 67 &#8211; PLUG DE SILICONA PENETRABLE &#8211; NEGRO"},"content":{"rendered":"<p><strong>SONO NO. 67 &#8211; SELF PENETRATING BUTT PLUG<\/strong><\/p>\n<p>Siente la excitaci\u00f3n de la penetraci\u00f3n una y otra vez con este \u201ctap\u00f3n trasero auto penetrante\u201c. <\/p>\n<p>Un concepto nuevo y \u00fanico que llevar\u00e1 tu placer anal a un nivel completamente nuevo.<\/p>\n<p> El \u201csecreto\u201c de este sensasional tap\u00f3n est\u00e1 en su inteligente construcci\u00f3n. Un tubo oculto contiene 2 bolas pesadas que se mover\u00e1 hacia arriba y hacia abajo durante tus movimientos, causando estimulaci\u00f3n anal adicional como si estuvieras siendo penetrado una y otra vez.<\/p>\n<p>Este bonito artefacto negro es totalmente impermeable y est\u00e1 hecho de silicona suave de calidad m\u00e9dica libre de ftalatos.<\/p>\n<p>Mide 12.7 cm de alto y tiene una circunferencia m\u00e1xima de 3.6 cm con un \u201cpunto medio\u201c que mide 5.65 cm de di\u00e1metro.<\/p>\n","protected":false},"excerpt":{"rendered":"<p>SONO NO. 67 &#8211; SELF PENETRATING BUTT PLUG Siente la excitaci\u00f3n de la penetraci\u00f3n una y otra vez con este<\/p>\n","protected":false},"featured_media":61061,"comment_status":"open","ping_status":"open","template":"","meta":[],"product_cat":[338],"product_tag":[302,312],"class_list":["post-61060","product","type-product","status-publish","has-post-thumbnail","hentry","product_cat-silicona-plugs","product_tag-shots","product_tag-sono"],"bundled_by":[],"bundle_stock_status":"instock","bundle_stock_quantity":1,"bundle_virtual":false,"bundle_layout":"","bundle_add_to_cart_form_location":"","bundle_editable_in_cart":false,"bundle_sold_individually_context":"","bundle_item_grouping":"","bundle_min_size":"","bundle_max_size":"","bundled_items":[],"yoast_head":"<!-- This site is optimized with the Yoast SEO plugin v20.6 - https:\/\/yoast.com\/wordpress\/plugins\/seo\/ -->\n<title>SONO NO. 67 - PLUG DE SILICONA PENETRABLE - NEGRO - Tienda Er\u00f3tica<\/title>\n<meta name=\"robots\" content=\"noindex, follow, max-snippet:-1, max-image-preview:large, max-video-preview:-1\" \/>\n<meta property=\"og:locale\" content=\"es_ES\" \/>\n<meta property=\"og:type\" content=\"article\" \/>\n<meta property=\"og:title\" content=\"SONO NO. 67 - PLUG DE SILICONA PENETRABLE - NEGRO - Tienda Er\u00f3tica\" \/>\n<meta property=\"og:description\" content=\"SONO NO. 67 &#8211; SELF PENETRATING BUTT PLUG Siente la excitaci\u00f3n de la penetraci\u00f3n una y otra vez con este\" \/>\n<meta property=\"og:url\" content=\"https:\/\/demoweb.info\/sexshop001\/producto\/sono-no-67-plug-de-silicona-penetrable-negro\/\" \/>\n<meta property=\"og:site_name\" content=\"Tienda Er\u00f3tica\" \/>\n<meta property=\"article:modified_time\" content=\"2022-01-22T17:09:40+00:00\" \/>\n<meta property=\"og:image\" content=\"https:\/\/demoweb.info\/sexshop001\/wp-content\/uploads\/2022\/01\/SONO-NO.-67-PLUG-DE-SILICONA-PENETRABLE-NEGRO.jpg\" \/>\n\t<meta property=\"og:image:width\" content=\"550\" \/>\n\t<meta property=\"og:image:height\" content=\"550\" \/>\n\t<meta property=\"og:image:type\" content=\"image\/jpeg\" \/>\n<meta name=\"twitter:card\" content=\"summary_large_image\" \/>\n<meta name=\"twitter:label1\" content=\"Tiempo de lectura\" \/>\n\t<meta name=\"twitter:data1\" content=\"1 minuto\" \/>\n<script type=\"application\/ld+json\" class=\"yoast-schema-graph\">{\"@context\":\"https:\/\/schema.org\",\"@graph\":[{\"@type\":\"WebPage\",\"@id\":\"https:\/\/demoweb.info\/sexshop001\/producto\/sono-no-67-plug-de-silicona-penetrable-negro\/\",\"url\":\"https:\/\/demoweb.info\/sexshop001\/producto\/sono-no-67-plug-de-silicona-penetrable-negro\/\",\"name\":\"SONO NO. 67 - PLUG DE SILICONA PENETRABLE - NEGRO - Tienda Er\u00f3tica\",\"isPartOf\":{\"@id\":\"https:\/\/demoweb.info\/sexshop001\/#website\"},\"datePublished\":\"2022-01-22T17:09:17+00:00\",\"dateModified\":\"2022-01-22T17:09:40+00:00\",\"breadcrumb\":{\"@id\":\"https:\/\/demoweb.info\/sexshop001\/producto\/sono-no-67-plug-de-silicona-penetrable-negro\/#breadcrumb\"},\"inLanguage\":\"es\",\"potentialAction\":[{\"@type\":\"ReadAction\",\"target\":[\"https:\/\/demoweb.info\/sexshop001\/producto\/sono-no-67-plug-de-silicona-penetrable-negro\/\"]}]},{\"@type\":\"BreadcrumbList\",\"@id\":\"https:\/\/demoweb.info\/sexshop001\/producto\/sono-no-67-plug-de-silicona-penetrable-negro\/#breadcrumb\",\"itemListElement\":[{\"@type\":\"ListItem\",\"position\":1,\"name\":\"Portada\",\"item\":\"https:\/\/demoweb.info\/sexshop001\/\"},{\"@type\":\"ListItem\",\"position\":2,\"name\":\"Tienda\",\"item\":\"https:\/\/demoweb.info\/sexshop001\/tienda\/\"},{\"@type\":\"ListItem\",\"position\":3,\"name\":\"SONO NO. 67 &#8211; PLUG DE SILICONA PENETRABLE &#8211; NEGRO\"}]},{\"@type\":\"WebSite\",\"@id\":\"https:\/\/demoweb.info\/sexshop001\/#website\",\"url\":\"https:\/\/demoweb.info\/sexshop001\/\",\"name\":\"Tienda Er\u00f3tica\",\"description\":\"DEMOWEB SL\",\"potentialAction\":[{\"@type\":\"SearchAction\",\"target\":{\"@type\":\"EntryPoint\",\"urlTemplate\":\"https:\/\/demoweb.info\/sexshop001\/?s={search_term_string}\"},\"query-input\":\"required name=search_term_string\"}],\"inLanguage\":\"es\"}]}<\/script>\n<!-- \/ Yoast SEO plugin. -->","yoast_head_json":{"title":"SONO NO. 67 - PLUG DE SILICONA PENETRABLE - NEGRO - Tienda Er\u00f3tica","robots":{"index":"noindex","follow":"follow","max-snippet":"max-snippet:-1","max-image-preview":"max-image-preview:large","max-video-preview":"max-video-preview:-1"},"og_locale":"es_ES","og_type":"article","og_title":"SONO NO. 67 - PLUG DE SILICONA PENETRABLE - NEGRO - Tienda Er\u00f3tica","og_description":"SONO NO. 67 &#8211; SELF PENETRATING BUTT PLUG Siente la excitaci\u00f3n de la penetraci\u00f3n una y otra vez con este","og_url":"https:\/\/demoweb.info\/sexshop001\/producto\/sono-no-67-plug-de-silicona-penetrable-negro\/","og_site_name":"Tienda Er\u00f3tica","article_modified_time":"2022-01-22T17:09:40+00:00","og_image":[{"width":550,"height":550,"url":"https:\/\/demoweb.info\/sexshop001\/wp-content\/uploads\/2022\/01\/SONO-NO.-67-PLUG-DE-SILICONA-PENETRABLE-NEGRO.jpg","type":"image\/jpeg"}],"twitter_card":"summary_large_image","twitter_misc":{"Tiempo de lectura":"1 minuto"},"schema":{"@context":"https:\/\/schema.org","@graph":[{"@type":"WebPage","@id":"https:\/\/demoweb.info\/sexshop001\/producto\/sono-no-67-plug-de-silicona-penetrable-negro\/","url":"https:\/\/demoweb.info\/sexshop001\/producto\/sono-no-67-plug-de-silicona-penetrable-negro\/","name":"SONO NO. 67 - PLUG DE SILICONA PENETRABLE - NEGRO - Tienda Er\u00f3tica","isPartOf":{"@id":"https:\/\/demoweb.info\/sexshop001\/#website"},"datePublished":"2022-01-22T17:09:17+00:00","dateModified":"2022-01-22T17:09:40+00:00","breadcrumb":{"@id":"https:\/\/demoweb.info\/sexshop001\/producto\/sono-no-67-plug-de-silicona-penetrable-negro\/#breadcrumb"},"inLanguage":"es","potentialAction":[{"@type":"ReadAction","target":["https:\/\/demoweb.info\/sexshop001\/producto\/sono-no-67-plug-de-silicona-penetrable-negro\/"]}]},{"@type":"BreadcrumbList","@id":"https:\/\/demoweb.info\/sexshop001\/producto\/sono-no-67-plug-de-silicona-penetrable-negro\/#breadcrumb","itemListElement":[{"@type":"ListItem","position":1,"name":"Portada","item":"https:\/\/demoweb.info\/sexshop001\/"},{"@type":"ListItem","position":2,"name":"Tienda","item":"https:\/\/demoweb.info\/sexshop001\/tienda\/"},{"@type":"ListItem","position":3,"name":"SONO NO. 67 &#8211; PLUG DE SILICONA PENETRABLE &#8211; NEGRO"}]},{"@type":"WebSite","@id":"https:\/\/demoweb.info\/sexshop001\/#website","url":"https:\/\/demoweb.info\/sexshop001\/","name":"Tienda Er\u00f3tica","description":"DEMOWEB SL","potentialAction":[{"@type":"SearchAction","target":{"@type":"EntryPoint","urlTemplate":"https:\/\/demoweb.info\/sexshop001\/?s={search_term_string}"},"query-input":"required name=search_term_string"}],"inLanguage":"es"}]}},"_links":{"self":[{"href":"https:\/\/demoweb.info\/sexshop001\/wp-json\/wp\/v3\/product\/61060","targetHints":{"allow":["GET"]}}],"collection":[{"href":"https:\/\/demoweb.info\/sexshop001\/wp-json\/wp\/v3\/product"}],"about":[{"href":"https:\/\/demoweb.info\/sexshop001\/wp-json\/wp\/v2\/types\/product"}],"replies":[{"embeddable":true,"href":"https:\/\/demoweb.info\/sexshop001\/wp-json\/wp\/v2\/comments?post=61060"}],"wp:featuredmedia":[{"embeddable":true,"href":"https:\/\/demoweb.info\/sexshop001\/wp-json\/wp\/v2\/media\/61061"}],"wp:attachment":[{"href":"https:\/\/demoweb.info\/sexshop001\/wp-json\/wp\/v2\/media?parent=61060"}],"wp:term":[{"taxonomy":"product_cat","embeddable":true,"href":"https:\/\/demoweb.info\/sexshop001\/wp-json\/wp\/v2\/product_cat?post=61060"},{"taxonomy":"product_tag","embeddable":true,"href":"https:\/\/demoweb.info\/sexshop001\/wp-json\/wp\/v2\/product_tag?post=61060"}],"curies":[{"name":"wp","href":"https:\/\/api.w.org\/{rel}","templated":true}]}}