{"id":61055,"date":"2022-01-22T18:09:17","date_gmt":"2022-01-22T17:09:17","guid":{"rendered":"https:\/\/demoweb.info\/sexshop001\/producto\/zoro-arnes-con-dildo-hueco-de-silicona\/"},"modified":"2022-01-22T18:09:37","modified_gmt":"2022-01-22T17:09:37","slug":"zoro-arnes-con-dildo-hueco-de-silicona","status":"publish","type":"product","link":"https:\/\/demoweb.info\/sexshop001\/producto\/zoro-arnes-con-dildo-hueco-de-silicona\/","title":{"rendered":"ZORO ARN\u00c9S CON DILDO HUECO DE SILICONA"},"content":{"rendered":"<p><strong>ZORO 5. INCH S\/M &#038; L\/XL<\/strong><\/p>\n<p>El arn\u00e9s m\u00e1s c\u00f3modo del mercado.<\/p>\n<p>Con su innovadora forma de una pieza con contorno corporal, Zoro es la mejor manera de usar un arn\u00e9s. Su dise\u00f1o inteligente coloca la presi\u00f3n y obtiene energ\u00eda de la pelvis, lo que lo convierte en un juguete m\u00e1s estable y significativamente m\u00e1s funcional. Porque se siente como si fuera una parte integral de tu cuerpo, \u00a1ambos miembros de la pareja pueden relajarse y compartir el amor!<\/p>\n<p>La cintura el\u00e1stica estilo <em>jock <\/em>convierte a Zoro en el cintur\u00f3n m\u00e1s c\u00f3modo del mercado. Tambi\u00e9n permite que el dispositivo se pueda poner y quitar en cuesti\u00f3n de segundos, sin perder un segundo con las correas ajustables.<\/p>\n<p>El dise\u00f1o \u00fanico de Zoro tambi\u00e9n incluye una abertura incorporada para permitir el juego vaginal. La abertura tambi\u00e9n puede acomodar un pene fl\u00e1cido o completamente erecto para una doble penetraci\u00f3n.<\/p>\n<p>Zoro viene con dos cinturones dise\u00f1ados para adaptarse tanto a hombres como a mujeres.<\/p>\n<p>Zoro mide 13.9 cm de largo y tiene una circunferencia de 11.1 cm que se estrecha a 9.6 cm.<\/p>\n<p>Los usuarios tambi\u00e9n pueden agregar una bala de 3 velocidades para una estimulaci\u00f3n adicional.<\/p>\n<p>Colores disponibles: P\u00farpura.<\/p>\n<p>Limpiar: Lavar abundantemente con agua y jab\u00f3n suave.<\/p>\n<p>Seguridad: Seguro con lubricantes a base de agua.<\/p>\n","protected":false},"excerpt":{"rendered":"<p>ZORO 5. INCH S\/M &#038; L\/XL El arn\u00e9s m\u00e1s c\u00f3modo del mercado. Con su innovadora forma de una pieza con<\/p>\n","protected":false},"featured_media":61056,"comment_status":"open","ping_status":"open","template":"","meta":[],"product_cat":[632],"product_tag":[1323,1472],"class_list":["post-61055","product","type-product","status-publish","has-post-thumbnail","hentry","product_cat-silicona-con-dildo","product_tag-perfect-fit","product_tag-zoro"],"bundled_by":[],"bundle_stock_status":"instock","bundle_stock_quantity":1,"bundle_virtual":false,"bundle_layout":"","bundle_add_to_cart_form_location":"","bundle_editable_in_cart":false,"bundle_sold_individually_context":"","bundle_item_grouping":"","bundle_min_size":"","bundle_max_size":"","bundled_items":[],"yoast_head":"<!-- This site is optimized with the Yoast SEO plugin v20.6 - https:\/\/yoast.com\/wordpress\/plugins\/seo\/ -->\n<title>ZORO ARN\u00c9S CON DILDO HUECO DE SILICONA - Tienda Er\u00f3tica<\/title>\n<meta name=\"robots\" content=\"noindex, follow, max-snippet:-1, max-image-preview:large, max-video-preview:-1\" \/>\n<meta property=\"og:locale\" content=\"es_ES\" \/>\n<meta property=\"og:type\" content=\"article\" \/>\n<meta property=\"og:title\" content=\"ZORO ARN\u00c9S CON DILDO HUECO DE SILICONA - Tienda Er\u00f3tica\" \/>\n<meta property=\"og:description\" content=\"ZORO 5. INCH S\/M &#038; L\/XL El arn\u00e9s m\u00e1s c\u00f3modo del mercado. Con su innovadora forma de una pieza con\" \/>\n<meta property=\"og:url\" content=\"https:\/\/demoweb.info\/sexshop001\/producto\/zoro-arnes-con-dildo-hueco-de-silicona\/\" \/>\n<meta property=\"og:site_name\" content=\"Tienda Er\u00f3tica\" \/>\n<meta property=\"article:modified_time\" content=\"2022-01-22T17:09:37+00:00\" \/>\n<meta property=\"og:image\" content=\"https:\/\/demoweb.info\/sexshop001\/wp-content\/uploads\/2022\/01\/ZORO-ARNES-CON-DILDO-HUECO-DE-SILICONA.jpg\" \/>\n\t<meta property=\"og:image:width\" content=\"550\" \/>\n\t<meta property=\"og:image:height\" content=\"550\" \/>\n\t<meta property=\"og:image:type\" content=\"image\/jpeg\" \/>\n<meta name=\"twitter:card\" content=\"summary_large_image\" \/>\n<meta name=\"twitter:label1\" content=\"Tiempo de lectura\" \/>\n\t<meta name=\"twitter:data1\" content=\"1 minuto\" \/>\n<script type=\"application\/ld+json\" class=\"yoast-schema-graph\">{\"@context\":\"https:\/\/schema.org\",\"@graph\":[{\"@type\":\"WebPage\",\"@id\":\"https:\/\/demoweb.info\/sexshop001\/producto\/zoro-arnes-con-dildo-hueco-de-silicona\/\",\"url\":\"https:\/\/demoweb.info\/sexshop001\/producto\/zoro-arnes-con-dildo-hueco-de-silicona\/\",\"name\":\"ZORO ARN\u00c9S CON DILDO HUECO DE SILICONA - Tienda Er\u00f3tica\",\"isPartOf\":{\"@id\":\"https:\/\/demoweb.info\/sexshop001\/#website\"},\"datePublished\":\"2022-01-22T17:09:17+00:00\",\"dateModified\":\"2022-01-22T17:09:37+00:00\",\"breadcrumb\":{\"@id\":\"https:\/\/demoweb.info\/sexshop001\/producto\/zoro-arnes-con-dildo-hueco-de-silicona\/#breadcrumb\"},\"inLanguage\":\"es\",\"potentialAction\":[{\"@type\":\"ReadAction\",\"target\":[\"https:\/\/demoweb.info\/sexshop001\/producto\/zoro-arnes-con-dildo-hueco-de-silicona\/\"]}]},{\"@type\":\"BreadcrumbList\",\"@id\":\"https:\/\/demoweb.info\/sexshop001\/producto\/zoro-arnes-con-dildo-hueco-de-silicona\/#breadcrumb\",\"itemListElement\":[{\"@type\":\"ListItem\",\"position\":1,\"name\":\"Portada\",\"item\":\"https:\/\/demoweb.info\/sexshop001\/\"},{\"@type\":\"ListItem\",\"position\":2,\"name\":\"Tienda\",\"item\":\"https:\/\/demoweb.info\/sexshop001\/tienda\/\"},{\"@type\":\"ListItem\",\"position\":3,\"name\":\"ZORO ARN\u00c9S CON DILDO HUECO DE SILICONA\"}]},{\"@type\":\"WebSite\",\"@id\":\"https:\/\/demoweb.info\/sexshop001\/#website\",\"url\":\"https:\/\/demoweb.info\/sexshop001\/\",\"name\":\"Tienda Er\u00f3tica\",\"description\":\"DEMOWEB SL\",\"potentialAction\":[{\"@type\":\"SearchAction\",\"target\":{\"@type\":\"EntryPoint\",\"urlTemplate\":\"https:\/\/demoweb.info\/sexshop001\/?s={search_term_string}\"},\"query-input\":\"required name=search_term_string\"}],\"inLanguage\":\"es\"}]}<\/script>\n<!-- \/ Yoast SEO plugin. -->","yoast_head_json":{"title":"ZORO ARN\u00c9S CON DILDO HUECO DE SILICONA - Tienda Er\u00f3tica","robots":{"index":"noindex","follow":"follow","max-snippet":"max-snippet:-1","max-image-preview":"max-image-preview:large","max-video-preview":"max-video-preview:-1"},"og_locale":"es_ES","og_type":"article","og_title":"ZORO ARN\u00c9S CON DILDO HUECO DE SILICONA - Tienda Er\u00f3tica","og_description":"ZORO 5. INCH S\/M &#038; L\/XL El arn\u00e9s m\u00e1s c\u00f3modo del mercado. Con su innovadora forma de una pieza con","og_url":"https:\/\/demoweb.info\/sexshop001\/producto\/zoro-arnes-con-dildo-hueco-de-silicona\/","og_site_name":"Tienda Er\u00f3tica","article_modified_time":"2022-01-22T17:09:37+00:00","og_image":[{"width":550,"height":550,"url":"https:\/\/demoweb.info\/sexshop001\/wp-content\/uploads\/2022\/01\/ZORO-ARNES-CON-DILDO-HUECO-DE-SILICONA.jpg","type":"image\/jpeg"}],"twitter_card":"summary_large_image","twitter_misc":{"Tiempo de lectura":"1 minuto"},"schema":{"@context":"https:\/\/schema.org","@graph":[{"@type":"WebPage","@id":"https:\/\/demoweb.info\/sexshop001\/producto\/zoro-arnes-con-dildo-hueco-de-silicona\/","url":"https:\/\/demoweb.info\/sexshop001\/producto\/zoro-arnes-con-dildo-hueco-de-silicona\/","name":"ZORO ARN\u00c9S CON DILDO HUECO DE SILICONA - Tienda Er\u00f3tica","isPartOf":{"@id":"https:\/\/demoweb.info\/sexshop001\/#website"},"datePublished":"2022-01-22T17:09:17+00:00","dateModified":"2022-01-22T17:09:37+00:00","breadcrumb":{"@id":"https:\/\/demoweb.info\/sexshop001\/producto\/zoro-arnes-con-dildo-hueco-de-silicona\/#breadcrumb"},"inLanguage":"es","potentialAction":[{"@type":"ReadAction","target":["https:\/\/demoweb.info\/sexshop001\/producto\/zoro-arnes-con-dildo-hueco-de-silicona\/"]}]},{"@type":"BreadcrumbList","@id":"https:\/\/demoweb.info\/sexshop001\/producto\/zoro-arnes-con-dildo-hueco-de-silicona\/#breadcrumb","itemListElement":[{"@type":"ListItem","position":1,"name":"Portada","item":"https:\/\/demoweb.info\/sexshop001\/"},{"@type":"ListItem","position":2,"name":"Tienda","item":"https:\/\/demoweb.info\/sexshop001\/tienda\/"},{"@type":"ListItem","position":3,"name":"ZORO ARN\u00c9S CON DILDO HUECO DE SILICONA"}]},{"@type":"WebSite","@id":"https:\/\/demoweb.info\/sexshop001\/#website","url":"https:\/\/demoweb.info\/sexshop001\/","name":"Tienda Er\u00f3tica","description":"DEMOWEB SL","potentialAction":[{"@type":"SearchAction","target":{"@type":"EntryPoint","urlTemplate":"https:\/\/demoweb.info\/sexshop001\/?s={search_term_string}"},"query-input":"required name=search_term_string"}],"inLanguage":"es"}]}},"_links":{"self":[{"href":"https:\/\/demoweb.info\/sexshop001\/wp-json\/wp\/v3\/product\/61055","targetHints":{"allow":["GET"]}}],"collection":[{"href":"https:\/\/demoweb.info\/sexshop001\/wp-json\/wp\/v3\/product"}],"about":[{"href":"https:\/\/demoweb.info\/sexshop001\/wp-json\/wp\/v2\/types\/product"}],"replies":[{"embeddable":true,"href":"https:\/\/demoweb.info\/sexshop001\/wp-json\/wp\/v2\/comments?post=61055"}],"wp:featuredmedia":[{"embeddable":true,"href":"https:\/\/demoweb.info\/sexshop001\/wp-json\/wp\/v2\/media\/61056"}],"wp:attachment":[{"href":"https:\/\/demoweb.info\/sexshop001\/wp-json\/wp\/v2\/media?parent=61055"}],"wp:term":[{"taxonomy":"product_cat","embeddable":true,"href":"https:\/\/demoweb.info\/sexshop001\/wp-json\/wp\/v2\/product_cat?post=61055"},{"taxonomy":"product_tag","embeddable":true,"href":"https:\/\/demoweb.info\/sexshop001\/wp-json\/wp\/v2\/product_tag?post=61055"}],"curies":[{"name":"wp","href":"https:\/\/api.w.org\/{rel}","templated":true}]}}