{"id":61024,"date":"2022-01-22T18:08:47","date_gmt":"2022-01-22T17:08:47","guid":{"rendered":"https:\/\/demoweb.info\/sexshop001\/producto\/doble-penetracion-vibrador-flex-rojo\/"},"modified":"2022-01-22T18:09:12","modified_gmt":"2022-01-22T17:09:12","slug":"doble-penetracion-vibrador-flex-rojo","status":"publish","type":"product","link":"https:\/\/demoweb.info\/sexshop001\/producto\/doble-penetracion-vibrador-flex-rojo\/","title":{"rendered":"DOBLE PENETRACION VIBRADOR FLEX ROJO"},"content":{"rendered":"<p><strong>DOUBLE ENDED VIBRATOR FLEX RED<\/strong><\/p>\n<p>Dise\u00f1ado para ofrecer la m\u00e1xima diversi\u00f3n.<br \/>\nLa forma ergon\u00f3mica de Flex garantiza diversi\u00f3n de diferentes maneras. Aunque ambos extremos ofrecen placeres individuales, cuando ambos extremos se usan juntos en combinaci\u00f3n, los efectos son una satisfacci\u00f3n completa que realmente se manifiesta.<\/p>\n<p>Flex es lo suficientemente flexible como para permitir la estimulaci\u00f3n vaginal y anal simult\u00e1nea.<\/p>\n<ul>\n<li>Dos potentes motores F1 de nueva generaci\u00f3n vibran a una velocidad de 8000 rpm<\/li>\n<li>10 funciones \u00fanicas de vibraci\u00f3n<\/li>\n<li>Certificado por la CE<\/li>\n<li>Hecho dilicona 100% m\u00e9dica<\/li>\n<li>Resistente al agua,<\/li>\n<li>Silencioso<\/li>\n<li>Bater\u00eda recargable cable USB<\/li>\n<li>60 minutos de apasionante tiempo de reproducci\u00f3n<\/li>\n<li>Tiempo de carga 120 min, vida de carga 60 min.<\/li>\n<\/ul>\n<p>\nDimensiones del producto 21.5 x 3.4 cm<\/p>\n","protected":false},"excerpt":{"rendered":"<p>DOUBLE ENDED VIBRATOR FLEX RED Dise\u00f1ado para ofrecer la m\u00e1xima diversi\u00f3n. La forma ergon\u00f3mica de Flex garantiza diversi\u00f3n de diferentes<\/p>\n","protected":false},"featured_media":61025,"comment_status":"open","ping_status":"open","template":"","meta":[],"product_cat":[1207],"product_tag":[1590,302],"class_list":["post-61024","product","type-product","status-publish","has-post-thumbnail","hentry","product_cat-flexibles","product_tag-elegance","product_tag-shots"],"bundled_by":[],"bundle_stock_status":"instock","bundle_stock_quantity":1,"bundle_virtual":false,"bundle_layout":"","bundle_add_to_cart_form_location":"","bundle_editable_in_cart":false,"bundle_sold_individually_context":"","bundle_item_grouping":"","bundle_min_size":"","bundle_max_size":"","bundled_items":[],"yoast_head":"<!-- This site is optimized with the Yoast SEO plugin v20.6 - https:\/\/yoast.com\/wordpress\/plugins\/seo\/ -->\n<title>DOBLE PENETRACION VIBRADOR FLEX ROJO - Tienda Er\u00f3tica<\/title>\n<meta name=\"robots\" content=\"noindex, follow, max-snippet:-1, max-image-preview:large, max-video-preview:-1\" \/>\n<meta property=\"og:locale\" content=\"es_ES\" \/>\n<meta property=\"og:type\" content=\"article\" \/>\n<meta property=\"og:title\" content=\"DOBLE PENETRACION VIBRADOR FLEX ROJO - Tienda Er\u00f3tica\" \/>\n<meta property=\"og:description\" content=\"DOUBLE ENDED VIBRATOR FLEX RED Dise\u00f1ado para ofrecer la m\u00e1xima diversi\u00f3n. La forma ergon\u00f3mica de Flex garantiza diversi\u00f3n de diferentes\" \/>\n<meta property=\"og:url\" content=\"https:\/\/demoweb.info\/sexshop001\/producto\/doble-penetracion-vibrador-flex-rojo\/\" \/>\n<meta property=\"og:site_name\" content=\"Tienda Er\u00f3tica\" \/>\n<meta property=\"article:modified_time\" content=\"2022-01-22T17:09:12+00:00\" \/>\n<meta property=\"og:image\" content=\"https:\/\/demoweb.info\/sexshop001\/wp-content\/uploads\/2022\/01\/DOBLE-PENETRACION-VIBRADOR-FLEX-ROJO.jpg\" \/>\n\t<meta property=\"og:image:width\" content=\"550\" \/>\n\t<meta property=\"og:image:height\" content=\"550\" \/>\n\t<meta property=\"og:image:type\" content=\"image\/jpeg\" \/>\n<meta name=\"twitter:card\" content=\"summary_large_image\" \/>\n<meta name=\"twitter:label1\" content=\"Tiempo de lectura\" \/>\n\t<meta name=\"twitter:data1\" content=\"1 minuto\" \/>\n<script type=\"application\/ld+json\" class=\"yoast-schema-graph\">{\"@context\":\"https:\/\/schema.org\",\"@graph\":[{\"@type\":\"WebPage\",\"@id\":\"https:\/\/demoweb.info\/sexshop001\/producto\/doble-penetracion-vibrador-flex-rojo\/\",\"url\":\"https:\/\/demoweb.info\/sexshop001\/producto\/doble-penetracion-vibrador-flex-rojo\/\",\"name\":\"DOBLE PENETRACION VIBRADOR FLEX ROJO - Tienda Er\u00f3tica\",\"isPartOf\":{\"@id\":\"https:\/\/demoweb.info\/sexshop001\/#website\"},\"datePublished\":\"2022-01-22T17:08:47+00:00\",\"dateModified\":\"2022-01-22T17:09:12+00:00\",\"breadcrumb\":{\"@id\":\"https:\/\/demoweb.info\/sexshop001\/producto\/doble-penetracion-vibrador-flex-rojo\/#breadcrumb\"},\"inLanguage\":\"es\",\"potentialAction\":[{\"@type\":\"ReadAction\",\"target\":[\"https:\/\/demoweb.info\/sexshop001\/producto\/doble-penetracion-vibrador-flex-rojo\/\"]}]},{\"@type\":\"BreadcrumbList\",\"@id\":\"https:\/\/demoweb.info\/sexshop001\/producto\/doble-penetracion-vibrador-flex-rojo\/#breadcrumb\",\"itemListElement\":[{\"@type\":\"ListItem\",\"position\":1,\"name\":\"Portada\",\"item\":\"https:\/\/demoweb.info\/sexshop001\/\"},{\"@type\":\"ListItem\",\"position\":2,\"name\":\"Tienda\",\"item\":\"https:\/\/demoweb.info\/sexshop001\/tienda\/\"},{\"@type\":\"ListItem\",\"position\":3,\"name\":\"DOBLE PENETRACION VIBRADOR FLEX ROJO\"}]},{\"@type\":\"WebSite\",\"@id\":\"https:\/\/demoweb.info\/sexshop001\/#website\",\"url\":\"https:\/\/demoweb.info\/sexshop001\/\",\"name\":\"Tienda Er\u00f3tica\",\"description\":\"DEMOWEB SL\",\"potentialAction\":[{\"@type\":\"SearchAction\",\"target\":{\"@type\":\"EntryPoint\",\"urlTemplate\":\"https:\/\/demoweb.info\/sexshop001\/?s={search_term_string}\"},\"query-input\":\"required name=search_term_string\"}],\"inLanguage\":\"es\"}]}<\/script>\n<!-- \/ Yoast SEO plugin. -->","yoast_head_json":{"title":"DOBLE PENETRACION VIBRADOR FLEX ROJO - Tienda Er\u00f3tica","robots":{"index":"noindex","follow":"follow","max-snippet":"max-snippet:-1","max-image-preview":"max-image-preview:large","max-video-preview":"max-video-preview:-1"},"og_locale":"es_ES","og_type":"article","og_title":"DOBLE PENETRACION VIBRADOR FLEX ROJO - Tienda Er\u00f3tica","og_description":"DOUBLE ENDED VIBRATOR FLEX RED Dise\u00f1ado para ofrecer la m\u00e1xima diversi\u00f3n. La forma ergon\u00f3mica de Flex garantiza diversi\u00f3n de diferentes","og_url":"https:\/\/demoweb.info\/sexshop001\/producto\/doble-penetracion-vibrador-flex-rojo\/","og_site_name":"Tienda Er\u00f3tica","article_modified_time":"2022-01-22T17:09:12+00:00","og_image":[{"width":550,"height":550,"url":"https:\/\/demoweb.info\/sexshop001\/wp-content\/uploads\/2022\/01\/DOBLE-PENETRACION-VIBRADOR-FLEX-ROJO.jpg","type":"image\/jpeg"}],"twitter_card":"summary_large_image","twitter_misc":{"Tiempo de lectura":"1 minuto"},"schema":{"@context":"https:\/\/schema.org","@graph":[{"@type":"WebPage","@id":"https:\/\/demoweb.info\/sexshop001\/producto\/doble-penetracion-vibrador-flex-rojo\/","url":"https:\/\/demoweb.info\/sexshop001\/producto\/doble-penetracion-vibrador-flex-rojo\/","name":"DOBLE PENETRACION VIBRADOR FLEX ROJO - Tienda Er\u00f3tica","isPartOf":{"@id":"https:\/\/demoweb.info\/sexshop001\/#website"},"datePublished":"2022-01-22T17:08:47+00:00","dateModified":"2022-01-22T17:09:12+00:00","breadcrumb":{"@id":"https:\/\/demoweb.info\/sexshop001\/producto\/doble-penetracion-vibrador-flex-rojo\/#breadcrumb"},"inLanguage":"es","potentialAction":[{"@type":"ReadAction","target":["https:\/\/demoweb.info\/sexshop001\/producto\/doble-penetracion-vibrador-flex-rojo\/"]}]},{"@type":"BreadcrumbList","@id":"https:\/\/demoweb.info\/sexshop001\/producto\/doble-penetracion-vibrador-flex-rojo\/#breadcrumb","itemListElement":[{"@type":"ListItem","position":1,"name":"Portada","item":"https:\/\/demoweb.info\/sexshop001\/"},{"@type":"ListItem","position":2,"name":"Tienda","item":"https:\/\/demoweb.info\/sexshop001\/tienda\/"},{"@type":"ListItem","position":3,"name":"DOBLE PENETRACION VIBRADOR FLEX ROJO"}]},{"@type":"WebSite","@id":"https:\/\/demoweb.info\/sexshop001\/#website","url":"https:\/\/demoweb.info\/sexshop001\/","name":"Tienda Er\u00f3tica","description":"DEMOWEB SL","potentialAction":[{"@type":"SearchAction","target":{"@type":"EntryPoint","urlTemplate":"https:\/\/demoweb.info\/sexshop001\/?s={search_term_string}"},"query-input":"required name=search_term_string"}],"inLanguage":"es"}]}},"_links":{"self":[{"href":"https:\/\/demoweb.info\/sexshop001\/wp-json\/wp\/v3\/product\/61024","targetHints":{"allow":["GET"]}}],"collection":[{"href":"https:\/\/demoweb.info\/sexshop001\/wp-json\/wp\/v3\/product"}],"about":[{"href":"https:\/\/demoweb.info\/sexshop001\/wp-json\/wp\/v2\/types\/product"}],"replies":[{"embeddable":true,"href":"https:\/\/demoweb.info\/sexshop001\/wp-json\/wp\/v2\/comments?post=61024"}],"wp:featuredmedia":[{"embeddable":true,"href":"https:\/\/demoweb.info\/sexshop001\/wp-json\/wp\/v2\/media\/61025"}],"wp:attachment":[{"href":"https:\/\/demoweb.info\/sexshop001\/wp-json\/wp\/v2\/media?parent=61024"}],"wp:term":[{"taxonomy":"product_cat","embeddable":true,"href":"https:\/\/demoweb.info\/sexshop001\/wp-json\/wp\/v2\/product_cat?post=61024"},{"taxonomy":"product_tag","embeddable":true,"href":"https:\/\/demoweb.info\/sexshop001\/wp-json\/wp\/v2\/product_tag?post=61024"}],"curies":[{"name":"wp","href":"https:\/\/api.w.org\/{rel}","templated":true}]}}