{"id":60994,"date":"2022-01-22T18:08:47","date_gmt":"2022-01-22T17:08:47","guid":{"rendered":"https:\/\/demoweb.info\/sexshop001\/producto\/punto-g-y-clitorial-vibrador-flair-azul\/"},"modified":"2022-01-22T18:08:51","modified_gmt":"2022-01-22T17:08:51","slug":"punto-g-y-clitorial-vibrador-flair-azul","status":"publish","type":"product","link":"https:\/\/demoweb.info\/sexshop001\/producto\/punto-g-y-clitorial-vibrador-flair-azul\/","title":{"rendered":"PUNTO G Y CLITORIAL VIBRADOR FLAIR AZUL"},"content":{"rendered":"<p><strong>G-SPOT AND CLITORIAL VIBRATOR FLAIR BLUE<\/strong><\/p>\n<p>Dale a tu punto G y cl\u00edtoris la atenci\u00f3n que merecen con el vibrador recargable Flair para el punto G y el cl\u00edtoris.<\/p>\n<p>Este vibrador tiene un dise\u00f1o ergon\u00f3mico \u00fanico. La cabeza engrosada es ligeramente curvada y hace que sea m\u00e1s f\u00e1cil que nunca llegar a los lugares correctos. El estimulador del cl\u00edtoris adicional est\u00e1 salpicado para mayor placer, mientras que el mango ergon\u00f3mico es peque\u00f1o y ancho, por lo que es c\u00f3modo y f\u00e1cil de usar.<\/p>\n<p>Los dos potentes motores F1 de nueva generaci\u00f3n vibran a una velocidad de 13500 rpm y tienen 10 funciones \u00fanicas de vibraci\u00f3n.<\/p>\n<ul>\n<li>Cuenta con 10 funciones de vibraci\u00f3n \u00fanicas.<\/li>\n<li>Certificado por la CE.<\/li>\n<li>Esta hecho 100 % de silicona de grado m\u00e9dico.<\/li>\n<li>Tiempo de reproducci\u00f3n: 60 minutos.<\/li>\n<li>Es resistente al agua (IP67)<\/li>\n<li>Silencioso.<\/li>\n<li>Bater\u00eda recargable USB,<\/li>\n<li>Proporciona 60 minutos de un apasionado tiempo de juego.<\/li>\n<\/ul>\n<p><strong>Di\u00e1metro: 3,6<\/strong><\/p><\/p>\n","protected":false},"excerpt":{"rendered":"<p>G-SPOT AND CLITORIAL VIBRATOR FLAIR BLUE Dale a tu punto G y cl\u00edtoris la atenci\u00f3n que merecen con el vibrador<\/p>\n","protected":false},"featured_media":60995,"comment_status":"open","ping_status":"open","template":"","meta":[],"product_cat":[434],"product_tag":[1590,302],"class_list":["post-60994","product","type-product","status-publish","has-post-thumbnail","hentry","product_cat-doble-estimulacion-vibradores-juguetes-xxx","product_tag-elegance","product_tag-shots"],"bundled_by":[],"bundle_stock_status":"instock","bundle_stock_quantity":1,"bundle_virtual":false,"bundle_layout":"","bundle_add_to_cart_form_location":"","bundle_editable_in_cart":false,"bundle_sold_individually_context":"","bundle_item_grouping":"","bundle_min_size":"","bundle_max_size":"","bundled_items":[],"yoast_head":"<!-- This site is optimized with the Yoast SEO plugin v20.6 - https:\/\/yoast.com\/wordpress\/plugins\/seo\/ -->\n<title>PUNTO G Y CLITORIAL VIBRADOR FLAIR AZUL - Tienda Er\u00f3tica<\/title>\n<meta name=\"robots\" content=\"noindex, follow, max-snippet:-1, max-image-preview:large, max-video-preview:-1\" \/>\n<meta property=\"og:locale\" content=\"es_ES\" \/>\n<meta property=\"og:type\" content=\"article\" \/>\n<meta property=\"og:title\" content=\"PUNTO G Y CLITORIAL VIBRADOR FLAIR AZUL - Tienda Er\u00f3tica\" \/>\n<meta property=\"og:description\" content=\"G-SPOT AND CLITORIAL VIBRATOR FLAIR BLUE Dale a tu punto G y cl\u00edtoris la atenci\u00f3n que merecen con el vibrador\" \/>\n<meta property=\"og:url\" content=\"https:\/\/demoweb.info\/sexshop001\/producto\/punto-g-y-clitorial-vibrador-flair-azul\/\" \/>\n<meta property=\"og:site_name\" content=\"Tienda Er\u00f3tica\" \/>\n<meta property=\"article:modified_time\" content=\"2022-01-22T17:08:51+00:00\" \/>\n<meta property=\"og:image\" content=\"https:\/\/demoweb.info\/sexshop001\/wp-content\/uploads\/2022\/01\/PUNTO-G-Y-CLITORIAL-VIBRADOR-FLAIR-AZUL.jpg\" \/>\n\t<meta property=\"og:image:width\" content=\"550\" \/>\n\t<meta property=\"og:image:height\" content=\"550\" \/>\n\t<meta property=\"og:image:type\" content=\"image\/jpeg\" \/>\n<meta name=\"twitter:card\" content=\"summary_large_image\" \/>\n<meta name=\"twitter:label1\" content=\"Tiempo de lectura\" \/>\n\t<meta name=\"twitter:data1\" content=\"1 minuto\" \/>\n<script type=\"application\/ld+json\" class=\"yoast-schema-graph\">{\"@context\":\"https:\/\/schema.org\",\"@graph\":[{\"@type\":\"WebPage\",\"@id\":\"https:\/\/demoweb.info\/sexshop001\/producto\/punto-g-y-clitorial-vibrador-flair-azul\/\",\"url\":\"https:\/\/demoweb.info\/sexshop001\/producto\/punto-g-y-clitorial-vibrador-flair-azul\/\",\"name\":\"PUNTO G Y CLITORIAL VIBRADOR FLAIR AZUL - Tienda Er\u00f3tica\",\"isPartOf\":{\"@id\":\"https:\/\/demoweb.info\/sexshop001\/#website\"},\"datePublished\":\"2022-01-22T17:08:47+00:00\",\"dateModified\":\"2022-01-22T17:08:51+00:00\",\"breadcrumb\":{\"@id\":\"https:\/\/demoweb.info\/sexshop001\/producto\/punto-g-y-clitorial-vibrador-flair-azul\/#breadcrumb\"},\"inLanguage\":\"es\",\"potentialAction\":[{\"@type\":\"ReadAction\",\"target\":[\"https:\/\/demoweb.info\/sexshop001\/producto\/punto-g-y-clitorial-vibrador-flair-azul\/\"]}]},{\"@type\":\"BreadcrumbList\",\"@id\":\"https:\/\/demoweb.info\/sexshop001\/producto\/punto-g-y-clitorial-vibrador-flair-azul\/#breadcrumb\",\"itemListElement\":[{\"@type\":\"ListItem\",\"position\":1,\"name\":\"Portada\",\"item\":\"https:\/\/demoweb.info\/sexshop001\/\"},{\"@type\":\"ListItem\",\"position\":2,\"name\":\"Tienda\",\"item\":\"https:\/\/demoweb.info\/sexshop001\/tienda\/\"},{\"@type\":\"ListItem\",\"position\":3,\"name\":\"PUNTO G Y CLITORIAL VIBRADOR FLAIR AZUL\"}]},{\"@type\":\"WebSite\",\"@id\":\"https:\/\/demoweb.info\/sexshop001\/#website\",\"url\":\"https:\/\/demoweb.info\/sexshop001\/\",\"name\":\"Tienda Er\u00f3tica\",\"description\":\"DEMOWEB SL\",\"potentialAction\":[{\"@type\":\"SearchAction\",\"target\":{\"@type\":\"EntryPoint\",\"urlTemplate\":\"https:\/\/demoweb.info\/sexshop001\/?s={search_term_string}\"},\"query-input\":\"required name=search_term_string\"}],\"inLanguage\":\"es\"}]}<\/script>\n<!-- \/ Yoast SEO plugin. -->","yoast_head_json":{"title":"PUNTO G Y CLITORIAL VIBRADOR FLAIR AZUL - Tienda Er\u00f3tica","robots":{"index":"noindex","follow":"follow","max-snippet":"max-snippet:-1","max-image-preview":"max-image-preview:large","max-video-preview":"max-video-preview:-1"},"og_locale":"es_ES","og_type":"article","og_title":"PUNTO G Y CLITORIAL VIBRADOR FLAIR AZUL - Tienda Er\u00f3tica","og_description":"G-SPOT AND CLITORIAL VIBRATOR FLAIR BLUE Dale a tu punto G y cl\u00edtoris la atenci\u00f3n que merecen con el vibrador","og_url":"https:\/\/demoweb.info\/sexshop001\/producto\/punto-g-y-clitorial-vibrador-flair-azul\/","og_site_name":"Tienda Er\u00f3tica","article_modified_time":"2022-01-22T17:08:51+00:00","og_image":[{"width":550,"height":550,"url":"https:\/\/demoweb.info\/sexshop001\/wp-content\/uploads\/2022\/01\/PUNTO-G-Y-CLITORIAL-VIBRADOR-FLAIR-AZUL.jpg","type":"image\/jpeg"}],"twitter_card":"summary_large_image","twitter_misc":{"Tiempo de lectura":"1 minuto"},"schema":{"@context":"https:\/\/schema.org","@graph":[{"@type":"WebPage","@id":"https:\/\/demoweb.info\/sexshop001\/producto\/punto-g-y-clitorial-vibrador-flair-azul\/","url":"https:\/\/demoweb.info\/sexshop001\/producto\/punto-g-y-clitorial-vibrador-flair-azul\/","name":"PUNTO G Y CLITORIAL VIBRADOR FLAIR AZUL - Tienda Er\u00f3tica","isPartOf":{"@id":"https:\/\/demoweb.info\/sexshop001\/#website"},"datePublished":"2022-01-22T17:08:47+00:00","dateModified":"2022-01-22T17:08:51+00:00","breadcrumb":{"@id":"https:\/\/demoweb.info\/sexshop001\/producto\/punto-g-y-clitorial-vibrador-flair-azul\/#breadcrumb"},"inLanguage":"es","potentialAction":[{"@type":"ReadAction","target":["https:\/\/demoweb.info\/sexshop001\/producto\/punto-g-y-clitorial-vibrador-flair-azul\/"]}]},{"@type":"BreadcrumbList","@id":"https:\/\/demoweb.info\/sexshop001\/producto\/punto-g-y-clitorial-vibrador-flair-azul\/#breadcrumb","itemListElement":[{"@type":"ListItem","position":1,"name":"Portada","item":"https:\/\/demoweb.info\/sexshop001\/"},{"@type":"ListItem","position":2,"name":"Tienda","item":"https:\/\/demoweb.info\/sexshop001\/tienda\/"},{"@type":"ListItem","position":3,"name":"PUNTO G Y CLITORIAL VIBRADOR FLAIR AZUL"}]},{"@type":"WebSite","@id":"https:\/\/demoweb.info\/sexshop001\/#website","url":"https:\/\/demoweb.info\/sexshop001\/","name":"Tienda Er\u00f3tica","description":"DEMOWEB SL","potentialAction":[{"@type":"SearchAction","target":{"@type":"EntryPoint","urlTemplate":"https:\/\/demoweb.info\/sexshop001\/?s={search_term_string}"},"query-input":"required name=search_term_string"}],"inLanguage":"es"}]}},"_links":{"self":[{"href":"https:\/\/demoweb.info\/sexshop001\/wp-json\/wp\/v3\/product\/60994","targetHints":{"allow":["GET"]}}],"collection":[{"href":"https:\/\/demoweb.info\/sexshop001\/wp-json\/wp\/v3\/product"}],"about":[{"href":"https:\/\/demoweb.info\/sexshop001\/wp-json\/wp\/v2\/types\/product"}],"replies":[{"embeddable":true,"href":"https:\/\/demoweb.info\/sexshop001\/wp-json\/wp\/v2\/comments?post=60994"}],"wp:featuredmedia":[{"embeddable":true,"href":"https:\/\/demoweb.info\/sexshop001\/wp-json\/wp\/v2\/media\/60995"}],"wp:attachment":[{"href":"https:\/\/demoweb.info\/sexshop001\/wp-json\/wp\/v2\/media?parent=60994"}],"wp:term":[{"taxonomy":"product_cat","embeddable":true,"href":"https:\/\/demoweb.info\/sexshop001\/wp-json\/wp\/v2\/product_cat?post=60994"},{"taxonomy":"product_tag","embeddable":true,"href":"https:\/\/demoweb.info\/sexshop001\/wp-json\/wp\/v2\/product_tag?post=60994"}],"curies":[{"name":"wp","href":"https:\/\/api.w.org\/{rel}","templated":true}]}}