{"id":60969,"date":"2022-01-22T18:08:16","date_gmt":"2022-01-22T17:08:16","guid":{"rendered":"https:\/\/demoweb.info\/sexshop001\/producto\/passion-vibrador-rampante-con-calor-negro\/"},"modified":"2022-01-22T18:08:32","modified_gmt":"2022-01-22T17:08:32","slug":"passion-vibrador-rampante-con-calor-negro","status":"publish","type":"product","link":"https:\/\/demoweb.info\/sexshop001\/producto\/passion-vibrador-rampante-con-calor-negro\/","title":{"rendered":"PASSION &#8211; VIBRADOR RAMPANTE CON CALOR &#8211; NEGRO"},"content":{"rendered":"<p><strong>PASSION &#8211; RECHARGEABLE HEATING G-SPOT RABBIT VIBRATOR<\/strong><\/p>\n<p>Con dos motores F1 de \u00faltima generaci\u00f3n que vibran a m\u00e1s de 10 000 rpm, este dispositivo tambi\u00e9n contiene una potente bater\u00eda de iones de litio de 3.7V 800 mAh que ofrece la m\u00e1xima potencia.<\/p>\n<p>Cuenta con 8 funciones \u00fanicas de vibraci\u00f3n que te proporcionar\u00e1n el tipo de orgasmo devastador que toda mujer merece. La funci\u00f3n \u00fanica de calor (heat) te permite calentar el juguete a una temperatura agradable de 45&ordm; C para una sensaci\u00f3n m\u00e1s realista que te dejar\u00e1 con una sensaci\u00f3n de placer c\u00e1lida y feliz.<\/p>\n<p>Est\u00e1 certificado por la CE, est\u00e1 hecho de silicona 100 % de alta calidad lisa sedosa, es resistente al agua (IP67) y extremadamente silencioso a menos de 50 dB.<\/p>\n<p>Contiene una bater\u00eda recargable que cuando est\u00e1 completamente cargada con su cable USB magn\u00e9tico te proporcionar\u00e1 90 minutos de juego apasionado (45 minutos con la funci\u00f3n de calentamiento encendida).<\/p>\n<p>Simplemente haz clic, c\u00e1rgalo y enciende tu placer.<\/p>\n<p>Caracter\u00edsticas:<\/p>\n<ul>\n<li>Dimensiones del producto: 20.8 x 6 cm<\/li>\n<li>Peso del producto: 193 gram<\/li>\n<li>Di\u00e1metro del producto: 3.8 cm<\/li>\n<li>Longitud insertable: 11.3 cm<\/li>\n<li>Rotaciones: 10 RPM<\/li>\n<li>Tipos de velocidad: 8<\/li>\n<li>Nivel de ruido: 50 dB<\/li>\n<li>Tiempo de recarga: 120 min<\/li>\n<li>Duraci\u00f3n de las bater\u00edas: 120 min<\/li>\n<li>Resistente al agua.<\/li>\n<li>Libre de ftalato<\/li>\n<li>Materiale: Silicona \/ ABS<\/li>\n<\/ul>\n","protected":false},"excerpt":{"rendered":"<p>PASSION &#8211; RECHARGEABLE HEATING G-SPOT RABBIT VIBRATOR Con dos motores F1 de \u00faltima generaci\u00f3n que vibran a m\u00e1s de 10<\/p>\n","protected":false},"featured_media":60970,"comment_status":"open","ping_status":"open","template":"","meta":[],"product_cat":[487],"product_tag":[1601,302],"class_list":["post-60969","product","type-product","status-publish","has-post-thumbnail","hentry","product_cat-con-calor","product_tag-heat","product_tag-shots"],"bundled_by":[],"bundle_stock_status":"instock","bundle_stock_quantity":1,"bundle_virtual":false,"bundle_layout":"","bundle_add_to_cart_form_location":"","bundle_editable_in_cart":false,"bundle_sold_individually_context":"","bundle_item_grouping":"","bundle_min_size":"","bundle_max_size":"","bundled_items":[],"yoast_head":"<!-- This site is optimized with the Yoast SEO plugin v20.6 - https:\/\/yoast.com\/wordpress\/plugins\/seo\/ -->\n<title>PASSION - VIBRADOR RAMPANTE CON CALOR - NEGRO - Tienda Er\u00f3tica<\/title>\n<meta name=\"robots\" content=\"noindex, follow, max-snippet:-1, max-image-preview:large, max-video-preview:-1\" \/>\n<meta property=\"og:locale\" content=\"es_ES\" \/>\n<meta property=\"og:type\" content=\"article\" \/>\n<meta property=\"og:title\" content=\"PASSION - VIBRADOR RAMPANTE CON CALOR - NEGRO - Tienda Er\u00f3tica\" \/>\n<meta property=\"og:description\" content=\"PASSION &#8211; RECHARGEABLE HEATING G-SPOT RABBIT VIBRATOR Con dos motores F1 de \u00faltima generaci\u00f3n que vibran a m\u00e1s de 10\" \/>\n<meta property=\"og:url\" content=\"https:\/\/demoweb.info\/sexshop001\/producto\/passion-vibrador-rampante-con-calor-negro\/\" \/>\n<meta property=\"og:site_name\" content=\"Tienda Er\u00f3tica\" \/>\n<meta property=\"article:modified_time\" content=\"2022-01-22T17:08:32+00:00\" \/>\n<meta property=\"og:image\" content=\"https:\/\/demoweb.info\/sexshop001\/wp-content\/uploads\/2022\/01\/PASSION-VIBRADOR-RAMPANTE-CON-CALOR-NEGRO.jpg\" \/>\n\t<meta property=\"og:image:width\" content=\"550\" \/>\n\t<meta property=\"og:image:height\" content=\"550\" \/>\n\t<meta property=\"og:image:type\" content=\"image\/jpeg\" \/>\n<meta name=\"twitter:card\" content=\"summary_large_image\" \/>\n<meta name=\"twitter:label1\" content=\"Tiempo de lectura\" \/>\n\t<meta name=\"twitter:data1\" content=\"1 minuto\" \/>\n<script type=\"application\/ld+json\" class=\"yoast-schema-graph\">{\"@context\":\"https:\/\/schema.org\",\"@graph\":[{\"@type\":\"WebPage\",\"@id\":\"https:\/\/demoweb.info\/sexshop001\/producto\/passion-vibrador-rampante-con-calor-negro\/\",\"url\":\"https:\/\/demoweb.info\/sexshop001\/producto\/passion-vibrador-rampante-con-calor-negro\/\",\"name\":\"PASSION - VIBRADOR RAMPANTE CON CALOR - NEGRO - Tienda Er\u00f3tica\",\"isPartOf\":{\"@id\":\"https:\/\/demoweb.info\/sexshop001\/#website\"},\"datePublished\":\"2022-01-22T17:08:16+00:00\",\"dateModified\":\"2022-01-22T17:08:32+00:00\",\"breadcrumb\":{\"@id\":\"https:\/\/demoweb.info\/sexshop001\/producto\/passion-vibrador-rampante-con-calor-negro\/#breadcrumb\"},\"inLanguage\":\"es\",\"potentialAction\":[{\"@type\":\"ReadAction\",\"target\":[\"https:\/\/demoweb.info\/sexshop001\/producto\/passion-vibrador-rampante-con-calor-negro\/\"]}]},{\"@type\":\"BreadcrumbList\",\"@id\":\"https:\/\/demoweb.info\/sexshop001\/producto\/passion-vibrador-rampante-con-calor-negro\/#breadcrumb\",\"itemListElement\":[{\"@type\":\"ListItem\",\"position\":1,\"name\":\"Portada\",\"item\":\"https:\/\/demoweb.info\/sexshop001\/\"},{\"@type\":\"ListItem\",\"position\":2,\"name\":\"Tienda\",\"item\":\"https:\/\/demoweb.info\/sexshop001\/tienda\/\"},{\"@type\":\"ListItem\",\"position\":3,\"name\":\"PASSION &#8211; VIBRADOR RAMPANTE CON CALOR &#8211; NEGRO\"}]},{\"@type\":\"WebSite\",\"@id\":\"https:\/\/demoweb.info\/sexshop001\/#website\",\"url\":\"https:\/\/demoweb.info\/sexshop001\/\",\"name\":\"Tienda Er\u00f3tica\",\"description\":\"DEMOWEB SL\",\"potentialAction\":[{\"@type\":\"SearchAction\",\"target\":{\"@type\":\"EntryPoint\",\"urlTemplate\":\"https:\/\/demoweb.info\/sexshop001\/?s={search_term_string}\"},\"query-input\":\"required name=search_term_string\"}],\"inLanguage\":\"es\"}]}<\/script>\n<!-- \/ Yoast SEO plugin. -->","yoast_head_json":{"title":"PASSION - VIBRADOR RAMPANTE CON CALOR - NEGRO - Tienda Er\u00f3tica","robots":{"index":"noindex","follow":"follow","max-snippet":"max-snippet:-1","max-image-preview":"max-image-preview:large","max-video-preview":"max-video-preview:-1"},"og_locale":"es_ES","og_type":"article","og_title":"PASSION - VIBRADOR RAMPANTE CON CALOR - NEGRO - Tienda Er\u00f3tica","og_description":"PASSION &#8211; RECHARGEABLE HEATING G-SPOT RABBIT VIBRATOR Con dos motores F1 de \u00faltima generaci\u00f3n que vibran a m\u00e1s de 10","og_url":"https:\/\/demoweb.info\/sexshop001\/producto\/passion-vibrador-rampante-con-calor-negro\/","og_site_name":"Tienda Er\u00f3tica","article_modified_time":"2022-01-22T17:08:32+00:00","og_image":[{"width":550,"height":550,"url":"https:\/\/demoweb.info\/sexshop001\/wp-content\/uploads\/2022\/01\/PASSION-VIBRADOR-RAMPANTE-CON-CALOR-NEGRO.jpg","type":"image\/jpeg"}],"twitter_card":"summary_large_image","twitter_misc":{"Tiempo de lectura":"1 minuto"},"schema":{"@context":"https:\/\/schema.org","@graph":[{"@type":"WebPage","@id":"https:\/\/demoweb.info\/sexshop001\/producto\/passion-vibrador-rampante-con-calor-negro\/","url":"https:\/\/demoweb.info\/sexshop001\/producto\/passion-vibrador-rampante-con-calor-negro\/","name":"PASSION - VIBRADOR RAMPANTE CON CALOR - NEGRO - Tienda Er\u00f3tica","isPartOf":{"@id":"https:\/\/demoweb.info\/sexshop001\/#website"},"datePublished":"2022-01-22T17:08:16+00:00","dateModified":"2022-01-22T17:08:32+00:00","breadcrumb":{"@id":"https:\/\/demoweb.info\/sexshop001\/producto\/passion-vibrador-rampante-con-calor-negro\/#breadcrumb"},"inLanguage":"es","potentialAction":[{"@type":"ReadAction","target":["https:\/\/demoweb.info\/sexshop001\/producto\/passion-vibrador-rampante-con-calor-negro\/"]}]},{"@type":"BreadcrumbList","@id":"https:\/\/demoweb.info\/sexshop001\/producto\/passion-vibrador-rampante-con-calor-negro\/#breadcrumb","itemListElement":[{"@type":"ListItem","position":1,"name":"Portada","item":"https:\/\/demoweb.info\/sexshop001\/"},{"@type":"ListItem","position":2,"name":"Tienda","item":"https:\/\/demoweb.info\/sexshop001\/tienda\/"},{"@type":"ListItem","position":3,"name":"PASSION &#8211; VIBRADOR RAMPANTE CON CALOR &#8211; NEGRO"}]},{"@type":"WebSite","@id":"https:\/\/demoweb.info\/sexshop001\/#website","url":"https:\/\/demoweb.info\/sexshop001\/","name":"Tienda Er\u00f3tica","description":"DEMOWEB SL","potentialAction":[{"@type":"SearchAction","target":{"@type":"EntryPoint","urlTemplate":"https:\/\/demoweb.info\/sexshop001\/?s={search_term_string}"},"query-input":"required name=search_term_string"}],"inLanguage":"es"}]}},"_links":{"self":[{"href":"https:\/\/demoweb.info\/sexshop001\/wp-json\/wp\/v3\/product\/60969","targetHints":{"allow":["GET"]}}],"collection":[{"href":"https:\/\/demoweb.info\/sexshop001\/wp-json\/wp\/v3\/product"}],"about":[{"href":"https:\/\/demoweb.info\/sexshop001\/wp-json\/wp\/v2\/types\/product"}],"replies":[{"embeddable":true,"href":"https:\/\/demoweb.info\/sexshop001\/wp-json\/wp\/v2\/comments?post=60969"}],"wp:featuredmedia":[{"embeddable":true,"href":"https:\/\/demoweb.info\/sexshop001\/wp-json\/wp\/v2\/media\/60970"}],"wp:attachment":[{"href":"https:\/\/demoweb.info\/sexshop001\/wp-json\/wp\/v2\/media?parent=60969"}],"wp:term":[{"taxonomy":"product_cat","embeddable":true,"href":"https:\/\/demoweb.info\/sexshop001\/wp-json\/wp\/v2\/product_cat?post=60969"},{"taxonomy":"product_tag","embeddable":true,"href":"https:\/\/demoweb.info\/sexshop001\/wp-json\/wp\/v2\/product_tag?post=60969"}],"curies":[{"name":"wp","href":"https:\/\/api.w.org\/{rel}","templated":true}]}}