{"id":60964,"date":"2022-01-22T18:08:16","date_gmt":"2022-01-22T17:08:16","guid":{"rendered":"https:\/\/demoweb.info\/sexshop001\/producto\/spice-vibrador-con-calor-punto-g-recargable-morado\/"},"modified":"2022-01-22T18:08:28","modified_gmt":"2022-01-22T17:08:28","slug":"spice-vibrador-con-calor-punto-g-recargable-morado","status":"publish","type":"product","link":"https:\/\/demoweb.info\/sexshop001\/producto\/spice-vibrador-con-calor-punto-g-recargable-morado\/","title":{"rendered":"SPICE &#8211; VIBRADOR CON CALOR PUNTO G RECARGABLE &#8211; MORADO"},"content":{"rendered":"<p><strong>SPICE &#8211; RECHARGEABLE HEATING G-SPOT VIBRATOR<\/strong><\/p>\n<p>Con uno de los motores F1 de \u00faltima generaci\u00f3n que vibran a m\u00e1s de 10 000 rpm, este dispositivo tambi\u00e9n contiene una potente bater\u00eda de iones de litio de 3.7V 800 mAh que ofrece la m\u00e1xima potencia.<\/p>\n<p>Cuenta con 8 funciones \u00fanicas de vibraci\u00f3n que te proporcionar\u00e1n el tipo de orgasmo devastador que toda mujer merece. La funci\u00f3n \u00fanica de calor (heat) te permite calentar el juguete a una temperatura agradable de 45&ordm; C para una sensaci\u00f3n m\u00e1s realista que te dejar\u00e1 con una sensaci\u00f3n de placer c\u00e1lida y feliz.<\/p>\n<p>Est\u00e1 certificado por la CE, est\u00e1 hecho de silicona 100 % de alta calidad lisa sedosa, es resistente al agua (IP67) y extremadamente silencioso a menos de 50 dB. Contiene una bater\u00eda recargable que cuando est\u00e1 completamente cargada con su cable USB magn\u00e9tico te proporcionar\u00e1 90 minutos de juego apasionado (45 minutos con la funci\u00f3n de calentamiento encendida).<\/p>\n<p>Simplemente haz clic, c\u00e1rgalo y enciende tu placer.<\/p>\n<p>Caracter\u00edsticas:<\/p>\n<ul>\n<li>Dimensiones del producto: 20.8 x 4.4 cm<\/li>\n<li>Peso del producto: 164 gram<\/li>\n<li>Di\u00e1metro del producto: 3.7 cm<\/li>\n<li>Longitud insertable: 14.1 cm<\/li>\n<li>Rotaciones: 10 RPM<\/li>\n<li>Tipos de velocidad: 8<\/li>\n<li>Nivel de ruido: 50 dB<\/li>\n<li>Tiempo de recarga: 120 min<\/li>\n<li>Duraci\u00f3na de las bater\u00edas: 120 min<\/li>\n<li>Resistente al aua<\/li>\n<li>Libre de ftalato<\/li>\n<li>Materiales: Silicona \/ ABS<\/li>\n<\/ul>\n","protected":false},"excerpt":{"rendered":"<p>SPICE &#8211; RECHARGEABLE HEATING G-SPOT VIBRATOR Con uno de los motores F1 de \u00faltima generaci\u00f3n que vibran a m\u00e1s de<\/p>\n","protected":false},"featured_media":60965,"comment_status":"open","ping_status":"open","template":"","meta":[],"product_cat":[639],"product_tag":[1601,302],"class_list":["post-60964","product","type-product","status-publish","has-post-thumbnail","hentry","product_cat-punto-g","product_tag-heat","product_tag-shots"],"bundled_by":[],"bundle_stock_status":"outofstock","bundle_stock_quantity":0,"bundle_virtual":false,"bundle_layout":"","bundle_add_to_cart_form_location":"","bundle_editable_in_cart":false,"bundle_sold_individually_context":"","bundle_item_grouping":"","bundle_min_size":"","bundle_max_size":"","bundled_items":[],"yoast_head":"<!-- This site is optimized with the Yoast SEO plugin v20.6 - https:\/\/yoast.com\/wordpress\/plugins\/seo\/ -->\n<title>SPICE - VIBRADOR CON CALOR PUNTO G RECARGABLE - MORADO - Tienda Er\u00f3tica<\/title>\n<meta name=\"robots\" content=\"noindex, follow, max-snippet:-1, max-image-preview:large, max-video-preview:-1\" \/>\n<meta property=\"og:locale\" content=\"es_ES\" \/>\n<meta property=\"og:type\" content=\"article\" \/>\n<meta property=\"og:title\" content=\"SPICE - VIBRADOR CON CALOR PUNTO G RECARGABLE - MORADO - Tienda Er\u00f3tica\" \/>\n<meta property=\"og:description\" content=\"SPICE &#8211; RECHARGEABLE HEATING G-SPOT VIBRATOR Con uno de los motores F1 de \u00faltima generaci\u00f3n que vibran a m\u00e1s de\" \/>\n<meta property=\"og:url\" content=\"https:\/\/demoweb.info\/sexshop001\/producto\/spice-vibrador-con-calor-punto-g-recargable-morado\/\" \/>\n<meta property=\"og:site_name\" content=\"Tienda Er\u00f3tica\" \/>\n<meta property=\"article:modified_time\" content=\"2022-01-22T17:08:28+00:00\" \/>\n<meta property=\"og:image\" content=\"https:\/\/demoweb.info\/sexshop001\/wp-content\/uploads\/2022\/01\/SPICE-VIBRADOR-CON-CALOR-PUNTO-G-RECARGABLE-MORADO.jpg\" \/>\n\t<meta property=\"og:image:width\" content=\"550\" \/>\n\t<meta property=\"og:image:height\" content=\"550\" \/>\n\t<meta property=\"og:image:type\" content=\"image\/jpeg\" \/>\n<meta name=\"twitter:card\" content=\"summary_large_image\" \/>\n<meta name=\"twitter:label1\" content=\"Tiempo de lectura\" \/>\n\t<meta name=\"twitter:data1\" content=\"1 minuto\" \/>\n<script type=\"application\/ld+json\" class=\"yoast-schema-graph\">{\"@context\":\"https:\/\/schema.org\",\"@graph\":[{\"@type\":\"WebPage\",\"@id\":\"https:\/\/demoweb.info\/sexshop001\/producto\/spice-vibrador-con-calor-punto-g-recargable-morado\/\",\"url\":\"https:\/\/demoweb.info\/sexshop001\/producto\/spice-vibrador-con-calor-punto-g-recargable-morado\/\",\"name\":\"SPICE - VIBRADOR CON CALOR PUNTO G RECARGABLE - MORADO - Tienda Er\u00f3tica\",\"isPartOf\":{\"@id\":\"https:\/\/demoweb.info\/sexshop001\/#website\"},\"datePublished\":\"2022-01-22T17:08:16+00:00\",\"dateModified\":\"2022-01-22T17:08:28+00:00\",\"breadcrumb\":{\"@id\":\"https:\/\/demoweb.info\/sexshop001\/producto\/spice-vibrador-con-calor-punto-g-recargable-morado\/#breadcrumb\"},\"inLanguage\":\"es\",\"potentialAction\":[{\"@type\":\"ReadAction\",\"target\":[\"https:\/\/demoweb.info\/sexshop001\/producto\/spice-vibrador-con-calor-punto-g-recargable-morado\/\"]}]},{\"@type\":\"BreadcrumbList\",\"@id\":\"https:\/\/demoweb.info\/sexshop001\/producto\/spice-vibrador-con-calor-punto-g-recargable-morado\/#breadcrumb\",\"itemListElement\":[{\"@type\":\"ListItem\",\"position\":1,\"name\":\"Portada\",\"item\":\"https:\/\/demoweb.info\/sexshop001\/\"},{\"@type\":\"ListItem\",\"position\":2,\"name\":\"Tienda\",\"item\":\"https:\/\/demoweb.info\/sexshop001\/tienda\/\"},{\"@type\":\"ListItem\",\"position\":3,\"name\":\"SPICE &#8211; VIBRADOR CON CALOR PUNTO G RECARGABLE &#8211; MORADO\"}]},{\"@type\":\"WebSite\",\"@id\":\"https:\/\/demoweb.info\/sexshop001\/#website\",\"url\":\"https:\/\/demoweb.info\/sexshop001\/\",\"name\":\"Tienda Er\u00f3tica\",\"description\":\"DEMOWEB SL\",\"potentialAction\":[{\"@type\":\"SearchAction\",\"target\":{\"@type\":\"EntryPoint\",\"urlTemplate\":\"https:\/\/demoweb.info\/sexshop001\/?s={search_term_string}\"},\"query-input\":\"required name=search_term_string\"}],\"inLanguage\":\"es\"}]}<\/script>\n<!-- \/ Yoast SEO plugin. -->","yoast_head_json":{"title":"SPICE - VIBRADOR CON CALOR PUNTO G RECARGABLE - MORADO - Tienda Er\u00f3tica","robots":{"index":"noindex","follow":"follow","max-snippet":"max-snippet:-1","max-image-preview":"max-image-preview:large","max-video-preview":"max-video-preview:-1"},"og_locale":"es_ES","og_type":"article","og_title":"SPICE - VIBRADOR CON CALOR PUNTO G RECARGABLE - MORADO - Tienda Er\u00f3tica","og_description":"SPICE &#8211; RECHARGEABLE HEATING G-SPOT VIBRATOR Con uno de los motores F1 de \u00faltima generaci\u00f3n que vibran a m\u00e1s de","og_url":"https:\/\/demoweb.info\/sexshop001\/producto\/spice-vibrador-con-calor-punto-g-recargable-morado\/","og_site_name":"Tienda Er\u00f3tica","article_modified_time":"2022-01-22T17:08:28+00:00","og_image":[{"width":550,"height":550,"url":"https:\/\/demoweb.info\/sexshop001\/wp-content\/uploads\/2022\/01\/SPICE-VIBRADOR-CON-CALOR-PUNTO-G-RECARGABLE-MORADO.jpg","type":"image\/jpeg"}],"twitter_card":"summary_large_image","twitter_misc":{"Tiempo de lectura":"1 minuto"},"schema":{"@context":"https:\/\/schema.org","@graph":[{"@type":"WebPage","@id":"https:\/\/demoweb.info\/sexshop001\/producto\/spice-vibrador-con-calor-punto-g-recargable-morado\/","url":"https:\/\/demoweb.info\/sexshop001\/producto\/spice-vibrador-con-calor-punto-g-recargable-morado\/","name":"SPICE - VIBRADOR CON CALOR PUNTO G RECARGABLE - MORADO - Tienda Er\u00f3tica","isPartOf":{"@id":"https:\/\/demoweb.info\/sexshop001\/#website"},"datePublished":"2022-01-22T17:08:16+00:00","dateModified":"2022-01-22T17:08:28+00:00","breadcrumb":{"@id":"https:\/\/demoweb.info\/sexshop001\/producto\/spice-vibrador-con-calor-punto-g-recargable-morado\/#breadcrumb"},"inLanguage":"es","potentialAction":[{"@type":"ReadAction","target":["https:\/\/demoweb.info\/sexshop001\/producto\/spice-vibrador-con-calor-punto-g-recargable-morado\/"]}]},{"@type":"BreadcrumbList","@id":"https:\/\/demoweb.info\/sexshop001\/producto\/spice-vibrador-con-calor-punto-g-recargable-morado\/#breadcrumb","itemListElement":[{"@type":"ListItem","position":1,"name":"Portada","item":"https:\/\/demoweb.info\/sexshop001\/"},{"@type":"ListItem","position":2,"name":"Tienda","item":"https:\/\/demoweb.info\/sexshop001\/tienda\/"},{"@type":"ListItem","position":3,"name":"SPICE &#8211; VIBRADOR CON CALOR PUNTO G RECARGABLE &#8211; MORADO"}]},{"@type":"WebSite","@id":"https:\/\/demoweb.info\/sexshop001\/#website","url":"https:\/\/demoweb.info\/sexshop001\/","name":"Tienda Er\u00f3tica","description":"DEMOWEB SL","potentialAction":[{"@type":"SearchAction","target":{"@type":"EntryPoint","urlTemplate":"https:\/\/demoweb.info\/sexshop001\/?s={search_term_string}"},"query-input":"required name=search_term_string"}],"inLanguage":"es"}]}},"_links":{"self":[{"href":"https:\/\/demoweb.info\/sexshop001\/wp-json\/wp\/v3\/product\/60964","targetHints":{"allow":["GET"]}}],"collection":[{"href":"https:\/\/demoweb.info\/sexshop001\/wp-json\/wp\/v3\/product"}],"about":[{"href":"https:\/\/demoweb.info\/sexshop001\/wp-json\/wp\/v2\/types\/product"}],"replies":[{"embeddable":true,"href":"https:\/\/demoweb.info\/sexshop001\/wp-json\/wp\/v2\/comments?post=60964"}],"wp:featuredmedia":[{"embeddable":true,"href":"https:\/\/demoweb.info\/sexshop001\/wp-json\/wp\/v2\/media\/60965"}],"wp:attachment":[{"href":"https:\/\/demoweb.info\/sexshop001\/wp-json\/wp\/v2\/media?parent=60964"}],"wp:term":[{"taxonomy":"product_cat","embeddable":true,"href":"https:\/\/demoweb.info\/sexshop001\/wp-json\/wp\/v2\/product_cat?post=60964"},{"taxonomy":"product_tag","embeddable":true,"href":"https:\/\/demoweb.info\/sexshop001\/wp-json\/wp\/v2\/product_tag?post=60964"}],"curies":[{"name":"wp","href":"https:\/\/api.w.org\/{rel}","templated":true}]}}