{"id":60954,"date":"2022-01-22T18:08:16","date_gmt":"2022-01-22T17:08:16","guid":{"rendered":"https:\/\/demoweb.info\/sexshop001\/producto\/varita-masajeadora-duo-morado\/"},"modified":"2022-01-22T18:08:20","modified_gmt":"2022-01-22T17:08:20","slug":"varita-masajeadora-duo-morado","status":"publish","type":"product","link":"https:\/\/demoweb.info\/sexshop001\/producto\/varita-masajeadora-duo-morado\/","title":{"rendered":"VARITA MASAJEADORA DUO &#8211; MORADO"},"content":{"rendered":"<p><strong>DUO WAND MASSAG-HER<\/strong><\/p>\n<p>Varita de masaje DUO especialmente dise\u00f1ada para ella.<\/p>\n<p>Duo Wand Massage cuenta con 2 motores: un motor con sus vibraciones profundas y retumbantes y el otro con un placer intenso y preciso. Presiona el bot\u00f3n para encender las poderosas vibraciones.<\/p>\n<p>Te retorcer\u00e1s de placer, empujando la cabeza redonda del Duo Wand Massage-Her contra el cl\u00edtoris.<\/p>\n<p>Enciende el extremo del masajeador de punta para poder deslizarlo en tu interior. <\/p>\n<p>Caracter\u00edsticas:<\/p>\n<p>Instrucciones de carga: recargable a trav\u00e9s del cable USB incluido.<\/p>\n<p>Encendido \/ apagado de la vibraci\u00f3n: Presione el bot\u00f3n de encendido para encender la unidad. Presione el bot\u00f3n de funci\u00f3n A para iniciar la vibraci\u00f3n del motor principal. Presione el bot\u00f3n de funci\u00f3n A para recorrer 10 patrones de vibraci\u00f3n. Presione el bot\u00f3n de funci\u00f3n B para iniciar la vibraci\u00f3n del motor de punta. Presione el bot\u00f3n de funci\u00f3n B para recorrer 10 patrones de vibraci\u00f3n. Ambos motores pueden ser utilizados simult\u00e1neamente. Presione el bot\u00f3n de encendido para apagar la unidad.<\/p>\n<p>Instrucciones de cuidado: la limpieza es instant\u00e1nea despu\u00e9s de la diversi\u00f3n con Refresh Toy Cleaner y agua tibia.<\/p>\n<p>2 motores ofrecen una potente vibraci\u00f3n<br \/>\nDos opciones para vibraciones profundas y placer puntual.<\/p>\n<p>10 potentes patrones de vibraci\u00f3n para cada motor<br \/>\nCada motor proporciona una estimulaci\u00f3n \u00edntima incre\u00edble con solo presionar un bot\u00f3n.<\/p>\n<p>Dise\u00f1o ergon\u00f3mico<br \/>\nLa forma inteligente despierta los contornos naturales de su cuerpo.<\/p>\n<p>USB recargable<br \/>\n\u00a1Listo cuando tu lo est\u00e9s! F\u00e1cil y convenientemente recargable ofreciendo horas de disfrute.<\/p>\n<p>Medidas:<\/p>\n<ul>\n<li>Longitud total: 20 cm<\/li>\n<li>Di\u00e1metro: 4,3 cm<\/li>\n<li>Longitud insertable: 9 cm<\/li>\n<\/ul>\n","protected":false},"excerpt":{"rendered":"<p>DUO WAND MASSAG-HER Varita de masaje DUO especialmente dise\u00f1ada para ella. Duo Wand Massage cuenta con 2 motores: un motor<\/p>\n","protected":false},"featured_media":60955,"comment_status":"open","ping_status":"open","template":"","meta":[],"product_cat":[370],"product_tag":[486,259],"class_list":["post-60954","product","type-product","status-publish","has-post-thumbnail","hentry","product_cat-clitoris","product_tag-fantasy-for-her","product_tag-pipedream"],"bundled_by":[],"bundle_stock_status":"instock","bundle_stock_quantity":2,"bundle_virtual":false,"bundle_layout":"","bundle_add_to_cart_form_location":"","bundle_editable_in_cart":false,"bundle_sold_individually_context":"","bundle_item_grouping":"","bundle_min_size":"","bundle_max_size":"","bundled_items":[],"yoast_head":"<!-- This site is optimized with the Yoast SEO plugin v20.6 - https:\/\/yoast.com\/wordpress\/plugins\/seo\/ -->\n<title>VARITA MASAJEADORA DUO - MORADO - Tienda Er\u00f3tica<\/title>\n<meta name=\"robots\" content=\"noindex, follow, max-snippet:-1, max-image-preview:large, max-video-preview:-1\" \/>\n<meta property=\"og:locale\" content=\"es_ES\" \/>\n<meta property=\"og:type\" content=\"article\" \/>\n<meta property=\"og:title\" content=\"VARITA MASAJEADORA DUO - MORADO - Tienda Er\u00f3tica\" \/>\n<meta property=\"og:description\" content=\"DUO WAND MASSAG-HER Varita de masaje DUO especialmente dise\u00f1ada para ella. Duo Wand Massage cuenta con 2 motores: un motor\" \/>\n<meta property=\"og:url\" content=\"https:\/\/demoweb.info\/sexshop001\/producto\/varita-masajeadora-duo-morado\/\" \/>\n<meta property=\"og:site_name\" content=\"Tienda Er\u00f3tica\" \/>\n<meta property=\"article:modified_time\" content=\"2022-01-22T17:08:20+00:00\" \/>\n<meta property=\"og:image\" content=\"https:\/\/demoweb.info\/sexshop001\/wp-content\/uploads\/2022\/01\/VARITA-MASAJEADORA-DUO-MORADO.jpg\" \/>\n\t<meta property=\"og:image:width\" content=\"550\" \/>\n\t<meta property=\"og:image:height\" content=\"550\" \/>\n\t<meta property=\"og:image:type\" content=\"image\/jpeg\" \/>\n<meta name=\"twitter:card\" content=\"summary_large_image\" \/>\n<meta name=\"twitter:label1\" content=\"Tiempo de lectura\" \/>\n\t<meta name=\"twitter:data1\" content=\"1 minuto\" \/>\n<script type=\"application\/ld+json\" class=\"yoast-schema-graph\">{\"@context\":\"https:\/\/schema.org\",\"@graph\":[{\"@type\":\"WebPage\",\"@id\":\"https:\/\/demoweb.info\/sexshop001\/producto\/varita-masajeadora-duo-morado\/\",\"url\":\"https:\/\/demoweb.info\/sexshop001\/producto\/varita-masajeadora-duo-morado\/\",\"name\":\"VARITA MASAJEADORA DUO - MORADO - Tienda Er\u00f3tica\",\"isPartOf\":{\"@id\":\"https:\/\/demoweb.info\/sexshop001\/#website\"},\"datePublished\":\"2022-01-22T17:08:16+00:00\",\"dateModified\":\"2022-01-22T17:08:20+00:00\",\"breadcrumb\":{\"@id\":\"https:\/\/demoweb.info\/sexshop001\/producto\/varita-masajeadora-duo-morado\/#breadcrumb\"},\"inLanguage\":\"es\",\"potentialAction\":[{\"@type\":\"ReadAction\",\"target\":[\"https:\/\/demoweb.info\/sexshop001\/producto\/varita-masajeadora-duo-morado\/\"]}]},{\"@type\":\"BreadcrumbList\",\"@id\":\"https:\/\/demoweb.info\/sexshop001\/producto\/varita-masajeadora-duo-morado\/#breadcrumb\",\"itemListElement\":[{\"@type\":\"ListItem\",\"position\":1,\"name\":\"Portada\",\"item\":\"https:\/\/demoweb.info\/sexshop001\/\"},{\"@type\":\"ListItem\",\"position\":2,\"name\":\"Tienda\",\"item\":\"https:\/\/demoweb.info\/sexshop001\/tienda\/\"},{\"@type\":\"ListItem\",\"position\":3,\"name\":\"VARITA MASAJEADORA DUO &#8211; MORADO\"}]},{\"@type\":\"WebSite\",\"@id\":\"https:\/\/demoweb.info\/sexshop001\/#website\",\"url\":\"https:\/\/demoweb.info\/sexshop001\/\",\"name\":\"Tienda Er\u00f3tica\",\"description\":\"DEMOWEB SL\",\"potentialAction\":[{\"@type\":\"SearchAction\",\"target\":{\"@type\":\"EntryPoint\",\"urlTemplate\":\"https:\/\/demoweb.info\/sexshop001\/?s={search_term_string}\"},\"query-input\":\"required name=search_term_string\"}],\"inLanguage\":\"es\"}]}<\/script>\n<!-- \/ Yoast SEO plugin. -->","yoast_head_json":{"title":"VARITA MASAJEADORA DUO - MORADO - Tienda Er\u00f3tica","robots":{"index":"noindex","follow":"follow","max-snippet":"max-snippet:-1","max-image-preview":"max-image-preview:large","max-video-preview":"max-video-preview:-1"},"og_locale":"es_ES","og_type":"article","og_title":"VARITA MASAJEADORA DUO - MORADO - Tienda Er\u00f3tica","og_description":"DUO WAND MASSAG-HER Varita de masaje DUO especialmente dise\u00f1ada para ella. Duo Wand Massage cuenta con 2 motores: un motor","og_url":"https:\/\/demoweb.info\/sexshop001\/producto\/varita-masajeadora-duo-morado\/","og_site_name":"Tienda Er\u00f3tica","article_modified_time":"2022-01-22T17:08:20+00:00","og_image":[{"width":550,"height":550,"url":"https:\/\/demoweb.info\/sexshop001\/wp-content\/uploads\/2022\/01\/VARITA-MASAJEADORA-DUO-MORADO.jpg","type":"image\/jpeg"}],"twitter_card":"summary_large_image","twitter_misc":{"Tiempo de lectura":"1 minuto"},"schema":{"@context":"https:\/\/schema.org","@graph":[{"@type":"WebPage","@id":"https:\/\/demoweb.info\/sexshop001\/producto\/varita-masajeadora-duo-morado\/","url":"https:\/\/demoweb.info\/sexshop001\/producto\/varita-masajeadora-duo-morado\/","name":"VARITA MASAJEADORA DUO - MORADO - Tienda Er\u00f3tica","isPartOf":{"@id":"https:\/\/demoweb.info\/sexshop001\/#website"},"datePublished":"2022-01-22T17:08:16+00:00","dateModified":"2022-01-22T17:08:20+00:00","breadcrumb":{"@id":"https:\/\/demoweb.info\/sexshop001\/producto\/varita-masajeadora-duo-morado\/#breadcrumb"},"inLanguage":"es","potentialAction":[{"@type":"ReadAction","target":["https:\/\/demoweb.info\/sexshop001\/producto\/varita-masajeadora-duo-morado\/"]}]},{"@type":"BreadcrumbList","@id":"https:\/\/demoweb.info\/sexshop001\/producto\/varita-masajeadora-duo-morado\/#breadcrumb","itemListElement":[{"@type":"ListItem","position":1,"name":"Portada","item":"https:\/\/demoweb.info\/sexshop001\/"},{"@type":"ListItem","position":2,"name":"Tienda","item":"https:\/\/demoweb.info\/sexshop001\/tienda\/"},{"@type":"ListItem","position":3,"name":"VARITA MASAJEADORA DUO &#8211; MORADO"}]},{"@type":"WebSite","@id":"https:\/\/demoweb.info\/sexshop001\/#website","url":"https:\/\/demoweb.info\/sexshop001\/","name":"Tienda Er\u00f3tica","description":"DEMOWEB SL","potentialAction":[{"@type":"SearchAction","target":{"@type":"EntryPoint","urlTemplate":"https:\/\/demoweb.info\/sexshop001\/?s={search_term_string}"},"query-input":"required name=search_term_string"}],"inLanguage":"es"}]}},"_links":{"self":[{"href":"https:\/\/demoweb.info\/sexshop001\/wp-json\/wp\/v3\/product\/60954","targetHints":{"allow":["GET"]}}],"collection":[{"href":"https:\/\/demoweb.info\/sexshop001\/wp-json\/wp\/v3\/product"}],"about":[{"href":"https:\/\/demoweb.info\/sexshop001\/wp-json\/wp\/v2\/types\/product"}],"replies":[{"embeddable":true,"href":"https:\/\/demoweb.info\/sexshop001\/wp-json\/wp\/v2\/comments?post=60954"}],"wp:featuredmedia":[{"embeddable":true,"href":"https:\/\/demoweb.info\/sexshop001\/wp-json\/wp\/v2\/media\/60955"}],"wp:attachment":[{"href":"https:\/\/demoweb.info\/sexshop001\/wp-json\/wp\/v2\/media?parent=60954"}],"wp:term":[{"taxonomy":"product_cat","embeddable":true,"href":"https:\/\/demoweb.info\/sexshop001\/wp-json\/wp\/v2\/product_cat?post=60954"},{"taxonomy":"product_tag","embeddable":true,"href":"https:\/\/demoweb.info\/sexshop001\/wp-json\/wp\/v2\/product_tag?post=60954"}],"curies":[{"name":"wp","href":"https:\/\/api.w.org\/{rel}","templated":true}]}}