{"id":60948,"date":"2022-01-22T18:08:16","date_gmt":"2022-01-22T17:08:16","guid":{"rendered":"https:\/\/demoweb.info\/sexshop001\/producto\/please-her-vibrador-flexible-morado\/"},"modified":"2022-01-22T18:08:16","modified_gmt":"2022-01-22T17:08:16","slug":"please-her-vibrador-flexible-morado","status":"publish","type":"product","link":"https:\/\/demoweb.info\/sexshop001\/producto\/please-her-vibrador-flexible-morado\/","title":{"rendered":"PLEASE-HER VIBRADOR FLEXIBLE &#8211; MORADO"},"content":{"rendered":"<p><strong>FLEXIBLE PLEASE-HER <\/strong><\/p>\n<p>Vibrador flexible de silicona Please-Her.  Presiona repetidamente el bot\u00f3n para recorrer los distintos patrones de vibraci\u00f3n.<\/p>\n<p>La forma ergon\u00f3mica de Please-Her te dar\u00e1 un masaje en el punto G y te llenar\u00e1 de vibraciones palpitantes. <\/p>\n<ul>\n<li>Instrucciones de carga: Recargable a trav\u00e9s del cable USB incluido.<\/li>\n<li>Vibraci\u00f3n de encendido \/ apagado: Mant\u00e9n presionado el bot\u00f3n de encendido para iniciarlo. Presionea el bot\u00f3n de encendido para recorrer 9 patrones de vibraci\u00f3n. Y mantenlo presionado para apagar.<\/li>\n<li>Instrucciones de cuidado: La limpieza es instant\u00e1nea despu\u00e9s de la diversi\u00f3n con Refresh Toy Cleaner y agua tibia.<\/li>\n<\/ul>\n<p>Caracter\u00edsticas:<\/p>\n<ul>\n<li>Vibraciones profundas y ruidosas<\/li>\n<\/ul>\n<p>9 patrones de vibraci\u00f3n de gran alcance<br \/>\nProporciona una estimulaci\u00f3n \u00edntima incre\u00edble con solo presionar un bot\u00f3n.<\/p>\n<ul>\n<li>Eje flexible.<\/li>\n<\/ul>\n<p>Flexibilidad aumentada<br \/>\nEje Limber abraza curvas y contornos.<\/p>\n<ul>\n<li>Recargable con USB<\/li>\n<\/ul>\n<p>\u00a1Listo cuando tu lo est\u00e9s! F\u00e1cil y convenientemente recargable ofreciendo horas de disfrute.<\/p>\n<ul>\n<li>Silicona Ultra-higi\u00e9nica Elite <\/li>\n<\/ul>\n<p>Incre\u00edblemente suave, seguro para el cuerpo, libre de ftalatos, sin l\u00e1tex y calienta a la temperatura de su cuerpo.<\/p>\n<p>Medidas:<\/p>\n<ul>\n<li>Longitud total: 19 cm<\/li>\n<li>Longitud insertable: 10 cm<\/li>\n<li>Di\u00e1metro: 2,8 cm<\/li>\n<\/ul>\n","protected":false},"excerpt":{"rendered":"<p>FLEXIBLE PLEASE-HER Vibrador flexible de silicona Please-Her. Presiona repetidamente el bot\u00f3n para recorrer los distintos patrones de vibraci\u00f3n. La forma<\/p>\n","protected":false},"featured_media":60949,"comment_status":"open","ping_status":"open","template":"","meta":[],"product_cat":[315],"product_tag":[486,259],"class_list":["post-60948","product","type-product","status-publish","has-post-thumbnail","hentry","product_cat-silicona-vibradores-juguetes-xxx","product_tag-fantasy-for-her","product_tag-pipedream"],"bundled_by":[],"bundle_stock_status":"instock","bundle_stock_quantity":1,"bundle_virtual":false,"bundle_layout":"","bundle_add_to_cart_form_location":"","bundle_editable_in_cart":false,"bundle_sold_individually_context":"","bundle_item_grouping":"","bundle_min_size":"","bundle_max_size":"","bundled_items":[],"yoast_head":"<!-- This site is optimized with the Yoast SEO plugin v20.6 - https:\/\/yoast.com\/wordpress\/plugins\/seo\/ -->\n<title>PLEASE-HER VIBRADOR FLEXIBLE - MORADO - Tienda Er\u00f3tica<\/title>\n<meta name=\"robots\" content=\"noindex, follow, max-snippet:-1, max-image-preview:large, max-video-preview:-1\" \/>\n<meta property=\"og:locale\" content=\"es_ES\" \/>\n<meta property=\"og:type\" content=\"article\" \/>\n<meta property=\"og:title\" content=\"PLEASE-HER VIBRADOR FLEXIBLE - MORADO - Tienda Er\u00f3tica\" \/>\n<meta property=\"og:description\" content=\"FLEXIBLE PLEASE-HER Vibrador flexible de silicona Please-Her. Presiona repetidamente el bot\u00f3n para recorrer los distintos patrones de vibraci\u00f3n. La forma\" \/>\n<meta property=\"og:url\" content=\"https:\/\/demoweb.info\/sexshop001\/producto\/please-her-vibrador-flexible-morado\/\" \/>\n<meta property=\"og:site_name\" content=\"Tienda Er\u00f3tica\" \/>\n<meta property=\"og:image\" content=\"https:\/\/demoweb.info\/sexshop001\/wp-content\/uploads\/2022\/01\/PLEASE-HER-VIBRADOR-FLEXIBLE-MORADO.jpg\" \/>\n\t<meta property=\"og:image:width\" content=\"550\" \/>\n\t<meta property=\"og:image:height\" content=\"550\" \/>\n\t<meta property=\"og:image:type\" content=\"image\/jpeg\" \/>\n<meta name=\"twitter:card\" content=\"summary_large_image\" \/>\n<meta name=\"twitter:label1\" content=\"Tiempo de lectura\" \/>\n\t<meta name=\"twitter:data1\" content=\"1 minuto\" \/>\n<script type=\"application\/ld+json\" class=\"yoast-schema-graph\">{\"@context\":\"https:\/\/schema.org\",\"@graph\":[{\"@type\":\"WebPage\",\"@id\":\"https:\/\/demoweb.info\/sexshop001\/producto\/please-her-vibrador-flexible-morado\/\",\"url\":\"https:\/\/demoweb.info\/sexshop001\/producto\/please-her-vibrador-flexible-morado\/\",\"name\":\"PLEASE-HER VIBRADOR FLEXIBLE - MORADO - Tienda Er\u00f3tica\",\"isPartOf\":{\"@id\":\"https:\/\/demoweb.info\/sexshop001\/#website\"},\"datePublished\":\"2022-01-22T17:08:16+00:00\",\"dateModified\":\"2022-01-22T17:08:16+00:00\",\"breadcrumb\":{\"@id\":\"https:\/\/demoweb.info\/sexshop001\/producto\/please-her-vibrador-flexible-morado\/#breadcrumb\"},\"inLanguage\":\"es\",\"potentialAction\":[{\"@type\":\"ReadAction\",\"target\":[\"https:\/\/demoweb.info\/sexshop001\/producto\/please-her-vibrador-flexible-morado\/\"]}]},{\"@type\":\"BreadcrumbList\",\"@id\":\"https:\/\/demoweb.info\/sexshop001\/producto\/please-her-vibrador-flexible-morado\/#breadcrumb\",\"itemListElement\":[{\"@type\":\"ListItem\",\"position\":1,\"name\":\"Portada\",\"item\":\"https:\/\/demoweb.info\/sexshop001\/\"},{\"@type\":\"ListItem\",\"position\":2,\"name\":\"Tienda\",\"item\":\"https:\/\/demoweb.info\/sexshop001\/tienda\/\"},{\"@type\":\"ListItem\",\"position\":3,\"name\":\"PLEASE-HER VIBRADOR FLEXIBLE &#8211; MORADO\"}]},{\"@type\":\"WebSite\",\"@id\":\"https:\/\/demoweb.info\/sexshop001\/#website\",\"url\":\"https:\/\/demoweb.info\/sexshop001\/\",\"name\":\"Tienda Er\u00f3tica\",\"description\":\"DEMOWEB SL\",\"potentialAction\":[{\"@type\":\"SearchAction\",\"target\":{\"@type\":\"EntryPoint\",\"urlTemplate\":\"https:\/\/demoweb.info\/sexshop001\/?s={search_term_string}\"},\"query-input\":\"required name=search_term_string\"}],\"inLanguage\":\"es\"}]}<\/script>\n<!-- \/ Yoast SEO plugin. -->","yoast_head_json":{"title":"PLEASE-HER VIBRADOR FLEXIBLE - MORADO - Tienda Er\u00f3tica","robots":{"index":"noindex","follow":"follow","max-snippet":"max-snippet:-1","max-image-preview":"max-image-preview:large","max-video-preview":"max-video-preview:-1"},"og_locale":"es_ES","og_type":"article","og_title":"PLEASE-HER VIBRADOR FLEXIBLE - MORADO - Tienda Er\u00f3tica","og_description":"FLEXIBLE PLEASE-HER Vibrador flexible de silicona Please-Her. Presiona repetidamente el bot\u00f3n para recorrer los distintos patrones de vibraci\u00f3n. La forma","og_url":"https:\/\/demoweb.info\/sexshop001\/producto\/please-her-vibrador-flexible-morado\/","og_site_name":"Tienda Er\u00f3tica","og_image":[{"width":550,"height":550,"url":"https:\/\/demoweb.info\/sexshop001\/wp-content\/uploads\/2022\/01\/PLEASE-HER-VIBRADOR-FLEXIBLE-MORADO.jpg","type":"image\/jpeg"}],"twitter_card":"summary_large_image","twitter_misc":{"Tiempo de lectura":"1 minuto"},"schema":{"@context":"https:\/\/schema.org","@graph":[{"@type":"WebPage","@id":"https:\/\/demoweb.info\/sexshop001\/producto\/please-her-vibrador-flexible-morado\/","url":"https:\/\/demoweb.info\/sexshop001\/producto\/please-her-vibrador-flexible-morado\/","name":"PLEASE-HER VIBRADOR FLEXIBLE - MORADO - Tienda Er\u00f3tica","isPartOf":{"@id":"https:\/\/demoweb.info\/sexshop001\/#website"},"datePublished":"2022-01-22T17:08:16+00:00","dateModified":"2022-01-22T17:08:16+00:00","breadcrumb":{"@id":"https:\/\/demoweb.info\/sexshop001\/producto\/please-her-vibrador-flexible-morado\/#breadcrumb"},"inLanguage":"es","potentialAction":[{"@type":"ReadAction","target":["https:\/\/demoweb.info\/sexshop001\/producto\/please-her-vibrador-flexible-morado\/"]}]},{"@type":"BreadcrumbList","@id":"https:\/\/demoweb.info\/sexshop001\/producto\/please-her-vibrador-flexible-morado\/#breadcrumb","itemListElement":[{"@type":"ListItem","position":1,"name":"Portada","item":"https:\/\/demoweb.info\/sexshop001\/"},{"@type":"ListItem","position":2,"name":"Tienda","item":"https:\/\/demoweb.info\/sexshop001\/tienda\/"},{"@type":"ListItem","position":3,"name":"PLEASE-HER VIBRADOR FLEXIBLE &#8211; MORADO"}]},{"@type":"WebSite","@id":"https:\/\/demoweb.info\/sexshop001\/#website","url":"https:\/\/demoweb.info\/sexshop001\/","name":"Tienda Er\u00f3tica","description":"DEMOWEB SL","potentialAction":[{"@type":"SearchAction","target":{"@type":"EntryPoint","urlTemplate":"https:\/\/demoweb.info\/sexshop001\/?s={search_term_string}"},"query-input":"required name=search_term_string"}],"inLanguage":"es"}]}},"_links":{"self":[{"href":"https:\/\/demoweb.info\/sexshop001\/wp-json\/wp\/v3\/product\/60948","targetHints":{"allow":["GET"]}}],"collection":[{"href":"https:\/\/demoweb.info\/sexshop001\/wp-json\/wp\/v3\/product"}],"about":[{"href":"https:\/\/demoweb.info\/sexshop001\/wp-json\/wp\/v2\/types\/product"}],"replies":[{"embeddable":true,"href":"https:\/\/demoweb.info\/sexshop001\/wp-json\/wp\/v2\/comments?post=60948"}],"wp:featuredmedia":[{"embeddable":true,"href":"https:\/\/demoweb.info\/sexshop001\/wp-json\/wp\/v2\/media\/60949"}],"wp:attachment":[{"href":"https:\/\/demoweb.info\/sexshop001\/wp-json\/wp\/v2\/media?parent=60948"}],"wp:term":[{"taxonomy":"product_cat","embeddable":true,"href":"https:\/\/demoweb.info\/sexshop001\/wp-json\/wp\/v2\/product_cat?post=60948"},{"taxonomy":"product_tag","embeddable":true,"href":"https:\/\/demoweb.info\/sexshop001\/wp-json\/wp\/v2\/product_tag?post=60948"}],"curies":[{"name":"wp","href":"https:\/\/api.w.org\/{rel}","templated":true}]}}