{"id":60942,"date":"2022-01-22T18:07:59","date_gmt":"2022-01-22T17:07:59","guid":{"rendered":"https:\/\/demoweb.info\/sexshop001\/producto\/please-her-estimulador-de-silicona-morado\/"},"modified":"2022-01-22T18:08:10","modified_gmt":"2022-01-22T17:08:10","slug":"please-her-estimulador-de-silicona-morado","status":"publish","type":"product","link":"https:\/\/demoweb.info\/sexshop001\/producto\/please-her-estimulador-de-silicona-morado\/","title":{"rendered":"PLEASE-HER ESTIMULADOR DE SILICONA &#8211; MORADO"},"content":{"rendered":"<p><strong>REMOTE SILICONE PLEASE-HER<\/strong><\/p>\n<p>Estimulador de silicona especialmente dise\u00f1ado para <em>ella<\/em>, para ofrecerle la libertad sexual que tanto anhela.<\/p>\n<p>Con control remoto y que se calienta a la temperatura de su propio cuerpo.<\/p>\n<p>F\u00e1cil de usar, enciende la vibraci\u00f3n silenciosa, y sostenlo contra el cl\u00edtoris. <\/p>\n<ul>\n<li>Instrucciones de carga: recargable a trav\u00e9s del cable USB incluido. Se puede utilizar con o sin el mando a distancia.<\/li>\n<li>Encendido \/ apagado de la vibraci\u00f3n: presione y mantenga presionado el bot\u00f3n de encendido en el bot\u00f3n Please-Her para iniciar el encendido. Presione el bot\u00f3n de encendido para recorrer 9 patrones de vibraci\u00f3n. Mantenga presionado para apagar.<\/li>\n<li>Instrucciones remotas: para usar el control remoto, primero active la funci\u00f3n Please-Her, luego encienda el control remoto para sincronizar. Presione el bot\u00f3n de encendido en el control remoto para ciclar patrones de vibraci\u00f3n. NOTA: recuerde apagar el control remoto y Please-Her.<\/li>\n<li>Control Remoto Inal\u00e1mbrico, 9 Patrones de Vibraci\u00f3n Intensos. Convenientemente tomar el mando de su placer. Proporciona una estimulaci\u00f3n \u00edntima silenciosa con solo presionar un bot\u00f3n.<\/li>\n<\/ul>\n<p>El kit contiene:<\/p>\n<p>PLEASE-HER<\/p>\n<ul>\n<li>Longitud del art\u00edculo: 89 mm<\/li>\n<li>Ancho del art\u00edculo: 41 mm<\/li>\n<li>Peso del art\u00edculo: 34 gramos<\/li>\n<\/ul>\n<p>Control Remoto<\/p>\n<ul>\n<li>Longitud del art\u00edculo: 61 mm<\/li>\n<li>Ancho del art\u00edculo: 36 mm<\/li>\n<li>Peso del art\u00edculo: 17 gramos<\/li>\n<\/ul>\n","protected":false},"excerpt":{"rendered":"<p>REMOTE SILICONE PLEASE-HER Estimulador de silicona especialmente dise\u00f1ado para ella, para ofrecerle la libertad sexual que tanto anhela. Con control<\/p>\n","protected":false},"featured_media":60943,"comment_status":"open","ping_status":"open","template":"","meta":[],"product_cat":[370],"product_tag":[486,259],"class_list":["post-60942","product","type-product","status-publish","has-post-thumbnail","hentry","product_cat-clitoris","product_tag-fantasy-for-her","product_tag-pipedream"],"bundled_by":[],"bundle_stock_status":"instock","bundle_stock_quantity":3,"bundle_virtual":false,"bundle_layout":"","bundle_add_to_cart_form_location":"","bundle_editable_in_cart":false,"bundle_sold_individually_context":"","bundle_item_grouping":"","bundle_min_size":"","bundle_max_size":"","bundled_items":[],"yoast_head":"<!-- This site is optimized with the Yoast SEO plugin v20.6 - https:\/\/yoast.com\/wordpress\/plugins\/seo\/ -->\n<title>PLEASE-HER ESTIMULADOR DE SILICONA - MORADO - Tienda Er\u00f3tica<\/title>\n<meta name=\"robots\" content=\"noindex, follow, max-snippet:-1, max-image-preview:large, max-video-preview:-1\" \/>\n<meta property=\"og:locale\" content=\"es_ES\" \/>\n<meta property=\"og:type\" content=\"article\" \/>\n<meta property=\"og:title\" content=\"PLEASE-HER ESTIMULADOR DE SILICONA - MORADO - Tienda Er\u00f3tica\" \/>\n<meta property=\"og:description\" content=\"REMOTE SILICONE PLEASE-HER Estimulador de silicona especialmente dise\u00f1ado para ella, para ofrecerle la libertad sexual que tanto anhela. Con control\" \/>\n<meta property=\"og:url\" content=\"https:\/\/demoweb.info\/sexshop001\/producto\/please-her-estimulador-de-silicona-morado\/\" \/>\n<meta property=\"og:site_name\" content=\"Tienda Er\u00f3tica\" \/>\n<meta property=\"article:modified_time\" content=\"2022-01-22T17:08:10+00:00\" \/>\n<meta property=\"og:image\" content=\"https:\/\/demoweb.info\/sexshop001\/wp-content\/uploads\/2022\/01\/PLEASE-HER-ESTIMULADOR-DE-SILICONA-MORADO.jpg\" \/>\n\t<meta property=\"og:image:width\" content=\"550\" \/>\n\t<meta property=\"og:image:height\" content=\"550\" \/>\n\t<meta property=\"og:image:type\" content=\"image\/jpeg\" \/>\n<meta name=\"twitter:card\" content=\"summary_large_image\" \/>\n<meta name=\"twitter:label1\" content=\"Tiempo de lectura\" \/>\n\t<meta name=\"twitter:data1\" content=\"1 minuto\" \/>\n<script type=\"application\/ld+json\" class=\"yoast-schema-graph\">{\"@context\":\"https:\/\/schema.org\",\"@graph\":[{\"@type\":\"WebPage\",\"@id\":\"https:\/\/demoweb.info\/sexshop001\/producto\/please-her-estimulador-de-silicona-morado\/\",\"url\":\"https:\/\/demoweb.info\/sexshop001\/producto\/please-her-estimulador-de-silicona-morado\/\",\"name\":\"PLEASE-HER ESTIMULADOR DE SILICONA - MORADO - Tienda Er\u00f3tica\",\"isPartOf\":{\"@id\":\"https:\/\/demoweb.info\/sexshop001\/#website\"},\"datePublished\":\"2022-01-22T17:07:59+00:00\",\"dateModified\":\"2022-01-22T17:08:10+00:00\",\"breadcrumb\":{\"@id\":\"https:\/\/demoweb.info\/sexshop001\/producto\/please-her-estimulador-de-silicona-morado\/#breadcrumb\"},\"inLanguage\":\"es\",\"potentialAction\":[{\"@type\":\"ReadAction\",\"target\":[\"https:\/\/demoweb.info\/sexshop001\/producto\/please-her-estimulador-de-silicona-morado\/\"]}]},{\"@type\":\"BreadcrumbList\",\"@id\":\"https:\/\/demoweb.info\/sexshop001\/producto\/please-her-estimulador-de-silicona-morado\/#breadcrumb\",\"itemListElement\":[{\"@type\":\"ListItem\",\"position\":1,\"name\":\"Portada\",\"item\":\"https:\/\/demoweb.info\/sexshop001\/\"},{\"@type\":\"ListItem\",\"position\":2,\"name\":\"Tienda\",\"item\":\"https:\/\/demoweb.info\/sexshop001\/tienda\/\"},{\"@type\":\"ListItem\",\"position\":3,\"name\":\"PLEASE-HER ESTIMULADOR DE SILICONA &#8211; MORADO\"}]},{\"@type\":\"WebSite\",\"@id\":\"https:\/\/demoweb.info\/sexshop001\/#website\",\"url\":\"https:\/\/demoweb.info\/sexshop001\/\",\"name\":\"Tienda Er\u00f3tica\",\"description\":\"DEMOWEB SL\",\"potentialAction\":[{\"@type\":\"SearchAction\",\"target\":{\"@type\":\"EntryPoint\",\"urlTemplate\":\"https:\/\/demoweb.info\/sexshop001\/?s={search_term_string}\"},\"query-input\":\"required name=search_term_string\"}],\"inLanguage\":\"es\"}]}<\/script>\n<!-- \/ Yoast SEO plugin. -->","yoast_head_json":{"title":"PLEASE-HER ESTIMULADOR DE SILICONA - MORADO - Tienda Er\u00f3tica","robots":{"index":"noindex","follow":"follow","max-snippet":"max-snippet:-1","max-image-preview":"max-image-preview:large","max-video-preview":"max-video-preview:-1"},"og_locale":"es_ES","og_type":"article","og_title":"PLEASE-HER ESTIMULADOR DE SILICONA - MORADO - Tienda Er\u00f3tica","og_description":"REMOTE SILICONE PLEASE-HER Estimulador de silicona especialmente dise\u00f1ado para ella, para ofrecerle la libertad sexual que tanto anhela. Con control","og_url":"https:\/\/demoweb.info\/sexshop001\/producto\/please-her-estimulador-de-silicona-morado\/","og_site_name":"Tienda Er\u00f3tica","article_modified_time":"2022-01-22T17:08:10+00:00","og_image":[{"width":550,"height":550,"url":"https:\/\/demoweb.info\/sexshop001\/wp-content\/uploads\/2022\/01\/PLEASE-HER-ESTIMULADOR-DE-SILICONA-MORADO.jpg","type":"image\/jpeg"}],"twitter_card":"summary_large_image","twitter_misc":{"Tiempo de lectura":"1 minuto"},"schema":{"@context":"https:\/\/schema.org","@graph":[{"@type":"WebPage","@id":"https:\/\/demoweb.info\/sexshop001\/producto\/please-her-estimulador-de-silicona-morado\/","url":"https:\/\/demoweb.info\/sexshop001\/producto\/please-her-estimulador-de-silicona-morado\/","name":"PLEASE-HER ESTIMULADOR DE SILICONA - MORADO - Tienda Er\u00f3tica","isPartOf":{"@id":"https:\/\/demoweb.info\/sexshop001\/#website"},"datePublished":"2022-01-22T17:07:59+00:00","dateModified":"2022-01-22T17:08:10+00:00","breadcrumb":{"@id":"https:\/\/demoweb.info\/sexshop001\/producto\/please-her-estimulador-de-silicona-morado\/#breadcrumb"},"inLanguage":"es","potentialAction":[{"@type":"ReadAction","target":["https:\/\/demoweb.info\/sexshop001\/producto\/please-her-estimulador-de-silicona-morado\/"]}]},{"@type":"BreadcrumbList","@id":"https:\/\/demoweb.info\/sexshop001\/producto\/please-her-estimulador-de-silicona-morado\/#breadcrumb","itemListElement":[{"@type":"ListItem","position":1,"name":"Portada","item":"https:\/\/demoweb.info\/sexshop001\/"},{"@type":"ListItem","position":2,"name":"Tienda","item":"https:\/\/demoweb.info\/sexshop001\/tienda\/"},{"@type":"ListItem","position":3,"name":"PLEASE-HER ESTIMULADOR DE SILICONA &#8211; MORADO"}]},{"@type":"WebSite","@id":"https:\/\/demoweb.info\/sexshop001\/#website","url":"https:\/\/demoweb.info\/sexshop001\/","name":"Tienda Er\u00f3tica","description":"DEMOWEB SL","potentialAction":[{"@type":"SearchAction","target":{"@type":"EntryPoint","urlTemplate":"https:\/\/demoweb.info\/sexshop001\/?s={search_term_string}"},"query-input":"required name=search_term_string"}],"inLanguage":"es"}]}},"_links":{"self":[{"href":"https:\/\/demoweb.info\/sexshop001\/wp-json\/wp\/v3\/product\/60942","targetHints":{"allow":["GET"]}}],"collection":[{"href":"https:\/\/demoweb.info\/sexshop001\/wp-json\/wp\/v3\/product"}],"about":[{"href":"https:\/\/demoweb.info\/sexshop001\/wp-json\/wp\/v2\/types\/product"}],"replies":[{"embeddable":true,"href":"https:\/\/demoweb.info\/sexshop001\/wp-json\/wp\/v2\/comments?post=60942"}],"wp:featuredmedia":[{"embeddable":true,"href":"https:\/\/demoweb.info\/sexshop001\/wp-json\/wp\/v2\/media\/60943"}],"wp:attachment":[{"href":"https:\/\/demoweb.info\/sexshop001\/wp-json\/wp\/v2\/media?parent=60942"}],"wp:term":[{"taxonomy":"product_cat","embeddable":true,"href":"https:\/\/demoweb.info\/sexshop001\/wp-json\/wp\/v2\/product_cat?post=60942"},{"taxonomy":"product_tag","embeddable":true,"href":"https:\/\/demoweb.info\/sexshop001\/wp-json\/wp\/v2\/product_tag?post=60942"}],"curies":[{"name":"wp","href":"https:\/\/api.w.org\/{rel}","templated":true}]}}