{"id":60939,"date":"2022-01-22T18:07:59","date_gmt":"2022-01-22T17:07:59","guid":{"rendered":"https:\/\/demoweb.info\/sexshop001\/producto\/anal-teaser-vibrador-de-silicona-con-mando-negro\/"},"modified":"2022-01-22T18:08:08","modified_gmt":"2022-01-22T17:08:08","slug":"anal-teaser-vibrador-de-silicona-con-mando-negro","status":"publish","type":"product","link":"https:\/\/demoweb.info\/sexshop001\/producto\/anal-teaser-vibrador-de-silicona-con-mando-negro\/","title":{"rendered":"ANAL TEASER VIBRADOR DE SILICONA CON MANDO &#8211; NEGRO"},"content":{"rendered":"<p><strong>REMOTE CONTROL ANAL TEASER <\/strong><\/p>\n<p>Cuando est\u00e1s buscando llevar tu juego anal al siguiente nivel, la colecci\u00f3n Anal Fantasy Elite es la mejor opci\u00f3n para la excitaci\u00f3n anal de alto nivel y el juego de la pr\u00f3stata.<\/p>\n<p>Hecho de material ultra-higi\u00e9nico Elite Silicone, la colecci\u00f3n Elite es segura para el cuerpo, libre de ftalatos, l\u00e1tex y est\u00e1 dise\u00f1ada para jugar duro. Los enchufes y sondas Elite Collection est\u00e1n dise\u00f1ados ergon\u00f3micamente para brindar el m\u00e1ximo confort y la satisfacci\u00f3n garantizada.<\/p>\n<p>Peque\u00f1o pero potente, este impermeable plug anal de silicona es perfecto para principiantes, conocedores y cualquier persona que busque un enchufe ergon\u00f3mico lo suficientemente c\u00f3modo como para usarlo todo el d\u00eda.<\/p>\n<p>Alimentado por un motor recargable, este elegante enchufe cuenta con un dise\u00f1o de f\u00e1cil inserci\u00f3n y vibraciones superfuertes de 9 funciones para incre\u00edbles sensaciones. El Elite Silicone es s\u00faper sedoso al tacto e hipoalerg\u00e9nico, lo que lo convierte en el material m\u00e1s seguro para una excitaci\u00f3n anal sin preocupaciones.<\/p>\n<p>\u00a1La clave para el juego anal es tomarlo con calma! Intentar la penetraci\u00f3n anal antes de excitarte adecuadamente puede ser desagradable, as\u00ed que rel\u00e1jate para disfrutar de la experiencia. El juego con los dedos es una excelente manera de relajar el ano, as\u00ed que use una manga de dedo incluida para masajear el \u00e1rea. El ano y el recto no tienen un sistema de lubricaci\u00f3n natural como la vagina, por lo tanto, use un mont\u00f3n de Moist Anal Lube incluido para reducir la fricci\u00f3n y aumentar el placer.<\/p>\n<p>La silicona ultra-higi\u00e9nica Elite no contiene ftalatos, es hipoalerg\u00e9nica y es muy flexible. La limpieza es instant\u00e1nea despu\u00e9s de la diversi\u00f3n con el limpiador de juguetes Refresh y el agua tibia incluidos.<\/p>\n<p>Caracter\u00edsticas:<\/p>\n<ul>\n<li>Convenientemente impermeable: Disfruta en la ducha, ba\u00f1era o spa<\/li>\n<li>Vibraci\u00f3n silenciosa y potente: Amplifica en privado tu placer anal<\/li>\n<li>Silicona higi\u00e9nica suave: Seguridad del cuerpo, libre de ftalatos, sin l\u00e1tex y calienta la temperatura corporal<\/li>\n<li>USB recargable: Para carga universal en cualquier lugar. Funciona durante una hora con una sola carga.<\/li>\n<li>Control intuitivo simple para 9 modos de vibraci\u00f3n digital: 3 niveles de potencia + 6 funciones de vibraci\u00f3n<\/li>\n<\/ul>\n<p>Medidas:<\/p>\n<ul>\n<li>Longitud total: 12 cm<\/li>\n<li>Longitud insertable: 10 cm<\/li>\n<li>Ancho: 4,3 cm<\/li>\n<\/ul>\n","protected":false},"excerpt":{"rendered":"<p>REMOTE CONTROL ANAL TEASER Cuando est\u00e1s buscando llevar tu juego anal al siguiente nivel, la colecci\u00f3n Anal Fantasy Elite es<\/p>\n","protected":false},"featured_media":60940,"comment_status":"open","ping_status":"open","template":"","meta":[],"product_cat":[338],"product_tag":[1558,259],"class_list":["post-60939","product","type-product","status-publish","has-post-thumbnail","hentry","product_cat-silicona-plugs","product_tag-anal-fantasy-elite-collection","product_tag-pipedream"],"bundled_by":[],"bundle_stock_status":"instock","bundle_stock_quantity":1,"bundle_virtual":false,"bundle_layout":"","bundle_add_to_cart_form_location":"","bundle_editable_in_cart":false,"bundle_sold_individually_context":"","bundle_item_grouping":"","bundle_min_size":"","bundle_max_size":"","bundled_items":[],"yoast_head":"<!-- This site is optimized with the Yoast SEO plugin v20.6 - https:\/\/yoast.com\/wordpress\/plugins\/seo\/ -->\n<title>ANAL TEASER VIBRADOR DE SILICONA CON MANDO - NEGRO - Tienda Er\u00f3tica<\/title>\n<meta name=\"robots\" content=\"noindex, follow, max-snippet:-1, max-image-preview:large, max-video-preview:-1\" \/>\n<meta property=\"og:locale\" content=\"es_ES\" \/>\n<meta property=\"og:type\" content=\"article\" \/>\n<meta property=\"og:title\" content=\"ANAL TEASER VIBRADOR DE SILICONA CON MANDO - NEGRO - Tienda Er\u00f3tica\" \/>\n<meta property=\"og:description\" content=\"REMOTE CONTROL ANAL TEASER Cuando est\u00e1s buscando llevar tu juego anal al siguiente nivel, la colecci\u00f3n Anal Fantasy Elite es\" \/>\n<meta property=\"og:url\" content=\"https:\/\/demoweb.info\/sexshop001\/producto\/anal-teaser-vibrador-de-silicona-con-mando-negro\/\" \/>\n<meta property=\"og:site_name\" content=\"Tienda Er\u00f3tica\" \/>\n<meta property=\"article:modified_time\" content=\"2022-01-22T17:08:08+00:00\" \/>\n<meta property=\"og:image\" content=\"https:\/\/demoweb.info\/sexshop001\/wp-content\/uploads\/2022\/01\/ANAL-TEASER-VIBRADOR-DE-SILICONA-CON-MANDO-NEGRO.jpg\" \/>\n\t<meta property=\"og:image:width\" content=\"550\" \/>\n\t<meta property=\"og:image:height\" content=\"550\" \/>\n\t<meta property=\"og:image:type\" content=\"image\/jpeg\" \/>\n<meta name=\"twitter:card\" content=\"summary_large_image\" \/>\n<meta name=\"twitter:label1\" content=\"Tiempo de lectura\" \/>\n\t<meta name=\"twitter:data1\" content=\"2 minutos\" \/>\n<script type=\"application\/ld+json\" class=\"yoast-schema-graph\">{\"@context\":\"https:\/\/schema.org\",\"@graph\":[{\"@type\":\"WebPage\",\"@id\":\"https:\/\/demoweb.info\/sexshop001\/producto\/anal-teaser-vibrador-de-silicona-con-mando-negro\/\",\"url\":\"https:\/\/demoweb.info\/sexshop001\/producto\/anal-teaser-vibrador-de-silicona-con-mando-negro\/\",\"name\":\"ANAL TEASER VIBRADOR DE SILICONA CON MANDO - NEGRO - Tienda Er\u00f3tica\",\"isPartOf\":{\"@id\":\"https:\/\/demoweb.info\/sexshop001\/#website\"},\"datePublished\":\"2022-01-22T17:07:59+00:00\",\"dateModified\":\"2022-01-22T17:08:08+00:00\",\"breadcrumb\":{\"@id\":\"https:\/\/demoweb.info\/sexshop001\/producto\/anal-teaser-vibrador-de-silicona-con-mando-negro\/#breadcrumb\"},\"inLanguage\":\"es\",\"potentialAction\":[{\"@type\":\"ReadAction\",\"target\":[\"https:\/\/demoweb.info\/sexshop001\/producto\/anal-teaser-vibrador-de-silicona-con-mando-negro\/\"]}]},{\"@type\":\"BreadcrumbList\",\"@id\":\"https:\/\/demoweb.info\/sexshop001\/producto\/anal-teaser-vibrador-de-silicona-con-mando-negro\/#breadcrumb\",\"itemListElement\":[{\"@type\":\"ListItem\",\"position\":1,\"name\":\"Portada\",\"item\":\"https:\/\/demoweb.info\/sexshop001\/\"},{\"@type\":\"ListItem\",\"position\":2,\"name\":\"Tienda\",\"item\":\"https:\/\/demoweb.info\/sexshop001\/tienda\/\"},{\"@type\":\"ListItem\",\"position\":3,\"name\":\"ANAL TEASER VIBRADOR DE SILICONA CON MANDO &#8211; NEGRO\"}]},{\"@type\":\"WebSite\",\"@id\":\"https:\/\/demoweb.info\/sexshop001\/#website\",\"url\":\"https:\/\/demoweb.info\/sexshop001\/\",\"name\":\"Tienda Er\u00f3tica\",\"description\":\"DEMOWEB SL\",\"potentialAction\":[{\"@type\":\"SearchAction\",\"target\":{\"@type\":\"EntryPoint\",\"urlTemplate\":\"https:\/\/demoweb.info\/sexshop001\/?s={search_term_string}\"},\"query-input\":\"required name=search_term_string\"}],\"inLanguage\":\"es\"}]}<\/script>\n<!-- \/ Yoast SEO plugin. -->","yoast_head_json":{"title":"ANAL TEASER VIBRADOR DE SILICONA CON MANDO - NEGRO - Tienda Er\u00f3tica","robots":{"index":"noindex","follow":"follow","max-snippet":"max-snippet:-1","max-image-preview":"max-image-preview:large","max-video-preview":"max-video-preview:-1"},"og_locale":"es_ES","og_type":"article","og_title":"ANAL TEASER VIBRADOR DE SILICONA CON MANDO - NEGRO - Tienda Er\u00f3tica","og_description":"REMOTE CONTROL ANAL TEASER Cuando est\u00e1s buscando llevar tu juego anal al siguiente nivel, la colecci\u00f3n Anal Fantasy Elite es","og_url":"https:\/\/demoweb.info\/sexshop001\/producto\/anal-teaser-vibrador-de-silicona-con-mando-negro\/","og_site_name":"Tienda Er\u00f3tica","article_modified_time":"2022-01-22T17:08:08+00:00","og_image":[{"width":550,"height":550,"url":"https:\/\/demoweb.info\/sexshop001\/wp-content\/uploads\/2022\/01\/ANAL-TEASER-VIBRADOR-DE-SILICONA-CON-MANDO-NEGRO.jpg","type":"image\/jpeg"}],"twitter_card":"summary_large_image","twitter_misc":{"Tiempo de lectura":"2 minutos"},"schema":{"@context":"https:\/\/schema.org","@graph":[{"@type":"WebPage","@id":"https:\/\/demoweb.info\/sexshop001\/producto\/anal-teaser-vibrador-de-silicona-con-mando-negro\/","url":"https:\/\/demoweb.info\/sexshop001\/producto\/anal-teaser-vibrador-de-silicona-con-mando-negro\/","name":"ANAL TEASER VIBRADOR DE SILICONA CON MANDO - NEGRO - Tienda Er\u00f3tica","isPartOf":{"@id":"https:\/\/demoweb.info\/sexshop001\/#website"},"datePublished":"2022-01-22T17:07:59+00:00","dateModified":"2022-01-22T17:08:08+00:00","breadcrumb":{"@id":"https:\/\/demoweb.info\/sexshop001\/producto\/anal-teaser-vibrador-de-silicona-con-mando-negro\/#breadcrumb"},"inLanguage":"es","potentialAction":[{"@type":"ReadAction","target":["https:\/\/demoweb.info\/sexshop001\/producto\/anal-teaser-vibrador-de-silicona-con-mando-negro\/"]}]},{"@type":"BreadcrumbList","@id":"https:\/\/demoweb.info\/sexshop001\/producto\/anal-teaser-vibrador-de-silicona-con-mando-negro\/#breadcrumb","itemListElement":[{"@type":"ListItem","position":1,"name":"Portada","item":"https:\/\/demoweb.info\/sexshop001\/"},{"@type":"ListItem","position":2,"name":"Tienda","item":"https:\/\/demoweb.info\/sexshop001\/tienda\/"},{"@type":"ListItem","position":3,"name":"ANAL TEASER VIBRADOR DE SILICONA CON MANDO &#8211; NEGRO"}]},{"@type":"WebSite","@id":"https:\/\/demoweb.info\/sexshop001\/#website","url":"https:\/\/demoweb.info\/sexshop001\/","name":"Tienda Er\u00f3tica","description":"DEMOWEB SL","potentialAction":[{"@type":"SearchAction","target":{"@type":"EntryPoint","urlTemplate":"https:\/\/demoweb.info\/sexshop001\/?s={search_term_string}"},"query-input":"required name=search_term_string"}],"inLanguage":"es"}]}},"_links":{"self":[{"href":"https:\/\/demoweb.info\/sexshop001\/wp-json\/wp\/v3\/product\/60939","targetHints":{"allow":["GET"]}}],"collection":[{"href":"https:\/\/demoweb.info\/sexshop001\/wp-json\/wp\/v3\/product"}],"about":[{"href":"https:\/\/demoweb.info\/sexshop001\/wp-json\/wp\/v2\/types\/product"}],"replies":[{"embeddable":true,"href":"https:\/\/demoweb.info\/sexshop001\/wp-json\/wp\/v2\/comments?post=60939"}],"wp:featuredmedia":[{"embeddable":true,"href":"https:\/\/demoweb.info\/sexshop001\/wp-json\/wp\/v2\/media\/60940"}],"wp:attachment":[{"href":"https:\/\/demoweb.info\/sexshop001\/wp-json\/wp\/v2\/media?parent=60939"}],"wp:term":[{"taxonomy":"product_cat","embeddable":true,"href":"https:\/\/demoweb.info\/sexshop001\/wp-json\/wp\/v2\/product_cat?post=60939"},{"taxonomy":"product_tag","embeddable":true,"href":"https:\/\/demoweb.info\/sexshop001\/wp-json\/wp\/v2\/product_tag?post=60939"}],"curies":[{"name":"wp","href":"https:\/\/api.w.org\/{rel}","templated":true}]}}