{"id":60933,"date":"2022-01-22T18:07:59","date_gmt":"2022-01-22T17:07:59","guid":{"rendered":"https:\/\/demoweb.info\/sexshop001\/producto\/funda-castidad-con-plug-negro\/"},"modified":"2022-01-22T18:08:04","modified_gmt":"2022-01-22T17:08:04","slug":"funda-castidad-con-plug-negro","status":"publish","type":"product","link":"https:\/\/demoweb.info\/sexshop001\/producto\/funda-castidad-con-plug-negro\/","title":{"rendered":"FUNDA CASTIDAD CON PLUG &#8211; NEGRO"},"content":{"rendered":"<p><strong>ASS-GASM COCK BLOCKER <\/strong><\/p>\n<p>Cuando est\u00e1s buscando llevar tu juego anal al siguiente nivel, la colecci\u00f3n Anal Fantasy Elite es la mejor opci\u00f3n para la excitaci\u00f3n anal de alto nivel y el juego de la pr\u00f3stata.<\/p>\n<p>Hecho del material ultra-higi\u00e9nico Elite Silicone, la Elite Collection es segura para el cuerpo, libre de ftalatos, l\u00e1tex y est\u00e1 dise\u00f1ada para jugar duro. Todos los enchufes y sondas de la colecci\u00f3n Elite est\u00e1n dise\u00f1ados ergon\u00f3micamente para brindar el m\u00e1ximo confort y la satisfacci\u00f3n garantizada. <\/p>\n<p>El enchufe Ass-Gasm m\u00e1s vendido, combinado con el popular bloqueador de penes de silicona Elite, proporciona un placer explosivo. El bloqueador Ass-Gasm presenta un tama\u00f1o peque\u00f1o con un eje delgado y c\u00f3nico para garantizar que el tap\u00f3n permanezca en su lugar cuando la acci\u00f3n se calienta.<\/p>\n<p>El resistente anillo ajustable de acero inoxidable envuelve todo el paquete del sujeto, dejando su eje bloqueado dentro de la funda de silicona transpirable. Con una comodidad incomparable, esta jaula de castidad de silicona ventilada tiene un peque\u00f1o orificio para ayudar a orinar para una mayor capacidad de uso.<\/p>\n<p>El bloqueador Ass-Gasm cuenta con un resistente anillo ajustable de acero inoxidable que se envuelve alrededor del paquete completo del sujeto, dejando su eje bloqueado dentro de la funda de silicona transpirable. Con una comodidad incomparable, esta jaula de castidad de silicona ventilada es el dispositivo de castidad definitivo para los novatos y los entusiastas del fetiche.<\/p>\n<p>Col\u00f3cate el bloqueador de pene, inserta el Ass-Gasm, cierra la cerradura y disfruta de la emoci\u00f3n de encerrar a tu amante, \u00a1o abandona el control y entrega las llaves!<\/p>\n<p>La silicona ultra-higi\u00e9nica Elite no contiene ftalatos, es hipoalerg\u00e9nica y es muy flexible.<\/p>\n<p>Incluye: 1 cerradura, 2 llaves y 3 cerraduras de castidad pl\u00e1sticas<\/p>\n<p>Caracter\u00edsticas:<\/p>\n<ul>\n<li>Anillo de acero inoxidable<\/li>\n<li>3 tama\u00f1os ajustables<\/li>\n<li>Cock Lock: \u00a1Cierra a tu pareja solo para ti!<\/li>\n<li>Plug para la pr\u00f3stata: Proporciona la mejor burla. Estimula la pr\u00f3stata mientras niegas el pene.<\/li>\n<li>Silicona Ultra-Higi\u00e9nica Elite: Incre\u00edblemente suave, seguro para el cuerpo, libre de ftalatos, sin l\u00e1tex y calienta a la temperatura de su tuerpo.<\/li>\n<li>Agujero de micci\u00f3n<\/li>\n<li>Para uso a largo plazo<\/li>\n<\/ul>\n<p>\u00a1Kit de preparaci\u00f3n GRATIS incluido!<\/p>\n<ul>\n<li>Limpiador de juguetes 29ml<\/li>\n<li>Lubricante anal 29 ml<\/li>\n<li>1x Anal Eaze Insertz Creame<\/li>\n<li>1x Guante de nitrilo <\/li>\n<\/ul>\n<p>Medidas:<\/p>\n<ul>\n<li>Di\u00e1metro del anillo del martillo (min.): 4.5 cm<\/li>\n<li>Di\u00e1metro del anillo del martillo (m\u00e1x.): 5 cm<\/li>\n<li>Longitud del Enchufe Insertable: 7,6 cm<\/li>\n<li>Di\u00e1metro del enchufe: 2,8 cm<\/li>\n<li>Longitud de la manga: 12,7 cm<\/li>\n<li>Di\u00e1metro interior de la manga: 4,6 cm<\/li>\n<\/ul>\n","protected":false},"excerpt":{"rendered":"<p>ASS-GASM COCK BLOCKER Cuando est\u00e1s buscando llevar tu juego anal al siguiente nivel, la colecci\u00f3n Anal Fantasy Elite es la<\/p>\n","protected":false},"featured_media":60934,"comment_status":"open","ping_status":"open","template":"","meta":[],"product_cat":[1442],"product_tag":[1558,259],"class_list":["post-60933","product","type-product","status-publish","has-post-thumbnail","hentry","product_cat-con-plug-fundas","product_tag-anal-fantasy-elite-collection","product_tag-pipedream"],"bundled_by":[],"bundle_stock_status":"instock","bundle_stock_quantity":2,"bundle_virtual":false,"bundle_layout":"","bundle_add_to_cart_form_location":"","bundle_editable_in_cart":false,"bundle_sold_individually_context":"","bundle_item_grouping":"","bundle_min_size":"","bundle_max_size":"","bundled_items":[],"yoast_head":"<!-- This site is optimized with the Yoast SEO plugin v20.6 - https:\/\/yoast.com\/wordpress\/plugins\/seo\/ -->\n<title>FUNDA CASTIDAD CON PLUG - NEGRO - Tienda Er\u00f3tica<\/title>\n<meta name=\"robots\" content=\"noindex, follow, max-snippet:-1, max-image-preview:large, max-video-preview:-1\" \/>\n<meta property=\"og:locale\" content=\"es_ES\" \/>\n<meta property=\"og:type\" content=\"article\" \/>\n<meta property=\"og:title\" content=\"FUNDA CASTIDAD CON PLUG - NEGRO - Tienda Er\u00f3tica\" \/>\n<meta property=\"og:description\" content=\"ASS-GASM COCK BLOCKER Cuando est\u00e1s buscando llevar tu juego anal al siguiente nivel, la colecci\u00f3n Anal Fantasy Elite es la\" \/>\n<meta property=\"og:url\" content=\"https:\/\/demoweb.info\/sexshop001\/producto\/funda-castidad-con-plug-negro\/\" \/>\n<meta property=\"og:site_name\" content=\"Tienda Er\u00f3tica\" \/>\n<meta property=\"article:modified_time\" content=\"2022-01-22T17:08:04+00:00\" \/>\n<meta property=\"og:image\" content=\"https:\/\/demoweb.info\/sexshop001\/wp-content\/uploads\/2022\/01\/FUNDA-CASTIDAD-CON-PLUG-NEGRO.jpg\" \/>\n\t<meta property=\"og:image:width\" content=\"550\" \/>\n\t<meta property=\"og:image:height\" content=\"550\" \/>\n\t<meta property=\"og:image:type\" content=\"image\/jpeg\" \/>\n<meta name=\"twitter:card\" content=\"summary_large_image\" \/>\n<meta name=\"twitter:label1\" content=\"Tiempo de lectura\" \/>\n\t<meta name=\"twitter:data1\" content=\"2 minutos\" \/>\n<script type=\"application\/ld+json\" class=\"yoast-schema-graph\">{\"@context\":\"https:\/\/schema.org\",\"@graph\":[{\"@type\":\"WebPage\",\"@id\":\"https:\/\/demoweb.info\/sexshop001\/producto\/funda-castidad-con-plug-negro\/\",\"url\":\"https:\/\/demoweb.info\/sexshop001\/producto\/funda-castidad-con-plug-negro\/\",\"name\":\"FUNDA CASTIDAD CON PLUG - NEGRO - Tienda Er\u00f3tica\",\"isPartOf\":{\"@id\":\"https:\/\/demoweb.info\/sexshop001\/#website\"},\"datePublished\":\"2022-01-22T17:07:59+00:00\",\"dateModified\":\"2022-01-22T17:08:04+00:00\",\"breadcrumb\":{\"@id\":\"https:\/\/demoweb.info\/sexshop001\/producto\/funda-castidad-con-plug-negro\/#breadcrumb\"},\"inLanguage\":\"es\",\"potentialAction\":[{\"@type\":\"ReadAction\",\"target\":[\"https:\/\/demoweb.info\/sexshop001\/producto\/funda-castidad-con-plug-negro\/\"]}]},{\"@type\":\"BreadcrumbList\",\"@id\":\"https:\/\/demoweb.info\/sexshop001\/producto\/funda-castidad-con-plug-negro\/#breadcrumb\",\"itemListElement\":[{\"@type\":\"ListItem\",\"position\":1,\"name\":\"Portada\",\"item\":\"https:\/\/demoweb.info\/sexshop001\/\"},{\"@type\":\"ListItem\",\"position\":2,\"name\":\"Tienda\",\"item\":\"https:\/\/demoweb.info\/sexshop001\/tienda\/\"},{\"@type\":\"ListItem\",\"position\":3,\"name\":\"FUNDA CASTIDAD CON PLUG &#8211; NEGRO\"}]},{\"@type\":\"WebSite\",\"@id\":\"https:\/\/demoweb.info\/sexshop001\/#website\",\"url\":\"https:\/\/demoweb.info\/sexshop001\/\",\"name\":\"Tienda Er\u00f3tica\",\"description\":\"DEMOWEB SL\",\"potentialAction\":[{\"@type\":\"SearchAction\",\"target\":{\"@type\":\"EntryPoint\",\"urlTemplate\":\"https:\/\/demoweb.info\/sexshop001\/?s={search_term_string}\"},\"query-input\":\"required name=search_term_string\"}],\"inLanguage\":\"es\"}]}<\/script>\n<!-- \/ Yoast SEO plugin. -->","yoast_head_json":{"title":"FUNDA CASTIDAD CON PLUG - NEGRO - Tienda Er\u00f3tica","robots":{"index":"noindex","follow":"follow","max-snippet":"max-snippet:-1","max-image-preview":"max-image-preview:large","max-video-preview":"max-video-preview:-1"},"og_locale":"es_ES","og_type":"article","og_title":"FUNDA CASTIDAD CON PLUG - NEGRO - Tienda Er\u00f3tica","og_description":"ASS-GASM COCK BLOCKER Cuando est\u00e1s buscando llevar tu juego anal al siguiente nivel, la colecci\u00f3n Anal Fantasy Elite es la","og_url":"https:\/\/demoweb.info\/sexshop001\/producto\/funda-castidad-con-plug-negro\/","og_site_name":"Tienda Er\u00f3tica","article_modified_time":"2022-01-22T17:08:04+00:00","og_image":[{"width":550,"height":550,"url":"https:\/\/demoweb.info\/sexshop001\/wp-content\/uploads\/2022\/01\/FUNDA-CASTIDAD-CON-PLUG-NEGRO.jpg","type":"image\/jpeg"}],"twitter_card":"summary_large_image","twitter_misc":{"Tiempo de lectura":"2 minutos"},"schema":{"@context":"https:\/\/schema.org","@graph":[{"@type":"WebPage","@id":"https:\/\/demoweb.info\/sexshop001\/producto\/funda-castidad-con-plug-negro\/","url":"https:\/\/demoweb.info\/sexshop001\/producto\/funda-castidad-con-plug-negro\/","name":"FUNDA CASTIDAD CON PLUG - NEGRO - Tienda Er\u00f3tica","isPartOf":{"@id":"https:\/\/demoweb.info\/sexshop001\/#website"},"datePublished":"2022-01-22T17:07:59+00:00","dateModified":"2022-01-22T17:08:04+00:00","breadcrumb":{"@id":"https:\/\/demoweb.info\/sexshop001\/producto\/funda-castidad-con-plug-negro\/#breadcrumb"},"inLanguage":"es","potentialAction":[{"@type":"ReadAction","target":["https:\/\/demoweb.info\/sexshop001\/producto\/funda-castidad-con-plug-negro\/"]}]},{"@type":"BreadcrumbList","@id":"https:\/\/demoweb.info\/sexshop001\/producto\/funda-castidad-con-plug-negro\/#breadcrumb","itemListElement":[{"@type":"ListItem","position":1,"name":"Portada","item":"https:\/\/demoweb.info\/sexshop001\/"},{"@type":"ListItem","position":2,"name":"Tienda","item":"https:\/\/demoweb.info\/sexshop001\/tienda\/"},{"@type":"ListItem","position":3,"name":"FUNDA CASTIDAD CON PLUG &#8211; NEGRO"}]},{"@type":"WebSite","@id":"https:\/\/demoweb.info\/sexshop001\/#website","url":"https:\/\/demoweb.info\/sexshop001\/","name":"Tienda Er\u00f3tica","description":"DEMOWEB SL","potentialAction":[{"@type":"SearchAction","target":{"@type":"EntryPoint","urlTemplate":"https:\/\/demoweb.info\/sexshop001\/?s={search_term_string}"},"query-input":"required name=search_term_string"}],"inLanguage":"es"}]}},"_links":{"self":[{"href":"https:\/\/demoweb.info\/sexshop001\/wp-json\/wp\/v3\/product\/60933","targetHints":{"allow":["GET"]}}],"collection":[{"href":"https:\/\/demoweb.info\/sexshop001\/wp-json\/wp\/v3\/product"}],"about":[{"href":"https:\/\/demoweb.info\/sexshop001\/wp-json\/wp\/v2\/types\/product"}],"replies":[{"embeddable":true,"href":"https:\/\/demoweb.info\/sexshop001\/wp-json\/wp\/v2\/comments?post=60933"}],"wp:featuredmedia":[{"embeddable":true,"href":"https:\/\/demoweb.info\/sexshop001\/wp-json\/wp\/v2\/media\/60934"}],"wp:attachment":[{"href":"https:\/\/demoweb.info\/sexshop001\/wp-json\/wp\/v2\/media?parent=60933"}],"wp:term":[{"taxonomy":"product_cat","embeddable":true,"href":"https:\/\/demoweb.info\/sexshop001\/wp-json\/wp\/v2\/product_cat?post=60933"},{"taxonomy":"product_tag","embeddable":true,"href":"https:\/\/demoweb.info\/sexshop001\/wp-json\/wp\/v2\/product_tag?post=60933"}],"curies":[{"name":"wp","href":"https:\/\/api.w.org\/{rel}","templated":true}]}}