{"id":60865,"date":"2022-01-22T18:07:11","date_gmt":"2022-01-22T17:07:11","guid":{"rendered":"https:\/\/demoweb.info\/sexshop001\/producto\/pinzas-para-pezones-de-acero-inox\/"},"modified":"2022-01-22T18:07:12","modified_gmt":"2022-01-22T17:07:12","slug":"pinzas-para-pezones-de-acero-inox","status":"publish","type":"product","link":"https:\/\/demoweb.info\/sexshop001\/producto\/pinzas-para-pezones-de-acero-inox\/","title":{"rendered":"PINZAS PARA PEZONES DE ACERO INOX."},"content":{"rendered":"<p><strong>CLOTH PIN NIPPLE CLAMPS<\/strong><\/p>\n<p>Pinzas para el pez\u00f3n con la forma de las pinzas para la ropa, mientras que la pinza para la ropa ha sido un juguete BDSM dom\u00e9stico com\u00fan desde su invenci\u00f3n, le ha faltado la intensidad que muchos anhelan &#8230; hasta ahora.<\/p>\n<p>Estas pinzas para la ropa de acero inoxidable tienen un dise\u00f1o pesado que produce una mordida fuerte, mientras que el peso arrastra los pezones hacia abajo para un placer agonizante. La imagen llamativa de estas pinzas brillantes en sus pezones, o en sus parejas, quedar\u00e1 grabada en su mente mucho despu\u00e9s de su uso.<\/p>\n","protected":false},"excerpt":{"rendered":"<p>CLOTH PIN NIPPLE CLAMPS Pinzas para el pez\u00f3n con la forma de las pinzas para la ropa, mientras que la<\/p>\n","protected":false},"featured_media":60866,"comment_status":"open","ping_status":"open","template":"","meta":[],"product_cat":[282],"product_tag":[283],"class_list":["post-60865","product","type-product","status-publish","has-post-thumbnail","hentry","product_cat-pinzas-pezones","product_tag-triune"],"bundled_by":[],"bundle_stock_status":"outofstock","bundle_stock_quantity":0,"bundle_virtual":false,"bundle_layout":"","bundle_add_to_cart_form_location":"","bundle_editable_in_cart":false,"bundle_sold_individually_context":"","bundle_item_grouping":"","bundle_min_size":"","bundle_max_size":"","bundled_items":[],"yoast_head":"<!-- This site is optimized with the Yoast SEO plugin v20.6 - https:\/\/yoast.com\/wordpress\/plugins\/seo\/ -->\n<title>PINZAS PARA PEZONES DE ACERO INOX. - Tienda Er\u00f3tica<\/title>\n<meta name=\"robots\" content=\"noindex, follow, max-snippet:-1, max-image-preview:large, max-video-preview:-1\" \/>\n<meta property=\"og:locale\" content=\"es_ES\" \/>\n<meta property=\"og:type\" content=\"article\" \/>\n<meta property=\"og:title\" content=\"PINZAS PARA PEZONES DE ACERO INOX. - Tienda Er\u00f3tica\" \/>\n<meta property=\"og:description\" content=\"CLOTH PIN NIPPLE CLAMPS Pinzas para el pez\u00f3n con la forma de las pinzas para la ropa, mientras que la\" \/>\n<meta property=\"og:url\" content=\"https:\/\/demoweb.info\/sexshop001\/producto\/pinzas-para-pezones-de-acero-inox\/\" \/>\n<meta property=\"og:site_name\" content=\"Tienda Er\u00f3tica\" \/>\n<meta property=\"article:modified_time\" content=\"2022-01-22T17:07:12+00:00\" \/>\n<meta property=\"og:image\" content=\"https:\/\/demoweb.info\/sexshop001\/wp-content\/uploads\/2022\/01\/PINZAS-PARA-PEZONES-DE-ACERO-INOX.jpg\" \/>\n\t<meta property=\"og:image:width\" content=\"550\" \/>\n\t<meta property=\"og:image:height\" content=\"550\" \/>\n\t<meta property=\"og:image:type\" content=\"image\/jpeg\" \/>\n<meta name=\"twitter:card\" content=\"summary_large_image\" \/>\n<meta name=\"twitter:label1\" content=\"Tiempo de lectura\" \/>\n\t<meta name=\"twitter:data1\" content=\"1 minuto\" \/>\n<script type=\"application\/ld+json\" class=\"yoast-schema-graph\">{\"@context\":\"https:\/\/schema.org\",\"@graph\":[{\"@type\":\"WebPage\",\"@id\":\"https:\/\/demoweb.info\/sexshop001\/producto\/pinzas-para-pezones-de-acero-inox\/\",\"url\":\"https:\/\/demoweb.info\/sexshop001\/producto\/pinzas-para-pezones-de-acero-inox\/\",\"name\":\"PINZAS PARA PEZONES DE ACERO INOX. - Tienda Er\u00f3tica\",\"isPartOf\":{\"@id\":\"https:\/\/demoweb.info\/sexshop001\/#website\"},\"datePublished\":\"2022-01-22T17:07:11+00:00\",\"dateModified\":\"2022-01-22T17:07:12+00:00\",\"breadcrumb\":{\"@id\":\"https:\/\/demoweb.info\/sexshop001\/producto\/pinzas-para-pezones-de-acero-inox\/#breadcrumb\"},\"inLanguage\":\"es\",\"potentialAction\":[{\"@type\":\"ReadAction\",\"target\":[\"https:\/\/demoweb.info\/sexshop001\/producto\/pinzas-para-pezones-de-acero-inox\/\"]}]},{\"@type\":\"BreadcrumbList\",\"@id\":\"https:\/\/demoweb.info\/sexshop001\/producto\/pinzas-para-pezones-de-acero-inox\/#breadcrumb\",\"itemListElement\":[{\"@type\":\"ListItem\",\"position\":1,\"name\":\"Portada\",\"item\":\"https:\/\/demoweb.info\/sexshop001\/\"},{\"@type\":\"ListItem\",\"position\":2,\"name\":\"Tienda\",\"item\":\"https:\/\/demoweb.info\/sexshop001\/tienda\/\"},{\"@type\":\"ListItem\",\"position\":3,\"name\":\"PINZAS PARA PEZONES DE ACERO INOX.\"}]},{\"@type\":\"WebSite\",\"@id\":\"https:\/\/demoweb.info\/sexshop001\/#website\",\"url\":\"https:\/\/demoweb.info\/sexshop001\/\",\"name\":\"Tienda Er\u00f3tica\",\"description\":\"DEMOWEB SL\",\"potentialAction\":[{\"@type\":\"SearchAction\",\"target\":{\"@type\":\"EntryPoint\",\"urlTemplate\":\"https:\/\/demoweb.info\/sexshop001\/?s={search_term_string}\"},\"query-input\":\"required name=search_term_string\"}],\"inLanguage\":\"es\"}]}<\/script>\n<!-- \/ Yoast SEO plugin. -->","yoast_head_json":{"title":"PINZAS PARA PEZONES DE ACERO INOX. - Tienda Er\u00f3tica","robots":{"index":"noindex","follow":"follow","max-snippet":"max-snippet:-1","max-image-preview":"max-image-preview:large","max-video-preview":"max-video-preview:-1"},"og_locale":"es_ES","og_type":"article","og_title":"PINZAS PARA PEZONES DE ACERO INOX. - Tienda Er\u00f3tica","og_description":"CLOTH PIN NIPPLE CLAMPS Pinzas para el pez\u00f3n con la forma de las pinzas para la ropa, mientras que la","og_url":"https:\/\/demoweb.info\/sexshop001\/producto\/pinzas-para-pezones-de-acero-inox\/","og_site_name":"Tienda Er\u00f3tica","article_modified_time":"2022-01-22T17:07:12+00:00","og_image":[{"width":550,"height":550,"url":"https:\/\/demoweb.info\/sexshop001\/wp-content\/uploads\/2022\/01\/PINZAS-PARA-PEZONES-DE-ACERO-INOX.jpg","type":"image\/jpeg"}],"twitter_card":"summary_large_image","twitter_misc":{"Tiempo de lectura":"1 minuto"},"schema":{"@context":"https:\/\/schema.org","@graph":[{"@type":"WebPage","@id":"https:\/\/demoweb.info\/sexshop001\/producto\/pinzas-para-pezones-de-acero-inox\/","url":"https:\/\/demoweb.info\/sexshop001\/producto\/pinzas-para-pezones-de-acero-inox\/","name":"PINZAS PARA PEZONES DE ACERO INOX. - Tienda Er\u00f3tica","isPartOf":{"@id":"https:\/\/demoweb.info\/sexshop001\/#website"},"datePublished":"2022-01-22T17:07:11+00:00","dateModified":"2022-01-22T17:07:12+00:00","breadcrumb":{"@id":"https:\/\/demoweb.info\/sexshop001\/producto\/pinzas-para-pezones-de-acero-inox\/#breadcrumb"},"inLanguage":"es","potentialAction":[{"@type":"ReadAction","target":["https:\/\/demoweb.info\/sexshop001\/producto\/pinzas-para-pezones-de-acero-inox\/"]}]},{"@type":"BreadcrumbList","@id":"https:\/\/demoweb.info\/sexshop001\/producto\/pinzas-para-pezones-de-acero-inox\/#breadcrumb","itemListElement":[{"@type":"ListItem","position":1,"name":"Portada","item":"https:\/\/demoweb.info\/sexshop001\/"},{"@type":"ListItem","position":2,"name":"Tienda","item":"https:\/\/demoweb.info\/sexshop001\/tienda\/"},{"@type":"ListItem","position":3,"name":"PINZAS PARA PEZONES DE ACERO INOX."}]},{"@type":"WebSite","@id":"https:\/\/demoweb.info\/sexshop001\/#website","url":"https:\/\/demoweb.info\/sexshop001\/","name":"Tienda Er\u00f3tica","description":"DEMOWEB SL","potentialAction":[{"@type":"SearchAction","target":{"@type":"EntryPoint","urlTemplate":"https:\/\/demoweb.info\/sexshop001\/?s={search_term_string}"},"query-input":"required name=search_term_string"}],"inLanguage":"es"}]}},"_links":{"self":[{"href":"https:\/\/demoweb.info\/sexshop001\/wp-json\/wp\/v3\/product\/60865","targetHints":{"allow":["GET"]}}],"collection":[{"href":"https:\/\/demoweb.info\/sexshop001\/wp-json\/wp\/v3\/product"}],"about":[{"href":"https:\/\/demoweb.info\/sexshop001\/wp-json\/wp\/v2\/types\/product"}],"replies":[{"embeddable":true,"href":"https:\/\/demoweb.info\/sexshop001\/wp-json\/wp\/v2\/comments?post=60865"}],"wp:featuredmedia":[{"embeddable":true,"href":"https:\/\/demoweb.info\/sexshop001\/wp-json\/wp\/v2\/media\/60866"}],"wp:attachment":[{"href":"https:\/\/demoweb.info\/sexshop001\/wp-json\/wp\/v2\/media?parent=60865"}],"wp:term":[{"taxonomy":"product_cat","embeddable":true,"href":"https:\/\/demoweb.info\/sexshop001\/wp-json\/wp\/v2\/product_cat?post=60865"},{"taxonomy":"product_tag","embeddable":true,"href":"https:\/\/demoweb.info\/sexshop001\/wp-json\/wp\/v2\/product_tag?post=60865"}],"curies":[{"name":"wp","href":"https:\/\/api.w.org\/{rel}","templated":true}]}}