{"id":60828,"date":"2022-01-22T18:06:17","date_gmt":"2022-01-22T17:06:17","guid":{"rendered":"https:\/\/demoweb.info\/sexshop001\/producto\/cazzo-anillo-para-el-pene-50mm-negro\/"},"modified":"2022-01-22T18:06:38","modified_gmt":"2022-01-22T17:06:38","slug":"cazzo-anillo-para-el-pene-50mm-negro","status":"publish","type":"product","link":"https:\/\/demoweb.info\/sexshop001\/producto\/cazzo-anillo-para-el-pene-50mm-negro\/","title":{"rendered":"CAZZO ANILLO PARA EL PENE 50MM &#8211; NEGRO"},"content":{"rendered":"<p><strong>CAZZO COCKINGS &#8211; 50MM  <\/strong><\/p>\n<p>Hecho de acero inoxidable, este anillo est\u00e1 dise\u00f1ado pensando en la comodidad y el estilo.<\/p>\n<p>El anillo tiene una goma de silicona con incrustaciones.<\/p>\n<p>Este anillo ayudar\u00e1 a prolongar la erecci\u00f3n y agregar\u00e1 algunos destellos al mismo tiempo.<\/p>\n<p>Disponible en los colores: Rojo, Negro, Azul y Amarillo.<\/p>\n<p>Medidas:<\/p>\n<ul>\n<li>Di\u00e1metro: 7,1cm<\/li>\n<li>Di\u00e1metro interno: 5,1 cm<\/li>\n<li>Peso: 90 gramos<\/li>\n<\/ul>\n","protected":false},"excerpt":{"rendered":"<p>CAZZO COCKINGS &#8211; 50MM Hecho de acero inoxidable, este anillo est\u00e1 dise\u00f1ado pensando en la comodidad y el estilo. El<\/p>\n","protected":false},"featured_media":60829,"comment_status":"open","ping_status":"open","template":"","meta":[],"product_cat":[286],"product_tag":[283],"class_list":["post-60828","product","type-product","status-publish","has-post-thumbnail","hentry","product_cat-metal","product_tag-triune"],"bundled_by":[],"bundle_stock_status":"instock","bundle_stock_quantity":1,"bundle_virtual":false,"bundle_layout":"","bundle_add_to_cart_form_location":"","bundle_editable_in_cart":false,"bundle_sold_individually_context":"","bundle_item_grouping":"","bundle_min_size":"","bundle_max_size":"","bundled_items":[],"yoast_head":"<!-- This site is optimized with the Yoast SEO plugin v20.6 - https:\/\/yoast.com\/wordpress\/plugins\/seo\/ -->\n<title>CAZZO ANILLO PARA EL PENE 50MM - NEGRO - Tienda Er\u00f3tica<\/title>\n<meta name=\"robots\" content=\"noindex, follow, max-snippet:-1, max-image-preview:large, max-video-preview:-1\" \/>\n<meta property=\"og:locale\" content=\"es_ES\" \/>\n<meta property=\"og:type\" content=\"article\" \/>\n<meta property=\"og:title\" content=\"CAZZO ANILLO PARA EL PENE 50MM - NEGRO - Tienda Er\u00f3tica\" \/>\n<meta property=\"og:description\" content=\"CAZZO COCKINGS &#8211; 50MM Hecho de acero inoxidable, este anillo est\u00e1 dise\u00f1ado pensando en la comodidad y el estilo. El\" \/>\n<meta property=\"og:url\" content=\"https:\/\/demoweb.info\/sexshop001\/producto\/cazzo-anillo-para-el-pene-50mm-negro\/\" \/>\n<meta property=\"og:site_name\" content=\"Tienda Er\u00f3tica\" \/>\n<meta property=\"article:modified_time\" content=\"2022-01-22T17:06:38+00:00\" \/>\n<meta property=\"og:image\" content=\"https:\/\/demoweb.info\/sexshop001\/wp-content\/uploads\/2022\/01\/CAZZO-ANILLO-PARA-EL-PENE-50MM-NEGRO.jpg\" \/>\n\t<meta property=\"og:image:width\" content=\"550\" \/>\n\t<meta property=\"og:image:height\" content=\"550\" \/>\n\t<meta property=\"og:image:type\" content=\"image\/jpeg\" \/>\n<meta name=\"twitter:card\" content=\"summary_large_image\" \/>\n<script type=\"application\/ld+json\" class=\"yoast-schema-graph\">{\"@context\":\"https:\/\/schema.org\",\"@graph\":[{\"@type\":\"WebPage\",\"@id\":\"https:\/\/demoweb.info\/sexshop001\/producto\/cazzo-anillo-para-el-pene-50mm-negro\/\",\"url\":\"https:\/\/demoweb.info\/sexshop001\/producto\/cazzo-anillo-para-el-pene-50mm-negro\/\",\"name\":\"CAZZO ANILLO PARA EL PENE 50MM - NEGRO - Tienda Er\u00f3tica\",\"isPartOf\":{\"@id\":\"https:\/\/demoweb.info\/sexshop001\/#website\"},\"datePublished\":\"2022-01-22T17:06:17+00:00\",\"dateModified\":\"2022-01-22T17:06:38+00:00\",\"breadcrumb\":{\"@id\":\"https:\/\/demoweb.info\/sexshop001\/producto\/cazzo-anillo-para-el-pene-50mm-negro\/#breadcrumb\"},\"inLanguage\":\"es\",\"potentialAction\":[{\"@type\":\"ReadAction\",\"target\":[\"https:\/\/demoweb.info\/sexshop001\/producto\/cazzo-anillo-para-el-pene-50mm-negro\/\"]}]},{\"@type\":\"BreadcrumbList\",\"@id\":\"https:\/\/demoweb.info\/sexshop001\/producto\/cazzo-anillo-para-el-pene-50mm-negro\/#breadcrumb\",\"itemListElement\":[{\"@type\":\"ListItem\",\"position\":1,\"name\":\"Portada\",\"item\":\"https:\/\/demoweb.info\/sexshop001\/\"},{\"@type\":\"ListItem\",\"position\":2,\"name\":\"Tienda\",\"item\":\"https:\/\/demoweb.info\/sexshop001\/tienda\/\"},{\"@type\":\"ListItem\",\"position\":3,\"name\":\"CAZZO ANILLO PARA EL PENE 50MM &#8211; NEGRO\"}]},{\"@type\":\"WebSite\",\"@id\":\"https:\/\/demoweb.info\/sexshop001\/#website\",\"url\":\"https:\/\/demoweb.info\/sexshop001\/\",\"name\":\"Tienda Er\u00f3tica\",\"description\":\"DEMOWEB SL\",\"potentialAction\":[{\"@type\":\"SearchAction\",\"target\":{\"@type\":\"EntryPoint\",\"urlTemplate\":\"https:\/\/demoweb.info\/sexshop001\/?s={search_term_string}\"},\"query-input\":\"required name=search_term_string\"}],\"inLanguage\":\"es\"}]}<\/script>\n<!-- \/ Yoast SEO plugin. -->","yoast_head_json":{"title":"CAZZO ANILLO PARA EL PENE 50MM - NEGRO - Tienda Er\u00f3tica","robots":{"index":"noindex","follow":"follow","max-snippet":"max-snippet:-1","max-image-preview":"max-image-preview:large","max-video-preview":"max-video-preview:-1"},"og_locale":"es_ES","og_type":"article","og_title":"CAZZO ANILLO PARA EL PENE 50MM - NEGRO - Tienda Er\u00f3tica","og_description":"CAZZO COCKINGS &#8211; 50MM Hecho de acero inoxidable, este anillo est\u00e1 dise\u00f1ado pensando en la comodidad y el estilo. El","og_url":"https:\/\/demoweb.info\/sexshop001\/producto\/cazzo-anillo-para-el-pene-50mm-negro\/","og_site_name":"Tienda Er\u00f3tica","article_modified_time":"2022-01-22T17:06:38+00:00","og_image":[{"width":550,"height":550,"url":"https:\/\/demoweb.info\/sexshop001\/wp-content\/uploads\/2022\/01\/CAZZO-ANILLO-PARA-EL-PENE-50MM-NEGRO.jpg","type":"image\/jpeg"}],"twitter_card":"summary_large_image","schema":{"@context":"https:\/\/schema.org","@graph":[{"@type":"WebPage","@id":"https:\/\/demoweb.info\/sexshop001\/producto\/cazzo-anillo-para-el-pene-50mm-negro\/","url":"https:\/\/demoweb.info\/sexshop001\/producto\/cazzo-anillo-para-el-pene-50mm-negro\/","name":"CAZZO ANILLO PARA EL PENE 50MM - NEGRO - Tienda Er\u00f3tica","isPartOf":{"@id":"https:\/\/demoweb.info\/sexshop001\/#website"},"datePublished":"2022-01-22T17:06:17+00:00","dateModified":"2022-01-22T17:06:38+00:00","breadcrumb":{"@id":"https:\/\/demoweb.info\/sexshop001\/producto\/cazzo-anillo-para-el-pene-50mm-negro\/#breadcrumb"},"inLanguage":"es","potentialAction":[{"@type":"ReadAction","target":["https:\/\/demoweb.info\/sexshop001\/producto\/cazzo-anillo-para-el-pene-50mm-negro\/"]}]},{"@type":"BreadcrumbList","@id":"https:\/\/demoweb.info\/sexshop001\/producto\/cazzo-anillo-para-el-pene-50mm-negro\/#breadcrumb","itemListElement":[{"@type":"ListItem","position":1,"name":"Portada","item":"https:\/\/demoweb.info\/sexshop001\/"},{"@type":"ListItem","position":2,"name":"Tienda","item":"https:\/\/demoweb.info\/sexshop001\/tienda\/"},{"@type":"ListItem","position":3,"name":"CAZZO ANILLO PARA EL PENE 50MM &#8211; NEGRO"}]},{"@type":"WebSite","@id":"https:\/\/demoweb.info\/sexshop001\/#website","url":"https:\/\/demoweb.info\/sexshop001\/","name":"Tienda Er\u00f3tica","description":"DEMOWEB SL","potentialAction":[{"@type":"SearchAction","target":{"@type":"EntryPoint","urlTemplate":"https:\/\/demoweb.info\/sexshop001\/?s={search_term_string}"},"query-input":"required name=search_term_string"}],"inLanguage":"es"}]}},"_links":{"self":[{"href":"https:\/\/demoweb.info\/sexshop001\/wp-json\/wp\/v3\/product\/60828","targetHints":{"allow":["GET"]}}],"collection":[{"href":"https:\/\/demoweb.info\/sexshop001\/wp-json\/wp\/v3\/product"}],"about":[{"href":"https:\/\/demoweb.info\/sexshop001\/wp-json\/wp\/v2\/types\/product"}],"replies":[{"embeddable":true,"href":"https:\/\/demoweb.info\/sexshop001\/wp-json\/wp\/v2\/comments?post=60828"}],"wp:featuredmedia":[{"embeddable":true,"href":"https:\/\/demoweb.info\/sexshop001\/wp-json\/wp\/v2\/media\/60829"}],"wp:attachment":[{"href":"https:\/\/demoweb.info\/sexshop001\/wp-json\/wp\/v2\/media?parent=60828"}],"wp:term":[{"taxonomy":"product_cat","embeddable":true,"href":"https:\/\/demoweb.info\/sexshop001\/wp-json\/wp\/v2\/product_cat?post=60828"},{"taxonomy":"product_tag","embeddable":true,"href":"https:\/\/demoweb.info\/sexshop001\/wp-json\/wp\/v2\/product_tag?post=60828"}],"curies":[{"name":"wp","href":"https:\/\/api.w.org\/{rel}","templated":true}]}}