{"id":60788,"date":"2022-01-22T18:05:50","date_gmt":"2022-01-22T17:05:50","guid":{"rendered":"https:\/\/demoweb.info\/sexshop001\/producto\/electroshock-plug-anal-acanalado\/"},"modified":"2022-01-22T18:06:07","modified_gmt":"2022-01-22T17:06:07","slug":"electroshock-plug-anal-acanalado","status":"publish","type":"product","link":"https:\/\/demoweb.info\/sexshop001\/producto\/electroshock-plug-anal-acanalado\/","title":{"rendered":"ELECTROSHOCK PLUG ANAL ACANALADO"},"content":{"rendered":"<p><strong>RIBBED BUTT PLUG &#8211; GUN GREY<\/strong><\/p>\n<p>Con este lujoso tap\u00f3n sin duda experimentar\u00e1s el juego anal como debe ser.<\/p>\n<p>Hay un modo de electro estimulaci\u00f3n para orgasmos alucinantes. El control remoto se encarga de la acci\u00f3n de manos libres tanto para ti como para tu pareja.<\/p>\n<p>Tiene un dise\u00f1o esbelto y tres puntos de estimulaci\u00f3n espec\u00edficos de distintos di\u00e1metros: de 2 cm, 2,3 cm y 2,9 cm. Con estos puntos te asegurar\u00e1s de sentir cada uno de los movimientos del tap\u00f3n anal mientras llega a todos los lugares adecuados. Tiene una longitud de inserci\u00f3n de 10 cm y el final est\u00e1 tan bien dise\u00f1adoque no puede penetrar m\u00e1s de lo previsto. El extremo externo del tap\u00f3n anal presenta un precioso dise\u00f1o de diamante: \u00a1a tu pareja le encantar\u00e1!<\/p>\n","protected":false},"excerpt":{"rendered":"<p>RIBBED BUTT PLUG &#8211; GUN GREY Con este lujoso tap\u00f3n sin duda experimentar\u00e1s el juego anal como debe ser. Hay<\/p>\n","protected":false},"featured_media":60789,"comment_status":"open","ping_status":"open","template":"","meta":[],"product_cat":[492],"product_tag":[303,302],"class_list":["post-60788","product","type-product","status-publish","has-post-thumbnail","hentry","product_cat-electroestimulacion","product_tag-electroshock","product_tag-shots"],"bundled_by":[],"bundle_stock_status":"outofstock","bundle_stock_quantity":0,"bundle_virtual":false,"bundle_layout":"","bundle_add_to_cart_form_location":"","bundle_editable_in_cart":false,"bundle_sold_individually_context":"","bundle_item_grouping":"","bundle_min_size":"","bundle_max_size":"","bundled_items":[],"yoast_head":"<!-- This site is optimized with the Yoast SEO plugin v20.6 - https:\/\/yoast.com\/wordpress\/plugins\/seo\/ -->\n<title>ELECTROSHOCK PLUG ANAL ACANALADO - Tienda Er\u00f3tica<\/title>\n<meta name=\"robots\" content=\"noindex, follow, max-snippet:-1, max-image-preview:large, max-video-preview:-1\" \/>\n<meta property=\"og:locale\" content=\"es_ES\" \/>\n<meta property=\"og:type\" content=\"article\" \/>\n<meta property=\"og:title\" content=\"ELECTROSHOCK PLUG ANAL ACANALADO - Tienda Er\u00f3tica\" \/>\n<meta property=\"og:description\" content=\"RIBBED BUTT PLUG &#8211; GUN GREY Con este lujoso tap\u00f3n sin duda experimentar\u00e1s el juego anal como debe ser. Hay\" \/>\n<meta property=\"og:url\" content=\"https:\/\/demoweb.info\/sexshop001\/producto\/electroshock-plug-anal-acanalado\/\" \/>\n<meta property=\"og:site_name\" content=\"Tienda Er\u00f3tica\" \/>\n<meta property=\"article:modified_time\" content=\"2022-01-22T17:06:07+00:00\" \/>\n<meta property=\"og:image\" content=\"https:\/\/demoweb.info\/sexshop001\/wp-content\/uploads\/2022\/01\/ELECTROSHOCK-PLUG-ANAL-ACANALADO.jpg\" \/>\n\t<meta property=\"og:image:width\" content=\"550\" \/>\n\t<meta property=\"og:image:height\" content=\"550\" \/>\n\t<meta property=\"og:image:type\" content=\"image\/jpeg\" \/>\n<meta name=\"twitter:card\" content=\"summary_large_image\" \/>\n<meta name=\"twitter:label1\" content=\"Tiempo de lectura\" \/>\n\t<meta name=\"twitter:data1\" content=\"1 minuto\" \/>\n<script type=\"application\/ld+json\" class=\"yoast-schema-graph\">{\"@context\":\"https:\/\/schema.org\",\"@graph\":[{\"@type\":\"WebPage\",\"@id\":\"https:\/\/demoweb.info\/sexshop001\/producto\/electroshock-plug-anal-acanalado\/\",\"url\":\"https:\/\/demoweb.info\/sexshop001\/producto\/electroshock-plug-anal-acanalado\/\",\"name\":\"ELECTROSHOCK PLUG ANAL ACANALADO - Tienda Er\u00f3tica\",\"isPartOf\":{\"@id\":\"https:\/\/demoweb.info\/sexshop001\/#website\"},\"datePublished\":\"2022-01-22T17:05:50+00:00\",\"dateModified\":\"2022-01-22T17:06:07+00:00\",\"breadcrumb\":{\"@id\":\"https:\/\/demoweb.info\/sexshop001\/producto\/electroshock-plug-anal-acanalado\/#breadcrumb\"},\"inLanguage\":\"es\",\"potentialAction\":[{\"@type\":\"ReadAction\",\"target\":[\"https:\/\/demoweb.info\/sexshop001\/producto\/electroshock-plug-anal-acanalado\/\"]}]},{\"@type\":\"BreadcrumbList\",\"@id\":\"https:\/\/demoweb.info\/sexshop001\/producto\/electroshock-plug-anal-acanalado\/#breadcrumb\",\"itemListElement\":[{\"@type\":\"ListItem\",\"position\":1,\"name\":\"Portada\",\"item\":\"https:\/\/demoweb.info\/sexshop001\/\"},{\"@type\":\"ListItem\",\"position\":2,\"name\":\"Tienda\",\"item\":\"https:\/\/demoweb.info\/sexshop001\/tienda\/\"},{\"@type\":\"ListItem\",\"position\":3,\"name\":\"ELECTROSHOCK PLUG ANAL ACANALADO\"}]},{\"@type\":\"WebSite\",\"@id\":\"https:\/\/demoweb.info\/sexshop001\/#website\",\"url\":\"https:\/\/demoweb.info\/sexshop001\/\",\"name\":\"Tienda Er\u00f3tica\",\"description\":\"DEMOWEB SL\",\"potentialAction\":[{\"@type\":\"SearchAction\",\"target\":{\"@type\":\"EntryPoint\",\"urlTemplate\":\"https:\/\/demoweb.info\/sexshop001\/?s={search_term_string}\"},\"query-input\":\"required name=search_term_string\"}],\"inLanguage\":\"es\"}]}<\/script>\n<!-- \/ Yoast SEO plugin. -->","yoast_head_json":{"title":"ELECTROSHOCK PLUG ANAL ACANALADO - Tienda Er\u00f3tica","robots":{"index":"noindex","follow":"follow","max-snippet":"max-snippet:-1","max-image-preview":"max-image-preview:large","max-video-preview":"max-video-preview:-1"},"og_locale":"es_ES","og_type":"article","og_title":"ELECTROSHOCK PLUG ANAL ACANALADO - Tienda Er\u00f3tica","og_description":"RIBBED BUTT PLUG &#8211; GUN GREY Con este lujoso tap\u00f3n sin duda experimentar\u00e1s el juego anal como debe ser. Hay","og_url":"https:\/\/demoweb.info\/sexshop001\/producto\/electroshock-plug-anal-acanalado\/","og_site_name":"Tienda Er\u00f3tica","article_modified_time":"2022-01-22T17:06:07+00:00","og_image":[{"width":550,"height":550,"url":"https:\/\/demoweb.info\/sexshop001\/wp-content\/uploads\/2022\/01\/ELECTROSHOCK-PLUG-ANAL-ACANALADO.jpg","type":"image\/jpeg"}],"twitter_card":"summary_large_image","twitter_misc":{"Tiempo de lectura":"1 minuto"},"schema":{"@context":"https:\/\/schema.org","@graph":[{"@type":"WebPage","@id":"https:\/\/demoweb.info\/sexshop001\/producto\/electroshock-plug-anal-acanalado\/","url":"https:\/\/demoweb.info\/sexshop001\/producto\/electroshock-plug-anal-acanalado\/","name":"ELECTROSHOCK PLUG ANAL ACANALADO - Tienda Er\u00f3tica","isPartOf":{"@id":"https:\/\/demoweb.info\/sexshop001\/#website"},"datePublished":"2022-01-22T17:05:50+00:00","dateModified":"2022-01-22T17:06:07+00:00","breadcrumb":{"@id":"https:\/\/demoweb.info\/sexshop001\/producto\/electroshock-plug-anal-acanalado\/#breadcrumb"},"inLanguage":"es","potentialAction":[{"@type":"ReadAction","target":["https:\/\/demoweb.info\/sexshop001\/producto\/electroshock-plug-anal-acanalado\/"]}]},{"@type":"BreadcrumbList","@id":"https:\/\/demoweb.info\/sexshop001\/producto\/electroshock-plug-anal-acanalado\/#breadcrumb","itemListElement":[{"@type":"ListItem","position":1,"name":"Portada","item":"https:\/\/demoweb.info\/sexshop001\/"},{"@type":"ListItem","position":2,"name":"Tienda","item":"https:\/\/demoweb.info\/sexshop001\/tienda\/"},{"@type":"ListItem","position":3,"name":"ELECTROSHOCK PLUG ANAL ACANALADO"}]},{"@type":"WebSite","@id":"https:\/\/demoweb.info\/sexshop001\/#website","url":"https:\/\/demoweb.info\/sexshop001\/","name":"Tienda Er\u00f3tica","description":"DEMOWEB SL","potentialAction":[{"@type":"SearchAction","target":{"@type":"EntryPoint","urlTemplate":"https:\/\/demoweb.info\/sexshop001\/?s={search_term_string}"},"query-input":"required name=search_term_string"}],"inLanguage":"es"}]}},"_links":{"self":[{"href":"https:\/\/demoweb.info\/sexshop001\/wp-json\/wp\/v3\/product\/60788","targetHints":{"allow":["GET"]}}],"collection":[{"href":"https:\/\/demoweb.info\/sexshop001\/wp-json\/wp\/v3\/product"}],"about":[{"href":"https:\/\/demoweb.info\/sexshop001\/wp-json\/wp\/v2\/types\/product"}],"replies":[{"embeddable":true,"href":"https:\/\/demoweb.info\/sexshop001\/wp-json\/wp\/v2\/comments?post=60788"}],"wp:featuredmedia":[{"embeddable":true,"href":"https:\/\/demoweb.info\/sexshop001\/wp-json\/wp\/v2\/media\/60789"}],"wp:attachment":[{"href":"https:\/\/demoweb.info\/sexshop001\/wp-json\/wp\/v2\/media?parent=60788"}],"wp:term":[{"taxonomy":"product_cat","embeddable":true,"href":"https:\/\/demoweb.info\/sexshop001\/wp-json\/wp\/v2\/product_cat?post=60788"},{"taxonomy":"product_tag","embeddable":true,"href":"https:\/\/demoweb.info\/sexshop001\/wp-json\/wp\/v2\/product_tag?post=60788"}],"curies":[{"name":"wp","href":"https:\/\/api.w.org\/{rel}","templated":true}]}}