{"id":60766,"date":"2022-01-22T18:05:50","date_gmt":"2022-01-22T17:05:50","guid":{"rendered":"https:\/\/demoweb.info\/sexshop001\/producto\/ouch-skulls-and-bones-arnes-con-calaveras-y-pinchos-negro\/"},"modified":"2022-01-22T18:05:51","modified_gmt":"2022-01-22T17:05:51","slug":"ouch-skulls-and-bones-arnes-con-calaveras-y-pinchos-negro","status":"publish","type":"product","link":"https:\/\/demoweb.info\/sexshop001\/producto\/ouch-skulls-and-bones-arnes-con-calaveras-y-pinchos-negro\/","title":{"rendered":"OUCH! SKULLS AND BONES ARN\u00c9S CON CALAVERAS Y PINCHOS &#8211; NEGRO"},"content":{"rendered":"<p><strong>OUCH! SKULLS AND BONES &#8211; HARNESS WITH SKULLS &#038; SPIKES <\/strong><\/p>\n<p>Aprovecha el poder de este ASKULLED AND SPIKED HARNESS. El cierre de hebilla permite un ajuste perfecto, mientras que el cuero sint\u00e9tico negro de alta calidad est\u00e1 dise\u00f1ado para ofrecer un m\u00e1ximo atractivo sexual.<\/p>\n<p>Las elegantes correas acentuar\u00e1n tus curvas y dejar\u00e1n puntos sensibles expuestos a la exploraci\u00f3n. Adornado con calaveras y pinchos para una mayor gratificaci\u00f3n visual.<\/p>\n","protected":false},"excerpt":{"rendered":"<p>OUCH! SKULLS AND BONES &#8211; HARNESS WITH SKULLS &#038; SPIKES Aprovecha el poder de este ASKULLED AND SPIKED HARNESS. El<\/p>\n","protected":false},"featured_media":60767,"comment_status":"open","ping_status":"open","template":"","meta":[],"product_cat":[603],"product_tag":[307,302],"class_list":["post-60766","product","type-product","status-publish","has-post-thumbnail","hentry","product_cat-arneses-ataduras","product_tag-ouch","product_tag-shots"],"bundled_by":[],"bundle_stock_status":"instock","bundle_stock_quantity":1,"bundle_virtual":false,"bundle_layout":"","bundle_add_to_cart_form_location":"","bundle_editable_in_cart":false,"bundle_sold_individually_context":"","bundle_item_grouping":"","bundle_min_size":"","bundle_max_size":"","bundled_items":[],"yoast_head":"<!-- This site is optimized with the Yoast SEO plugin v20.6 - https:\/\/yoast.com\/wordpress\/plugins\/seo\/ -->\n<title>OUCH! SKULLS AND BONES ARN\u00c9S CON CALAVERAS Y PINCHOS - NEGRO - Tienda Er\u00f3tica<\/title>\n<meta name=\"robots\" content=\"noindex, follow, max-snippet:-1, max-image-preview:large, max-video-preview:-1\" \/>\n<meta property=\"og:locale\" content=\"es_ES\" \/>\n<meta property=\"og:type\" content=\"article\" \/>\n<meta property=\"og:title\" content=\"OUCH! SKULLS AND BONES ARN\u00c9S CON CALAVERAS Y PINCHOS - NEGRO - Tienda Er\u00f3tica\" \/>\n<meta property=\"og:description\" content=\"OUCH! SKULLS AND BONES &#8211; HARNESS WITH SKULLS &#038; SPIKES Aprovecha el poder de este ASKULLED AND SPIKED HARNESS. El\" \/>\n<meta property=\"og:url\" content=\"https:\/\/demoweb.info\/sexshop001\/producto\/ouch-skulls-and-bones-arnes-con-calaveras-y-pinchos-negro\/\" \/>\n<meta property=\"og:site_name\" content=\"Tienda Er\u00f3tica\" \/>\n<meta property=\"article:modified_time\" content=\"2022-01-22T17:05:51+00:00\" \/>\n<meta property=\"og:image\" content=\"https:\/\/demoweb.info\/sexshop001\/wp-content\/uploads\/2022\/01\/OUCH-SKULLS-AND-BONES-ARNES-CON-CALAVERAS-Y-PINCHOS-NEGRO.jpg\" \/>\n\t<meta property=\"og:image:width\" content=\"550\" \/>\n\t<meta property=\"og:image:height\" content=\"550\" \/>\n\t<meta property=\"og:image:type\" content=\"image\/jpeg\" \/>\n<meta name=\"twitter:card\" content=\"summary_large_image\" \/>\n<script type=\"application\/ld+json\" class=\"yoast-schema-graph\">{\"@context\":\"https:\/\/schema.org\",\"@graph\":[{\"@type\":\"WebPage\",\"@id\":\"https:\/\/demoweb.info\/sexshop001\/producto\/ouch-skulls-and-bones-arnes-con-calaveras-y-pinchos-negro\/\",\"url\":\"https:\/\/demoweb.info\/sexshop001\/producto\/ouch-skulls-and-bones-arnes-con-calaveras-y-pinchos-negro\/\",\"name\":\"OUCH! SKULLS AND BONES ARN\u00c9S CON CALAVERAS Y PINCHOS - NEGRO - Tienda Er\u00f3tica\",\"isPartOf\":{\"@id\":\"https:\/\/demoweb.info\/sexshop001\/#website\"},\"datePublished\":\"2022-01-22T17:05:50+00:00\",\"dateModified\":\"2022-01-22T17:05:51+00:00\",\"breadcrumb\":{\"@id\":\"https:\/\/demoweb.info\/sexshop001\/producto\/ouch-skulls-and-bones-arnes-con-calaveras-y-pinchos-negro\/#breadcrumb\"},\"inLanguage\":\"es\",\"potentialAction\":[{\"@type\":\"ReadAction\",\"target\":[\"https:\/\/demoweb.info\/sexshop001\/producto\/ouch-skulls-and-bones-arnes-con-calaveras-y-pinchos-negro\/\"]}]},{\"@type\":\"BreadcrumbList\",\"@id\":\"https:\/\/demoweb.info\/sexshop001\/producto\/ouch-skulls-and-bones-arnes-con-calaveras-y-pinchos-negro\/#breadcrumb\",\"itemListElement\":[{\"@type\":\"ListItem\",\"position\":1,\"name\":\"Portada\",\"item\":\"https:\/\/demoweb.info\/sexshop001\/\"},{\"@type\":\"ListItem\",\"position\":2,\"name\":\"Tienda\",\"item\":\"https:\/\/demoweb.info\/sexshop001\/tienda\/\"},{\"@type\":\"ListItem\",\"position\":3,\"name\":\"OUCH! SKULLS AND BONES ARN\u00c9S CON CALAVERAS Y PINCHOS &#8211; NEGRO\"}]},{\"@type\":\"WebSite\",\"@id\":\"https:\/\/demoweb.info\/sexshop001\/#website\",\"url\":\"https:\/\/demoweb.info\/sexshop001\/\",\"name\":\"Tienda Er\u00f3tica\",\"description\":\"DEMOWEB SL\",\"potentialAction\":[{\"@type\":\"SearchAction\",\"target\":{\"@type\":\"EntryPoint\",\"urlTemplate\":\"https:\/\/demoweb.info\/sexshop001\/?s={search_term_string}\"},\"query-input\":\"required name=search_term_string\"}],\"inLanguage\":\"es\"}]}<\/script>\n<!-- \/ Yoast SEO plugin. -->","yoast_head_json":{"title":"OUCH! SKULLS AND BONES ARN\u00c9S CON CALAVERAS Y PINCHOS - NEGRO - Tienda Er\u00f3tica","robots":{"index":"noindex","follow":"follow","max-snippet":"max-snippet:-1","max-image-preview":"max-image-preview:large","max-video-preview":"max-video-preview:-1"},"og_locale":"es_ES","og_type":"article","og_title":"OUCH! SKULLS AND BONES ARN\u00c9S CON CALAVERAS Y PINCHOS - NEGRO - Tienda Er\u00f3tica","og_description":"OUCH! SKULLS AND BONES &#8211; HARNESS WITH SKULLS &#038; SPIKES Aprovecha el poder de este ASKULLED AND SPIKED HARNESS. El","og_url":"https:\/\/demoweb.info\/sexshop001\/producto\/ouch-skulls-and-bones-arnes-con-calaveras-y-pinchos-negro\/","og_site_name":"Tienda Er\u00f3tica","article_modified_time":"2022-01-22T17:05:51+00:00","og_image":[{"width":550,"height":550,"url":"https:\/\/demoweb.info\/sexshop001\/wp-content\/uploads\/2022\/01\/OUCH-SKULLS-AND-BONES-ARNES-CON-CALAVERAS-Y-PINCHOS-NEGRO.jpg","type":"image\/jpeg"}],"twitter_card":"summary_large_image","schema":{"@context":"https:\/\/schema.org","@graph":[{"@type":"WebPage","@id":"https:\/\/demoweb.info\/sexshop001\/producto\/ouch-skulls-and-bones-arnes-con-calaveras-y-pinchos-negro\/","url":"https:\/\/demoweb.info\/sexshop001\/producto\/ouch-skulls-and-bones-arnes-con-calaveras-y-pinchos-negro\/","name":"OUCH! SKULLS AND BONES ARN\u00c9S CON CALAVERAS Y PINCHOS - NEGRO - Tienda Er\u00f3tica","isPartOf":{"@id":"https:\/\/demoweb.info\/sexshop001\/#website"},"datePublished":"2022-01-22T17:05:50+00:00","dateModified":"2022-01-22T17:05:51+00:00","breadcrumb":{"@id":"https:\/\/demoweb.info\/sexshop001\/producto\/ouch-skulls-and-bones-arnes-con-calaveras-y-pinchos-negro\/#breadcrumb"},"inLanguage":"es","potentialAction":[{"@type":"ReadAction","target":["https:\/\/demoweb.info\/sexshop001\/producto\/ouch-skulls-and-bones-arnes-con-calaveras-y-pinchos-negro\/"]}]},{"@type":"BreadcrumbList","@id":"https:\/\/demoweb.info\/sexshop001\/producto\/ouch-skulls-and-bones-arnes-con-calaveras-y-pinchos-negro\/#breadcrumb","itemListElement":[{"@type":"ListItem","position":1,"name":"Portada","item":"https:\/\/demoweb.info\/sexshop001\/"},{"@type":"ListItem","position":2,"name":"Tienda","item":"https:\/\/demoweb.info\/sexshop001\/tienda\/"},{"@type":"ListItem","position":3,"name":"OUCH! SKULLS AND BONES ARN\u00c9S CON CALAVERAS Y PINCHOS &#8211; NEGRO"}]},{"@type":"WebSite","@id":"https:\/\/demoweb.info\/sexshop001\/#website","url":"https:\/\/demoweb.info\/sexshop001\/","name":"Tienda Er\u00f3tica","description":"DEMOWEB SL","potentialAction":[{"@type":"SearchAction","target":{"@type":"EntryPoint","urlTemplate":"https:\/\/demoweb.info\/sexshop001\/?s={search_term_string}"},"query-input":"required name=search_term_string"}],"inLanguage":"es"}]}},"_links":{"self":[{"href":"https:\/\/demoweb.info\/sexshop001\/wp-json\/wp\/v3\/product\/60766","targetHints":{"allow":["GET"]}}],"collection":[{"href":"https:\/\/demoweb.info\/sexshop001\/wp-json\/wp\/v3\/product"}],"about":[{"href":"https:\/\/demoweb.info\/sexshop001\/wp-json\/wp\/v2\/types\/product"}],"replies":[{"embeddable":true,"href":"https:\/\/demoweb.info\/sexshop001\/wp-json\/wp\/v2\/comments?post=60766"}],"wp:featuredmedia":[{"embeddable":true,"href":"https:\/\/demoweb.info\/sexshop001\/wp-json\/wp\/v2\/media\/60767"}],"wp:attachment":[{"href":"https:\/\/demoweb.info\/sexshop001\/wp-json\/wp\/v2\/media?parent=60766"}],"wp:term":[{"taxonomy":"product_cat","embeddable":true,"href":"https:\/\/demoweb.info\/sexshop001\/wp-json\/wp\/v2\/product_cat?post=60766"},{"taxonomy":"product_tag","embeddable":true,"href":"https:\/\/demoweb.info\/sexshop001\/wp-json\/wp\/v2\/product_tag?post=60766"}],"curies":[{"name":"wp","href":"https:\/\/api.w.org\/{rel}","templated":true}]}}