{"id":60731,"date":"2022-01-22T18:05:10","date_gmt":"2022-01-22T17:05:10","guid":{"rendered":"https:\/\/demoweb.info\/sexshop001\/producto\/main-squeeze-the-original-vibro-pussy-9-funciones\/"},"modified":"2022-01-22T18:05:25","modified_gmt":"2022-01-22T17:05:25","slug":"main-squeeze-the-original-vibro-pussy-9-funciones","status":"publish","type":"product","link":"https:\/\/demoweb.info\/sexshop001\/producto\/main-squeeze-the-original-vibro-pussy-9-funciones\/","title":{"rendered":"MAIN SQUEEZE THE ORIGINAL VIBRO PUSSY &#8211; 9 FUNCIONES"},"content":{"rendered":"<p><strong>THE ORIGINAL VIBRO PUSSY &#8211; 9 FUNCTIONS <\/strong><\/p>\n<p>Ella siempre est\u00e1 a tu alcance. Vibro aumenta la intensidad con una potente bala vibradora de 9 funciones que cabe en un bolsillo especial independiente incorporado en el material ULTRASKYN y opera a trav\u00e9s del control remoto inal\u00e1mbrico incluido.<\/p>\n<p>La l\u00ednea de masajeadores de Doc Johnson&#39;s Main Squeeze est\u00e1 dise\u00f1ada para poner el poder en tus manos, con un agarre apretado que permite variar la tensi\u00f3n de cada golpe y una tapa con ajuste de succi\u00f3n en el extremo.<\/p>\n<p>Con una abertura de vagina real y perfecta, este stroker ULTRASKYN\u00ae se ve y se siente real y es quien quieras que sea. La bala vibradora de Vibro solo necesita extraerse para apagar su bater\u00eda para su almacenamiento, y cada funda ULTRASKYN presenta un interior texturizado diferente para hacer que cada experiencia sea tan \u00fanica como real.<\/p>\n<p>El dise\u00f1o r\u00edgido de doble tapa se dobla como un discreto estuche de viaje y almacenamiento, manteniendo tu Main Squeeze fresco y listo para cuando el estado de \u00e1nimo golpee.<\/p>\n<p>Medidas: 19 x 7,6 cm<\/p>\n<p>Funciona con 1 pila LR44, incluida.<\/p>\n","protected":false},"excerpt":{"rendered":"<p>THE ORIGINAL VIBRO PUSSY &#8211; 9 FUNCTIONS Ella siempre est\u00e1 a tu alcance. Vibro aumenta la intensidad con una potente<\/p>\n","protected":false},"featured_media":60732,"comment_status":"open","ping_status":"open","template":"","meta":[],"product_cat":[541],"product_tag":[460,652],"class_list":["post-60731","product","type-product","status-publish","has-post-thumbnail","hentry","product_cat-vaginas","product_tag-doc-johnson","product_tag-main-squeeze"],"bundled_by":[],"bundle_stock_status":"instock","bundle_stock_quantity":1,"bundle_virtual":false,"bundle_layout":"","bundle_add_to_cart_form_location":"","bundle_editable_in_cart":false,"bundle_sold_individually_context":"","bundle_item_grouping":"","bundle_min_size":"","bundle_max_size":"","bundled_items":[],"yoast_head":"<!-- This site is optimized with the Yoast SEO plugin v20.6 - https:\/\/yoast.com\/wordpress\/plugins\/seo\/ -->\n<title>MAIN SQUEEZE THE ORIGINAL VIBRO PUSSY - 9 FUNCIONES - Tienda Er\u00f3tica<\/title>\n<meta name=\"robots\" content=\"noindex, follow, max-snippet:-1, max-image-preview:large, max-video-preview:-1\" \/>\n<meta property=\"og:locale\" content=\"es_ES\" \/>\n<meta property=\"og:type\" content=\"article\" \/>\n<meta property=\"og:title\" content=\"MAIN SQUEEZE THE ORIGINAL VIBRO PUSSY - 9 FUNCIONES - Tienda Er\u00f3tica\" \/>\n<meta property=\"og:description\" content=\"THE ORIGINAL VIBRO PUSSY &#8211; 9 FUNCTIONS Ella siempre est\u00e1 a tu alcance. Vibro aumenta la intensidad con una potente\" \/>\n<meta property=\"og:url\" content=\"https:\/\/demoweb.info\/sexshop001\/producto\/main-squeeze-the-original-vibro-pussy-9-funciones\/\" \/>\n<meta property=\"og:site_name\" content=\"Tienda Er\u00f3tica\" \/>\n<meta property=\"article:modified_time\" content=\"2022-01-22T17:05:25+00:00\" \/>\n<meta property=\"og:image\" content=\"https:\/\/demoweb.info\/sexshop001\/wp-content\/uploads\/2022\/01\/MAIN-SQUEEZE-THE-ORIGINAL-VIBRO-PUSSY-9-FUNCIONES.jpg\" \/>\n\t<meta property=\"og:image:width\" content=\"550\" \/>\n\t<meta property=\"og:image:height\" content=\"550\" \/>\n\t<meta property=\"og:image:type\" content=\"image\/jpeg\" \/>\n<meta name=\"twitter:card\" content=\"summary_large_image\" \/>\n<meta name=\"twitter:label1\" content=\"Tiempo de lectura\" \/>\n\t<meta name=\"twitter:data1\" content=\"1 minuto\" \/>\n<script type=\"application\/ld+json\" class=\"yoast-schema-graph\">{\"@context\":\"https:\/\/schema.org\",\"@graph\":[{\"@type\":\"WebPage\",\"@id\":\"https:\/\/demoweb.info\/sexshop001\/producto\/main-squeeze-the-original-vibro-pussy-9-funciones\/\",\"url\":\"https:\/\/demoweb.info\/sexshop001\/producto\/main-squeeze-the-original-vibro-pussy-9-funciones\/\",\"name\":\"MAIN SQUEEZE THE ORIGINAL VIBRO PUSSY - 9 FUNCIONES - Tienda Er\u00f3tica\",\"isPartOf\":{\"@id\":\"https:\/\/demoweb.info\/sexshop001\/#website\"},\"datePublished\":\"2022-01-22T17:05:10+00:00\",\"dateModified\":\"2022-01-22T17:05:25+00:00\",\"breadcrumb\":{\"@id\":\"https:\/\/demoweb.info\/sexshop001\/producto\/main-squeeze-the-original-vibro-pussy-9-funciones\/#breadcrumb\"},\"inLanguage\":\"es\",\"potentialAction\":[{\"@type\":\"ReadAction\",\"target\":[\"https:\/\/demoweb.info\/sexshop001\/producto\/main-squeeze-the-original-vibro-pussy-9-funciones\/\"]}]},{\"@type\":\"BreadcrumbList\",\"@id\":\"https:\/\/demoweb.info\/sexshop001\/producto\/main-squeeze-the-original-vibro-pussy-9-funciones\/#breadcrumb\",\"itemListElement\":[{\"@type\":\"ListItem\",\"position\":1,\"name\":\"Portada\",\"item\":\"https:\/\/demoweb.info\/sexshop001\/\"},{\"@type\":\"ListItem\",\"position\":2,\"name\":\"Tienda\",\"item\":\"https:\/\/demoweb.info\/sexshop001\/tienda\/\"},{\"@type\":\"ListItem\",\"position\":3,\"name\":\"MAIN SQUEEZE THE ORIGINAL VIBRO PUSSY &#8211; 9 FUNCIONES\"}]},{\"@type\":\"WebSite\",\"@id\":\"https:\/\/demoweb.info\/sexshop001\/#website\",\"url\":\"https:\/\/demoweb.info\/sexshop001\/\",\"name\":\"Tienda Er\u00f3tica\",\"description\":\"DEMOWEB SL\",\"potentialAction\":[{\"@type\":\"SearchAction\",\"target\":{\"@type\":\"EntryPoint\",\"urlTemplate\":\"https:\/\/demoweb.info\/sexshop001\/?s={search_term_string}\"},\"query-input\":\"required name=search_term_string\"}],\"inLanguage\":\"es\"}]}<\/script>\n<!-- \/ Yoast SEO plugin. -->","yoast_head_json":{"title":"MAIN SQUEEZE THE ORIGINAL VIBRO PUSSY - 9 FUNCIONES - Tienda Er\u00f3tica","robots":{"index":"noindex","follow":"follow","max-snippet":"max-snippet:-1","max-image-preview":"max-image-preview:large","max-video-preview":"max-video-preview:-1"},"og_locale":"es_ES","og_type":"article","og_title":"MAIN SQUEEZE THE ORIGINAL VIBRO PUSSY - 9 FUNCIONES - Tienda Er\u00f3tica","og_description":"THE ORIGINAL VIBRO PUSSY &#8211; 9 FUNCTIONS Ella siempre est\u00e1 a tu alcance. Vibro aumenta la intensidad con una potente","og_url":"https:\/\/demoweb.info\/sexshop001\/producto\/main-squeeze-the-original-vibro-pussy-9-funciones\/","og_site_name":"Tienda Er\u00f3tica","article_modified_time":"2022-01-22T17:05:25+00:00","og_image":[{"width":550,"height":550,"url":"https:\/\/demoweb.info\/sexshop001\/wp-content\/uploads\/2022\/01\/MAIN-SQUEEZE-THE-ORIGINAL-VIBRO-PUSSY-9-FUNCIONES.jpg","type":"image\/jpeg"}],"twitter_card":"summary_large_image","twitter_misc":{"Tiempo de lectura":"1 minuto"},"schema":{"@context":"https:\/\/schema.org","@graph":[{"@type":"WebPage","@id":"https:\/\/demoweb.info\/sexshop001\/producto\/main-squeeze-the-original-vibro-pussy-9-funciones\/","url":"https:\/\/demoweb.info\/sexshop001\/producto\/main-squeeze-the-original-vibro-pussy-9-funciones\/","name":"MAIN SQUEEZE THE ORIGINAL VIBRO PUSSY - 9 FUNCIONES - Tienda Er\u00f3tica","isPartOf":{"@id":"https:\/\/demoweb.info\/sexshop001\/#website"},"datePublished":"2022-01-22T17:05:10+00:00","dateModified":"2022-01-22T17:05:25+00:00","breadcrumb":{"@id":"https:\/\/demoweb.info\/sexshop001\/producto\/main-squeeze-the-original-vibro-pussy-9-funciones\/#breadcrumb"},"inLanguage":"es","potentialAction":[{"@type":"ReadAction","target":["https:\/\/demoweb.info\/sexshop001\/producto\/main-squeeze-the-original-vibro-pussy-9-funciones\/"]}]},{"@type":"BreadcrumbList","@id":"https:\/\/demoweb.info\/sexshop001\/producto\/main-squeeze-the-original-vibro-pussy-9-funciones\/#breadcrumb","itemListElement":[{"@type":"ListItem","position":1,"name":"Portada","item":"https:\/\/demoweb.info\/sexshop001\/"},{"@type":"ListItem","position":2,"name":"Tienda","item":"https:\/\/demoweb.info\/sexshop001\/tienda\/"},{"@type":"ListItem","position":3,"name":"MAIN SQUEEZE THE ORIGINAL VIBRO PUSSY &#8211; 9 FUNCIONES"}]},{"@type":"WebSite","@id":"https:\/\/demoweb.info\/sexshop001\/#website","url":"https:\/\/demoweb.info\/sexshop001\/","name":"Tienda Er\u00f3tica","description":"DEMOWEB SL","potentialAction":[{"@type":"SearchAction","target":{"@type":"EntryPoint","urlTemplate":"https:\/\/demoweb.info\/sexshop001\/?s={search_term_string}"},"query-input":"required name=search_term_string"}],"inLanguage":"es"}]}},"_links":{"self":[{"href":"https:\/\/demoweb.info\/sexshop001\/wp-json\/wp\/v3\/product\/60731","targetHints":{"allow":["GET"]}}],"collection":[{"href":"https:\/\/demoweb.info\/sexshop001\/wp-json\/wp\/v3\/product"}],"about":[{"href":"https:\/\/demoweb.info\/sexshop001\/wp-json\/wp\/v2\/types\/product"}],"replies":[{"embeddable":true,"href":"https:\/\/demoweb.info\/sexshop001\/wp-json\/wp\/v2\/comments?post=60731"}],"wp:featuredmedia":[{"embeddable":true,"href":"https:\/\/demoweb.info\/sexshop001\/wp-json\/wp\/v2\/media\/60732"}],"wp:attachment":[{"href":"https:\/\/demoweb.info\/sexshop001\/wp-json\/wp\/v2\/media?parent=60731"}],"wp:term":[{"taxonomy":"product_cat","embeddable":true,"href":"https:\/\/demoweb.info\/sexshop001\/wp-json\/wp\/v2\/product_cat?post=60731"},{"taxonomy":"product_tag","embeddable":true,"href":"https:\/\/demoweb.info\/sexshop001\/wp-json\/wp\/v2\/product_tag?post=60731"}],"curies":[{"name":"wp","href":"https:\/\/api.w.org\/{rel}","templated":true}]}}