{"id":60711,"date":"2022-01-22T18:05:10","date_gmt":"2022-01-22T17:05:10","guid":{"rendered":"https:\/\/demoweb.info\/sexshop001\/producto\/plug-inflable-de-silicona-negro\/"},"modified":"2022-01-22T18:05:10","modified_gmt":"2022-01-22T17:05:10","slug":"plug-inflable-de-silicona-negro","status":"publish","type":"product","link":"https:\/\/demoweb.info\/sexshop001\/producto\/plug-inflable-de-silicona-negro\/","title":{"rendered":"PLUG INFLABLE DE SILICONA &#8211; NEGRO"},"content":{"rendered":"<p><strong>INFLATABLE SILICONE BUTT PLUG <\/strong><\/p>\n<p>Cuando est\u00e1s buscando llevar tu juego anal al siguiente nivel, la colecci\u00f3n Anal Fantasy Elite es la mejor opci\u00f3n para la excitaci\u00f3n anal de alto nivel y el juego de la pr\u00f3stata.<\/p>\n<p>Hecho de silicona ultra-higi\u00e9nica Elite, la colecci\u00f3n Elite es segura para el cuerpo, libre de ftalatos, l\u00e1tex y est\u00e1 dise\u00f1ada para jugar duro. Utilizando lo \u00faltimo en tecnolog\u00eda USB recargable, los enchufes y sondas de Elite Collection est\u00e1n dise\u00f1ados ergon\u00f3micamente para brindar el m\u00e1ximo confort y la satisfacci\u00f3n garantizada.<\/p>\n<p>\u00a1Perfecta para cualquier g\u00e9nero, esta colecci\u00f3n unisex viene con caracter\u00edsticas alucinantes que ofrecen incre\u00edbles emociones y resultados explosivos!<\/p>\n<p>Caracter\u00edsticas:<\/p>\n<ul>\n<li>Forma ergon\u00f3mica: proporciona una entrada f\u00e1cil y profundas sensaciones de placer y plenitud.<\/li>\n<li>V\u00e1lvula de liberaci\u00f3n de aire: una vez que se desconecta la manguera, presiona el bot\u00f3n en la parte inferior para desinflar el tap\u00f3n.<\/li>\n<li>Inflable Elite Silicone: la bombilla de estilo m\u00e9dico le permite inflar el tap\u00f3n a su tama\u00f1o perfecto. \u00a1No infles demasiado!<\/li>\n<li>Manguera desmontable: retira la manguera y disfruta de su tap\u00f3n anal sin ning\u00fan accesorio engorroso.<\/li>\n<li>Dise\u00f1o port\u00e1til con manos libres: la bombilla y la manguera de la bomba son desmontables para permitir una movilidad conveniente.<\/li>\n<\/ul>\n<p>El plug anal anal de silicona inflable Anal Fantasy Elite ofrece una sensaci\u00f3n sensual de plenitud con un dise\u00f1o port\u00e1til completamente manos libres. Mientras que la bola de bomba estilo m\u00e9dico le permite llenar el tap\u00f3n inflable a su preferencia de tama\u00f1o perfecto, la manguera desmontable le permite disfrutar de su tap\u00f3n anal de silicona inflable sin ning\u00fan accesorio engorroso.<\/p>\n<p>Con una silicona Elite ultra suave y un dise\u00f1o c\u00f3nico y port\u00e1til, el tap\u00f3n se infla f\u00e1cilmente para crear una sensaci\u00f3n completa y un placer anal profundo, ya sea que se use solo o durante el juego sexual.<\/p>\n<p>Instrucciones de cuidado: la limpieza es instant\u00e1nea despu\u00e9s de la diversi\u00f3n con Refresh Toy Cleaner y agua tibia. Usa un mont\u00f3n de loci\u00f3n corporal Moist\u00ae para un encuentro extra h\u00famedo y extra salvaje.<\/p>\n<p>\u00a1Kit de preparaci\u00f3n de 4 piezas GRATIS incluido!<\/p>\n<ul>\n<li>Limpiador de juguetes<\/li>\n<li>Lubricante anal h\u00famedo<\/li>\n<li>Anal Eaze Insertz Cream<\/li>\n<li>Guante de nitrilo<\/li>\n<\/ul>\n<p>Medidas:<\/p>\n<ul>\n<li>Longitud: 12,7 cm<\/li>\n<li>Ancho: 6,4 cm<\/li>\n<\/ul>\n","protected":false},"excerpt":{"rendered":"<p>INFLATABLE SILICONE BUTT PLUG Cuando est\u00e1s buscando llevar tu juego anal al siguiente nivel, la colecci\u00f3n Anal Fantasy Elite es<\/p>\n","protected":false},"featured_media":60712,"comment_status":"open","ping_status":"open","template":"","meta":[],"product_cat":[338],"product_tag":[1558,259],"class_list":["post-60711","product","type-product","status-publish","has-post-thumbnail","hentry","product_cat-silicona-plugs","product_tag-anal-fantasy-elite-collection","product_tag-pipedream"],"bundled_by":[],"bundle_stock_status":"instock","bundle_stock_quantity":2,"bundle_virtual":false,"bundle_layout":"","bundle_add_to_cart_form_location":"","bundle_editable_in_cart":false,"bundle_sold_individually_context":"","bundle_item_grouping":"","bundle_min_size":"","bundle_max_size":"","bundled_items":[],"yoast_head":"<!-- This site is optimized with the Yoast SEO plugin v20.6 - https:\/\/yoast.com\/wordpress\/plugins\/seo\/ -->\n<title>PLUG INFLABLE DE SILICONA - NEGRO - Tienda Er\u00f3tica<\/title>\n<meta name=\"robots\" content=\"noindex, follow, max-snippet:-1, max-image-preview:large, max-video-preview:-1\" \/>\n<meta property=\"og:locale\" content=\"es_ES\" \/>\n<meta property=\"og:type\" content=\"article\" \/>\n<meta property=\"og:title\" content=\"PLUG INFLABLE DE SILICONA - NEGRO - Tienda Er\u00f3tica\" \/>\n<meta property=\"og:description\" content=\"INFLATABLE SILICONE BUTT PLUG Cuando est\u00e1s buscando llevar tu juego anal al siguiente nivel, la colecci\u00f3n Anal Fantasy Elite es\" \/>\n<meta property=\"og:url\" content=\"https:\/\/demoweb.info\/sexshop001\/producto\/plug-inflable-de-silicona-negro\/\" \/>\n<meta property=\"og:site_name\" content=\"Tienda Er\u00f3tica\" \/>\n<meta property=\"og:image\" content=\"https:\/\/demoweb.info\/sexshop001\/wp-content\/uploads\/2022\/01\/PLUG-INFLABLE-DE-SILICONA-NEGRO.jpg\" \/>\n\t<meta property=\"og:image:width\" content=\"550\" \/>\n\t<meta property=\"og:image:height\" content=\"550\" \/>\n\t<meta property=\"og:image:type\" content=\"image\/jpeg\" \/>\n<meta name=\"twitter:card\" content=\"summary_large_image\" \/>\n<meta name=\"twitter:label1\" content=\"Tiempo de lectura\" \/>\n\t<meta name=\"twitter:data1\" content=\"2 minutos\" \/>\n<script type=\"application\/ld+json\" class=\"yoast-schema-graph\">{\"@context\":\"https:\/\/schema.org\",\"@graph\":[{\"@type\":\"WebPage\",\"@id\":\"https:\/\/demoweb.info\/sexshop001\/producto\/plug-inflable-de-silicona-negro\/\",\"url\":\"https:\/\/demoweb.info\/sexshop001\/producto\/plug-inflable-de-silicona-negro\/\",\"name\":\"PLUG INFLABLE DE SILICONA - NEGRO - Tienda Er\u00f3tica\",\"isPartOf\":{\"@id\":\"https:\/\/demoweb.info\/sexshop001\/#website\"},\"datePublished\":\"2022-01-22T17:05:10+00:00\",\"dateModified\":\"2022-01-22T17:05:10+00:00\",\"breadcrumb\":{\"@id\":\"https:\/\/demoweb.info\/sexshop001\/producto\/plug-inflable-de-silicona-negro\/#breadcrumb\"},\"inLanguage\":\"es\",\"potentialAction\":[{\"@type\":\"ReadAction\",\"target\":[\"https:\/\/demoweb.info\/sexshop001\/producto\/plug-inflable-de-silicona-negro\/\"]}]},{\"@type\":\"BreadcrumbList\",\"@id\":\"https:\/\/demoweb.info\/sexshop001\/producto\/plug-inflable-de-silicona-negro\/#breadcrumb\",\"itemListElement\":[{\"@type\":\"ListItem\",\"position\":1,\"name\":\"Portada\",\"item\":\"https:\/\/demoweb.info\/sexshop001\/\"},{\"@type\":\"ListItem\",\"position\":2,\"name\":\"Tienda\",\"item\":\"https:\/\/demoweb.info\/sexshop001\/tienda\/\"},{\"@type\":\"ListItem\",\"position\":3,\"name\":\"PLUG INFLABLE DE SILICONA &#8211; NEGRO\"}]},{\"@type\":\"WebSite\",\"@id\":\"https:\/\/demoweb.info\/sexshop001\/#website\",\"url\":\"https:\/\/demoweb.info\/sexshop001\/\",\"name\":\"Tienda Er\u00f3tica\",\"description\":\"DEMOWEB SL\",\"potentialAction\":[{\"@type\":\"SearchAction\",\"target\":{\"@type\":\"EntryPoint\",\"urlTemplate\":\"https:\/\/demoweb.info\/sexshop001\/?s={search_term_string}\"},\"query-input\":\"required name=search_term_string\"}],\"inLanguage\":\"es\"}]}<\/script>\n<!-- \/ Yoast SEO plugin. -->","yoast_head_json":{"title":"PLUG INFLABLE DE SILICONA - NEGRO - Tienda Er\u00f3tica","robots":{"index":"noindex","follow":"follow","max-snippet":"max-snippet:-1","max-image-preview":"max-image-preview:large","max-video-preview":"max-video-preview:-1"},"og_locale":"es_ES","og_type":"article","og_title":"PLUG INFLABLE DE SILICONA - NEGRO - Tienda Er\u00f3tica","og_description":"INFLATABLE SILICONE BUTT PLUG Cuando est\u00e1s buscando llevar tu juego anal al siguiente nivel, la colecci\u00f3n Anal Fantasy Elite es","og_url":"https:\/\/demoweb.info\/sexshop001\/producto\/plug-inflable-de-silicona-negro\/","og_site_name":"Tienda Er\u00f3tica","og_image":[{"width":550,"height":550,"url":"https:\/\/demoweb.info\/sexshop001\/wp-content\/uploads\/2022\/01\/PLUG-INFLABLE-DE-SILICONA-NEGRO.jpg","type":"image\/jpeg"}],"twitter_card":"summary_large_image","twitter_misc":{"Tiempo de lectura":"2 minutos"},"schema":{"@context":"https:\/\/schema.org","@graph":[{"@type":"WebPage","@id":"https:\/\/demoweb.info\/sexshop001\/producto\/plug-inflable-de-silicona-negro\/","url":"https:\/\/demoweb.info\/sexshop001\/producto\/plug-inflable-de-silicona-negro\/","name":"PLUG INFLABLE DE SILICONA - NEGRO - Tienda Er\u00f3tica","isPartOf":{"@id":"https:\/\/demoweb.info\/sexshop001\/#website"},"datePublished":"2022-01-22T17:05:10+00:00","dateModified":"2022-01-22T17:05:10+00:00","breadcrumb":{"@id":"https:\/\/demoweb.info\/sexshop001\/producto\/plug-inflable-de-silicona-negro\/#breadcrumb"},"inLanguage":"es","potentialAction":[{"@type":"ReadAction","target":["https:\/\/demoweb.info\/sexshop001\/producto\/plug-inflable-de-silicona-negro\/"]}]},{"@type":"BreadcrumbList","@id":"https:\/\/demoweb.info\/sexshop001\/producto\/plug-inflable-de-silicona-negro\/#breadcrumb","itemListElement":[{"@type":"ListItem","position":1,"name":"Portada","item":"https:\/\/demoweb.info\/sexshop001\/"},{"@type":"ListItem","position":2,"name":"Tienda","item":"https:\/\/demoweb.info\/sexshop001\/tienda\/"},{"@type":"ListItem","position":3,"name":"PLUG INFLABLE DE SILICONA &#8211; NEGRO"}]},{"@type":"WebSite","@id":"https:\/\/demoweb.info\/sexshop001\/#website","url":"https:\/\/demoweb.info\/sexshop001\/","name":"Tienda Er\u00f3tica","description":"DEMOWEB SL","potentialAction":[{"@type":"SearchAction","target":{"@type":"EntryPoint","urlTemplate":"https:\/\/demoweb.info\/sexshop001\/?s={search_term_string}"},"query-input":"required name=search_term_string"}],"inLanguage":"es"}]}},"_links":{"self":[{"href":"https:\/\/demoweb.info\/sexshop001\/wp-json\/wp\/v3\/product\/60711","targetHints":{"allow":["GET"]}}],"collection":[{"href":"https:\/\/demoweb.info\/sexshop001\/wp-json\/wp\/v3\/product"}],"about":[{"href":"https:\/\/demoweb.info\/sexshop001\/wp-json\/wp\/v2\/types\/product"}],"replies":[{"embeddable":true,"href":"https:\/\/demoweb.info\/sexshop001\/wp-json\/wp\/v2\/comments?post=60711"}],"wp:featuredmedia":[{"embeddable":true,"href":"https:\/\/demoweb.info\/sexshop001\/wp-json\/wp\/v2\/media\/60712"}],"wp:attachment":[{"href":"https:\/\/demoweb.info\/sexshop001\/wp-json\/wp\/v2\/media?parent=60711"}],"wp:term":[{"taxonomy":"product_cat","embeddable":true,"href":"https:\/\/demoweb.info\/sexshop001\/wp-json\/wp\/v2\/product_cat?post=60711"},{"taxonomy":"product_tag","embeddable":true,"href":"https:\/\/demoweb.info\/sexshop001\/wp-json\/wp\/v2\/product_tag?post=60711"}],"curies":[{"name":"wp","href":"https:\/\/api.w.org\/{rel}","templated":true}]}}