{"id":60700,"date":"2022-01-22T18:04:47","date_gmt":"2022-01-22T17:04:47","guid":{"rendered":"https:\/\/demoweb.info\/sexshop001\/producto\/dirty-talk-masturbador-vagina-con-vibracion-y-voz\/"},"modified":"2022-01-22T18:05:01","modified_gmt":"2022-01-22T17:05:01","slug":"dirty-talk-masturbador-vagina-con-vibracion-y-voz","status":"publish","type":"product","link":"https:\/\/demoweb.info\/sexshop001\/producto\/dirty-talk-masturbador-vagina-con-vibracion-y-voz\/","title":{"rendered":"DIRTY TALK MASTURBADOR VAGINA CON VIBRACI\u00d3N Y VOZ"},"content":{"rendered":"<p><strong>DIRTY TALK STARTER STROKER <\/strong><\/p>\n<p>\u00bfListo para la mejor experiencia de masturbaci\u00f3n de tu vida? Perfecto para principiantes, el PDX ELITE Dirty Talk Starter Stroker ofrece una experiencia de placer sensorial total. La poderosa vibraci\u00f3n se combina con gemidos apasionados y conversaciones sexy para llevar tus sesiones de masturbaci\u00f3n a niveles completamente nuevos de satisfacci\u00f3n.<\/p>\n<p>Una funda interior Fanta Flesh s\u00faper suave y realista forrada con costillas de masaje, protuberancias y texturas agradables cumplir\u00e1 tus fantas\u00edas con cada empuje. Para una vibraci\u00f3n completamente automatizada, simplemente presiona el bot\u00f3n del potente motor recargable y disfruta de 10 patrones de vibraciones burlonas que viajan hasta tu eje.<\/p>\n<p>\u00a1Explora tus opciones! La robusta carcasa exterior con una ventosa de bloqueo ajustable se puede ajustar a tu posici\u00f3n preferida de manos libres, o retira la funda interior Fanta Flesh para el placer propio de mano.<\/p>\n<p>Cierra los ojos y disfruta de la voz de la seducci\u00f3n y los gemidos apasionados mientras una poderosa vibraci\u00f3n rodea tu eje con cada empuje.<\/p>\n<p>Caracteristicas:<\/p>\n<ul>\n<li>Fanta Flesh realista: Materual Fanta Flesh supersuave que imita la sensaci\u00f3n y el calor de la piel real.<\/li>\n<li>Vibraci\u00f3n intensa: 10 patrones de vibraci\u00f3n estimulante para una experiencia de masturbaci\u00f3n alucinante.<\/li>\n<li>Encendido \/ apagado: controla el placer final con solo tocar un bot\u00f3n.<\/li>\n<li>Talks &#038; Moans: la funci\u00f3n de voz permite frases atractivas y gemidos de placer.<\/li>\n<li>USB recargable &#8211; \u00a1Listo cuando t\u00fa lo est\u00e9s! F\u00e1cil y convenientemente recargable ofreciendo horas de disfrute.<\/li>\n<li>Ventosa de bloqueo extra\u00edble y ajustable: la succi\u00f3n intensamente potente permite la conexi\u00f3n a casi todas las superficies planas con un innovador dise\u00f1o de cerradura giratoria para una conexi\u00f3n de mayor resistencia.<\/li>\n<li>F\u00e1cil operaci\u00f3n con 3 botones: un motor recargable s\u00faper fuerte proporciona control de voz y vibraci\u00f3n.<\/li>\n<\/ul>\n<p>Instrucciones de cuidado:<\/p>\n<ul>\n<li>Recargable a trav\u00e9s del cable USB incluido.<\/li>\n<li>La limpieza es instant\u00e1nea despu\u00e9s de la diversi\u00f3n con Refresh Toy Cleaner y agua tibia.<\/li>\n<li>La funda interior es desmontable para facilitar su limpieza.<\/li>\n<li>Para conservar la suavidad original de su PDX ELITE Dirty Talk Starter Stroker, aplica el polvo Fanta Flesh Revive despu\u00e9s de que se haya secado.<\/li>\n<\/ul>\n","protected":false},"excerpt":{"rendered":"<p>DIRTY TALK STARTER STROKER \u00bfListo para la mejor experiencia de masturbaci\u00f3n de tu vida? Perfecto para principiantes, el PDX ELITE<\/p>\n","protected":false},"featured_media":60701,"comment_status":"open","ping_status":"open","template":"","meta":[],"product_cat":[1599],"product_tag":[561,259],"class_list":["post-60700","product","type-product","status-publish","has-post-thumbnail","hentry","product_cat-con-voz","product_tag-extreme-toyz","product_tag-pipedream"],"bundled_by":[],"bundle_stock_status":"instock","bundle_stock_quantity":6,"bundle_virtual":false,"bundle_layout":"","bundle_add_to_cart_form_location":"","bundle_editable_in_cart":false,"bundle_sold_individually_context":"","bundle_item_grouping":"","bundle_min_size":"","bundle_max_size":"","bundled_items":[],"yoast_head":"<!-- This site is optimized with the Yoast SEO plugin v20.6 - https:\/\/yoast.com\/wordpress\/plugins\/seo\/ -->\n<title>DIRTY TALK MASTURBADOR VAGINA CON VIBRACI\u00d3N Y VOZ - Tienda Er\u00f3tica<\/title>\n<meta name=\"robots\" content=\"noindex, follow, max-snippet:-1, max-image-preview:large, max-video-preview:-1\" \/>\n<meta property=\"og:locale\" content=\"es_ES\" \/>\n<meta property=\"og:type\" content=\"article\" \/>\n<meta property=\"og:title\" content=\"DIRTY TALK MASTURBADOR VAGINA CON VIBRACI\u00d3N Y VOZ - Tienda Er\u00f3tica\" \/>\n<meta property=\"og:description\" content=\"DIRTY TALK STARTER STROKER \u00bfListo para la mejor experiencia de masturbaci\u00f3n de tu vida? Perfecto para principiantes, el PDX ELITE\" \/>\n<meta property=\"og:url\" content=\"https:\/\/demoweb.info\/sexshop001\/producto\/dirty-talk-masturbador-vagina-con-vibracion-y-voz\/\" \/>\n<meta property=\"og:site_name\" content=\"Tienda Er\u00f3tica\" \/>\n<meta property=\"article:modified_time\" content=\"2022-01-22T17:05:01+00:00\" \/>\n<meta property=\"og:image\" content=\"https:\/\/demoweb.info\/sexshop001\/wp-content\/uploads\/2022\/01\/DIRTY-TALK-MASTURBADOR-VAGINA-CON-VIBRACION-Y-VOZ.jpg\" \/>\n\t<meta property=\"og:image:width\" content=\"550\" \/>\n\t<meta property=\"og:image:height\" content=\"550\" \/>\n\t<meta property=\"og:image:type\" content=\"image\/jpeg\" \/>\n<meta name=\"twitter:card\" content=\"summary_large_image\" \/>\n<meta name=\"twitter:label1\" content=\"Tiempo de lectura\" \/>\n\t<meta name=\"twitter:data1\" content=\"2 minutos\" \/>\n<script type=\"application\/ld+json\" class=\"yoast-schema-graph\">{\"@context\":\"https:\/\/schema.org\",\"@graph\":[{\"@type\":\"WebPage\",\"@id\":\"https:\/\/demoweb.info\/sexshop001\/producto\/dirty-talk-masturbador-vagina-con-vibracion-y-voz\/\",\"url\":\"https:\/\/demoweb.info\/sexshop001\/producto\/dirty-talk-masturbador-vagina-con-vibracion-y-voz\/\",\"name\":\"DIRTY TALK MASTURBADOR VAGINA CON VIBRACI\u00d3N Y VOZ - Tienda Er\u00f3tica\",\"isPartOf\":{\"@id\":\"https:\/\/demoweb.info\/sexshop001\/#website\"},\"datePublished\":\"2022-01-22T17:04:47+00:00\",\"dateModified\":\"2022-01-22T17:05:01+00:00\",\"breadcrumb\":{\"@id\":\"https:\/\/demoweb.info\/sexshop001\/producto\/dirty-talk-masturbador-vagina-con-vibracion-y-voz\/#breadcrumb\"},\"inLanguage\":\"es\",\"potentialAction\":[{\"@type\":\"ReadAction\",\"target\":[\"https:\/\/demoweb.info\/sexshop001\/producto\/dirty-talk-masturbador-vagina-con-vibracion-y-voz\/\"]}]},{\"@type\":\"BreadcrumbList\",\"@id\":\"https:\/\/demoweb.info\/sexshop001\/producto\/dirty-talk-masturbador-vagina-con-vibracion-y-voz\/#breadcrumb\",\"itemListElement\":[{\"@type\":\"ListItem\",\"position\":1,\"name\":\"Portada\",\"item\":\"https:\/\/demoweb.info\/sexshop001\/\"},{\"@type\":\"ListItem\",\"position\":2,\"name\":\"Tienda\",\"item\":\"https:\/\/demoweb.info\/sexshop001\/tienda\/\"},{\"@type\":\"ListItem\",\"position\":3,\"name\":\"DIRTY TALK MASTURBADOR VAGINA CON VIBRACI\u00d3N Y VOZ\"}]},{\"@type\":\"WebSite\",\"@id\":\"https:\/\/demoweb.info\/sexshop001\/#website\",\"url\":\"https:\/\/demoweb.info\/sexshop001\/\",\"name\":\"Tienda Er\u00f3tica\",\"description\":\"DEMOWEB SL\",\"potentialAction\":[{\"@type\":\"SearchAction\",\"target\":{\"@type\":\"EntryPoint\",\"urlTemplate\":\"https:\/\/demoweb.info\/sexshop001\/?s={search_term_string}\"},\"query-input\":\"required name=search_term_string\"}],\"inLanguage\":\"es\"}]}<\/script>\n<!-- \/ Yoast SEO plugin. -->","yoast_head_json":{"title":"DIRTY TALK MASTURBADOR VAGINA CON VIBRACI\u00d3N Y VOZ - Tienda Er\u00f3tica","robots":{"index":"noindex","follow":"follow","max-snippet":"max-snippet:-1","max-image-preview":"max-image-preview:large","max-video-preview":"max-video-preview:-1"},"og_locale":"es_ES","og_type":"article","og_title":"DIRTY TALK MASTURBADOR VAGINA CON VIBRACI\u00d3N Y VOZ - Tienda Er\u00f3tica","og_description":"DIRTY TALK STARTER STROKER \u00bfListo para la mejor experiencia de masturbaci\u00f3n de tu vida? Perfecto para principiantes, el PDX ELITE","og_url":"https:\/\/demoweb.info\/sexshop001\/producto\/dirty-talk-masturbador-vagina-con-vibracion-y-voz\/","og_site_name":"Tienda Er\u00f3tica","article_modified_time":"2022-01-22T17:05:01+00:00","og_image":[{"width":550,"height":550,"url":"https:\/\/demoweb.info\/sexshop001\/wp-content\/uploads\/2022\/01\/DIRTY-TALK-MASTURBADOR-VAGINA-CON-VIBRACION-Y-VOZ.jpg","type":"image\/jpeg"}],"twitter_card":"summary_large_image","twitter_misc":{"Tiempo de lectura":"2 minutos"},"schema":{"@context":"https:\/\/schema.org","@graph":[{"@type":"WebPage","@id":"https:\/\/demoweb.info\/sexshop001\/producto\/dirty-talk-masturbador-vagina-con-vibracion-y-voz\/","url":"https:\/\/demoweb.info\/sexshop001\/producto\/dirty-talk-masturbador-vagina-con-vibracion-y-voz\/","name":"DIRTY TALK MASTURBADOR VAGINA CON VIBRACI\u00d3N Y VOZ - Tienda Er\u00f3tica","isPartOf":{"@id":"https:\/\/demoweb.info\/sexshop001\/#website"},"datePublished":"2022-01-22T17:04:47+00:00","dateModified":"2022-01-22T17:05:01+00:00","breadcrumb":{"@id":"https:\/\/demoweb.info\/sexshop001\/producto\/dirty-talk-masturbador-vagina-con-vibracion-y-voz\/#breadcrumb"},"inLanguage":"es","potentialAction":[{"@type":"ReadAction","target":["https:\/\/demoweb.info\/sexshop001\/producto\/dirty-talk-masturbador-vagina-con-vibracion-y-voz\/"]}]},{"@type":"BreadcrumbList","@id":"https:\/\/demoweb.info\/sexshop001\/producto\/dirty-talk-masturbador-vagina-con-vibracion-y-voz\/#breadcrumb","itemListElement":[{"@type":"ListItem","position":1,"name":"Portada","item":"https:\/\/demoweb.info\/sexshop001\/"},{"@type":"ListItem","position":2,"name":"Tienda","item":"https:\/\/demoweb.info\/sexshop001\/tienda\/"},{"@type":"ListItem","position":3,"name":"DIRTY TALK MASTURBADOR VAGINA CON VIBRACI\u00d3N Y VOZ"}]},{"@type":"WebSite","@id":"https:\/\/demoweb.info\/sexshop001\/#website","url":"https:\/\/demoweb.info\/sexshop001\/","name":"Tienda Er\u00f3tica","description":"DEMOWEB SL","potentialAction":[{"@type":"SearchAction","target":{"@type":"EntryPoint","urlTemplate":"https:\/\/demoweb.info\/sexshop001\/?s={search_term_string}"},"query-input":"required name=search_term_string"}],"inLanguage":"es"}]}},"_links":{"self":[{"href":"https:\/\/demoweb.info\/sexshop001\/wp-json\/wp\/v3\/product\/60700","targetHints":{"allow":["GET"]}}],"collection":[{"href":"https:\/\/demoweb.info\/sexshop001\/wp-json\/wp\/v3\/product"}],"about":[{"href":"https:\/\/demoweb.info\/sexshop001\/wp-json\/wp\/v2\/types\/product"}],"replies":[{"embeddable":true,"href":"https:\/\/demoweb.info\/sexshop001\/wp-json\/wp\/v2\/comments?post=60700"}],"wp:featuredmedia":[{"embeddable":true,"href":"https:\/\/demoweb.info\/sexshop001\/wp-json\/wp\/v2\/media\/60701"}],"wp:attachment":[{"href":"https:\/\/demoweb.info\/sexshop001\/wp-json\/wp\/v2\/media?parent=60700"}],"wp:term":[{"taxonomy":"product_cat","embeddable":true,"href":"https:\/\/demoweb.info\/sexshop001\/wp-json\/wp\/v2\/product_cat?post=60700"},{"taxonomy":"product_tag","embeddable":true,"href":"https:\/\/demoweb.info\/sexshop001\/wp-json\/wp\/v2\/product_tag?post=60700"}],"curies":[{"name":"wp","href":"https:\/\/api.w.org\/{rel}","templated":true}]}}