{"id":60596,"date":"2022-01-22T18:03:47","date_gmt":"2022-01-22T17:03:47","guid":{"rendered":"https:\/\/demoweb.info\/sexshop001\/producto\/succionador-pezones-con-vibracion-negro\/"},"modified":"2022-01-22T18:03:47","modified_gmt":"2022-01-22T17:03:47","slug":"succionador-pezones-con-vibracion-negro","status":"publish","type":"product","link":"https:\/\/demoweb.info\/sexshop001\/producto\/succionador-pezones-con-vibracion-negro\/","title":{"rendered":"SUCCIONADOR PEZONES CON VIBRACI\u00d3N &#8211; NEGRO"},"content":{"rendered":"<p><strong>VIBRATING NIPPLE SUCKERS<\/strong><\/p>\n<p>\u00a1Aprovecha estos OUCH!<\/p>\n<p>Ventosas de pez\u00f3n cuando se desee una concentraci\u00f3n manual en las regiones inferiores. Estas bombas de pez\u00f3n vibrantes act\u00faan como un par de manos extra para obtener lo mejor de ambos mundos.<\/p>\n<p>Hecho de ABS liso y silicona de alto grado, libre de ftalatos, estas peque\u00f1as gemas pueden vibrar hasta 10.000 rpm \u00a1para excitantes y alucinantes orgasmos!<\/p>\n<p>Caracter\u00edsticas:<\/p>\n<ul>\n<li>Dimensiones del producto: 3,7 x 4,2 x 4,2 cm<\/li>\n<li>Peso del producto: 38 gr<\/li>\n<li>Di\u00e1metro del producto: 4,2 cm<\/li>\n<li>Di\u00e1metro interno:  4,2 cm<\/li>\n<li>Rotaciones: 1000 RPM<\/li>\n<li>Tipos de velocidad: 1<\/li>\n<li>Nivel de ruido: 50 dB<\/li>\n<li>Se requieren bater\u00edas: 1<\/li>\n<li>Tipo de bater\u00edas: AG5<\/li>\n<li>Bater\u00edas incluidas: S\u00ed<\/li>\n<li>Libre de ftalato: S\u00ed<\/li>\n<li>Materiales:  ABS, silicona<\/li>\n<\/ul>\n","protected":false},"excerpt":{"rendered":"<p>VIBRATING NIPPLE SUCKERS \u00a1Aprovecha estos OUCH! Ventosas de pez\u00f3n cuando se desee una concentraci\u00f3n manual en las regiones inferiores. Estas<\/p>\n","protected":false},"featured_media":60597,"comment_status":"open","ping_status":"open","template":"","meta":[],"product_cat":[705],"product_tag":[307,302],"class_list":["post-60596","product","type-product","status-publish","has-post-thumbnail","hentry","product_cat-con-vibracion-pinzas-pezones","product_tag-ouch","product_tag-shots"],"bundled_by":[],"bundle_stock_status":"instock","bundle_stock_quantity":2,"bundle_virtual":false,"bundle_layout":"","bundle_add_to_cart_form_location":"","bundle_editable_in_cart":false,"bundle_sold_individually_context":"","bundle_item_grouping":"","bundle_min_size":"","bundle_max_size":"","bundled_items":[],"yoast_head":"<!-- This site is optimized with the Yoast SEO plugin v20.6 - https:\/\/yoast.com\/wordpress\/plugins\/seo\/ -->\n<title>SUCCIONADOR PEZONES CON VIBRACI\u00d3N - NEGRO - Tienda Er\u00f3tica<\/title>\n<meta name=\"robots\" content=\"noindex, follow, max-snippet:-1, max-image-preview:large, max-video-preview:-1\" \/>\n<meta property=\"og:locale\" content=\"es_ES\" \/>\n<meta property=\"og:type\" content=\"article\" \/>\n<meta property=\"og:title\" content=\"SUCCIONADOR PEZONES CON VIBRACI\u00d3N - NEGRO - Tienda Er\u00f3tica\" \/>\n<meta property=\"og:description\" content=\"VIBRATING NIPPLE SUCKERS \u00a1Aprovecha estos OUCH! Ventosas de pez\u00f3n cuando se desee una concentraci\u00f3n manual en las regiones inferiores. Estas\" \/>\n<meta property=\"og:url\" content=\"https:\/\/demoweb.info\/sexshop001\/producto\/succionador-pezones-con-vibracion-negro\/\" \/>\n<meta property=\"og:site_name\" content=\"Tienda Er\u00f3tica\" \/>\n<meta property=\"og:image\" content=\"https:\/\/demoweb.info\/sexshop001\/wp-content\/uploads\/2022\/01\/SUCCIONADOR-PEZONES-CON-VIBRACION-NEGRO.jpg\" \/>\n\t<meta property=\"og:image:width\" content=\"550\" \/>\n\t<meta property=\"og:image:height\" content=\"550\" \/>\n\t<meta property=\"og:image:type\" content=\"image\/jpeg\" \/>\n<meta name=\"twitter:card\" content=\"summary_large_image\" \/>\n<meta name=\"twitter:label1\" content=\"Tiempo de lectura\" \/>\n\t<meta name=\"twitter:data1\" content=\"1 minuto\" \/>\n<script type=\"application\/ld+json\" class=\"yoast-schema-graph\">{\"@context\":\"https:\/\/schema.org\",\"@graph\":[{\"@type\":\"WebPage\",\"@id\":\"https:\/\/demoweb.info\/sexshop001\/producto\/succionador-pezones-con-vibracion-negro\/\",\"url\":\"https:\/\/demoweb.info\/sexshop001\/producto\/succionador-pezones-con-vibracion-negro\/\",\"name\":\"SUCCIONADOR PEZONES CON VIBRACI\u00d3N - NEGRO - Tienda Er\u00f3tica\",\"isPartOf\":{\"@id\":\"https:\/\/demoweb.info\/sexshop001\/#website\"},\"datePublished\":\"2022-01-22T17:03:47+00:00\",\"dateModified\":\"2022-01-22T17:03:47+00:00\",\"breadcrumb\":{\"@id\":\"https:\/\/demoweb.info\/sexshop001\/producto\/succionador-pezones-con-vibracion-negro\/#breadcrumb\"},\"inLanguage\":\"es\",\"potentialAction\":[{\"@type\":\"ReadAction\",\"target\":[\"https:\/\/demoweb.info\/sexshop001\/producto\/succionador-pezones-con-vibracion-negro\/\"]}]},{\"@type\":\"BreadcrumbList\",\"@id\":\"https:\/\/demoweb.info\/sexshop001\/producto\/succionador-pezones-con-vibracion-negro\/#breadcrumb\",\"itemListElement\":[{\"@type\":\"ListItem\",\"position\":1,\"name\":\"Portada\",\"item\":\"https:\/\/demoweb.info\/sexshop001\/\"},{\"@type\":\"ListItem\",\"position\":2,\"name\":\"Tienda\",\"item\":\"https:\/\/demoweb.info\/sexshop001\/tienda\/\"},{\"@type\":\"ListItem\",\"position\":3,\"name\":\"SUCCIONADOR PEZONES CON VIBRACI\u00d3N &#8211; NEGRO\"}]},{\"@type\":\"WebSite\",\"@id\":\"https:\/\/demoweb.info\/sexshop001\/#website\",\"url\":\"https:\/\/demoweb.info\/sexshop001\/\",\"name\":\"Tienda Er\u00f3tica\",\"description\":\"DEMOWEB SL\",\"potentialAction\":[{\"@type\":\"SearchAction\",\"target\":{\"@type\":\"EntryPoint\",\"urlTemplate\":\"https:\/\/demoweb.info\/sexshop001\/?s={search_term_string}\"},\"query-input\":\"required name=search_term_string\"}],\"inLanguage\":\"es\"}]}<\/script>\n<!-- \/ Yoast SEO plugin. -->","yoast_head_json":{"title":"SUCCIONADOR PEZONES CON VIBRACI\u00d3N - NEGRO - Tienda Er\u00f3tica","robots":{"index":"noindex","follow":"follow","max-snippet":"max-snippet:-1","max-image-preview":"max-image-preview:large","max-video-preview":"max-video-preview:-1"},"og_locale":"es_ES","og_type":"article","og_title":"SUCCIONADOR PEZONES CON VIBRACI\u00d3N - NEGRO - Tienda Er\u00f3tica","og_description":"VIBRATING NIPPLE SUCKERS \u00a1Aprovecha estos OUCH! Ventosas de pez\u00f3n cuando se desee una concentraci\u00f3n manual en las regiones inferiores. Estas","og_url":"https:\/\/demoweb.info\/sexshop001\/producto\/succionador-pezones-con-vibracion-negro\/","og_site_name":"Tienda Er\u00f3tica","og_image":[{"width":550,"height":550,"url":"https:\/\/demoweb.info\/sexshop001\/wp-content\/uploads\/2022\/01\/SUCCIONADOR-PEZONES-CON-VIBRACION-NEGRO.jpg","type":"image\/jpeg"}],"twitter_card":"summary_large_image","twitter_misc":{"Tiempo de lectura":"1 minuto"},"schema":{"@context":"https:\/\/schema.org","@graph":[{"@type":"WebPage","@id":"https:\/\/demoweb.info\/sexshop001\/producto\/succionador-pezones-con-vibracion-negro\/","url":"https:\/\/demoweb.info\/sexshop001\/producto\/succionador-pezones-con-vibracion-negro\/","name":"SUCCIONADOR PEZONES CON VIBRACI\u00d3N - NEGRO - Tienda Er\u00f3tica","isPartOf":{"@id":"https:\/\/demoweb.info\/sexshop001\/#website"},"datePublished":"2022-01-22T17:03:47+00:00","dateModified":"2022-01-22T17:03:47+00:00","breadcrumb":{"@id":"https:\/\/demoweb.info\/sexshop001\/producto\/succionador-pezones-con-vibracion-negro\/#breadcrumb"},"inLanguage":"es","potentialAction":[{"@type":"ReadAction","target":["https:\/\/demoweb.info\/sexshop001\/producto\/succionador-pezones-con-vibracion-negro\/"]}]},{"@type":"BreadcrumbList","@id":"https:\/\/demoweb.info\/sexshop001\/producto\/succionador-pezones-con-vibracion-negro\/#breadcrumb","itemListElement":[{"@type":"ListItem","position":1,"name":"Portada","item":"https:\/\/demoweb.info\/sexshop001\/"},{"@type":"ListItem","position":2,"name":"Tienda","item":"https:\/\/demoweb.info\/sexshop001\/tienda\/"},{"@type":"ListItem","position":3,"name":"SUCCIONADOR PEZONES CON VIBRACI\u00d3N &#8211; NEGRO"}]},{"@type":"WebSite","@id":"https:\/\/demoweb.info\/sexshop001\/#website","url":"https:\/\/demoweb.info\/sexshop001\/","name":"Tienda Er\u00f3tica","description":"DEMOWEB SL","potentialAction":[{"@type":"SearchAction","target":{"@type":"EntryPoint","urlTemplate":"https:\/\/demoweb.info\/sexshop001\/?s={search_term_string}"},"query-input":"required name=search_term_string"}],"inLanguage":"es"}]}},"_links":{"self":[{"href":"https:\/\/demoweb.info\/sexshop001\/wp-json\/wp\/v3\/product\/60596","targetHints":{"allow":["GET"]}}],"collection":[{"href":"https:\/\/demoweb.info\/sexshop001\/wp-json\/wp\/v3\/product"}],"about":[{"href":"https:\/\/demoweb.info\/sexshop001\/wp-json\/wp\/v2\/types\/product"}],"replies":[{"embeddable":true,"href":"https:\/\/demoweb.info\/sexshop001\/wp-json\/wp\/v2\/comments?post=60596"}],"wp:featuredmedia":[{"embeddable":true,"href":"https:\/\/demoweb.info\/sexshop001\/wp-json\/wp\/v2\/media\/60597"}],"wp:attachment":[{"href":"https:\/\/demoweb.info\/sexshop001\/wp-json\/wp\/v2\/media?parent=60596"}],"wp:term":[{"taxonomy":"product_cat","embeddable":true,"href":"https:\/\/demoweb.info\/sexshop001\/wp-json\/wp\/v2\/product_cat?post=60596"},{"taxonomy":"product_tag","embeddable":true,"href":"https:\/\/demoweb.info\/sexshop001\/wp-json\/wp\/v2\/product_tag?post=60596"}],"curies":[{"name":"wp","href":"https:\/\/api.w.org\/{rel}","templated":true}]}}