{"id":60592,"date":"2022-01-22T18:03:21","date_gmt":"2022-01-22T17:03:21","guid":{"rendered":"https:\/\/demoweb.info\/sexshop001\/producto\/fist-it-inyector-de-lubricante-negro\/"},"modified":"2022-01-22T18:03:43","modified_gmt":"2022-01-22T17:03:43","slug":"fist-it-inyector-de-lubricante-negro","status":"publish","type":"product","link":"https:\/\/demoweb.info\/sexshop001\/producto\/fist-it-inyector-de-lubricante-negro\/","title":{"rendered":"FIST IT &#8211; INYECTOR DE LUBRICANTE &#8211; NEGRO"},"content":{"rendered":"<p><strong>FIST IT &#8211; LUBE SHOOTER <\/strong><\/p>\n<p>Cargue y dispare su lubricante FIST IT tan simple como \u00a1un, dos y tres!.<\/p>\n<p>Este dispensador de lubricante est\u00e1 elaborado de pl\u00e1stico de alta calidad dise\u00f1ado para un uso bastante pr\u00e1ctico. Dotado de convenientes aros para los dedos, el dispensador puede ser llenado con cualquier l\u00edquido que desee e inyectado con un simple apret\u00f3n.<\/p>\n<p>El disparatador de lubricante FIST IT viene con una tapa para prevenir que el l\u00edquido se derrame hasta que el momento sea el adecuado para su aplicaci\u00f3n. El gran disparatador de lubricante tiene una longitud de 19,2 cm con un di\u00e1metro de 6 cm y s\u00f3lo viene en color negro.<\/p>\n","protected":false},"excerpt":{"rendered":"<p>FIST IT &#8211; LUBE SHOOTER Cargue y dispare su lubricante FIST IT tan simple como \u00a1un, dos y tres!. Este<\/p>\n","protected":false},"featured_media":60593,"comment_status":"open","ping_status":"open","template":"","meta":[],"product_cat":[785],"product_tag":[862,302],"class_list":["post-60592","product","type-product","status-publish","has-post-thumbnail","hentry","product_cat-accesorios-limpieza-intima","product_tag-fist-it","product_tag-shots"],"bundled_by":[],"bundle_stock_status":"instock","bundle_stock_quantity":2,"bundle_virtual":false,"bundle_layout":"","bundle_add_to_cart_form_location":"","bundle_editable_in_cart":false,"bundle_sold_individually_context":"","bundle_item_grouping":"","bundle_min_size":"","bundle_max_size":"","bundled_items":[],"yoast_head":"<!-- This site is optimized with the Yoast SEO plugin v20.6 - https:\/\/yoast.com\/wordpress\/plugins\/seo\/ -->\n<title>FIST IT - INYECTOR DE LUBRICANTE - NEGRO - Tienda Er\u00f3tica<\/title>\n<meta name=\"robots\" content=\"noindex, follow, max-snippet:-1, max-image-preview:large, max-video-preview:-1\" \/>\n<meta property=\"og:locale\" content=\"es_ES\" \/>\n<meta property=\"og:type\" content=\"article\" \/>\n<meta property=\"og:title\" content=\"FIST IT - INYECTOR DE LUBRICANTE - NEGRO - Tienda Er\u00f3tica\" \/>\n<meta property=\"og:description\" content=\"FIST IT &#8211; LUBE SHOOTER Cargue y dispare su lubricante FIST IT tan simple como \u00a1un, dos y tres!. Este\" \/>\n<meta property=\"og:url\" content=\"https:\/\/demoweb.info\/sexshop001\/producto\/fist-it-inyector-de-lubricante-negro\/\" \/>\n<meta property=\"og:site_name\" content=\"Tienda Er\u00f3tica\" \/>\n<meta property=\"article:modified_time\" content=\"2022-01-22T17:03:43+00:00\" \/>\n<meta property=\"og:image\" content=\"https:\/\/demoweb.info\/sexshop001\/wp-content\/uploads\/2022\/01\/FIST-IT-INYECTOR-DE-LUBRICANTE-NEGRO.jpg\" \/>\n\t<meta property=\"og:image:width\" content=\"550\" \/>\n\t<meta property=\"og:image:height\" content=\"550\" \/>\n\t<meta property=\"og:image:type\" content=\"image\/jpeg\" \/>\n<meta name=\"twitter:card\" content=\"summary_large_image\" \/>\n<meta name=\"twitter:label1\" content=\"Tiempo de lectura\" \/>\n\t<meta name=\"twitter:data1\" content=\"1 minuto\" \/>\n<script type=\"application\/ld+json\" class=\"yoast-schema-graph\">{\"@context\":\"https:\/\/schema.org\",\"@graph\":[{\"@type\":\"WebPage\",\"@id\":\"https:\/\/demoweb.info\/sexshop001\/producto\/fist-it-inyector-de-lubricante-negro\/\",\"url\":\"https:\/\/demoweb.info\/sexshop001\/producto\/fist-it-inyector-de-lubricante-negro\/\",\"name\":\"FIST IT - INYECTOR DE LUBRICANTE - NEGRO - Tienda Er\u00f3tica\",\"isPartOf\":{\"@id\":\"https:\/\/demoweb.info\/sexshop001\/#website\"},\"datePublished\":\"2022-01-22T17:03:21+00:00\",\"dateModified\":\"2022-01-22T17:03:43+00:00\",\"breadcrumb\":{\"@id\":\"https:\/\/demoweb.info\/sexshop001\/producto\/fist-it-inyector-de-lubricante-negro\/#breadcrumb\"},\"inLanguage\":\"es\",\"potentialAction\":[{\"@type\":\"ReadAction\",\"target\":[\"https:\/\/demoweb.info\/sexshop001\/producto\/fist-it-inyector-de-lubricante-negro\/\"]}]},{\"@type\":\"BreadcrumbList\",\"@id\":\"https:\/\/demoweb.info\/sexshop001\/producto\/fist-it-inyector-de-lubricante-negro\/#breadcrumb\",\"itemListElement\":[{\"@type\":\"ListItem\",\"position\":1,\"name\":\"Portada\",\"item\":\"https:\/\/demoweb.info\/sexshop001\/\"},{\"@type\":\"ListItem\",\"position\":2,\"name\":\"Tienda\",\"item\":\"https:\/\/demoweb.info\/sexshop001\/tienda\/\"},{\"@type\":\"ListItem\",\"position\":3,\"name\":\"FIST IT &#8211; INYECTOR DE LUBRICANTE &#8211; NEGRO\"}]},{\"@type\":\"WebSite\",\"@id\":\"https:\/\/demoweb.info\/sexshop001\/#website\",\"url\":\"https:\/\/demoweb.info\/sexshop001\/\",\"name\":\"Tienda Er\u00f3tica\",\"description\":\"DEMOWEB SL\",\"potentialAction\":[{\"@type\":\"SearchAction\",\"target\":{\"@type\":\"EntryPoint\",\"urlTemplate\":\"https:\/\/demoweb.info\/sexshop001\/?s={search_term_string}\"},\"query-input\":\"required name=search_term_string\"}],\"inLanguage\":\"es\"}]}<\/script>\n<!-- \/ Yoast SEO plugin. -->","yoast_head_json":{"title":"FIST IT - INYECTOR DE LUBRICANTE - NEGRO - Tienda Er\u00f3tica","robots":{"index":"noindex","follow":"follow","max-snippet":"max-snippet:-1","max-image-preview":"max-image-preview:large","max-video-preview":"max-video-preview:-1"},"og_locale":"es_ES","og_type":"article","og_title":"FIST IT - INYECTOR DE LUBRICANTE - NEGRO - Tienda Er\u00f3tica","og_description":"FIST IT &#8211; LUBE SHOOTER Cargue y dispare su lubricante FIST IT tan simple como \u00a1un, dos y tres!. Este","og_url":"https:\/\/demoweb.info\/sexshop001\/producto\/fist-it-inyector-de-lubricante-negro\/","og_site_name":"Tienda Er\u00f3tica","article_modified_time":"2022-01-22T17:03:43+00:00","og_image":[{"width":550,"height":550,"url":"https:\/\/demoweb.info\/sexshop001\/wp-content\/uploads\/2022\/01\/FIST-IT-INYECTOR-DE-LUBRICANTE-NEGRO.jpg","type":"image\/jpeg"}],"twitter_card":"summary_large_image","twitter_misc":{"Tiempo de lectura":"1 minuto"},"schema":{"@context":"https:\/\/schema.org","@graph":[{"@type":"WebPage","@id":"https:\/\/demoweb.info\/sexshop001\/producto\/fist-it-inyector-de-lubricante-negro\/","url":"https:\/\/demoweb.info\/sexshop001\/producto\/fist-it-inyector-de-lubricante-negro\/","name":"FIST IT - INYECTOR DE LUBRICANTE - NEGRO - Tienda Er\u00f3tica","isPartOf":{"@id":"https:\/\/demoweb.info\/sexshop001\/#website"},"datePublished":"2022-01-22T17:03:21+00:00","dateModified":"2022-01-22T17:03:43+00:00","breadcrumb":{"@id":"https:\/\/demoweb.info\/sexshop001\/producto\/fist-it-inyector-de-lubricante-negro\/#breadcrumb"},"inLanguage":"es","potentialAction":[{"@type":"ReadAction","target":["https:\/\/demoweb.info\/sexshop001\/producto\/fist-it-inyector-de-lubricante-negro\/"]}]},{"@type":"BreadcrumbList","@id":"https:\/\/demoweb.info\/sexshop001\/producto\/fist-it-inyector-de-lubricante-negro\/#breadcrumb","itemListElement":[{"@type":"ListItem","position":1,"name":"Portada","item":"https:\/\/demoweb.info\/sexshop001\/"},{"@type":"ListItem","position":2,"name":"Tienda","item":"https:\/\/demoweb.info\/sexshop001\/tienda\/"},{"@type":"ListItem","position":3,"name":"FIST IT &#8211; INYECTOR DE LUBRICANTE &#8211; NEGRO"}]},{"@type":"WebSite","@id":"https:\/\/demoweb.info\/sexshop001\/#website","url":"https:\/\/demoweb.info\/sexshop001\/","name":"Tienda Er\u00f3tica","description":"DEMOWEB SL","potentialAction":[{"@type":"SearchAction","target":{"@type":"EntryPoint","urlTemplate":"https:\/\/demoweb.info\/sexshop001\/?s={search_term_string}"},"query-input":"required name=search_term_string"}],"inLanguage":"es"}]}},"_links":{"self":[{"href":"https:\/\/demoweb.info\/sexshop001\/wp-json\/wp\/v3\/product\/60592","targetHints":{"allow":["GET"]}}],"collection":[{"href":"https:\/\/demoweb.info\/sexshop001\/wp-json\/wp\/v3\/product"}],"about":[{"href":"https:\/\/demoweb.info\/sexshop001\/wp-json\/wp\/v2\/types\/product"}],"replies":[{"embeddable":true,"href":"https:\/\/demoweb.info\/sexshop001\/wp-json\/wp\/v2\/comments?post=60592"}],"wp:featuredmedia":[{"embeddable":true,"href":"https:\/\/demoweb.info\/sexshop001\/wp-json\/wp\/v2\/media\/60593"}],"wp:attachment":[{"href":"https:\/\/demoweb.info\/sexshop001\/wp-json\/wp\/v2\/media?parent=60592"}],"wp:term":[{"taxonomy":"product_cat","embeddable":true,"href":"https:\/\/demoweb.info\/sexshop001\/wp-json\/wp\/v2\/product_cat?post=60592"},{"taxonomy":"product_tag","embeddable":true,"href":"https:\/\/demoweb.info\/sexshop001\/wp-json\/wp\/v2\/product_tag?post=60592"}],"curies":[{"name":"wp","href":"https:\/\/api.w.org\/{rel}","templated":true}]}}