{"id":60588,"date":"2022-01-22T18:03:21","date_gmt":"2022-01-22T17:03:21","guid":{"rendered":"https:\/\/demoweb.info\/sexshop001\/producto\/tom-of-finland-toms-pene-inflable-de-silicona-negro\/"},"modified":"2022-01-22T18:03:40","modified_gmt":"2022-01-22T17:03:40","slug":"tom-of-finland-toms-pene-inflable-de-silicona-negro","status":"publish","type":"product","link":"https:\/\/demoweb.info\/sexshop001\/producto\/tom-of-finland-toms-pene-inflable-de-silicona-negro\/","title":{"rendered":"TOM OF FINLAND TOMS PENE INFLABLE DE SILICONA &#8211; NEGRO"},"content":{"rendered":"<p><strong>TOM OF FINLAND TOMS INFLATABLE SILICONE DILDO<\/strong><\/p>\n<p>Descubre este enorme consolador inflable. El bulbo de presi\u00f3n es f\u00e1cil de usar, con una v\u00e1lvula de presi\u00f3n que mantiene el aire adentro cuando lo deseas, pero lo libera r\u00e1pidamente tan pronto como hayas tenido suficiente. El n\u00facleo firme dentro del eje texturizado garantiza que siempre tengas un pene duro para jugar.<\/p>\n<p>Hecho de silicona premium, este consolador duradero no es poroso y no contiene ftalatos. Limpiar con jab\u00f3n suave y agua tibia y evitar su uso con lubricantes de silicona.<\/p>\n<p>Medidas: desinflado, el consolador mide 32,4 cm de longitud total, insertable 25,4 cm, 7,6 cm en el di\u00e1metro insertable m\u00e1s ancho. Inflado, el consolador mide 33,7 cm de longitud total, 25,4 cm, 10,2 cm en el punto m\u00e1s ancho.<\/p>\n","protected":false},"excerpt":{"rendered":"<p>TOM OF FINLAND TOMS INFLATABLE SILICONE DILDO Descubre este enorme consolador inflable. El bulbo de presi\u00f3n es f\u00e1cil de usar,<\/p>\n","protected":false},"featured_media":60589,"comment_status":"open","ping_status":"open","template":"","meta":[],"product_cat":[1454],"product_tag":[501,274],"class_list":["post-60588","product","type-product","status-publish","has-post-thumbnail","hentry","product_cat-hinchables-penes","product_tag-tom-of-finland","product_tag-xr-brands"],"bundled_by":[],"bundle_stock_status":"instock","bundle_stock_quantity":1,"bundle_virtual":false,"bundle_layout":"","bundle_add_to_cart_form_location":"","bundle_editable_in_cart":false,"bundle_sold_individually_context":"","bundle_item_grouping":"","bundle_min_size":"","bundle_max_size":"","bundled_items":[],"yoast_head":"<!-- This site is optimized with the Yoast SEO plugin v20.6 - https:\/\/yoast.com\/wordpress\/plugins\/seo\/ -->\n<title>TOM OF FINLAND TOMS PENE INFLABLE DE SILICONA - NEGRO - Tienda Er\u00f3tica<\/title>\n<meta name=\"robots\" content=\"noindex, follow, max-snippet:-1, max-image-preview:large, max-video-preview:-1\" \/>\n<meta property=\"og:locale\" content=\"es_ES\" \/>\n<meta property=\"og:type\" content=\"article\" \/>\n<meta property=\"og:title\" content=\"TOM OF FINLAND TOMS PENE INFLABLE DE SILICONA - NEGRO - Tienda Er\u00f3tica\" \/>\n<meta property=\"og:description\" content=\"TOM OF FINLAND TOMS INFLATABLE SILICONE DILDO Descubre este enorme consolador inflable. El bulbo de presi\u00f3n es f\u00e1cil de usar,\" \/>\n<meta property=\"og:url\" content=\"https:\/\/demoweb.info\/sexshop001\/producto\/tom-of-finland-toms-pene-inflable-de-silicona-negro\/\" \/>\n<meta property=\"og:site_name\" content=\"Tienda Er\u00f3tica\" \/>\n<meta property=\"article:modified_time\" content=\"2022-01-22T17:03:40+00:00\" \/>\n<meta property=\"og:image\" content=\"https:\/\/demoweb.info\/sexshop001\/wp-content\/uploads\/2022\/01\/TOM-OF-FINLAND-TOMS-PENE-INFLABLE-DE-SILICONA-NEGRO.jpg\" \/>\n\t<meta property=\"og:image:width\" content=\"550\" \/>\n\t<meta property=\"og:image:height\" content=\"550\" \/>\n\t<meta property=\"og:image:type\" content=\"image\/jpeg\" \/>\n<meta name=\"twitter:card\" content=\"summary_large_image\" \/>\n<meta name=\"twitter:label1\" content=\"Tiempo de lectura\" \/>\n\t<meta name=\"twitter:data1\" content=\"1 minuto\" \/>\n<script type=\"application\/ld+json\" class=\"yoast-schema-graph\">{\"@context\":\"https:\/\/schema.org\",\"@graph\":[{\"@type\":\"WebPage\",\"@id\":\"https:\/\/demoweb.info\/sexshop001\/producto\/tom-of-finland-toms-pene-inflable-de-silicona-negro\/\",\"url\":\"https:\/\/demoweb.info\/sexshop001\/producto\/tom-of-finland-toms-pene-inflable-de-silicona-negro\/\",\"name\":\"TOM OF FINLAND TOMS PENE INFLABLE DE SILICONA - NEGRO - Tienda Er\u00f3tica\",\"isPartOf\":{\"@id\":\"https:\/\/demoweb.info\/sexshop001\/#website\"},\"datePublished\":\"2022-01-22T17:03:21+00:00\",\"dateModified\":\"2022-01-22T17:03:40+00:00\",\"breadcrumb\":{\"@id\":\"https:\/\/demoweb.info\/sexshop001\/producto\/tom-of-finland-toms-pene-inflable-de-silicona-negro\/#breadcrumb\"},\"inLanguage\":\"es\",\"potentialAction\":[{\"@type\":\"ReadAction\",\"target\":[\"https:\/\/demoweb.info\/sexshop001\/producto\/tom-of-finland-toms-pene-inflable-de-silicona-negro\/\"]}]},{\"@type\":\"BreadcrumbList\",\"@id\":\"https:\/\/demoweb.info\/sexshop001\/producto\/tom-of-finland-toms-pene-inflable-de-silicona-negro\/#breadcrumb\",\"itemListElement\":[{\"@type\":\"ListItem\",\"position\":1,\"name\":\"Portada\",\"item\":\"https:\/\/demoweb.info\/sexshop001\/\"},{\"@type\":\"ListItem\",\"position\":2,\"name\":\"Tienda\",\"item\":\"https:\/\/demoweb.info\/sexshop001\/tienda\/\"},{\"@type\":\"ListItem\",\"position\":3,\"name\":\"TOM OF FINLAND TOMS PENE INFLABLE DE SILICONA &#8211; NEGRO\"}]},{\"@type\":\"WebSite\",\"@id\":\"https:\/\/demoweb.info\/sexshop001\/#website\",\"url\":\"https:\/\/demoweb.info\/sexshop001\/\",\"name\":\"Tienda Er\u00f3tica\",\"description\":\"DEMOWEB SL\",\"potentialAction\":[{\"@type\":\"SearchAction\",\"target\":{\"@type\":\"EntryPoint\",\"urlTemplate\":\"https:\/\/demoweb.info\/sexshop001\/?s={search_term_string}\"},\"query-input\":\"required name=search_term_string\"}],\"inLanguage\":\"es\"}]}<\/script>\n<!-- \/ Yoast SEO plugin. -->","yoast_head_json":{"title":"TOM OF FINLAND TOMS PENE INFLABLE DE SILICONA - NEGRO - Tienda Er\u00f3tica","robots":{"index":"noindex","follow":"follow","max-snippet":"max-snippet:-1","max-image-preview":"max-image-preview:large","max-video-preview":"max-video-preview:-1"},"og_locale":"es_ES","og_type":"article","og_title":"TOM OF FINLAND TOMS PENE INFLABLE DE SILICONA - NEGRO - Tienda Er\u00f3tica","og_description":"TOM OF FINLAND TOMS INFLATABLE SILICONE DILDO Descubre este enorme consolador inflable. El bulbo de presi\u00f3n es f\u00e1cil de usar,","og_url":"https:\/\/demoweb.info\/sexshop001\/producto\/tom-of-finland-toms-pene-inflable-de-silicona-negro\/","og_site_name":"Tienda Er\u00f3tica","article_modified_time":"2022-01-22T17:03:40+00:00","og_image":[{"width":550,"height":550,"url":"https:\/\/demoweb.info\/sexshop001\/wp-content\/uploads\/2022\/01\/TOM-OF-FINLAND-TOMS-PENE-INFLABLE-DE-SILICONA-NEGRO.jpg","type":"image\/jpeg"}],"twitter_card":"summary_large_image","twitter_misc":{"Tiempo de lectura":"1 minuto"},"schema":{"@context":"https:\/\/schema.org","@graph":[{"@type":"WebPage","@id":"https:\/\/demoweb.info\/sexshop001\/producto\/tom-of-finland-toms-pene-inflable-de-silicona-negro\/","url":"https:\/\/demoweb.info\/sexshop001\/producto\/tom-of-finland-toms-pene-inflable-de-silicona-negro\/","name":"TOM OF FINLAND TOMS PENE INFLABLE DE SILICONA - NEGRO - Tienda Er\u00f3tica","isPartOf":{"@id":"https:\/\/demoweb.info\/sexshop001\/#website"},"datePublished":"2022-01-22T17:03:21+00:00","dateModified":"2022-01-22T17:03:40+00:00","breadcrumb":{"@id":"https:\/\/demoweb.info\/sexshop001\/producto\/tom-of-finland-toms-pene-inflable-de-silicona-negro\/#breadcrumb"},"inLanguage":"es","potentialAction":[{"@type":"ReadAction","target":["https:\/\/demoweb.info\/sexshop001\/producto\/tom-of-finland-toms-pene-inflable-de-silicona-negro\/"]}]},{"@type":"BreadcrumbList","@id":"https:\/\/demoweb.info\/sexshop001\/producto\/tom-of-finland-toms-pene-inflable-de-silicona-negro\/#breadcrumb","itemListElement":[{"@type":"ListItem","position":1,"name":"Portada","item":"https:\/\/demoweb.info\/sexshop001\/"},{"@type":"ListItem","position":2,"name":"Tienda","item":"https:\/\/demoweb.info\/sexshop001\/tienda\/"},{"@type":"ListItem","position":3,"name":"TOM OF FINLAND TOMS PENE INFLABLE DE SILICONA &#8211; NEGRO"}]},{"@type":"WebSite","@id":"https:\/\/demoweb.info\/sexshop001\/#website","url":"https:\/\/demoweb.info\/sexshop001\/","name":"Tienda Er\u00f3tica","description":"DEMOWEB SL","potentialAction":[{"@type":"SearchAction","target":{"@type":"EntryPoint","urlTemplate":"https:\/\/demoweb.info\/sexshop001\/?s={search_term_string}"},"query-input":"required name=search_term_string"}],"inLanguage":"es"}]}},"_links":{"self":[{"href":"https:\/\/demoweb.info\/sexshop001\/wp-json\/wp\/v3\/product\/60588","targetHints":{"allow":["GET"]}}],"collection":[{"href":"https:\/\/demoweb.info\/sexshop001\/wp-json\/wp\/v3\/product"}],"about":[{"href":"https:\/\/demoweb.info\/sexshop001\/wp-json\/wp\/v2\/types\/product"}],"replies":[{"embeddable":true,"href":"https:\/\/demoweb.info\/sexshop001\/wp-json\/wp\/v2\/comments?post=60588"}],"wp:featuredmedia":[{"embeddable":true,"href":"https:\/\/demoweb.info\/sexshop001\/wp-json\/wp\/v2\/media\/60589"}],"wp:attachment":[{"href":"https:\/\/demoweb.info\/sexshop001\/wp-json\/wp\/v2\/media?parent=60588"}],"wp:term":[{"taxonomy":"product_cat","embeddable":true,"href":"https:\/\/demoweb.info\/sexshop001\/wp-json\/wp\/v2\/product_cat?post=60588"},{"taxonomy":"product_tag","embeddable":true,"href":"https:\/\/demoweb.info\/sexshop001\/wp-json\/wp\/v2\/product_tag?post=60588"}],"curies":[{"name":"wp","href":"https:\/\/api.w.org\/{rel}","templated":true}]}}