{"id":60583,"date":"2022-01-22T18:03:21","date_gmt":"2022-01-22T17:03:21","guid":{"rendered":"https:\/\/demoweb.info\/sexshop001\/producto\/magnet-master-xl-anillo-para-testiculos-magnetico\/"},"modified":"2022-01-22T18:03:36","modified_gmt":"2022-01-22T17:03:36","slug":"magnet-master-xl-anillo-para-testiculos-magnetico","status":"publish","type":"product","link":"https:\/\/demoweb.info\/sexshop001\/producto\/magnet-master-xl-anillo-para-testiculos-magnetico\/","title":{"rendered":"MAGNET MASTER XL &#8211; ANILLO PARA TEST\u00cdCULOS MAGN\u00c9TICO"},"content":{"rendered":"<p><strong>MAGNET MASTER XL MAGNETIC BALL STRETCHER<\/strong><\/p>\n<p>Ideal para los entusiastas de la TCC o cualquier persona que disfrute de un fuerte tir\u00f3n en su escroto, esta pesada anilla de test\u00edculos de acero inoxidable tiene dos mitades que se unen magn\u00e9ticamente.<\/p>\n<p>El poderoso im\u00e1n hace que este dispositivo sea f\u00e1cil de poner y quitar, \u00a1solo tenga cuidado de mantener toda su piel dentro del anillo!<\/p>\n<p>\u00daselo solo o con un compa\u00f1ero para probar sus l\u00edmites. El acero inoxidable es compatible con todo tipo de lubricante y desinfecta completamente con jab\u00f3n suave y agua tibia.<\/p>\n<ul>\n<li>Medidas: 15,8 cm<\/li>\n<li>Peso: 226 gr<\/li>\n<li>Material: Acero Inoxidable<\/li>\n<\/ul>\n","protected":false},"excerpt":{"rendered":"<p>MAGNET MASTER XL MAGNETIC BALL STRETCHER Ideal para los entusiastas de la TCC o cualquier persona que disfrute de un<\/p>\n","protected":false},"featured_media":60584,"comment_status":"open","ping_status":"open","template":"","meta":[],"product_cat":[286],"product_tag":[463,274],"class_list":["post-60583","product","type-product","status-publish","has-post-thumbnail","hentry","product_cat-metal","product_tag-master-series","product_tag-xr-brands"],"bundled_by":[],"bundle_stock_status":"instock","bundle_stock_quantity":1,"bundle_virtual":false,"bundle_layout":"","bundle_add_to_cart_form_location":"","bundle_editable_in_cart":false,"bundle_sold_individually_context":"","bundle_item_grouping":"","bundle_min_size":"","bundle_max_size":"","bundled_items":[],"yoast_head":"<!-- This site is optimized with the Yoast SEO plugin v20.6 - https:\/\/yoast.com\/wordpress\/plugins\/seo\/ -->\n<title>MAGNET MASTER XL - ANILLO PARA TEST\u00cdCULOS MAGN\u00c9TICO - Tienda Er\u00f3tica<\/title>\n<meta name=\"robots\" content=\"noindex, follow, max-snippet:-1, max-image-preview:large, max-video-preview:-1\" \/>\n<meta property=\"og:locale\" content=\"es_ES\" \/>\n<meta property=\"og:type\" content=\"article\" \/>\n<meta property=\"og:title\" content=\"MAGNET MASTER XL - ANILLO PARA TEST\u00cdCULOS MAGN\u00c9TICO - Tienda Er\u00f3tica\" \/>\n<meta property=\"og:description\" content=\"MAGNET MASTER XL MAGNETIC BALL STRETCHER Ideal para los entusiastas de la TCC o cualquier persona que disfrute de un\" \/>\n<meta property=\"og:url\" content=\"https:\/\/demoweb.info\/sexshop001\/producto\/magnet-master-xl-anillo-para-testiculos-magnetico\/\" \/>\n<meta property=\"og:site_name\" content=\"Tienda Er\u00f3tica\" \/>\n<meta property=\"article:modified_time\" content=\"2022-01-22T17:03:36+00:00\" \/>\n<meta property=\"og:image\" content=\"https:\/\/demoweb.info\/sexshop001\/wp-content\/uploads\/2022\/01\/MAGNET-MASTER-XL-ANILLO-PARA-TESTICULOS-MAGNETICO.jpg\" \/>\n\t<meta property=\"og:image:width\" content=\"550\" \/>\n\t<meta property=\"og:image:height\" content=\"550\" \/>\n\t<meta property=\"og:image:type\" content=\"image\/jpeg\" \/>\n<meta name=\"twitter:card\" content=\"summary_large_image\" \/>\n<meta name=\"twitter:label1\" content=\"Tiempo de lectura\" \/>\n\t<meta name=\"twitter:data1\" content=\"1 minuto\" \/>\n<script type=\"application\/ld+json\" class=\"yoast-schema-graph\">{\"@context\":\"https:\/\/schema.org\",\"@graph\":[{\"@type\":\"WebPage\",\"@id\":\"https:\/\/demoweb.info\/sexshop001\/producto\/magnet-master-xl-anillo-para-testiculos-magnetico\/\",\"url\":\"https:\/\/demoweb.info\/sexshop001\/producto\/magnet-master-xl-anillo-para-testiculos-magnetico\/\",\"name\":\"MAGNET MASTER XL - ANILLO PARA TEST\u00cdCULOS MAGN\u00c9TICO - Tienda Er\u00f3tica\",\"isPartOf\":{\"@id\":\"https:\/\/demoweb.info\/sexshop001\/#website\"},\"datePublished\":\"2022-01-22T17:03:21+00:00\",\"dateModified\":\"2022-01-22T17:03:36+00:00\",\"breadcrumb\":{\"@id\":\"https:\/\/demoweb.info\/sexshop001\/producto\/magnet-master-xl-anillo-para-testiculos-magnetico\/#breadcrumb\"},\"inLanguage\":\"es\",\"potentialAction\":[{\"@type\":\"ReadAction\",\"target\":[\"https:\/\/demoweb.info\/sexshop001\/producto\/magnet-master-xl-anillo-para-testiculos-magnetico\/\"]}]},{\"@type\":\"BreadcrumbList\",\"@id\":\"https:\/\/demoweb.info\/sexshop001\/producto\/magnet-master-xl-anillo-para-testiculos-magnetico\/#breadcrumb\",\"itemListElement\":[{\"@type\":\"ListItem\",\"position\":1,\"name\":\"Portada\",\"item\":\"https:\/\/demoweb.info\/sexshop001\/\"},{\"@type\":\"ListItem\",\"position\":2,\"name\":\"Tienda\",\"item\":\"https:\/\/demoweb.info\/sexshop001\/tienda\/\"},{\"@type\":\"ListItem\",\"position\":3,\"name\":\"MAGNET MASTER XL &#8211; ANILLO PARA TEST\u00cdCULOS MAGN\u00c9TICO\"}]},{\"@type\":\"WebSite\",\"@id\":\"https:\/\/demoweb.info\/sexshop001\/#website\",\"url\":\"https:\/\/demoweb.info\/sexshop001\/\",\"name\":\"Tienda Er\u00f3tica\",\"description\":\"DEMOWEB SL\",\"potentialAction\":[{\"@type\":\"SearchAction\",\"target\":{\"@type\":\"EntryPoint\",\"urlTemplate\":\"https:\/\/demoweb.info\/sexshop001\/?s={search_term_string}\"},\"query-input\":\"required name=search_term_string\"}],\"inLanguage\":\"es\"}]}<\/script>\n<!-- \/ Yoast SEO plugin. -->","yoast_head_json":{"title":"MAGNET MASTER XL - ANILLO PARA TEST\u00cdCULOS MAGN\u00c9TICO - Tienda Er\u00f3tica","robots":{"index":"noindex","follow":"follow","max-snippet":"max-snippet:-1","max-image-preview":"max-image-preview:large","max-video-preview":"max-video-preview:-1"},"og_locale":"es_ES","og_type":"article","og_title":"MAGNET MASTER XL - ANILLO PARA TEST\u00cdCULOS MAGN\u00c9TICO - Tienda Er\u00f3tica","og_description":"MAGNET MASTER XL MAGNETIC BALL STRETCHER Ideal para los entusiastas de la TCC o cualquier persona que disfrute de un","og_url":"https:\/\/demoweb.info\/sexshop001\/producto\/magnet-master-xl-anillo-para-testiculos-magnetico\/","og_site_name":"Tienda Er\u00f3tica","article_modified_time":"2022-01-22T17:03:36+00:00","og_image":[{"width":550,"height":550,"url":"https:\/\/demoweb.info\/sexshop001\/wp-content\/uploads\/2022\/01\/MAGNET-MASTER-XL-ANILLO-PARA-TESTICULOS-MAGNETICO.jpg","type":"image\/jpeg"}],"twitter_card":"summary_large_image","twitter_misc":{"Tiempo de lectura":"1 minuto"},"schema":{"@context":"https:\/\/schema.org","@graph":[{"@type":"WebPage","@id":"https:\/\/demoweb.info\/sexshop001\/producto\/magnet-master-xl-anillo-para-testiculos-magnetico\/","url":"https:\/\/demoweb.info\/sexshop001\/producto\/magnet-master-xl-anillo-para-testiculos-magnetico\/","name":"MAGNET MASTER XL - ANILLO PARA TEST\u00cdCULOS MAGN\u00c9TICO - Tienda Er\u00f3tica","isPartOf":{"@id":"https:\/\/demoweb.info\/sexshop001\/#website"},"datePublished":"2022-01-22T17:03:21+00:00","dateModified":"2022-01-22T17:03:36+00:00","breadcrumb":{"@id":"https:\/\/demoweb.info\/sexshop001\/producto\/magnet-master-xl-anillo-para-testiculos-magnetico\/#breadcrumb"},"inLanguage":"es","potentialAction":[{"@type":"ReadAction","target":["https:\/\/demoweb.info\/sexshop001\/producto\/magnet-master-xl-anillo-para-testiculos-magnetico\/"]}]},{"@type":"BreadcrumbList","@id":"https:\/\/demoweb.info\/sexshop001\/producto\/magnet-master-xl-anillo-para-testiculos-magnetico\/#breadcrumb","itemListElement":[{"@type":"ListItem","position":1,"name":"Portada","item":"https:\/\/demoweb.info\/sexshop001\/"},{"@type":"ListItem","position":2,"name":"Tienda","item":"https:\/\/demoweb.info\/sexshop001\/tienda\/"},{"@type":"ListItem","position":3,"name":"MAGNET MASTER XL &#8211; ANILLO PARA TEST\u00cdCULOS MAGN\u00c9TICO"}]},{"@type":"WebSite","@id":"https:\/\/demoweb.info\/sexshop001\/#website","url":"https:\/\/demoweb.info\/sexshop001\/","name":"Tienda Er\u00f3tica","description":"DEMOWEB SL","potentialAction":[{"@type":"SearchAction","target":{"@type":"EntryPoint","urlTemplate":"https:\/\/demoweb.info\/sexshop001\/?s={search_term_string}"},"query-input":"required name=search_term_string"}],"inLanguage":"es"}]}},"_links":{"self":[{"href":"https:\/\/demoweb.info\/sexshop001\/wp-json\/wp\/v3\/product\/60583","targetHints":{"allow":["GET"]}}],"collection":[{"href":"https:\/\/demoweb.info\/sexshop001\/wp-json\/wp\/v3\/product"}],"about":[{"href":"https:\/\/demoweb.info\/sexshop001\/wp-json\/wp\/v2\/types\/product"}],"replies":[{"embeddable":true,"href":"https:\/\/demoweb.info\/sexshop001\/wp-json\/wp\/v2\/comments?post=60583"}],"wp:featuredmedia":[{"embeddable":true,"href":"https:\/\/demoweb.info\/sexshop001\/wp-json\/wp\/v2\/media\/60584"}],"wp:attachment":[{"href":"https:\/\/demoweb.info\/sexshop001\/wp-json\/wp\/v2\/media?parent=60583"}],"wp:term":[{"taxonomy":"product_cat","embeddable":true,"href":"https:\/\/demoweb.info\/sexshop001\/wp-json\/wp\/v2\/product_cat?post=60583"},{"taxonomy":"product_tag","embeddable":true,"href":"https:\/\/demoweb.info\/sexshop001\/wp-json\/wp\/v2\/product_tag?post=60583"}],"curies":[{"name":"wp","href":"https:\/\/api.w.org\/{rel}","templated":true}]}}