{"id":60561,"date":"2022-01-22T18:03:21","date_gmt":"2022-01-22T17:03:21","guid":{"rendered":"https:\/\/demoweb.info\/sexshop001\/producto\/ouch-moradaza-para-morder-negro\/"},"modified":"2022-01-22T18:03:21","modified_gmt":"2022-01-22T17:03:21","slug":"ouch-moradaza-para-morder-negro","status":"publish","type":"product","link":"https:\/\/demoweb.info\/sexshop001\/producto\/ouch-moradaza-para-morder-negro\/","title":{"rendered":"OUCH! MORADAZA PARA MORDER &#8211; NEGRO"},"content":{"rendered":"<p><strong>OUCH! BIT GAG <\/strong><\/p>\n<p>Las mordazas usualmente est\u00e1n relacionadas con el juego de rol que involucra las ataduras, pero no es necesariamente as\u00ed. Algunas personas obtienen placer er\u00f3tico de la mordaza, ya sea que est\u00e9 en una posici\u00f3n dominante o de sumisi\u00f3n.<\/p>\n<p>Cuando se combina con otras restricciones f\u00edsicas, el uso de la mordaza puede incrementar la sensaci\u00f3n del que se somete a estar desvalido dentro de la escena sado-masoquista haciendo que no puedan hablar durante la actividad sexual.<\/p>\n<p>La mordaza tiene una forma cl\u00e1sica para darle al sumiso una mordida c\u00f3moda. Su elaboraci\u00f3n est\u00e1 libre de ftalato y contiene silicona de alto grado, esta hermosa mordaza es completamente ajustable viene con dos correas y una fuerte hebilla.<\/p>\n<p>Resistente al agua.<\/p>\n<p>Medidas: 12,5 x 2 cm<\/p>\n","protected":false},"excerpt":{"rendered":"<p>OUCH! BIT GAG Las mordazas usualmente est\u00e1n relacionadas con el juego de rol que involucra las ataduras, pero no es<\/p>\n","protected":false},"featured_media":60562,"comment_status":"open","ping_status":"open","template":"","meta":[],"product_cat":[288],"product_tag":[307,302],"class_list":["post-60561","product","type-product","status-publish","has-post-thumbnail","hentry","product_cat-mordazas","product_tag-ouch","product_tag-shots"],"bundled_by":[],"bundle_stock_status":"outofstock","bundle_stock_quantity":0,"bundle_virtual":false,"bundle_layout":"","bundle_add_to_cart_form_location":"","bundle_editable_in_cart":false,"bundle_sold_individually_context":"","bundle_item_grouping":"","bundle_min_size":"","bundle_max_size":"","bundled_items":[],"yoast_head":"<!-- This site is optimized with the Yoast SEO plugin v20.6 - https:\/\/yoast.com\/wordpress\/plugins\/seo\/ -->\n<title>OUCH! MORADAZA PARA MORDER - NEGRO - Tienda Er\u00f3tica<\/title>\n<meta name=\"robots\" content=\"noindex, follow, max-snippet:-1, max-image-preview:large, max-video-preview:-1\" \/>\n<meta property=\"og:locale\" content=\"es_ES\" \/>\n<meta property=\"og:type\" content=\"article\" \/>\n<meta property=\"og:title\" content=\"OUCH! MORADAZA PARA MORDER - NEGRO - Tienda Er\u00f3tica\" \/>\n<meta property=\"og:description\" content=\"OUCH! BIT GAG Las mordazas usualmente est\u00e1n relacionadas con el juego de rol que involucra las ataduras, pero no es\" \/>\n<meta property=\"og:url\" content=\"https:\/\/demoweb.info\/sexshop001\/producto\/ouch-moradaza-para-morder-negro\/\" \/>\n<meta property=\"og:site_name\" content=\"Tienda Er\u00f3tica\" \/>\n<meta property=\"og:image\" content=\"https:\/\/demoweb.info\/sexshop001\/wp-content\/uploads\/2022\/01\/OUCH-MORADAZA-PARA-MORDER-NEGRO.jpg\" \/>\n\t<meta property=\"og:image:width\" content=\"550\" \/>\n\t<meta property=\"og:image:height\" content=\"550\" \/>\n\t<meta property=\"og:image:type\" content=\"image\/jpeg\" \/>\n<meta name=\"twitter:card\" content=\"summary_large_image\" \/>\n<meta name=\"twitter:label1\" content=\"Tiempo de lectura\" \/>\n\t<meta name=\"twitter:data1\" content=\"1 minuto\" \/>\n<script type=\"application\/ld+json\" class=\"yoast-schema-graph\">{\"@context\":\"https:\/\/schema.org\",\"@graph\":[{\"@type\":\"WebPage\",\"@id\":\"https:\/\/demoweb.info\/sexshop001\/producto\/ouch-moradaza-para-morder-negro\/\",\"url\":\"https:\/\/demoweb.info\/sexshop001\/producto\/ouch-moradaza-para-morder-negro\/\",\"name\":\"OUCH! MORADAZA PARA MORDER - NEGRO - Tienda Er\u00f3tica\",\"isPartOf\":{\"@id\":\"https:\/\/demoweb.info\/sexshop001\/#website\"},\"datePublished\":\"2022-01-22T17:03:21+00:00\",\"dateModified\":\"2022-01-22T17:03:21+00:00\",\"breadcrumb\":{\"@id\":\"https:\/\/demoweb.info\/sexshop001\/producto\/ouch-moradaza-para-morder-negro\/#breadcrumb\"},\"inLanguage\":\"es\",\"potentialAction\":[{\"@type\":\"ReadAction\",\"target\":[\"https:\/\/demoweb.info\/sexshop001\/producto\/ouch-moradaza-para-morder-negro\/\"]}]},{\"@type\":\"BreadcrumbList\",\"@id\":\"https:\/\/demoweb.info\/sexshop001\/producto\/ouch-moradaza-para-morder-negro\/#breadcrumb\",\"itemListElement\":[{\"@type\":\"ListItem\",\"position\":1,\"name\":\"Portada\",\"item\":\"https:\/\/demoweb.info\/sexshop001\/\"},{\"@type\":\"ListItem\",\"position\":2,\"name\":\"Tienda\",\"item\":\"https:\/\/demoweb.info\/sexshop001\/tienda\/\"},{\"@type\":\"ListItem\",\"position\":3,\"name\":\"OUCH! MORADAZA PARA MORDER &#8211; NEGRO\"}]},{\"@type\":\"WebSite\",\"@id\":\"https:\/\/demoweb.info\/sexshop001\/#website\",\"url\":\"https:\/\/demoweb.info\/sexshop001\/\",\"name\":\"Tienda Er\u00f3tica\",\"description\":\"DEMOWEB SL\",\"potentialAction\":[{\"@type\":\"SearchAction\",\"target\":{\"@type\":\"EntryPoint\",\"urlTemplate\":\"https:\/\/demoweb.info\/sexshop001\/?s={search_term_string}\"},\"query-input\":\"required name=search_term_string\"}],\"inLanguage\":\"es\"}]}<\/script>\n<!-- \/ Yoast SEO plugin. -->","yoast_head_json":{"title":"OUCH! MORADAZA PARA MORDER - NEGRO - Tienda Er\u00f3tica","robots":{"index":"noindex","follow":"follow","max-snippet":"max-snippet:-1","max-image-preview":"max-image-preview:large","max-video-preview":"max-video-preview:-1"},"og_locale":"es_ES","og_type":"article","og_title":"OUCH! MORADAZA PARA MORDER - NEGRO - Tienda Er\u00f3tica","og_description":"OUCH! BIT GAG Las mordazas usualmente est\u00e1n relacionadas con el juego de rol que involucra las ataduras, pero no es","og_url":"https:\/\/demoweb.info\/sexshop001\/producto\/ouch-moradaza-para-morder-negro\/","og_site_name":"Tienda Er\u00f3tica","og_image":[{"width":550,"height":550,"url":"https:\/\/demoweb.info\/sexshop001\/wp-content\/uploads\/2022\/01\/OUCH-MORADAZA-PARA-MORDER-NEGRO.jpg","type":"image\/jpeg"}],"twitter_card":"summary_large_image","twitter_misc":{"Tiempo de lectura":"1 minuto"},"schema":{"@context":"https:\/\/schema.org","@graph":[{"@type":"WebPage","@id":"https:\/\/demoweb.info\/sexshop001\/producto\/ouch-moradaza-para-morder-negro\/","url":"https:\/\/demoweb.info\/sexshop001\/producto\/ouch-moradaza-para-morder-negro\/","name":"OUCH! MORADAZA PARA MORDER - NEGRO - Tienda Er\u00f3tica","isPartOf":{"@id":"https:\/\/demoweb.info\/sexshop001\/#website"},"datePublished":"2022-01-22T17:03:21+00:00","dateModified":"2022-01-22T17:03:21+00:00","breadcrumb":{"@id":"https:\/\/demoweb.info\/sexshop001\/producto\/ouch-moradaza-para-morder-negro\/#breadcrumb"},"inLanguage":"es","potentialAction":[{"@type":"ReadAction","target":["https:\/\/demoweb.info\/sexshop001\/producto\/ouch-moradaza-para-morder-negro\/"]}]},{"@type":"BreadcrumbList","@id":"https:\/\/demoweb.info\/sexshop001\/producto\/ouch-moradaza-para-morder-negro\/#breadcrumb","itemListElement":[{"@type":"ListItem","position":1,"name":"Portada","item":"https:\/\/demoweb.info\/sexshop001\/"},{"@type":"ListItem","position":2,"name":"Tienda","item":"https:\/\/demoweb.info\/sexshop001\/tienda\/"},{"@type":"ListItem","position":3,"name":"OUCH! MORADAZA PARA MORDER &#8211; NEGRO"}]},{"@type":"WebSite","@id":"https:\/\/demoweb.info\/sexshop001\/#website","url":"https:\/\/demoweb.info\/sexshop001\/","name":"Tienda Er\u00f3tica","description":"DEMOWEB SL","potentialAction":[{"@type":"SearchAction","target":{"@type":"EntryPoint","urlTemplate":"https:\/\/demoweb.info\/sexshop001\/?s={search_term_string}"},"query-input":"required name=search_term_string"}],"inLanguage":"es"}]}},"_links":{"self":[{"href":"https:\/\/demoweb.info\/sexshop001\/wp-json\/wp\/v3\/product\/60561","targetHints":{"allow":["GET"]}}],"collection":[{"href":"https:\/\/demoweb.info\/sexshop001\/wp-json\/wp\/v3\/product"}],"about":[{"href":"https:\/\/demoweb.info\/sexshop001\/wp-json\/wp\/v2\/types\/product"}],"replies":[{"embeddable":true,"href":"https:\/\/demoweb.info\/sexshop001\/wp-json\/wp\/v2\/comments?post=60561"}],"wp:featuredmedia":[{"embeddable":true,"href":"https:\/\/demoweb.info\/sexshop001\/wp-json\/wp\/v2\/media\/60562"}],"wp:attachment":[{"href":"https:\/\/demoweb.info\/sexshop001\/wp-json\/wp\/v2\/media?parent=60561"}],"wp:term":[{"taxonomy":"product_cat","embeddable":true,"href":"https:\/\/demoweb.info\/sexshop001\/wp-json\/wp\/v2\/product_cat?post=60561"},{"taxonomy":"product_tag","embeddable":true,"href":"https:\/\/demoweb.info\/sexshop001\/wp-json\/wp\/v2\/product_tag?post=60561"}],"curies":[{"name":"wp","href":"https:\/\/api.w.org\/{rel}","templated":true}]}}