{"id":60550,"date":"2022-01-22T18:03:07","date_gmt":"2022-01-22T17:03:07","guid":{"rendered":"https:\/\/demoweb.info\/sexshop001\/producto\/out-of-routine-play-espanol-ingles\/"},"modified":"2022-01-22T18:03:12","modified_gmt":"2022-01-22T17:03:12","slug":"out-of-routine-play-espanol-ingles","status":"publish","type":"product","link":"https:\/\/demoweb.info\/sexshop001\/producto\/out-of-routine-play-espanol-ingles\/","title":{"rendered":"OUT OF ROUTINE PLAY (ESPA\u00d1OL \/ INGLES)"},"content":{"rendered":"<p><strong>OUT OF ROUTINE PLAY (ESPA\u00d1OL \/ INGLES)<\/strong><\/p>\n<p>Sal de la rutina con el nuevo juego de Secret Play: Out of Routine &#8211; Play.<\/p>\n<p>\u00bfC\u00f3mo se juega? \u00a1Muy f\u00e1cil!<\/p>\n<p>Empieza el que obtenga el n\u00famero mayor con los dados num\u00e9ricos. Tira el dado con c\u00edrculos de colores que te indicar\u00e1 el color del tipo de pruebas que deber\u00e1s hacer.<\/p>\n<p>En QUE VIVA EL ROMANCE tendr\u00e9is pruebas de lo m\u00e1s rom\u00e1nticas, con HAGAMOS PLANES vivir\u00e9is las aventuras m\u00e1s sensuales, SALGAMOS DE CASA os permitir\u00e1 salir de la rutina en un d\u00eda cualquiera.<\/p>\n<p>Los actos m\u00e1s sexuales los vivir\u00e9is si os toca PRELIMINARES o AL GRANO. Y por \u00faltimo el que caiga en PREMIO podr\u00e1 disfrutar de los premios m\u00e1s picantes.<\/p>\n<p>Para saber cu\u00e1l de las actividades har\u00e9is deber\u00e1s lanzar los dos dados num\u00e9ricos y \u00e9stos te lo indicar\u00e1n. (Por ej. si sale la suma de 10 puntos en los dados y hab\u00edas ca\u00eddo en el tipo de prueba PREMIO os tocar\u00e1 hacer la prueba 10. A COMER!).<\/p>\n<p>En HAGAMOS PLANES y SALGAMOS DE CASA igual no pod\u00e9is realizar las pruebas en el momento pero no os preocup\u00e9is. Os guard\u00e1is las pruebas y en un plazo de menos de una semana deb\u00e9is cumplirlas.<\/p>\n","protected":false},"excerpt":{"rendered":"<p>OUT OF ROUTINE PLAY (ESPA\u00d1OL \/ INGLES) Sal de la rutina con el nuevo juego de Secret Play: Out of<\/p>\n","protected":false},"featured_media":60551,"comment_status":"open","ping_status":"open","template":"","meta":[],"product_cat":[384],"product_tag":[566,564],"class_list":["post-60550","product","type-product","status-publish","has-post-thumbnail","hentry","product_cat-barajas","product_tag-secret-games","product_tag-secret-play"],"bundled_by":[],"bundle_stock_status":"instock","bundle_stock_quantity":25,"bundle_virtual":false,"bundle_layout":"","bundle_add_to_cart_form_location":"","bundle_editable_in_cart":false,"bundle_sold_individually_context":"","bundle_item_grouping":"","bundle_min_size":"","bundle_max_size":"","bundled_items":[],"yoast_head":"<!-- This site is optimized with the Yoast SEO plugin v20.6 - https:\/\/yoast.com\/wordpress\/plugins\/seo\/ -->\n<title>OUT OF ROUTINE PLAY (ESPA\u00d1OL \/ INGLES) - Tienda Er\u00f3tica<\/title>\n<meta name=\"robots\" content=\"noindex, follow, max-snippet:-1, max-image-preview:large, max-video-preview:-1\" \/>\n<meta property=\"og:locale\" content=\"es_ES\" \/>\n<meta property=\"og:type\" content=\"article\" \/>\n<meta property=\"og:title\" content=\"OUT OF ROUTINE PLAY (ESPA\u00d1OL \/ INGLES) - Tienda Er\u00f3tica\" \/>\n<meta property=\"og:description\" content=\"OUT OF ROUTINE PLAY (ESPA\u00d1OL \/ INGLES) Sal de la rutina con el nuevo juego de Secret Play: Out of\" \/>\n<meta property=\"og:url\" content=\"https:\/\/demoweb.info\/sexshop001\/producto\/out-of-routine-play-espanol-ingles\/\" \/>\n<meta property=\"og:site_name\" content=\"Tienda Er\u00f3tica\" \/>\n<meta property=\"article:modified_time\" content=\"2022-01-22T17:03:12+00:00\" \/>\n<meta property=\"og:image\" content=\"https:\/\/demoweb.info\/sexshop001\/wp-content\/uploads\/2022\/01\/OUT-OF-ROUTINE-PLAY-ESPANOL-INGLES.jpg\" \/>\n\t<meta property=\"og:image:width\" content=\"550\" \/>\n\t<meta property=\"og:image:height\" content=\"550\" \/>\n\t<meta property=\"og:image:type\" content=\"image\/jpeg\" \/>\n<meta name=\"twitter:card\" content=\"summary_large_image\" \/>\n<meta name=\"twitter:label1\" content=\"Tiempo de lectura\" \/>\n\t<meta name=\"twitter:data1\" content=\"1 minuto\" \/>\n<script type=\"application\/ld+json\" class=\"yoast-schema-graph\">{\"@context\":\"https:\/\/schema.org\",\"@graph\":[{\"@type\":\"WebPage\",\"@id\":\"https:\/\/demoweb.info\/sexshop001\/producto\/out-of-routine-play-espanol-ingles\/\",\"url\":\"https:\/\/demoweb.info\/sexshop001\/producto\/out-of-routine-play-espanol-ingles\/\",\"name\":\"OUT OF ROUTINE PLAY (ESPA\u00d1OL \/ INGLES) - Tienda Er\u00f3tica\",\"isPartOf\":{\"@id\":\"https:\/\/demoweb.info\/sexshop001\/#website\"},\"datePublished\":\"2022-01-22T17:03:07+00:00\",\"dateModified\":\"2022-01-22T17:03:12+00:00\",\"breadcrumb\":{\"@id\":\"https:\/\/demoweb.info\/sexshop001\/producto\/out-of-routine-play-espanol-ingles\/#breadcrumb\"},\"inLanguage\":\"es\",\"potentialAction\":[{\"@type\":\"ReadAction\",\"target\":[\"https:\/\/demoweb.info\/sexshop001\/producto\/out-of-routine-play-espanol-ingles\/\"]}]},{\"@type\":\"BreadcrumbList\",\"@id\":\"https:\/\/demoweb.info\/sexshop001\/producto\/out-of-routine-play-espanol-ingles\/#breadcrumb\",\"itemListElement\":[{\"@type\":\"ListItem\",\"position\":1,\"name\":\"Portada\",\"item\":\"https:\/\/demoweb.info\/sexshop001\/\"},{\"@type\":\"ListItem\",\"position\":2,\"name\":\"Tienda\",\"item\":\"https:\/\/demoweb.info\/sexshop001\/tienda\/\"},{\"@type\":\"ListItem\",\"position\":3,\"name\":\"OUT OF ROUTINE PLAY (ESPA\u00d1OL \/ INGLES)\"}]},{\"@type\":\"WebSite\",\"@id\":\"https:\/\/demoweb.info\/sexshop001\/#website\",\"url\":\"https:\/\/demoweb.info\/sexshop001\/\",\"name\":\"Tienda Er\u00f3tica\",\"description\":\"DEMOWEB SL\",\"potentialAction\":[{\"@type\":\"SearchAction\",\"target\":{\"@type\":\"EntryPoint\",\"urlTemplate\":\"https:\/\/demoweb.info\/sexshop001\/?s={search_term_string}\"},\"query-input\":\"required name=search_term_string\"}],\"inLanguage\":\"es\"}]}<\/script>\n<!-- \/ Yoast SEO plugin. -->","yoast_head_json":{"title":"OUT OF ROUTINE PLAY (ESPA\u00d1OL \/ INGLES) - Tienda Er\u00f3tica","robots":{"index":"noindex","follow":"follow","max-snippet":"max-snippet:-1","max-image-preview":"max-image-preview:large","max-video-preview":"max-video-preview:-1"},"og_locale":"es_ES","og_type":"article","og_title":"OUT OF ROUTINE PLAY (ESPA\u00d1OL \/ INGLES) - Tienda Er\u00f3tica","og_description":"OUT OF ROUTINE PLAY (ESPA\u00d1OL \/ INGLES) Sal de la rutina con el nuevo juego de Secret Play: Out of","og_url":"https:\/\/demoweb.info\/sexshop001\/producto\/out-of-routine-play-espanol-ingles\/","og_site_name":"Tienda Er\u00f3tica","article_modified_time":"2022-01-22T17:03:12+00:00","og_image":[{"width":550,"height":550,"url":"https:\/\/demoweb.info\/sexshop001\/wp-content\/uploads\/2022\/01\/OUT-OF-ROUTINE-PLAY-ESPANOL-INGLES.jpg","type":"image\/jpeg"}],"twitter_card":"summary_large_image","twitter_misc":{"Tiempo de lectura":"1 minuto"},"schema":{"@context":"https:\/\/schema.org","@graph":[{"@type":"WebPage","@id":"https:\/\/demoweb.info\/sexshop001\/producto\/out-of-routine-play-espanol-ingles\/","url":"https:\/\/demoweb.info\/sexshop001\/producto\/out-of-routine-play-espanol-ingles\/","name":"OUT OF ROUTINE PLAY (ESPA\u00d1OL \/ INGLES) - Tienda Er\u00f3tica","isPartOf":{"@id":"https:\/\/demoweb.info\/sexshop001\/#website"},"datePublished":"2022-01-22T17:03:07+00:00","dateModified":"2022-01-22T17:03:12+00:00","breadcrumb":{"@id":"https:\/\/demoweb.info\/sexshop001\/producto\/out-of-routine-play-espanol-ingles\/#breadcrumb"},"inLanguage":"es","potentialAction":[{"@type":"ReadAction","target":["https:\/\/demoweb.info\/sexshop001\/producto\/out-of-routine-play-espanol-ingles\/"]}]},{"@type":"BreadcrumbList","@id":"https:\/\/demoweb.info\/sexshop001\/producto\/out-of-routine-play-espanol-ingles\/#breadcrumb","itemListElement":[{"@type":"ListItem","position":1,"name":"Portada","item":"https:\/\/demoweb.info\/sexshop001\/"},{"@type":"ListItem","position":2,"name":"Tienda","item":"https:\/\/demoweb.info\/sexshop001\/tienda\/"},{"@type":"ListItem","position":3,"name":"OUT OF ROUTINE PLAY (ESPA\u00d1OL \/ INGLES)"}]},{"@type":"WebSite","@id":"https:\/\/demoweb.info\/sexshop001\/#website","url":"https:\/\/demoweb.info\/sexshop001\/","name":"Tienda Er\u00f3tica","description":"DEMOWEB SL","potentialAction":[{"@type":"SearchAction","target":{"@type":"EntryPoint","urlTemplate":"https:\/\/demoweb.info\/sexshop001\/?s={search_term_string}"},"query-input":"required name=search_term_string"}],"inLanguage":"es"}]}},"_links":{"self":[{"href":"https:\/\/demoweb.info\/sexshop001\/wp-json\/wp\/v3\/product\/60550","targetHints":{"allow":["GET"]}}],"collection":[{"href":"https:\/\/demoweb.info\/sexshop001\/wp-json\/wp\/v3\/product"}],"about":[{"href":"https:\/\/demoweb.info\/sexshop001\/wp-json\/wp\/v2\/types\/product"}],"replies":[{"embeddable":true,"href":"https:\/\/demoweb.info\/sexshop001\/wp-json\/wp\/v2\/comments?post=60550"}],"wp:featuredmedia":[{"embeddable":true,"href":"https:\/\/demoweb.info\/sexshop001\/wp-json\/wp\/v2\/media\/60551"}],"wp:attachment":[{"href":"https:\/\/demoweb.info\/sexshop001\/wp-json\/wp\/v2\/media?parent=60550"}],"wp:term":[{"taxonomy":"product_cat","embeddable":true,"href":"https:\/\/demoweb.info\/sexshop001\/wp-json\/wp\/v2\/product_cat?post=60550"},{"taxonomy":"product_tag","embeddable":true,"href":"https:\/\/demoweb.info\/sexshop001\/wp-json\/wp\/v2\/product_tag?post=60550"}],"curies":[{"name":"wp","href":"https:\/\/api.w.org\/{rel}","templated":true}]}}