{"id":60513,"date":"2022-01-22T18:02:29","date_gmt":"2022-01-22T17:02:29","guid":{"rendered":"https:\/\/demoweb.info\/sexshop001\/producto\/sparkle-radiant-ripple-azul\/"},"modified":"2022-01-22T18:02:44","modified_gmt":"2022-01-22T17:02:44","slug":"sparkle-radiant-ripple-azul","status":"publish","type":"product","link":"https:\/\/demoweb.info\/sexshop001\/producto\/sparkle-radiant-ripple-azul\/","title":{"rendered":"SPARKLE RADIANT RIPPLE &#8211; AZUL"},"content":{"rendered":"<p><strong>SPARKLE RADIANT RIPPLE <\/strong><\/p>\n<p>Elegante pene vibrador con m\u00faltiples velocidades, ideal para la estimulaci\u00f3n del punto G.<\/p>\n<p>Sus colores brillantes lo hacen perfecto para regalar o para mejorar tu colecci\u00f3n de juguetes.<\/p>\n<p>Fabricado con material TPR de alta calidad y pl\u00e1stico ABS.<\/p>\n<p>Funciona con 2 pilas AAA, que encontrar\u00e1s en nuestra secci\u00f3n PILAS.<\/p>\n<p>Medidas: 17,75 x 4,5 cm<\/p>\n","protected":false},"excerpt":{"rendered":"<p>SPARKLE RADIANT RIPPLE Elegante pene vibrador con m\u00faltiples velocidades, ideal para la estimulaci\u00f3n del punto G. Sus colores brillantes lo<\/p>\n","protected":false},"featured_media":60514,"comment_status":"open","ping_status":"open","template":"","meta":[],"product_cat":[639],"product_tag":[660,960],"class_list":["post-60513","product","type-product","status-publish","has-post-thumbnail","hentry","product_cat-punto-g","product_tag-calexotics","product_tag-power-stud"],"bundled_by":[],"bundle_stock_status":"outofstock","bundle_stock_quantity":0,"bundle_virtual":false,"bundle_layout":"","bundle_add_to_cart_form_location":"","bundle_editable_in_cart":false,"bundle_sold_individually_context":"","bundle_item_grouping":"","bundle_min_size":"","bundle_max_size":"","bundled_items":[],"yoast_head":"<!-- This site is optimized with the Yoast SEO plugin v20.6 - https:\/\/yoast.com\/wordpress\/plugins\/seo\/ -->\n<title>SPARKLE RADIANT RIPPLE - AZUL - Tienda Er\u00f3tica<\/title>\n<meta name=\"robots\" content=\"noindex, follow, max-snippet:-1, max-image-preview:large, max-video-preview:-1\" \/>\n<meta property=\"og:locale\" content=\"es_ES\" \/>\n<meta property=\"og:type\" content=\"article\" \/>\n<meta property=\"og:title\" content=\"SPARKLE RADIANT RIPPLE - AZUL - Tienda Er\u00f3tica\" \/>\n<meta property=\"og:description\" content=\"SPARKLE RADIANT RIPPLE Elegante pene vibrador con m\u00faltiples velocidades, ideal para la estimulaci\u00f3n del punto G. Sus colores brillantes lo\" \/>\n<meta property=\"og:url\" content=\"https:\/\/demoweb.info\/sexshop001\/producto\/sparkle-radiant-ripple-azul\/\" \/>\n<meta property=\"og:site_name\" content=\"Tienda Er\u00f3tica\" \/>\n<meta property=\"article:modified_time\" content=\"2022-01-22T17:02:44+00:00\" \/>\n<meta property=\"og:image\" content=\"https:\/\/demoweb.info\/sexshop001\/wp-content\/uploads\/2022\/01\/SPARKLE-RADIANT-RIPPLE-AZUL.jpg\" \/>\n\t<meta property=\"og:image:width\" content=\"550\" \/>\n\t<meta property=\"og:image:height\" content=\"550\" \/>\n\t<meta property=\"og:image:type\" content=\"image\/jpeg\" \/>\n<meta name=\"twitter:card\" content=\"summary_large_image\" \/>\n<script type=\"application\/ld+json\" class=\"yoast-schema-graph\">{\"@context\":\"https:\/\/schema.org\",\"@graph\":[{\"@type\":\"WebPage\",\"@id\":\"https:\/\/demoweb.info\/sexshop001\/producto\/sparkle-radiant-ripple-azul\/\",\"url\":\"https:\/\/demoweb.info\/sexshop001\/producto\/sparkle-radiant-ripple-azul\/\",\"name\":\"SPARKLE RADIANT RIPPLE - AZUL - Tienda Er\u00f3tica\",\"isPartOf\":{\"@id\":\"https:\/\/demoweb.info\/sexshop001\/#website\"},\"datePublished\":\"2022-01-22T17:02:29+00:00\",\"dateModified\":\"2022-01-22T17:02:44+00:00\",\"breadcrumb\":{\"@id\":\"https:\/\/demoweb.info\/sexshop001\/producto\/sparkle-radiant-ripple-azul\/#breadcrumb\"},\"inLanguage\":\"es\",\"potentialAction\":[{\"@type\":\"ReadAction\",\"target\":[\"https:\/\/demoweb.info\/sexshop001\/producto\/sparkle-radiant-ripple-azul\/\"]}]},{\"@type\":\"BreadcrumbList\",\"@id\":\"https:\/\/demoweb.info\/sexshop001\/producto\/sparkle-radiant-ripple-azul\/#breadcrumb\",\"itemListElement\":[{\"@type\":\"ListItem\",\"position\":1,\"name\":\"Portada\",\"item\":\"https:\/\/demoweb.info\/sexshop001\/\"},{\"@type\":\"ListItem\",\"position\":2,\"name\":\"Tienda\",\"item\":\"https:\/\/demoweb.info\/sexshop001\/tienda\/\"},{\"@type\":\"ListItem\",\"position\":3,\"name\":\"SPARKLE RADIANT RIPPLE &#8211; AZUL\"}]},{\"@type\":\"WebSite\",\"@id\":\"https:\/\/demoweb.info\/sexshop001\/#website\",\"url\":\"https:\/\/demoweb.info\/sexshop001\/\",\"name\":\"Tienda Er\u00f3tica\",\"description\":\"DEMOWEB SL\",\"potentialAction\":[{\"@type\":\"SearchAction\",\"target\":{\"@type\":\"EntryPoint\",\"urlTemplate\":\"https:\/\/demoweb.info\/sexshop001\/?s={search_term_string}\"},\"query-input\":\"required name=search_term_string\"}],\"inLanguage\":\"es\"}]}<\/script>\n<!-- \/ Yoast SEO plugin. -->","yoast_head_json":{"title":"SPARKLE RADIANT RIPPLE - AZUL - Tienda Er\u00f3tica","robots":{"index":"noindex","follow":"follow","max-snippet":"max-snippet:-1","max-image-preview":"max-image-preview:large","max-video-preview":"max-video-preview:-1"},"og_locale":"es_ES","og_type":"article","og_title":"SPARKLE RADIANT RIPPLE - AZUL - Tienda Er\u00f3tica","og_description":"SPARKLE RADIANT RIPPLE Elegante pene vibrador con m\u00faltiples velocidades, ideal para la estimulaci\u00f3n del punto G. Sus colores brillantes lo","og_url":"https:\/\/demoweb.info\/sexshop001\/producto\/sparkle-radiant-ripple-azul\/","og_site_name":"Tienda Er\u00f3tica","article_modified_time":"2022-01-22T17:02:44+00:00","og_image":[{"width":550,"height":550,"url":"https:\/\/demoweb.info\/sexshop001\/wp-content\/uploads\/2022\/01\/SPARKLE-RADIANT-RIPPLE-AZUL.jpg","type":"image\/jpeg"}],"twitter_card":"summary_large_image","schema":{"@context":"https:\/\/schema.org","@graph":[{"@type":"WebPage","@id":"https:\/\/demoweb.info\/sexshop001\/producto\/sparkle-radiant-ripple-azul\/","url":"https:\/\/demoweb.info\/sexshop001\/producto\/sparkle-radiant-ripple-azul\/","name":"SPARKLE RADIANT RIPPLE - AZUL - Tienda Er\u00f3tica","isPartOf":{"@id":"https:\/\/demoweb.info\/sexshop001\/#website"},"datePublished":"2022-01-22T17:02:29+00:00","dateModified":"2022-01-22T17:02:44+00:00","breadcrumb":{"@id":"https:\/\/demoweb.info\/sexshop001\/producto\/sparkle-radiant-ripple-azul\/#breadcrumb"},"inLanguage":"es","potentialAction":[{"@type":"ReadAction","target":["https:\/\/demoweb.info\/sexshop001\/producto\/sparkle-radiant-ripple-azul\/"]}]},{"@type":"BreadcrumbList","@id":"https:\/\/demoweb.info\/sexshop001\/producto\/sparkle-radiant-ripple-azul\/#breadcrumb","itemListElement":[{"@type":"ListItem","position":1,"name":"Portada","item":"https:\/\/demoweb.info\/sexshop001\/"},{"@type":"ListItem","position":2,"name":"Tienda","item":"https:\/\/demoweb.info\/sexshop001\/tienda\/"},{"@type":"ListItem","position":3,"name":"SPARKLE RADIANT RIPPLE &#8211; AZUL"}]},{"@type":"WebSite","@id":"https:\/\/demoweb.info\/sexshop001\/#website","url":"https:\/\/demoweb.info\/sexshop001\/","name":"Tienda Er\u00f3tica","description":"DEMOWEB SL","potentialAction":[{"@type":"SearchAction","target":{"@type":"EntryPoint","urlTemplate":"https:\/\/demoweb.info\/sexshop001\/?s={search_term_string}"},"query-input":"required name=search_term_string"}],"inLanguage":"es"}]}},"_links":{"self":[{"href":"https:\/\/demoweb.info\/sexshop001\/wp-json\/wp\/v3\/product\/60513","targetHints":{"allow":["GET"]}}],"collection":[{"href":"https:\/\/demoweb.info\/sexshop001\/wp-json\/wp\/v3\/product"}],"about":[{"href":"https:\/\/demoweb.info\/sexshop001\/wp-json\/wp\/v2\/types\/product"}],"replies":[{"embeddable":true,"href":"https:\/\/demoweb.info\/sexshop001\/wp-json\/wp\/v2\/comments?post=60513"}],"wp:featuredmedia":[{"embeddable":true,"href":"https:\/\/demoweb.info\/sexshop001\/wp-json\/wp\/v2\/media\/60514"}],"wp:attachment":[{"href":"https:\/\/demoweb.info\/sexshop001\/wp-json\/wp\/v2\/media?parent=60513"}],"wp:term":[{"taxonomy":"product_cat","embeddable":true,"href":"https:\/\/demoweb.info\/sexshop001\/wp-json\/wp\/v2\/product_cat?post=60513"},{"taxonomy":"product_tag","embeddable":true,"href":"https:\/\/demoweb.info\/sexshop001\/wp-json\/wp\/v2\/product_tag?post=60513"}],"curies":[{"name":"wp","href":"https:\/\/api.w.org\/{rel}","templated":true}]}}