{"id":60461,"date":"2022-01-22T18:01:58","date_gmt":"2022-01-22T17:01:58","guid":{"rendered":"https:\/\/demoweb.info\/sexshop001\/producto\/s8-lubricante-hibrido-125ml\/"},"modified":"2022-01-22T18:02:07","modified_gmt":"2022-01-22T17:02:07","slug":"s8-lubricante-hibrido-125ml","status":"publish","type":"product","link":"https:\/\/demoweb.info\/sexshop001\/producto\/s8-lubricante-hibrido-125ml\/","title":{"rendered":"S8 LUBRICANTE HIBRIDO 125ML"},"content":{"rendered":"<p><strong>S8 HYBRID LUBE 125ML<\/strong><\/p>\n<p>Este lubricante sin aceite ni grasa a base de agua no irrita la piel ni las mucosas, est\u00e1 indicado para utilizar con preservativos y se puede quitar con agua sin dejar restos.<\/p>\n<p>No es un producto anticonceptivo y no protege frente a infecciones. No utilizar si se busca un embarazo, o bien usarlo s\u00f3lo de forma moderada, ya que la concepci\u00f3n podr\u00eda verse dificultada. En caso de uso con preservativo, aplicar el lubricante sobre el preservativo ya puesto en el pene erecto. Guardar en un lugar seco y fresco.<\/p>\n<p>Ingredientes: WATER, GLYCERIN, POLYETHYLENGLYKOL, HYDROXYETHYLCELLULOSE, PHENOXYETHANOL, ETHYLHEXYLGLYCERIN<\/p>\n","protected":false},"excerpt":{"rendered":"<p>S8 HYBRID LUBE 125ML Este lubricante sin aceite ni grasa a base de agua no irrita la piel ni las<\/p>\n","protected":false},"featured_media":60462,"comment_status":"open","ping_status":"open","template":"","meta":[],"product_cat":[1577],"product_tag":[672],"class_list":["post-60461","product","type-product","status-publish","has-post-thumbnail","hentry","product_cat-hibridos-lubricantes-salud-sexual","product_tag-stimul8"],"bundled_by":[],"bundle_stock_status":"instock","bundle_stock_quantity":1,"bundle_virtual":false,"bundle_layout":"","bundle_add_to_cart_form_location":"","bundle_editable_in_cart":false,"bundle_sold_individually_context":"","bundle_item_grouping":"","bundle_min_size":"","bundle_max_size":"","bundled_items":[],"yoast_head":"<!-- This site is optimized with the Yoast SEO plugin v20.6 - https:\/\/yoast.com\/wordpress\/plugins\/seo\/ -->\n<title>S8 LUBRICANTE HIBRIDO 125ML - Tienda Er\u00f3tica<\/title>\n<meta name=\"robots\" content=\"noindex, follow, max-snippet:-1, max-image-preview:large, max-video-preview:-1\" \/>\n<meta property=\"og:locale\" content=\"es_ES\" \/>\n<meta property=\"og:type\" content=\"article\" \/>\n<meta property=\"og:title\" content=\"S8 LUBRICANTE HIBRIDO 125ML - Tienda Er\u00f3tica\" \/>\n<meta property=\"og:description\" content=\"S8 HYBRID LUBE 125ML Este lubricante sin aceite ni grasa a base de agua no irrita la piel ni las\" \/>\n<meta property=\"og:url\" content=\"https:\/\/demoweb.info\/sexshop001\/producto\/s8-lubricante-hibrido-125ml\/\" \/>\n<meta property=\"og:site_name\" content=\"Tienda Er\u00f3tica\" \/>\n<meta property=\"article:modified_time\" content=\"2022-01-22T17:02:07+00:00\" \/>\n<meta property=\"og:image\" content=\"https:\/\/demoweb.info\/sexshop001\/wp-content\/uploads\/2022\/01\/S8-LUBRICANTE-HIBRIDO-125ML.jpg\" \/>\n\t<meta property=\"og:image:width\" content=\"550\" \/>\n\t<meta property=\"og:image:height\" content=\"550\" \/>\n\t<meta property=\"og:image:type\" content=\"image\/jpeg\" \/>\n<meta name=\"twitter:card\" content=\"summary_large_image\" \/>\n<meta name=\"twitter:label1\" content=\"Tiempo de lectura\" \/>\n\t<meta name=\"twitter:data1\" content=\"1 minuto\" \/>\n<script type=\"application\/ld+json\" class=\"yoast-schema-graph\">{\"@context\":\"https:\/\/schema.org\",\"@graph\":[{\"@type\":\"WebPage\",\"@id\":\"https:\/\/demoweb.info\/sexshop001\/producto\/s8-lubricante-hibrido-125ml\/\",\"url\":\"https:\/\/demoweb.info\/sexshop001\/producto\/s8-lubricante-hibrido-125ml\/\",\"name\":\"S8 LUBRICANTE HIBRIDO 125ML - Tienda Er\u00f3tica\",\"isPartOf\":{\"@id\":\"https:\/\/demoweb.info\/sexshop001\/#website\"},\"datePublished\":\"2022-01-22T17:01:58+00:00\",\"dateModified\":\"2022-01-22T17:02:07+00:00\",\"breadcrumb\":{\"@id\":\"https:\/\/demoweb.info\/sexshop001\/producto\/s8-lubricante-hibrido-125ml\/#breadcrumb\"},\"inLanguage\":\"es\",\"potentialAction\":[{\"@type\":\"ReadAction\",\"target\":[\"https:\/\/demoweb.info\/sexshop001\/producto\/s8-lubricante-hibrido-125ml\/\"]}]},{\"@type\":\"BreadcrumbList\",\"@id\":\"https:\/\/demoweb.info\/sexshop001\/producto\/s8-lubricante-hibrido-125ml\/#breadcrumb\",\"itemListElement\":[{\"@type\":\"ListItem\",\"position\":1,\"name\":\"Portada\",\"item\":\"https:\/\/demoweb.info\/sexshop001\/\"},{\"@type\":\"ListItem\",\"position\":2,\"name\":\"Tienda\",\"item\":\"https:\/\/demoweb.info\/sexshop001\/tienda\/\"},{\"@type\":\"ListItem\",\"position\":3,\"name\":\"S8 LUBRICANTE HIBRIDO 125ML\"}]},{\"@type\":\"WebSite\",\"@id\":\"https:\/\/demoweb.info\/sexshop001\/#website\",\"url\":\"https:\/\/demoweb.info\/sexshop001\/\",\"name\":\"Tienda Er\u00f3tica\",\"description\":\"DEMOWEB SL\",\"potentialAction\":[{\"@type\":\"SearchAction\",\"target\":{\"@type\":\"EntryPoint\",\"urlTemplate\":\"https:\/\/demoweb.info\/sexshop001\/?s={search_term_string}\"},\"query-input\":\"required name=search_term_string\"}],\"inLanguage\":\"es\"}]}<\/script>\n<!-- \/ Yoast SEO plugin. -->","yoast_head_json":{"title":"S8 LUBRICANTE HIBRIDO 125ML - Tienda Er\u00f3tica","robots":{"index":"noindex","follow":"follow","max-snippet":"max-snippet:-1","max-image-preview":"max-image-preview:large","max-video-preview":"max-video-preview:-1"},"og_locale":"es_ES","og_type":"article","og_title":"S8 LUBRICANTE HIBRIDO 125ML - Tienda Er\u00f3tica","og_description":"S8 HYBRID LUBE 125ML Este lubricante sin aceite ni grasa a base de agua no irrita la piel ni las","og_url":"https:\/\/demoweb.info\/sexshop001\/producto\/s8-lubricante-hibrido-125ml\/","og_site_name":"Tienda Er\u00f3tica","article_modified_time":"2022-01-22T17:02:07+00:00","og_image":[{"width":550,"height":550,"url":"https:\/\/demoweb.info\/sexshop001\/wp-content\/uploads\/2022\/01\/S8-LUBRICANTE-HIBRIDO-125ML.jpg","type":"image\/jpeg"}],"twitter_card":"summary_large_image","twitter_misc":{"Tiempo de lectura":"1 minuto"},"schema":{"@context":"https:\/\/schema.org","@graph":[{"@type":"WebPage","@id":"https:\/\/demoweb.info\/sexshop001\/producto\/s8-lubricante-hibrido-125ml\/","url":"https:\/\/demoweb.info\/sexshop001\/producto\/s8-lubricante-hibrido-125ml\/","name":"S8 LUBRICANTE HIBRIDO 125ML - Tienda Er\u00f3tica","isPartOf":{"@id":"https:\/\/demoweb.info\/sexshop001\/#website"},"datePublished":"2022-01-22T17:01:58+00:00","dateModified":"2022-01-22T17:02:07+00:00","breadcrumb":{"@id":"https:\/\/demoweb.info\/sexshop001\/producto\/s8-lubricante-hibrido-125ml\/#breadcrumb"},"inLanguage":"es","potentialAction":[{"@type":"ReadAction","target":["https:\/\/demoweb.info\/sexshop001\/producto\/s8-lubricante-hibrido-125ml\/"]}]},{"@type":"BreadcrumbList","@id":"https:\/\/demoweb.info\/sexshop001\/producto\/s8-lubricante-hibrido-125ml\/#breadcrumb","itemListElement":[{"@type":"ListItem","position":1,"name":"Portada","item":"https:\/\/demoweb.info\/sexshop001\/"},{"@type":"ListItem","position":2,"name":"Tienda","item":"https:\/\/demoweb.info\/sexshop001\/tienda\/"},{"@type":"ListItem","position":3,"name":"S8 LUBRICANTE HIBRIDO 125ML"}]},{"@type":"WebSite","@id":"https:\/\/demoweb.info\/sexshop001\/#website","url":"https:\/\/demoweb.info\/sexshop001\/","name":"Tienda Er\u00f3tica","description":"DEMOWEB SL","potentialAction":[{"@type":"SearchAction","target":{"@type":"EntryPoint","urlTemplate":"https:\/\/demoweb.info\/sexshop001\/?s={search_term_string}"},"query-input":"required name=search_term_string"}],"inLanguage":"es"}]}},"_links":{"self":[{"href":"https:\/\/demoweb.info\/sexshop001\/wp-json\/wp\/v3\/product\/60461","targetHints":{"allow":["GET"]}}],"collection":[{"href":"https:\/\/demoweb.info\/sexshop001\/wp-json\/wp\/v3\/product"}],"about":[{"href":"https:\/\/demoweb.info\/sexshop001\/wp-json\/wp\/v2\/types\/product"}],"replies":[{"embeddable":true,"href":"https:\/\/demoweb.info\/sexshop001\/wp-json\/wp\/v2\/comments?post=60461"}],"wp:featuredmedia":[{"embeddable":true,"href":"https:\/\/demoweb.info\/sexshop001\/wp-json\/wp\/v2\/media\/60462"}],"wp:attachment":[{"href":"https:\/\/demoweb.info\/sexshop001\/wp-json\/wp\/v2\/media?parent=60461"}],"wp:term":[{"taxonomy":"product_cat","embeddable":true,"href":"https:\/\/demoweb.info\/sexshop001\/wp-json\/wp\/v2\/product_cat?post=60461"},{"taxonomy":"product_tag","embeddable":true,"href":"https:\/\/demoweb.info\/sexshop001\/wp-json\/wp\/v2\/product_tag?post=60461"}],"curies":[{"name":"wp","href":"https:\/\/api.w.org\/{rel}","templated":true}]}}