{"id":60419,"date":"2022-01-22T18:01:28","date_gmt":"2022-01-22T17:01:28","guid":{"rendered":"https:\/\/demoweb.info\/sexshop001\/producto\/s8-lubricante-anal-base-de-agua-efecto-frio-50ml\/"},"modified":"2022-01-22T18:01:40","modified_gmt":"2022-01-22T17:01:40","slug":"s8-lubricante-anal-base-de-agua-efecto-frio-50ml","status":"publish","type":"product","link":"https:\/\/demoweb.info\/sexshop001\/producto\/s8-lubricante-anal-base-de-agua-efecto-frio-50ml\/","title":{"rendered":"S8 LUBRICANTE ANAL BASE DE AGUA EFECTO FR\u00cdO 50ML"},"content":{"rendered":"<p><strong>S8 COOLING WB ANAL LUBE 50ML<\/strong><\/p>\n<p>Este lubricante sin aceite ni grasa a base de agua no irrita la piel ni las mucosas, est\u00e1 indicado para utilizar con preservativos y se puede eliminar con agua sin dejar restos.<\/p>\n<p>No es un producto anticonceptivo y no protege frente a infecciones. No utilizar si se busca un embarazo, o bien usarlo s\u00f3lo de forma moderada, ya que la concepci\u00f3n podr\u00eda verse dificultada.<\/p>\n<p>En caso de uso con preservativo, aplicar el lubricante sobre el preservativo ya puesto en el pene erecto. Guardar en un lugar seco y fresco.<\/p>\n<p>*EFECTO FR\u00cdO.<\/p>\n<p>Contiene: 50 ml<\/p>\n","protected":false},"excerpt":{"rendered":"<p>S8 COOLING WB ANAL LUBE 50ML Este lubricante sin aceite ni grasa a base de agua no irrita la piel<\/p>\n","protected":false},"featured_media":60420,"comment_status":"open","ping_status":"open","template":"","meta":[],"product_cat":[265],"product_tag":[672],"class_list":["post-60419","product","type-product","status-publish","has-post-thumbnail","hentry","product_cat-base-agua-lubricantes","product_tag-stimul8"],"bundled_by":[],"bundle_stock_status":"instock","bundle_stock_quantity":4,"bundle_virtual":false,"bundle_layout":"","bundle_add_to_cart_form_location":"","bundle_editable_in_cart":false,"bundle_sold_individually_context":"","bundle_item_grouping":"","bundle_min_size":"","bundle_max_size":"","bundled_items":[],"yoast_head":"<!-- This site is optimized with the Yoast SEO plugin v20.6 - https:\/\/yoast.com\/wordpress\/plugins\/seo\/ -->\n<title>S8 LUBRICANTE ANAL BASE DE AGUA EFECTO FR\u00cdO 50ML - Tienda Er\u00f3tica<\/title>\n<meta name=\"robots\" content=\"noindex, follow, max-snippet:-1, max-image-preview:large, max-video-preview:-1\" \/>\n<meta property=\"og:locale\" content=\"es_ES\" \/>\n<meta property=\"og:type\" content=\"article\" \/>\n<meta property=\"og:title\" content=\"S8 LUBRICANTE ANAL BASE DE AGUA EFECTO FR\u00cdO 50ML - Tienda Er\u00f3tica\" \/>\n<meta property=\"og:description\" content=\"S8 COOLING WB ANAL LUBE 50ML Este lubricante sin aceite ni grasa a base de agua no irrita la piel\" \/>\n<meta property=\"og:url\" content=\"https:\/\/demoweb.info\/sexshop001\/producto\/s8-lubricante-anal-base-de-agua-efecto-frio-50ml\/\" \/>\n<meta property=\"og:site_name\" content=\"Tienda Er\u00f3tica\" \/>\n<meta property=\"article:modified_time\" content=\"2022-01-22T17:01:40+00:00\" \/>\n<meta property=\"og:image\" content=\"https:\/\/demoweb.info\/sexshop001\/wp-content\/uploads\/2022\/01\/S8-LUBRICANTE-ANAL-BASE-DE-AGUA-EFECTO-FRIO-50ML.jpg\" \/>\n\t<meta property=\"og:image:width\" content=\"550\" \/>\n\t<meta property=\"og:image:height\" content=\"550\" \/>\n\t<meta property=\"og:image:type\" content=\"image\/jpeg\" \/>\n<meta name=\"twitter:card\" content=\"summary_large_image\" \/>\n<meta name=\"twitter:label1\" content=\"Tiempo de lectura\" \/>\n\t<meta name=\"twitter:data1\" content=\"1 minuto\" \/>\n<script type=\"application\/ld+json\" class=\"yoast-schema-graph\">{\"@context\":\"https:\/\/schema.org\",\"@graph\":[{\"@type\":\"WebPage\",\"@id\":\"https:\/\/demoweb.info\/sexshop001\/producto\/s8-lubricante-anal-base-de-agua-efecto-frio-50ml\/\",\"url\":\"https:\/\/demoweb.info\/sexshop001\/producto\/s8-lubricante-anal-base-de-agua-efecto-frio-50ml\/\",\"name\":\"S8 LUBRICANTE ANAL BASE DE AGUA EFECTO FR\u00cdO 50ML - Tienda Er\u00f3tica\",\"isPartOf\":{\"@id\":\"https:\/\/demoweb.info\/sexshop001\/#website\"},\"datePublished\":\"2022-01-22T17:01:28+00:00\",\"dateModified\":\"2022-01-22T17:01:40+00:00\",\"breadcrumb\":{\"@id\":\"https:\/\/demoweb.info\/sexshop001\/producto\/s8-lubricante-anal-base-de-agua-efecto-frio-50ml\/#breadcrumb\"},\"inLanguage\":\"es\",\"potentialAction\":[{\"@type\":\"ReadAction\",\"target\":[\"https:\/\/demoweb.info\/sexshop001\/producto\/s8-lubricante-anal-base-de-agua-efecto-frio-50ml\/\"]}]},{\"@type\":\"BreadcrumbList\",\"@id\":\"https:\/\/demoweb.info\/sexshop001\/producto\/s8-lubricante-anal-base-de-agua-efecto-frio-50ml\/#breadcrumb\",\"itemListElement\":[{\"@type\":\"ListItem\",\"position\":1,\"name\":\"Portada\",\"item\":\"https:\/\/demoweb.info\/sexshop001\/\"},{\"@type\":\"ListItem\",\"position\":2,\"name\":\"Tienda\",\"item\":\"https:\/\/demoweb.info\/sexshop001\/tienda\/\"},{\"@type\":\"ListItem\",\"position\":3,\"name\":\"S8 LUBRICANTE ANAL BASE DE AGUA EFECTO FR\u00cdO 50ML\"}]},{\"@type\":\"WebSite\",\"@id\":\"https:\/\/demoweb.info\/sexshop001\/#website\",\"url\":\"https:\/\/demoweb.info\/sexshop001\/\",\"name\":\"Tienda Er\u00f3tica\",\"description\":\"DEMOWEB SL\",\"potentialAction\":[{\"@type\":\"SearchAction\",\"target\":{\"@type\":\"EntryPoint\",\"urlTemplate\":\"https:\/\/demoweb.info\/sexshop001\/?s={search_term_string}\"},\"query-input\":\"required name=search_term_string\"}],\"inLanguage\":\"es\"}]}<\/script>\n<!-- \/ Yoast SEO plugin. -->","yoast_head_json":{"title":"S8 LUBRICANTE ANAL BASE DE AGUA EFECTO FR\u00cdO 50ML - Tienda Er\u00f3tica","robots":{"index":"noindex","follow":"follow","max-snippet":"max-snippet:-1","max-image-preview":"max-image-preview:large","max-video-preview":"max-video-preview:-1"},"og_locale":"es_ES","og_type":"article","og_title":"S8 LUBRICANTE ANAL BASE DE AGUA EFECTO FR\u00cdO 50ML - Tienda Er\u00f3tica","og_description":"S8 COOLING WB ANAL LUBE 50ML Este lubricante sin aceite ni grasa a base de agua no irrita la piel","og_url":"https:\/\/demoweb.info\/sexshop001\/producto\/s8-lubricante-anal-base-de-agua-efecto-frio-50ml\/","og_site_name":"Tienda Er\u00f3tica","article_modified_time":"2022-01-22T17:01:40+00:00","og_image":[{"width":550,"height":550,"url":"https:\/\/demoweb.info\/sexshop001\/wp-content\/uploads\/2022\/01\/S8-LUBRICANTE-ANAL-BASE-DE-AGUA-EFECTO-FRIO-50ML.jpg","type":"image\/jpeg"}],"twitter_card":"summary_large_image","twitter_misc":{"Tiempo de lectura":"1 minuto"},"schema":{"@context":"https:\/\/schema.org","@graph":[{"@type":"WebPage","@id":"https:\/\/demoweb.info\/sexshop001\/producto\/s8-lubricante-anal-base-de-agua-efecto-frio-50ml\/","url":"https:\/\/demoweb.info\/sexshop001\/producto\/s8-lubricante-anal-base-de-agua-efecto-frio-50ml\/","name":"S8 LUBRICANTE ANAL BASE DE AGUA EFECTO FR\u00cdO 50ML - Tienda Er\u00f3tica","isPartOf":{"@id":"https:\/\/demoweb.info\/sexshop001\/#website"},"datePublished":"2022-01-22T17:01:28+00:00","dateModified":"2022-01-22T17:01:40+00:00","breadcrumb":{"@id":"https:\/\/demoweb.info\/sexshop001\/producto\/s8-lubricante-anal-base-de-agua-efecto-frio-50ml\/#breadcrumb"},"inLanguage":"es","potentialAction":[{"@type":"ReadAction","target":["https:\/\/demoweb.info\/sexshop001\/producto\/s8-lubricante-anal-base-de-agua-efecto-frio-50ml\/"]}]},{"@type":"BreadcrumbList","@id":"https:\/\/demoweb.info\/sexshop001\/producto\/s8-lubricante-anal-base-de-agua-efecto-frio-50ml\/#breadcrumb","itemListElement":[{"@type":"ListItem","position":1,"name":"Portada","item":"https:\/\/demoweb.info\/sexshop001\/"},{"@type":"ListItem","position":2,"name":"Tienda","item":"https:\/\/demoweb.info\/sexshop001\/tienda\/"},{"@type":"ListItem","position":3,"name":"S8 LUBRICANTE ANAL BASE DE AGUA EFECTO FR\u00cdO 50ML"}]},{"@type":"WebSite","@id":"https:\/\/demoweb.info\/sexshop001\/#website","url":"https:\/\/demoweb.info\/sexshop001\/","name":"Tienda Er\u00f3tica","description":"DEMOWEB SL","potentialAction":[{"@type":"SearchAction","target":{"@type":"EntryPoint","urlTemplate":"https:\/\/demoweb.info\/sexshop001\/?s={search_term_string}"},"query-input":"required name=search_term_string"}],"inLanguage":"es"}]}},"_links":{"self":[{"href":"https:\/\/demoweb.info\/sexshop001\/wp-json\/wp\/v3\/product\/60419","targetHints":{"allow":["GET"]}}],"collection":[{"href":"https:\/\/demoweb.info\/sexshop001\/wp-json\/wp\/v3\/product"}],"about":[{"href":"https:\/\/demoweb.info\/sexshop001\/wp-json\/wp\/v2\/types\/product"}],"replies":[{"embeddable":true,"href":"https:\/\/demoweb.info\/sexshop001\/wp-json\/wp\/v2\/comments?post=60419"}],"wp:featuredmedia":[{"embeddable":true,"href":"https:\/\/demoweb.info\/sexshop001\/wp-json\/wp\/v2\/media\/60420"}],"wp:attachment":[{"href":"https:\/\/demoweb.info\/sexshop001\/wp-json\/wp\/v2\/media?parent=60419"}],"wp:term":[{"taxonomy":"product_cat","embeddable":true,"href":"https:\/\/demoweb.info\/sexshop001\/wp-json\/wp\/v2\/product_cat?post=60419"},{"taxonomy":"product_tag","embeddable":true,"href":"https:\/\/demoweb.info\/sexshop001\/wp-json\/wp\/v2\/product_tag?post=60419"}],"curies":[{"name":"wp","href":"https:\/\/api.w.org\/{rel}","templated":true}]}}