{"id":60370,"date":"2022-01-22T18:01:03","date_gmt":"2022-01-22T17:01:03","guid":{"rendered":"https:\/\/demoweb.info\/sexshop001\/producto\/satisfyer-vibes-petting-hippo\/"},"modified":"2022-01-22T18:01:08","modified_gmt":"2022-01-22T17:01:08","slug":"satisfyer-vibes-petting-hippo","status":"publish","type":"product","link":"https:\/\/demoweb.info\/sexshop001\/producto\/satisfyer-vibes-petting-hippo\/","title":{"rendered":"SATISFYER VIBES PETTING HIPPO"},"content":{"rendered":"<p><strong>SATISFYER VIBES PETTING HIPPO<\/strong><\/p>\n<p><strong>Nueva edici\u00f3n 2020<\/strong><\/p>\n<p>HIP, HIPPO, HURRA<\/p>\n<p>El vibrador de punto G m\u00e1s intenso y tierno de todos los tiempos.<\/p>\n<p>IDEAL PARA ESTIMULAR EL PUNTO G<\/p>\n<p>Hip, Hippo &#8211; Hurra! Este agradable compa\u00f1ero de cama apenas puede esperar ya para ponerse a buscar tus puntos calientes con su curioso morrito. Con 12 excitantes programas de vibraci\u00f3n, su voluminoso extremo con una estimulante inclinaci\u00f3n y el tallo flexible, te ofrece todo lo que necesitas para sentirte feliz, ya que este bonito vibrador del punto G masajea tu parte m\u00e1s \u00edntima con la entrega que te mereces. En su pr\u00e1ctico anillo de sujeci\u00f3n con panel de mando encontrar\u00e1s de manera intuitiva las vibraciones que m\u00e1s te gustan simplemente pulsando un bot\u00f3n, mientras sujetas con firmeza por el cuello a este salvaje hipop\u00f3tamo en los momentos de mayor pasi\u00f3n.<\/p>\n<p>GOOD VIBES FOR YOU!<\/p>\n<p>Los 12 potentes programas de vibraci\u00f3n se componen de 6 intensidades y 6 ritmos celestiales. Se distribuyen de manera ideal por todo el tallo, por lo que las vibraciones estimulan intensamente tanto el extremo superior como la parte inferior. Durante la excitante penetraci\u00f3n, te masajean tambi\u00e9n sus 3 nervios curvos en la parte inferior del tallo. El acabado impermeable (IPX7) del Petting Hippo te invita tambi\u00e9n a disfrutar de momentos de placer en la ducha o la ba\u00f1era.<\/p>\n<p>&#8211; Vibraci\u00f3n profunda superintensa<br \/>\n&#8211; Cuerpo flexible e impermeable<br \/>\n&#8211; Suave silicona maciza de alta calidad<\/p>\n<p>Las bater\u00edas de tu nuevo juguete favorito permiten recargarlo y respetar el medio ambiente. Si quieres recargar tu juguete en la red, puedes completar el cable magn\u00e9tico USB con un enchufe convencional de 5 V.<\/p>\n<ul>\n<li>Estanco IPX7<\/li>\n<li>2 Motores superpotentes<\/li>\n<li>Bater\u00eda de iones de litio<\/li>\n<li>F\u00e1cil de limpiar<\/li>\n<li>Impermeable<\/li>\n<li>Cable de carga magn\u00e9tico por USB<\/li>\n<li><strong>Nueva edici\u00f3n 2020<\/strong><\/li>\n<li><strong>Con tecnolog\u00eda mejorada<\/strong><\/li>\n<li><strong>Nuevo embalaje acorde con la nueva imagen de la marca<\/strong><\/li>\n<li><strong>GARANT\u00cdA DE HIGIENE: Tendr\u00e1s 100% asegurado que eres la primera persona en abrir tu nuevo juguete.<\/strong><\/li>\n<\/ul>\n<p>MATERIAL<\/p>\n<p>La silicona hipoalerg\u00e9nica de Satisfyer Vibes destaca por su sedosa superficie mate con una extraordinaria adaptaci\u00f3n al cuerpo. Con un acabado impermeable (IPX7) y un pr\u00e1ctico anillo de sujeci\u00f3n de pl\u00e1stico ABS resistente a los ara\u00f1azos, los juguetes er\u00f3ticos se limpian con facilidad y se conservan higi\u00e9nicos durante mucho tiempo. El flexible material se desliza de maravilla y adopta r\u00e1pidamente la temperatura del cuerpo. El vibrador se limpia r\u00e1pida y f\u00e1cilmente con un poco de jab\u00f3n y agua templada. Para una higiene minuciosa, roc\u00edalo despu\u00e9s con limpiador desinfectante para juguetes sexuales.<\/p>\n","protected":false},"excerpt":{"rendered":"<p>SATISFYER VIBES PETTING HIPPO Nueva edici\u00f3n 2020 HIP, HIPPO, HURRA El vibrador de punto G m\u00e1s intenso y tierno de<\/p>\n","protected":false},"featured_media":60371,"comment_status":"open","ping_status":"open","template":"","meta":[],"product_cat":[315],"product_tag":[442,615],"class_list":["post-60370","product","type-product","status-publish","has-post-thumbnail","hentry","product_cat-silicona-vibradores-juguetes-xxx","product_tag-satisfyer","product_tag-vibrator"],"bundled_by":[],"bundle_stock_status":"instock","bundle_stock_quantity":25,"bundle_virtual":false,"bundle_layout":"","bundle_add_to_cart_form_location":"","bundle_editable_in_cart":false,"bundle_sold_individually_context":"","bundle_item_grouping":"","bundle_min_size":"","bundle_max_size":"","bundled_items":[],"yoast_head":"<!-- This site is optimized with the Yoast SEO plugin v20.6 - https:\/\/yoast.com\/wordpress\/plugins\/seo\/ -->\n<title>SATISFYER VIBES PETTING HIPPO - Tienda Er\u00f3tica<\/title>\n<meta name=\"robots\" content=\"noindex, follow, max-snippet:-1, max-image-preview:large, max-video-preview:-1\" \/>\n<meta property=\"og:locale\" content=\"es_ES\" \/>\n<meta property=\"og:type\" content=\"article\" \/>\n<meta property=\"og:title\" content=\"SATISFYER VIBES PETTING HIPPO - Tienda Er\u00f3tica\" \/>\n<meta property=\"og:description\" content=\"SATISFYER VIBES PETTING HIPPO Nueva edici\u00f3n 2020 HIP, HIPPO, HURRA El vibrador de punto G m\u00e1s intenso y tierno de\" \/>\n<meta property=\"og:url\" content=\"https:\/\/demoweb.info\/sexshop001\/producto\/satisfyer-vibes-petting-hippo\/\" \/>\n<meta property=\"og:site_name\" content=\"Tienda Er\u00f3tica\" \/>\n<meta property=\"article:modified_time\" content=\"2022-01-22T17:01:08+00:00\" \/>\n<meta property=\"og:image\" content=\"https:\/\/demoweb.info\/sexshop001\/wp-content\/uploads\/2022\/01\/SATISFYER-VIBES-PETTING-HIPPO.jpg\" \/>\n\t<meta property=\"og:image:width\" content=\"550\" \/>\n\t<meta property=\"og:image:height\" content=\"550\" \/>\n\t<meta property=\"og:image:type\" content=\"image\/jpeg\" \/>\n<meta name=\"twitter:card\" content=\"summary_large_image\" \/>\n<meta name=\"twitter:label1\" content=\"Tiempo de lectura\" \/>\n\t<meta name=\"twitter:data1\" content=\"2 minutos\" \/>\n<script type=\"application\/ld+json\" class=\"yoast-schema-graph\">{\"@context\":\"https:\/\/schema.org\",\"@graph\":[{\"@type\":\"WebPage\",\"@id\":\"https:\/\/demoweb.info\/sexshop001\/producto\/satisfyer-vibes-petting-hippo\/\",\"url\":\"https:\/\/demoweb.info\/sexshop001\/producto\/satisfyer-vibes-petting-hippo\/\",\"name\":\"SATISFYER VIBES PETTING HIPPO - Tienda Er\u00f3tica\",\"isPartOf\":{\"@id\":\"https:\/\/demoweb.info\/sexshop001\/#website\"},\"datePublished\":\"2022-01-22T17:01:03+00:00\",\"dateModified\":\"2022-01-22T17:01:08+00:00\",\"breadcrumb\":{\"@id\":\"https:\/\/demoweb.info\/sexshop001\/producto\/satisfyer-vibes-petting-hippo\/#breadcrumb\"},\"inLanguage\":\"es\",\"potentialAction\":[{\"@type\":\"ReadAction\",\"target\":[\"https:\/\/demoweb.info\/sexshop001\/producto\/satisfyer-vibes-petting-hippo\/\"]}]},{\"@type\":\"BreadcrumbList\",\"@id\":\"https:\/\/demoweb.info\/sexshop001\/producto\/satisfyer-vibes-petting-hippo\/#breadcrumb\",\"itemListElement\":[{\"@type\":\"ListItem\",\"position\":1,\"name\":\"Portada\",\"item\":\"https:\/\/demoweb.info\/sexshop001\/\"},{\"@type\":\"ListItem\",\"position\":2,\"name\":\"Tienda\",\"item\":\"https:\/\/demoweb.info\/sexshop001\/tienda\/\"},{\"@type\":\"ListItem\",\"position\":3,\"name\":\"SATISFYER VIBES PETTING HIPPO\"}]},{\"@type\":\"WebSite\",\"@id\":\"https:\/\/demoweb.info\/sexshop001\/#website\",\"url\":\"https:\/\/demoweb.info\/sexshop001\/\",\"name\":\"Tienda Er\u00f3tica\",\"description\":\"DEMOWEB SL\",\"potentialAction\":[{\"@type\":\"SearchAction\",\"target\":{\"@type\":\"EntryPoint\",\"urlTemplate\":\"https:\/\/demoweb.info\/sexshop001\/?s={search_term_string}\"},\"query-input\":\"required name=search_term_string\"}],\"inLanguage\":\"es\"}]}<\/script>\n<!-- \/ Yoast SEO plugin. -->","yoast_head_json":{"title":"SATISFYER VIBES PETTING HIPPO - Tienda Er\u00f3tica","robots":{"index":"noindex","follow":"follow","max-snippet":"max-snippet:-1","max-image-preview":"max-image-preview:large","max-video-preview":"max-video-preview:-1"},"og_locale":"es_ES","og_type":"article","og_title":"SATISFYER VIBES PETTING HIPPO - Tienda Er\u00f3tica","og_description":"SATISFYER VIBES PETTING HIPPO Nueva edici\u00f3n 2020 HIP, HIPPO, HURRA El vibrador de punto G m\u00e1s intenso y tierno de","og_url":"https:\/\/demoweb.info\/sexshop001\/producto\/satisfyer-vibes-petting-hippo\/","og_site_name":"Tienda Er\u00f3tica","article_modified_time":"2022-01-22T17:01:08+00:00","og_image":[{"width":550,"height":550,"url":"https:\/\/demoweb.info\/sexshop001\/wp-content\/uploads\/2022\/01\/SATISFYER-VIBES-PETTING-HIPPO.jpg","type":"image\/jpeg"}],"twitter_card":"summary_large_image","twitter_misc":{"Tiempo de lectura":"2 minutos"},"schema":{"@context":"https:\/\/schema.org","@graph":[{"@type":"WebPage","@id":"https:\/\/demoweb.info\/sexshop001\/producto\/satisfyer-vibes-petting-hippo\/","url":"https:\/\/demoweb.info\/sexshop001\/producto\/satisfyer-vibes-petting-hippo\/","name":"SATISFYER VIBES PETTING HIPPO - Tienda Er\u00f3tica","isPartOf":{"@id":"https:\/\/demoweb.info\/sexshop001\/#website"},"datePublished":"2022-01-22T17:01:03+00:00","dateModified":"2022-01-22T17:01:08+00:00","breadcrumb":{"@id":"https:\/\/demoweb.info\/sexshop001\/producto\/satisfyer-vibes-petting-hippo\/#breadcrumb"},"inLanguage":"es","potentialAction":[{"@type":"ReadAction","target":["https:\/\/demoweb.info\/sexshop001\/producto\/satisfyer-vibes-petting-hippo\/"]}]},{"@type":"BreadcrumbList","@id":"https:\/\/demoweb.info\/sexshop001\/producto\/satisfyer-vibes-petting-hippo\/#breadcrumb","itemListElement":[{"@type":"ListItem","position":1,"name":"Portada","item":"https:\/\/demoweb.info\/sexshop001\/"},{"@type":"ListItem","position":2,"name":"Tienda","item":"https:\/\/demoweb.info\/sexshop001\/tienda\/"},{"@type":"ListItem","position":3,"name":"SATISFYER VIBES PETTING HIPPO"}]},{"@type":"WebSite","@id":"https:\/\/demoweb.info\/sexshop001\/#website","url":"https:\/\/demoweb.info\/sexshop001\/","name":"Tienda Er\u00f3tica","description":"DEMOWEB SL","potentialAction":[{"@type":"SearchAction","target":{"@type":"EntryPoint","urlTemplate":"https:\/\/demoweb.info\/sexshop001\/?s={search_term_string}"},"query-input":"required name=search_term_string"}],"inLanguage":"es"}]}},"_links":{"self":[{"href":"https:\/\/demoweb.info\/sexshop001\/wp-json\/wp\/v3\/product\/60370","targetHints":{"allow":["GET"]}}],"collection":[{"href":"https:\/\/demoweb.info\/sexshop001\/wp-json\/wp\/v3\/product"}],"about":[{"href":"https:\/\/demoweb.info\/sexshop001\/wp-json\/wp\/v2\/types\/product"}],"replies":[{"embeddable":true,"href":"https:\/\/demoweb.info\/sexshop001\/wp-json\/wp\/v2\/comments?post=60370"}],"wp:featuredmedia":[{"embeddable":true,"href":"https:\/\/demoweb.info\/sexshop001\/wp-json\/wp\/v2\/media\/60371"}],"wp:attachment":[{"href":"https:\/\/demoweb.info\/sexshop001\/wp-json\/wp\/v2\/media?parent=60370"}],"wp:term":[{"taxonomy":"product_cat","embeddable":true,"href":"https:\/\/demoweb.info\/sexshop001\/wp-json\/wp\/v2\/product_cat?post=60370"},{"taxonomy":"product_tag","embeddable":true,"href":"https:\/\/demoweb.info\/sexshop001\/wp-json\/wp\/v2\/product_tag?post=60370"}],"curies":[{"name":"wp","href":"https:\/\/api.w.org\/{rel}","templated":true}]}}