{"id":60363,"date":"2022-01-22T18:01:03","date_gmt":"2022-01-22T17:01:03","guid":{"rendered":"https:\/\/demoweb.info\/sexshop001\/producto\/satisfyer-vibes-magic-bunny\/"},"modified":"2022-01-22T18:01:03","modified_gmt":"2022-01-22T17:01:03","slug":"satisfyer-vibes-magic-bunny","status":"publish","type":"product","link":"https:\/\/demoweb.info\/sexshop001\/producto\/satisfyer-vibes-magic-bunny\/","title":{"rendered":"SATISFYER VIBES MAGIC BUNNY"},"content":{"rendered":"<p><strong>SATISFYER VIBES MAGIC BUNNY<\/strong><\/p>\n<p><strong>Nueva edici\u00f3n 2020<\/strong><\/p>\n<p>ABRACADABRA \u00a1ORGASMO!<\/p>\n<p>Su vibraci\u00f3n extraintensa estimula al mismo tiempo tu punto G y tu cl\u00edtoris: directamente sin red.<\/p>\n<p>2 POTENTES MOTORES<\/p>\n<p>Este compacto juguete er\u00f3tico de silicona flexible es una sorpresa muy dulce que Satisfyer Vibes saca ahora de la chistera: Magic Bunny tiene una excelente habilidad para proporcionarte orgasmos inimaginables estimulando al mismo tiempo el punto G y el cl\u00edtoris. \u00a1Puede parecer peque\u00f1o e inocente, pero detr\u00e1s de sus orejas se oculta toda la potencia de este conejo, que con 2 potent\u00edsimos motores y 12 programas de vibraci\u00f3n, te har\u00e1 sentir toda su magia! Y qu\u00e9 gran fortuna el tama\u00f1o compacto de Magic Rabbit, que le convierte en el compa\u00f1ero de viaje ideal. As\u00ed no lo sacar\u00e1s de la chistera, pero s\u00ed que podr\u00e1s sacarlo del bolso cada vez que te asalte la lujuria.<\/p>\n<p>VIBRACIONES BUENAS Y M\u00c1GICAS<\/p>\n<p>En el pr\u00e1ctico anillo de sujeci\u00f3n con panel de mando encontrar\u00e1s de manera intuitiva las vibraciones que m\u00e1s te gustan simplemente pulsando un bot\u00f3n, mientras sujetas con firmeza este simp\u00e1tico conejito incluso en los momentos m\u00e1s h\u00famedos e intensos. Los 12 programas de vibraci\u00f3n, especialmente potentes, se componen de 6 intensidades y 6 ritmos celestiales. Los 2 motores distribuyen las vibraciones por todo el tallo y el estimulador del cl\u00edtoris, por lo que proporciona una intensa estimulaci\u00f3n por todo tu cuerpo. El acabado impermeable (IPX7) del Magic Bunny te invita tambi\u00e9n a disfrutar de momentos de placer en la ducha o la ba\u00f1era.<\/p>\n<p>&#8211; Vibraci\u00f3n profunda superintensa<br \/>\n&#8211; Cuerpo flexible e impermeable<br \/>\n&#8211; Suave silicona maciza de alta calidad<\/p>\n<p>Las bater\u00edas de tu nuevo juguete favorito permiten recargarlo y respetar el medio ambiente. Si quieres recargar tu juguete en la red, puedes completar el cable magn\u00e9tico USB con un enchufe convencional de 5 V.<\/p>\n<ul>\n<li>Estanco IPX7<\/li>\n<li>2 Motores superpotentes<\/li>\n<li>Bater\u00eda de iones de litio<\/li>\n<li>F\u00e1cil de limpiar<\/li>\n<li>Impermeable<\/li>\n<li>Cable de carga magn\u00e9tico por USB<\/li>\n<li><strong>Nueva edici\u00f3n 2020<\/strong><\/li>\n<li><strong>Con tecnolog\u00eda mejorada<\/strong><\/li>\n<li><strong>Nuevo embalaje acorde con la nueva imagen de la marca<\/strong><\/li>\n<li><strong>GARANT\u00cdA DE HIGIENE: Tendr\u00e1s 100% asegurado que eres la primera persona en abrir tu nuevo juguete.<\/strong><\/li>\n<\/ul>\n<p>MATERIAL<\/p>\n<p>La silicona hipoalerg\u00e9nica de Satisfyer Vibes destaca por su sedosa superficie mate con una extraordinaria adaptaci\u00f3n al cuerpo. Con un acabado impermeable (IPX7) y un pr\u00e1ctico anillo de sujeci\u00f3n de pl\u00e1stico ABS resistente a los ara\u00f1azos, los juguetes er\u00f3ticos se limpian con facilidad y se conservan higi\u00e9nicos durante mucho tiempo. El flexible material se desliza de maravilla y adopta r\u00e1pidamente la temperatura del cuerpo. El vibrador se limpia r\u00e1pida y f\u00e1cilmente con un poco de jab\u00f3n y agua templada. Para una higiene minuciosa, roc\u00edalo despu\u00e9s con limpiador desinfectante para juguetes sexuales.<\/p>\n","protected":false},"excerpt":{"rendered":"<p>SATISFYER VIBES MAGIC BUNNY Nueva edici\u00f3n 2020 ABRACADABRA \u00a1ORGASMO! Su vibraci\u00f3n extraintensa estimula al mismo tiempo tu punto G y<\/p>\n","protected":false},"featured_media":60364,"comment_status":"open","ping_status":"open","template":"","meta":[],"product_cat":[315],"product_tag":[442,615],"class_list":["post-60363","product","type-product","status-publish","has-post-thumbnail","hentry","product_cat-silicona-vibradores-juguetes-xxx","product_tag-satisfyer","product_tag-vibrator"],"bundled_by":[],"bundle_stock_status":"instock","bundle_stock_quantity":25,"bundle_virtual":false,"bundle_layout":"","bundle_add_to_cart_form_location":"","bundle_editable_in_cart":false,"bundle_sold_individually_context":"","bundle_item_grouping":"","bundle_min_size":"","bundle_max_size":"","bundled_items":[],"yoast_head":"<!-- This site is optimized with the Yoast SEO plugin v20.6 - https:\/\/yoast.com\/wordpress\/plugins\/seo\/ -->\n<title>SATISFYER VIBES MAGIC BUNNY - Tienda Er\u00f3tica<\/title>\n<meta name=\"robots\" content=\"noindex, follow, max-snippet:-1, max-image-preview:large, max-video-preview:-1\" \/>\n<meta property=\"og:locale\" content=\"es_ES\" \/>\n<meta property=\"og:type\" content=\"article\" \/>\n<meta property=\"og:title\" content=\"SATISFYER VIBES MAGIC BUNNY - Tienda Er\u00f3tica\" \/>\n<meta property=\"og:description\" content=\"SATISFYER VIBES MAGIC BUNNY Nueva edici\u00f3n 2020 ABRACADABRA \u00a1ORGASMO! Su vibraci\u00f3n extraintensa estimula al mismo tiempo tu punto G y\" \/>\n<meta property=\"og:url\" content=\"https:\/\/demoweb.info\/sexshop001\/producto\/satisfyer-vibes-magic-bunny\/\" \/>\n<meta property=\"og:site_name\" content=\"Tienda Er\u00f3tica\" \/>\n<meta property=\"og:image\" content=\"https:\/\/demoweb.info\/sexshop001\/wp-content\/uploads\/2022\/01\/SATISFYER-VIBES-MAGIC-BUNNY.jpg\" \/>\n\t<meta property=\"og:image:width\" content=\"550\" \/>\n\t<meta property=\"og:image:height\" content=\"550\" \/>\n\t<meta property=\"og:image:type\" content=\"image\/jpeg\" \/>\n<meta name=\"twitter:card\" content=\"summary_large_image\" \/>\n<meta name=\"twitter:label1\" content=\"Tiempo de lectura\" \/>\n\t<meta name=\"twitter:data1\" content=\"2 minutos\" \/>\n<script type=\"application\/ld+json\" class=\"yoast-schema-graph\">{\"@context\":\"https:\/\/schema.org\",\"@graph\":[{\"@type\":\"WebPage\",\"@id\":\"https:\/\/demoweb.info\/sexshop001\/producto\/satisfyer-vibes-magic-bunny\/\",\"url\":\"https:\/\/demoweb.info\/sexshop001\/producto\/satisfyer-vibes-magic-bunny\/\",\"name\":\"SATISFYER VIBES MAGIC BUNNY - Tienda Er\u00f3tica\",\"isPartOf\":{\"@id\":\"https:\/\/demoweb.info\/sexshop001\/#website\"},\"datePublished\":\"2022-01-22T17:01:03+00:00\",\"dateModified\":\"2022-01-22T17:01:03+00:00\",\"breadcrumb\":{\"@id\":\"https:\/\/demoweb.info\/sexshop001\/producto\/satisfyer-vibes-magic-bunny\/#breadcrumb\"},\"inLanguage\":\"es\",\"potentialAction\":[{\"@type\":\"ReadAction\",\"target\":[\"https:\/\/demoweb.info\/sexshop001\/producto\/satisfyer-vibes-magic-bunny\/\"]}]},{\"@type\":\"BreadcrumbList\",\"@id\":\"https:\/\/demoweb.info\/sexshop001\/producto\/satisfyer-vibes-magic-bunny\/#breadcrumb\",\"itemListElement\":[{\"@type\":\"ListItem\",\"position\":1,\"name\":\"Portada\",\"item\":\"https:\/\/demoweb.info\/sexshop001\/\"},{\"@type\":\"ListItem\",\"position\":2,\"name\":\"Tienda\",\"item\":\"https:\/\/demoweb.info\/sexshop001\/tienda\/\"},{\"@type\":\"ListItem\",\"position\":3,\"name\":\"SATISFYER VIBES MAGIC BUNNY\"}]},{\"@type\":\"WebSite\",\"@id\":\"https:\/\/demoweb.info\/sexshop001\/#website\",\"url\":\"https:\/\/demoweb.info\/sexshop001\/\",\"name\":\"Tienda Er\u00f3tica\",\"description\":\"DEMOWEB SL\",\"potentialAction\":[{\"@type\":\"SearchAction\",\"target\":{\"@type\":\"EntryPoint\",\"urlTemplate\":\"https:\/\/demoweb.info\/sexshop001\/?s={search_term_string}\"},\"query-input\":\"required name=search_term_string\"}],\"inLanguage\":\"es\"}]}<\/script>\n<!-- \/ Yoast SEO plugin. -->","yoast_head_json":{"title":"SATISFYER VIBES MAGIC BUNNY - Tienda Er\u00f3tica","robots":{"index":"noindex","follow":"follow","max-snippet":"max-snippet:-1","max-image-preview":"max-image-preview:large","max-video-preview":"max-video-preview:-1"},"og_locale":"es_ES","og_type":"article","og_title":"SATISFYER VIBES MAGIC BUNNY - Tienda Er\u00f3tica","og_description":"SATISFYER VIBES MAGIC BUNNY Nueva edici\u00f3n 2020 ABRACADABRA \u00a1ORGASMO! Su vibraci\u00f3n extraintensa estimula al mismo tiempo tu punto G y","og_url":"https:\/\/demoweb.info\/sexshop001\/producto\/satisfyer-vibes-magic-bunny\/","og_site_name":"Tienda Er\u00f3tica","og_image":[{"width":550,"height":550,"url":"https:\/\/demoweb.info\/sexshop001\/wp-content\/uploads\/2022\/01\/SATISFYER-VIBES-MAGIC-BUNNY.jpg","type":"image\/jpeg"}],"twitter_card":"summary_large_image","twitter_misc":{"Tiempo de lectura":"2 minutos"},"schema":{"@context":"https:\/\/schema.org","@graph":[{"@type":"WebPage","@id":"https:\/\/demoweb.info\/sexshop001\/producto\/satisfyer-vibes-magic-bunny\/","url":"https:\/\/demoweb.info\/sexshop001\/producto\/satisfyer-vibes-magic-bunny\/","name":"SATISFYER VIBES MAGIC BUNNY - Tienda Er\u00f3tica","isPartOf":{"@id":"https:\/\/demoweb.info\/sexshop001\/#website"},"datePublished":"2022-01-22T17:01:03+00:00","dateModified":"2022-01-22T17:01:03+00:00","breadcrumb":{"@id":"https:\/\/demoweb.info\/sexshop001\/producto\/satisfyer-vibes-magic-bunny\/#breadcrumb"},"inLanguage":"es","potentialAction":[{"@type":"ReadAction","target":["https:\/\/demoweb.info\/sexshop001\/producto\/satisfyer-vibes-magic-bunny\/"]}]},{"@type":"BreadcrumbList","@id":"https:\/\/demoweb.info\/sexshop001\/producto\/satisfyer-vibes-magic-bunny\/#breadcrumb","itemListElement":[{"@type":"ListItem","position":1,"name":"Portada","item":"https:\/\/demoweb.info\/sexshop001\/"},{"@type":"ListItem","position":2,"name":"Tienda","item":"https:\/\/demoweb.info\/sexshop001\/tienda\/"},{"@type":"ListItem","position":3,"name":"SATISFYER VIBES MAGIC BUNNY"}]},{"@type":"WebSite","@id":"https:\/\/demoweb.info\/sexshop001\/#website","url":"https:\/\/demoweb.info\/sexshop001\/","name":"Tienda Er\u00f3tica","description":"DEMOWEB SL","potentialAction":[{"@type":"SearchAction","target":{"@type":"EntryPoint","urlTemplate":"https:\/\/demoweb.info\/sexshop001\/?s={search_term_string}"},"query-input":"required name=search_term_string"}],"inLanguage":"es"}]}},"_links":{"self":[{"href":"https:\/\/demoweb.info\/sexshop001\/wp-json\/wp\/v3\/product\/60363","targetHints":{"allow":["GET"]}}],"collection":[{"href":"https:\/\/demoweb.info\/sexshop001\/wp-json\/wp\/v3\/product"}],"about":[{"href":"https:\/\/demoweb.info\/sexshop001\/wp-json\/wp\/v2\/types\/product"}],"replies":[{"embeddable":true,"href":"https:\/\/demoweb.info\/sexshop001\/wp-json\/wp\/v2\/comments?post=60363"}],"wp:featuredmedia":[{"embeddable":true,"href":"https:\/\/demoweb.info\/sexshop001\/wp-json\/wp\/v2\/media\/60364"}],"wp:attachment":[{"href":"https:\/\/demoweb.info\/sexshop001\/wp-json\/wp\/v2\/media?parent=60363"}],"wp:term":[{"taxonomy":"product_cat","embeddable":true,"href":"https:\/\/demoweb.info\/sexshop001\/wp-json\/wp\/v2\/product_cat?post=60363"},{"taxonomy":"product_tag","embeddable":true,"href":"https:\/\/demoweb.info\/sexshop001\/wp-json\/wp\/v2\/product_tag?post=60363"}],"curies":[{"name":"wp","href":"https:\/\/api.w.org\/{rel}","templated":true}]}}