{"id":60342,"date":"2022-01-22T18:00:27","date_gmt":"2022-01-22T17:00:27","guid":{"rendered":"https:\/\/demoweb.info\/sexshop001\/producto\/satisfyer-vibes-charming-smile\/"},"modified":"2022-01-22T18:00:45","modified_gmt":"2022-01-22T17:00:45","slug":"satisfyer-vibes-charming-smile","status":"publish","type":"product","link":"https:\/\/demoweb.info\/sexshop001\/producto\/satisfyer-vibes-charming-smile\/","title":{"rendered":"SATISFYER VIBES CHARMING SMILE"},"content":{"rendered":"<p><strong>SATISFYER VIBES CHARMING SMILE<\/strong><\/p>\n<p>UN VERDADERO ENCANTO<\/p>\n<p>Su suave superficie de tacto sedoso te har\u00e1 caer inmediatamente rendida a sus encantos.<\/p>\n<p>SENSUAL ESTIMULACI\u00d3N DEL PUNTO G<\/p>\n<p>Cada sonrisa hace del mundo un lugar un poco m\u00e1s bello, por eso, este bonito expendedor de placer lleva su nombre en honor al buen humor. Un buen humor que va en aumento a medida que se acerca con su ergon\u00f3mica curva: una vez has ca\u00eddo v\u00edctima de su encanto, te seduce con su flexible superficie sedosa, su excitante forma curvada y los 12 intensos programas de vibraci\u00f3n. La atrevida combinaci\u00f3n de tallo flexible y extremo curvado hacia arriba convierte al Charming Smile en el experto en punto G definitivo, y es que sabe muy bien qu\u00e9 bot\u00f3n tiene que tocar. As\u00ed, no pod\u00eda ser de otra manera, empieza a llegar uno tras otro: acab\u00e1is en la cama, te proporciona orgasmos inolvidables y, ya est\u00e1, inseparables. \u00a1Menos mal que, gracias a su tama\u00f1o compacto, cabe perfectamente en tu bolso de mano!<\/p>\n<p>TIME FOR GOOD VIBES<\/p>\n<p>En su pr\u00e1ctico anillo de sujeci\u00f3n con panel de mando encontrar\u00e1s de manera intuitiva las vibraciones que m\u00e1s te gustan simplemente pulsando un bot\u00f3n, mientras sujetas con firmeza este apasionado masajeador del punto G incluso en los momentos m\u00e1s intensos. Los 12 potentes programas de vibraci\u00f3n se componen de 6 intensidades y 6 ritmos celestiales. Las vibraciones se distribuyen de manera ideal por todo el tallo, por lo que estimulan intensamente tanto el extremo superior como la parte inferior. El acabado impermeable (IPX7) del Charming Smile te invita tambi\u00e9n a disfrutar de momentos de placer en la ducha o la ba\u00f1era.<\/p>\n<p>&#8211; Vibraci\u00f3n profunda superintensa<br \/>\n&#8211; Cuerpo flexible e impermeable<br \/>\n&#8211; Suave silicona maciza de alta calidad<\/p>\n<p>Las bater\u00edas de tu nuevo juguete favorito permiten recargarlo y respetar el medio ambiente. Si quieres recargar tu juguete en la red, puedes completar el cable magn\u00e9tico USB con un enchufe convencional de 5 V.<\/p>\n<p>&#8211; Estanco IPX7<br \/>\n&#8211; 2 Motores superpotentes<br \/>\n&#8211; Bater\u00eda de iones de litio<br \/>\n&#8211; F\u00e1cil de limpiar<br \/>\n&#8211; Bajo el agua<br \/>\n&#8211; Cable de carga magn\u00e9tico por USB<\/p>\n<p>MATERIAL<\/p>\n<p>La silicona hipoalerg\u00e9nica de Satisfyer Vibes destaca por su sedosa superficie mate con una extraordinaria adaptaci\u00f3n al cuerpo. Con un acabado impermeable (IPX7) y un pr\u00e1ctico anillo de sujeci\u00f3n de pl\u00e1stico ABS resistente a los ara\u00f1azos, los juguetes er\u00f3ticos se limpian con facilidad y se conservan higi\u00e9nicos durante mucho tiempo. El flexible material se desliza de maravilla y adopta r\u00e1pidamente la temperatura del cuerpo. El vibrador se limpia r\u00e1pida y f\u00e1cilmente con un poco de jab\u00f3n y agua templada. Para una higiene minuciosa, roc\u00edalo despu\u00e9s con limpiador desinfectante para juguetes sexuales.<\/p>\n","protected":false},"excerpt":{"rendered":"<p>SATISFYER VIBES CHARMING SMILE UN VERDADERO ENCANTO Su suave superficie de tacto sedoso te har\u00e1 caer inmediatamente rendida a sus<\/p>\n","protected":false},"featured_media":60343,"comment_status":"open","ping_status":"open","template":"","meta":[],"product_cat":[315],"product_tag":[442,615],"class_list":["post-60342","product","type-product","status-publish","has-post-thumbnail","hentry","product_cat-silicona-vibradores-juguetes-xxx","product_tag-satisfyer","product_tag-vibrator"],"bundled_by":[],"bundle_stock_status":"instock","bundle_stock_quantity":25,"bundle_virtual":false,"bundle_layout":"","bundle_add_to_cart_form_location":"","bundle_editable_in_cart":false,"bundle_sold_individually_context":"","bundle_item_grouping":"","bundle_min_size":"","bundle_max_size":"","bundled_items":[],"yoast_head":"<!-- This site is optimized with the Yoast SEO plugin v20.6 - https:\/\/yoast.com\/wordpress\/plugins\/seo\/ -->\n<title>SATISFYER VIBES CHARMING SMILE - Tienda Er\u00f3tica<\/title>\n<meta name=\"robots\" content=\"noindex, follow, max-snippet:-1, max-image-preview:large, max-video-preview:-1\" \/>\n<meta property=\"og:locale\" content=\"es_ES\" \/>\n<meta property=\"og:type\" content=\"article\" \/>\n<meta property=\"og:title\" content=\"SATISFYER VIBES CHARMING SMILE - Tienda Er\u00f3tica\" \/>\n<meta property=\"og:description\" content=\"SATISFYER VIBES CHARMING SMILE UN VERDADERO ENCANTO Su suave superficie de tacto sedoso te har\u00e1 caer inmediatamente rendida a sus\" \/>\n<meta property=\"og:url\" content=\"https:\/\/demoweb.info\/sexshop001\/producto\/satisfyer-vibes-charming-smile\/\" \/>\n<meta property=\"og:site_name\" content=\"Tienda Er\u00f3tica\" \/>\n<meta property=\"article:modified_time\" content=\"2022-01-22T17:00:45+00:00\" \/>\n<meta property=\"og:image\" content=\"https:\/\/demoweb.info\/sexshop001\/wp-content\/uploads\/2022\/01\/SATISFYER-VIBES-CHARMING-SMILE.jpg\" \/>\n\t<meta property=\"og:image:width\" content=\"550\" \/>\n\t<meta property=\"og:image:height\" content=\"550\" \/>\n\t<meta property=\"og:image:type\" content=\"image\/jpeg\" \/>\n<meta name=\"twitter:card\" content=\"summary_large_image\" \/>\n<meta name=\"twitter:label1\" content=\"Tiempo de lectura\" \/>\n\t<meta name=\"twitter:data1\" content=\"2 minutos\" \/>\n<script type=\"application\/ld+json\" class=\"yoast-schema-graph\">{\"@context\":\"https:\/\/schema.org\",\"@graph\":[{\"@type\":\"WebPage\",\"@id\":\"https:\/\/demoweb.info\/sexshop001\/producto\/satisfyer-vibes-charming-smile\/\",\"url\":\"https:\/\/demoweb.info\/sexshop001\/producto\/satisfyer-vibes-charming-smile\/\",\"name\":\"SATISFYER VIBES CHARMING SMILE - Tienda Er\u00f3tica\",\"isPartOf\":{\"@id\":\"https:\/\/demoweb.info\/sexshop001\/#website\"},\"datePublished\":\"2022-01-22T17:00:27+00:00\",\"dateModified\":\"2022-01-22T17:00:45+00:00\",\"breadcrumb\":{\"@id\":\"https:\/\/demoweb.info\/sexshop001\/producto\/satisfyer-vibes-charming-smile\/#breadcrumb\"},\"inLanguage\":\"es\",\"potentialAction\":[{\"@type\":\"ReadAction\",\"target\":[\"https:\/\/demoweb.info\/sexshop001\/producto\/satisfyer-vibes-charming-smile\/\"]}]},{\"@type\":\"BreadcrumbList\",\"@id\":\"https:\/\/demoweb.info\/sexshop001\/producto\/satisfyer-vibes-charming-smile\/#breadcrumb\",\"itemListElement\":[{\"@type\":\"ListItem\",\"position\":1,\"name\":\"Portada\",\"item\":\"https:\/\/demoweb.info\/sexshop001\/\"},{\"@type\":\"ListItem\",\"position\":2,\"name\":\"Tienda\",\"item\":\"https:\/\/demoweb.info\/sexshop001\/tienda\/\"},{\"@type\":\"ListItem\",\"position\":3,\"name\":\"SATISFYER VIBES CHARMING SMILE\"}]},{\"@type\":\"WebSite\",\"@id\":\"https:\/\/demoweb.info\/sexshop001\/#website\",\"url\":\"https:\/\/demoweb.info\/sexshop001\/\",\"name\":\"Tienda Er\u00f3tica\",\"description\":\"DEMOWEB SL\",\"potentialAction\":[{\"@type\":\"SearchAction\",\"target\":{\"@type\":\"EntryPoint\",\"urlTemplate\":\"https:\/\/demoweb.info\/sexshop001\/?s={search_term_string}\"},\"query-input\":\"required name=search_term_string\"}],\"inLanguage\":\"es\"}]}<\/script>\n<!-- \/ Yoast SEO plugin. -->","yoast_head_json":{"title":"SATISFYER VIBES CHARMING SMILE - Tienda Er\u00f3tica","robots":{"index":"noindex","follow":"follow","max-snippet":"max-snippet:-1","max-image-preview":"max-image-preview:large","max-video-preview":"max-video-preview:-1"},"og_locale":"es_ES","og_type":"article","og_title":"SATISFYER VIBES CHARMING SMILE - Tienda Er\u00f3tica","og_description":"SATISFYER VIBES CHARMING SMILE UN VERDADERO ENCANTO Su suave superficie de tacto sedoso te har\u00e1 caer inmediatamente rendida a sus","og_url":"https:\/\/demoweb.info\/sexshop001\/producto\/satisfyer-vibes-charming-smile\/","og_site_name":"Tienda Er\u00f3tica","article_modified_time":"2022-01-22T17:00:45+00:00","og_image":[{"width":550,"height":550,"url":"https:\/\/demoweb.info\/sexshop001\/wp-content\/uploads\/2022\/01\/SATISFYER-VIBES-CHARMING-SMILE.jpg","type":"image\/jpeg"}],"twitter_card":"summary_large_image","twitter_misc":{"Tiempo de lectura":"2 minutos"},"schema":{"@context":"https:\/\/schema.org","@graph":[{"@type":"WebPage","@id":"https:\/\/demoweb.info\/sexshop001\/producto\/satisfyer-vibes-charming-smile\/","url":"https:\/\/demoweb.info\/sexshop001\/producto\/satisfyer-vibes-charming-smile\/","name":"SATISFYER VIBES CHARMING SMILE - Tienda Er\u00f3tica","isPartOf":{"@id":"https:\/\/demoweb.info\/sexshop001\/#website"},"datePublished":"2022-01-22T17:00:27+00:00","dateModified":"2022-01-22T17:00:45+00:00","breadcrumb":{"@id":"https:\/\/demoweb.info\/sexshop001\/producto\/satisfyer-vibes-charming-smile\/#breadcrumb"},"inLanguage":"es","potentialAction":[{"@type":"ReadAction","target":["https:\/\/demoweb.info\/sexshop001\/producto\/satisfyer-vibes-charming-smile\/"]}]},{"@type":"BreadcrumbList","@id":"https:\/\/demoweb.info\/sexshop001\/producto\/satisfyer-vibes-charming-smile\/#breadcrumb","itemListElement":[{"@type":"ListItem","position":1,"name":"Portada","item":"https:\/\/demoweb.info\/sexshop001\/"},{"@type":"ListItem","position":2,"name":"Tienda","item":"https:\/\/demoweb.info\/sexshop001\/tienda\/"},{"@type":"ListItem","position":3,"name":"SATISFYER VIBES CHARMING SMILE"}]},{"@type":"WebSite","@id":"https:\/\/demoweb.info\/sexshop001\/#website","url":"https:\/\/demoweb.info\/sexshop001\/","name":"Tienda Er\u00f3tica","description":"DEMOWEB SL","potentialAction":[{"@type":"SearchAction","target":{"@type":"EntryPoint","urlTemplate":"https:\/\/demoweb.info\/sexshop001\/?s={search_term_string}"},"query-input":"required name=search_term_string"}],"inLanguage":"es"}]}},"_links":{"self":[{"href":"https:\/\/demoweb.info\/sexshop001\/wp-json\/wp\/v3\/product\/60342","targetHints":{"allow":["GET"]}}],"collection":[{"href":"https:\/\/demoweb.info\/sexshop001\/wp-json\/wp\/v3\/product"}],"about":[{"href":"https:\/\/demoweb.info\/sexshop001\/wp-json\/wp\/v2\/types\/product"}],"replies":[{"embeddable":true,"href":"https:\/\/demoweb.info\/sexshop001\/wp-json\/wp\/v2\/comments?post=60342"}],"wp:featuredmedia":[{"embeddable":true,"href":"https:\/\/demoweb.info\/sexshop001\/wp-json\/wp\/v2\/media\/60343"}],"wp:attachment":[{"href":"https:\/\/demoweb.info\/sexshop001\/wp-json\/wp\/v2\/media?parent=60342"}],"wp:term":[{"taxonomy":"product_cat","embeddable":true,"href":"https:\/\/demoweb.info\/sexshop001\/wp-json\/wp\/v2\/product_cat?post=60342"},{"taxonomy":"product_tag","embeddable":true,"href":"https:\/\/demoweb.info\/sexshop001\/wp-json\/wp\/v2\/product_tag?post=60342"}],"curies":[{"name":"wp","href":"https:\/\/api.w.org\/{rel}","templated":true}]}}