{"id":60335,"date":"2022-01-22T18:00:27","date_gmt":"2022-01-22T17:00:27","guid":{"rendered":"https:\/\/demoweb.info\/sexshop001\/producto\/satisfyer-yummy-sunshine-vibrador\/"},"modified":"2022-01-22T18:00:40","modified_gmt":"2022-01-22T17:00:40","slug":"satisfyer-yummy-sunshine-vibrador","status":"publish","type":"product","link":"https:\/\/demoweb.info\/sexshop001\/producto\/satisfyer-yummy-sunshine-vibrador\/","title":{"rendered":"SATISFYER YUMMY SUNSHINE VIBRADOR"},"content":{"rendered":"<p><strong>SATISFYER YUMMY SUNSHINE VIBRATOR<\/strong><\/p>\n<p><strong>Nueva edici\u00f3n 2020<\/strong><\/p>\n<p>DEJA QUE EL SOL ENTRE EN TU VIDA<\/p>\n<p>El potente vibrador amarillo para el punto G de silicona flexible siempre desprende buen humor y hace que tu sol resplandezca.<\/p>\n<p>BASE DEL TALLO ANCHA Y NERVADA<\/p>\n<p>Yummy, yummy, yummy &#8211; I got love in my&#8230;\u00bfT\u00fa y tu punto G est\u00e1is buscando un nuevo amigo que haga brillar el sol para vosotros durante las fr\u00edas noches? En ese caso, dejad que os presentemos a Yummy Sunshine. Este excitante vibrador curvo con sensual textura acanalada, extremo inclinado y 12 sensuales programas de vibraci\u00f3n es justo lo que buscas. \u00a1Con su animado color amarillo y la flexible superficie sedosa, te proporcionar\u00e1 intensos orgasmos que har\u00e1n brillar tu sol interior!<\/p>\n<p>\u00a1BUENAS VIBRACIONES PARA TI!<\/p>\n<p>En el pr\u00e1ctico anillo de sujeci\u00f3n con panel de mando encontrar\u00e1s de manera intuitiva las vibraciones que m\u00e1s te gustan simplemente pulsando un bot\u00f3n, mientras sujetas con firmeza este apasionado juguete er\u00f3tico incluso en los momentos m\u00e1s intensos. Los 12 programas de vibraci\u00f3n, especialmente potentes, se componen de 6 intensidades y 6 ritmos celestiales. Las vibraciones se distribuyen de manera ideal por todo el tallo, por lo que estimulan intensamente tanto el extremo superior como la parte inferior. El acabado impermeable (IPX7) del Yummy Sunshine te invita tambi\u00e9n a disfrutar de momentos de placer en la ducha o la ba\u00f1era.<\/p>\n<p>&#8211; Vibraci\u00f3n profunda superintensa<br \/>\n&#8211; Cuerpo flexible e impermeable<br \/>\n&#8211; Suave silicona maciza de alta calidad<\/p>\n<p>Las bater\u00edas de tu nuevo juguete favorito permiten recargarlo y respetar el medio ambiente. Si quieres recargar tu juguete en la red, puedes completar el cable magn\u00e9tico USB con un enchufe convencional de 5 V.<\/p>\n<ul>\n<li>Estanco IPX7<\/li>\n<li>2 Motores superpotentes<\/li>\n<li>Bater\u00eda de iones de litio<\/li>\n<li>F\u00e1cil de limpiar<\/li>\n<li>Impermeable<\/li>\n<li>Cable de carga magn\u00e9tico por USB<\/li>\n<li><strong>Nueva edici\u00f3n 2020<\/strong><\/li>\n<li><strong>Con tecnolog\u00eda mejorada<\/strong><\/li>\n<li><strong>Nuevo embalaje acorde con la nueva imagen de la marca<\/strong><\/li>\n<li><strong>GARANT\u00cdA DE HIGIENE: Tendr\u00e1s 100% asegurado que eres la primera persona en abrir tu nuevo juguete.<\/strong><\/li>\n<\/ul>\n<p>MATERIAL<\/p>\n<p>La silicona hipoalerg\u00e9nica de Satisfyer Vibes destaca por su sedosa superficie mate con una extraordinaria adaptaci\u00f3n al cuerpo. Con un acabado impermeable (IPX7) y un pr\u00e1ctico anillo de sujeci\u00f3n de pl\u00e1stico ABS resistente a los ara\u00f1azos, los juguetes er\u00f3ticos se limpian con facilidad y se conservan higi\u00e9nicos durante mucho tiempo. El flexible material se desliza de maravilla y adopta r\u00e1pidamente la temperatura del cuerpo. El vibrador se limpia r\u00e1pida y f\u00e1cilmente con un poco de jab\u00f3n y agua templada. Para una higiene minuciosa, roc\u00edalo despu\u00e9s con limpiador desinfectante para juguetes sexuales.<\/p>\n","protected":false},"excerpt":{"rendered":"<p>SATISFYER YUMMY SUNSHINE VIBRATOR Nueva edici\u00f3n 2020 DEJA QUE EL SOL ENTRE EN TU VIDA El potente vibrador amarillo para<\/p>\n","protected":false},"featured_media":60336,"comment_status":"open","ping_status":"open","template":"","meta":[],"product_cat":[315],"product_tag":[442,615],"class_list":["post-60335","product","type-product","status-publish","has-post-thumbnail","hentry","product_cat-silicona-vibradores-juguetes-xxx","product_tag-satisfyer","product_tag-vibrator"],"bundled_by":[],"bundle_stock_status":"instock","bundle_stock_quantity":25,"bundle_virtual":false,"bundle_layout":"","bundle_add_to_cart_form_location":"","bundle_editable_in_cart":false,"bundle_sold_individually_context":"","bundle_item_grouping":"","bundle_min_size":"","bundle_max_size":"","bundled_items":[],"yoast_head":"<!-- This site is optimized with the Yoast SEO plugin v20.6 - https:\/\/yoast.com\/wordpress\/plugins\/seo\/ -->\n<title>SATISFYER YUMMY SUNSHINE VIBRADOR - Tienda Er\u00f3tica<\/title>\n<meta name=\"robots\" content=\"noindex, follow, max-snippet:-1, max-image-preview:large, max-video-preview:-1\" \/>\n<meta property=\"og:locale\" content=\"es_ES\" \/>\n<meta property=\"og:type\" content=\"article\" \/>\n<meta property=\"og:title\" content=\"SATISFYER YUMMY SUNSHINE VIBRADOR - Tienda Er\u00f3tica\" \/>\n<meta property=\"og:description\" content=\"SATISFYER YUMMY SUNSHINE VIBRATOR Nueva edici\u00f3n 2020 DEJA QUE EL SOL ENTRE EN TU VIDA El potente vibrador amarillo para\" \/>\n<meta property=\"og:url\" content=\"https:\/\/demoweb.info\/sexshop001\/producto\/satisfyer-yummy-sunshine-vibrador\/\" \/>\n<meta property=\"og:site_name\" content=\"Tienda Er\u00f3tica\" \/>\n<meta property=\"article:modified_time\" content=\"2022-01-22T17:00:40+00:00\" \/>\n<meta property=\"og:image\" content=\"https:\/\/demoweb.info\/sexshop001\/wp-content\/uploads\/2022\/01\/SATISFYER-YUMMY-SUNSHINE-VIBRADOR.jpg\" \/>\n\t<meta property=\"og:image:width\" content=\"550\" \/>\n\t<meta property=\"og:image:height\" content=\"550\" \/>\n\t<meta property=\"og:image:type\" content=\"image\/jpeg\" \/>\n<meta name=\"twitter:card\" content=\"summary_large_image\" \/>\n<meta name=\"twitter:label1\" content=\"Tiempo de lectura\" \/>\n\t<meta name=\"twitter:data1\" content=\"2 minutos\" \/>\n<script type=\"application\/ld+json\" class=\"yoast-schema-graph\">{\"@context\":\"https:\/\/schema.org\",\"@graph\":[{\"@type\":\"WebPage\",\"@id\":\"https:\/\/demoweb.info\/sexshop001\/producto\/satisfyer-yummy-sunshine-vibrador\/\",\"url\":\"https:\/\/demoweb.info\/sexshop001\/producto\/satisfyer-yummy-sunshine-vibrador\/\",\"name\":\"SATISFYER YUMMY SUNSHINE VIBRADOR - Tienda Er\u00f3tica\",\"isPartOf\":{\"@id\":\"https:\/\/demoweb.info\/sexshop001\/#website\"},\"datePublished\":\"2022-01-22T17:00:27+00:00\",\"dateModified\":\"2022-01-22T17:00:40+00:00\",\"breadcrumb\":{\"@id\":\"https:\/\/demoweb.info\/sexshop001\/producto\/satisfyer-yummy-sunshine-vibrador\/#breadcrumb\"},\"inLanguage\":\"es\",\"potentialAction\":[{\"@type\":\"ReadAction\",\"target\":[\"https:\/\/demoweb.info\/sexshop001\/producto\/satisfyer-yummy-sunshine-vibrador\/\"]}]},{\"@type\":\"BreadcrumbList\",\"@id\":\"https:\/\/demoweb.info\/sexshop001\/producto\/satisfyer-yummy-sunshine-vibrador\/#breadcrumb\",\"itemListElement\":[{\"@type\":\"ListItem\",\"position\":1,\"name\":\"Portada\",\"item\":\"https:\/\/demoweb.info\/sexshop001\/\"},{\"@type\":\"ListItem\",\"position\":2,\"name\":\"Tienda\",\"item\":\"https:\/\/demoweb.info\/sexshop001\/tienda\/\"},{\"@type\":\"ListItem\",\"position\":3,\"name\":\"SATISFYER YUMMY SUNSHINE VIBRADOR\"}]},{\"@type\":\"WebSite\",\"@id\":\"https:\/\/demoweb.info\/sexshop001\/#website\",\"url\":\"https:\/\/demoweb.info\/sexshop001\/\",\"name\":\"Tienda Er\u00f3tica\",\"description\":\"DEMOWEB SL\",\"potentialAction\":[{\"@type\":\"SearchAction\",\"target\":{\"@type\":\"EntryPoint\",\"urlTemplate\":\"https:\/\/demoweb.info\/sexshop001\/?s={search_term_string}\"},\"query-input\":\"required name=search_term_string\"}],\"inLanguage\":\"es\"}]}<\/script>\n<!-- \/ Yoast SEO plugin. -->","yoast_head_json":{"title":"SATISFYER YUMMY SUNSHINE VIBRADOR - Tienda Er\u00f3tica","robots":{"index":"noindex","follow":"follow","max-snippet":"max-snippet:-1","max-image-preview":"max-image-preview:large","max-video-preview":"max-video-preview:-1"},"og_locale":"es_ES","og_type":"article","og_title":"SATISFYER YUMMY SUNSHINE VIBRADOR - Tienda Er\u00f3tica","og_description":"SATISFYER YUMMY SUNSHINE VIBRATOR Nueva edici\u00f3n 2020 DEJA QUE EL SOL ENTRE EN TU VIDA El potente vibrador amarillo para","og_url":"https:\/\/demoweb.info\/sexshop001\/producto\/satisfyer-yummy-sunshine-vibrador\/","og_site_name":"Tienda Er\u00f3tica","article_modified_time":"2022-01-22T17:00:40+00:00","og_image":[{"width":550,"height":550,"url":"https:\/\/demoweb.info\/sexshop001\/wp-content\/uploads\/2022\/01\/SATISFYER-YUMMY-SUNSHINE-VIBRADOR.jpg","type":"image\/jpeg"}],"twitter_card":"summary_large_image","twitter_misc":{"Tiempo de lectura":"2 minutos"},"schema":{"@context":"https:\/\/schema.org","@graph":[{"@type":"WebPage","@id":"https:\/\/demoweb.info\/sexshop001\/producto\/satisfyer-yummy-sunshine-vibrador\/","url":"https:\/\/demoweb.info\/sexshop001\/producto\/satisfyer-yummy-sunshine-vibrador\/","name":"SATISFYER YUMMY SUNSHINE VIBRADOR - Tienda Er\u00f3tica","isPartOf":{"@id":"https:\/\/demoweb.info\/sexshop001\/#website"},"datePublished":"2022-01-22T17:00:27+00:00","dateModified":"2022-01-22T17:00:40+00:00","breadcrumb":{"@id":"https:\/\/demoweb.info\/sexshop001\/producto\/satisfyer-yummy-sunshine-vibrador\/#breadcrumb"},"inLanguage":"es","potentialAction":[{"@type":"ReadAction","target":["https:\/\/demoweb.info\/sexshop001\/producto\/satisfyer-yummy-sunshine-vibrador\/"]}]},{"@type":"BreadcrumbList","@id":"https:\/\/demoweb.info\/sexshop001\/producto\/satisfyer-yummy-sunshine-vibrador\/#breadcrumb","itemListElement":[{"@type":"ListItem","position":1,"name":"Portada","item":"https:\/\/demoweb.info\/sexshop001\/"},{"@type":"ListItem","position":2,"name":"Tienda","item":"https:\/\/demoweb.info\/sexshop001\/tienda\/"},{"@type":"ListItem","position":3,"name":"SATISFYER YUMMY SUNSHINE VIBRADOR"}]},{"@type":"WebSite","@id":"https:\/\/demoweb.info\/sexshop001\/#website","url":"https:\/\/demoweb.info\/sexshop001\/","name":"Tienda Er\u00f3tica","description":"DEMOWEB SL","potentialAction":[{"@type":"SearchAction","target":{"@type":"EntryPoint","urlTemplate":"https:\/\/demoweb.info\/sexshop001\/?s={search_term_string}"},"query-input":"required name=search_term_string"}],"inLanguage":"es"}]}},"_links":{"self":[{"href":"https:\/\/demoweb.info\/sexshop001\/wp-json\/wp\/v3\/product\/60335","targetHints":{"allow":["GET"]}}],"collection":[{"href":"https:\/\/demoweb.info\/sexshop001\/wp-json\/wp\/v3\/product"}],"about":[{"href":"https:\/\/demoweb.info\/sexshop001\/wp-json\/wp\/v2\/types\/product"}],"replies":[{"embeddable":true,"href":"https:\/\/demoweb.info\/sexshop001\/wp-json\/wp\/v2\/comments?post=60335"}],"wp:featuredmedia":[{"embeddable":true,"href":"https:\/\/demoweb.info\/sexshop001\/wp-json\/wp\/v2\/media\/60336"}],"wp:attachment":[{"href":"https:\/\/demoweb.info\/sexshop001\/wp-json\/wp\/v2\/media?parent=60335"}],"wp:term":[{"taxonomy":"product_cat","embeddable":true,"href":"https:\/\/demoweb.info\/sexshop001\/wp-json\/wp\/v2\/product_cat?post=60335"},{"taxonomy":"product_tag","embeddable":true,"href":"https:\/\/demoweb.info\/sexshop001\/wp-json\/wp\/v2\/product_tag?post=60335"}],"curies":[{"name":"wp","href":"https:\/\/api.w.org\/{rel}","templated":true}]}}