{"id":60328,"date":"2022-01-22T18:00:27","date_gmt":"2022-01-22T17:00:27","guid":{"rendered":"https:\/\/demoweb.info\/sexshop001\/producto\/satisfyer-booty-call-plugs-negros\/"},"modified":"2022-01-22T18:00:35","modified_gmt":"2022-01-22T17:00:35","slug":"satisfyer-booty-call-plugs-negros","status":"publish","type":"product","link":"https:\/\/demoweb.info\/sexshop001\/producto\/satisfyer-booty-call-plugs-negros\/","title":{"rendered":"SATISFYER BOOTY CALL PLUGS NEGROS"},"content":{"rendered":"<p><strong>SATISFYER BOOTY CALL PLUGS BLACK<\/strong><\/p>\n<p><strong>Nueva edici\u00f3n 2020.<\/strong><\/p>\n<p>Booty Call<br \/>\nEste placentero tr\u00edo siempre consigue abrir la puerta de atr\u00e1s<\/p>\n<p>Plugs anales<br \/>\n\u00bfUno, dos o tres? Si tu puerta trasera disfruta con la variedad en el sexo y agradables masajes, este tentador tr\u00edo es el compa\u00f1ero perfecto para tu pr\u00f3xima aventura anal. Los flexibles plugs de silicona m\u00e9dica miman tu trasero con su delicada superficie de tacto suave y, gracias a sus extremos peque\u00f1os, lisos y especialmente suaves, son perfectos para principiantes y nuevos exploradores. Puedes elegir entre el sensual dise\u00f1o en espiral, la estrecha forma c\u00f3nica y el cl\u00e1sico sistema de bolas ascendente.<\/p>\n<p>Este colorido set te ofrece una gran variedad de sensaciones, que enriquecer\u00e1n tanto tus calientes juegos en solitario como tu vida sexual en pareja. Descubre la excitante combinaci\u00f3n de texturas ascendentes y entrena al mismo tiempo tu puerta trasera de forma especialmente sensual.<\/p>\n<p>El excitante movimiento hacia arriba y hacia abajo te permite disfrutar de cada cent\u00edmetro, mientras el h\u00famedo deslizamiento te estimula con una intensidad inolvidable. Utilizado como plug, las diferentes texturas de este flexible juguete sexual te proporcionan placer en cada movimiento, \u00a1dejando tus manos libres para que te entregues a cualquier juego que seas capaz de imaginar!<\/p>\n<p>M\u00e1s placer a\u00fan con lubricante<br \/>\nPara un placer ultrasuave, utiliza siempre tu juguete con un lubricante a base de agua de Satisfyer espec\u00edfico para este producto. As\u00ed tu experiencia ser\u00e1 a\u00fan m\u00e1s h\u00fameda y feliz y, adem\u00e1s, te abrir\u00e1s nuevas posibilidades. Las variantes disponibles son cl\u00e1sico, sedoso y efecto calor. La composici\u00f3n vegana a base de agua protege el material y mantiene suave la superficie de tu juguete er\u00f3tico.<\/p>\n<p>Ideal para principiantes y entrenamiento anal<br \/>\nSuave silicona hipoalerg\u00e9nica<br \/>\nAnillos de sujeci\u00f3n para un placer seguro<br \/>\nDi\u00e1metro ascendente<br \/>\n3 sensuales texturas<\/p>\n<p>Material<br \/>\nLa silicona m\u00e9dica extrasuave te permite introducir los plugs f\u00e1cilmente aunque seas un principiante. Es suave y tiene un tacto sedoso sobre la piel, adem\u00e1s de muy higi\u00e9nica gracias a su superficie lisa.<\/p>\n<p>Detalle del producto<\/p>\n<ul>\n<li>Peso: 127 g<\/li>\n<li>Longitud: 134 &#8211; 139 mm<\/li>\n<li>Anchura: 48 mm<\/li>\n<\/ul>\n<p>Caracter\u00edsticas:<\/p>\n<ul>\n<li>Pack de 3<\/li>\n<li>Silicona suave<\/li>\n<li>Perfecto para principiantes<\/li>\n<li>F\u00e1cil de limpiar<\/li>\n<li>Anillo como base de seguridad<\/li>\n<\/ul>\n<ul>\n<li><strong>Nueva edici\u00f3n 2020<\/strong><\/li>\n<li><strong>Nuevo embalaje acorde con la nueva imagen de la marca<\/strong><\/li>\n<li><strong>GARANT\u00cdA DE HIGIENE: Tendr\u00e1s 100% asegurado que eres la primera persona en abrir tu nuevo juguete.<\/strong><\/li>\n<\/ul>\n","protected":false},"excerpt":{"rendered":"<p>SATISFYER BOOTY CALL PLUGS BLACK Nueva edici\u00f3n 2020. Booty Call Este placentero tr\u00edo siempre consigue abrir la puerta de atr\u00e1s<\/p>\n","protected":false},"featured_media":60329,"comment_status":"open","ping_status":"open","template":"","meta":[],"product_cat":[338],"product_tag":[1179,442],"class_list":["post-60328","product","type-product","status-publish","has-post-thumbnail","hentry","product_cat-silicona-plugs","product_tag-plugs","product_tag-satisfyer"],"bundled_by":[],"bundle_stock_status":"instock","bundle_stock_quantity":25,"bundle_virtual":false,"bundle_layout":"","bundle_add_to_cart_form_location":"","bundle_editable_in_cart":false,"bundle_sold_individually_context":"","bundle_item_grouping":"","bundle_min_size":"","bundle_max_size":"","bundled_items":[],"yoast_head":"<!-- This site is optimized with the Yoast SEO plugin v20.6 - https:\/\/yoast.com\/wordpress\/plugins\/seo\/ -->\n<title>SATISFYER BOOTY CALL PLUGS NEGROS - Tienda Er\u00f3tica<\/title>\n<meta name=\"robots\" content=\"noindex, follow, max-snippet:-1, max-image-preview:large, max-video-preview:-1\" \/>\n<meta property=\"og:locale\" content=\"es_ES\" \/>\n<meta property=\"og:type\" content=\"article\" \/>\n<meta property=\"og:title\" content=\"SATISFYER BOOTY CALL PLUGS NEGROS - Tienda Er\u00f3tica\" \/>\n<meta property=\"og:description\" content=\"SATISFYER BOOTY CALL PLUGS BLACK Nueva edici\u00f3n 2020. Booty Call Este placentero tr\u00edo siempre consigue abrir la puerta de atr\u00e1s\" \/>\n<meta property=\"og:url\" content=\"https:\/\/demoweb.info\/sexshop001\/producto\/satisfyer-booty-call-plugs-negros\/\" \/>\n<meta property=\"og:site_name\" content=\"Tienda Er\u00f3tica\" \/>\n<meta property=\"article:modified_time\" content=\"2022-01-22T17:00:35+00:00\" \/>\n<meta property=\"og:image\" content=\"https:\/\/demoweb.info\/sexshop001\/wp-content\/uploads\/2022\/01\/SATISFYER-BOOTY-CALL-PLUGS-NEGROS.jpg\" \/>\n\t<meta property=\"og:image:width\" content=\"550\" \/>\n\t<meta property=\"og:image:height\" content=\"550\" \/>\n\t<meta property=\"og:image:type\" content=\"image\/jpeg\" \/>\n<meta name=\"twitter:card\" content=\"summary_large_image\" \/>\n<meta name=\"twitter:label1\" content=\"Tiempo de lectura\" \/>\n\t<meta name=\"twitter:data1\" content=\"2 minutos\" \/>\n<script type=\"application\/ld+json\" class=\"yoast-schema-graph\">{\"@context\":\"https:\/\/schema.org\",\"@graph\":[{\"@type\":\"WebPage\",\"@id\":\"https:\/\/demoweb.info\/sexshop001\/producto\/satisfyer-booty-call-plugs-negros\/\",\"url\":\"https:\/\/demoweb.info\/sexshop001\/producto\/satisfyer-booty-call-plugs-negros\/\",\"name\":\"SATISFYER BOOTY CALL PLUGS NEGROS - Tienda Er\u00f3tica\",\"isPartOf\":{\"@id\":\"https:\/\/demoweb.info\/sexshop001\/#website\"},\"datePublished\":\"2022-01-22T17:00:27+00:00\",\"dateModified\":\"2022-01-22T17:00:35+00:00\",\"breadcrumb\":{\"@id\":\"https:\/\/demoweb.info\/sexshop001\/producto\/satisfyer-booty-call-plugs-negros\/#breadcrumb\"},\"inLanguage\":\"es\",\"potentialAction\":[{\"@type\":\"ReadAction\",\"target\":[\"https:\/\/demoweb.info\/sexshop001\/producto\/satisfyer-booty-call-plugs-negros\/\"]}]},{\"@type\":\"BreadcrumbList\",\"@id\":\"https:\/\/demoweb.info\/sexshop001\/producto\/satisfyer-booty-call-plugs-negros\/#breadcrumb\",\"itemListElement\":[{\"@type\":\"ListItem\",\"position\":1,\"name\":\"Portada\",\"item\":\"https:\/\/demoweb.info\/sexshop001\/\"},{\"@type\":\"ListItem\",\"position\":2,\"name\":\"Tienda\",\"item\":\"https:\/\/demoweb.info\/sexshop001\/tienda\/\"},{\"@type\":\"ListItem\",\"position\":3,\"name\":\"SATISFYER BOOTY CALL PLUGS NEGROS\"}]},{\"@type\":\"WebSite\",\"@id\":\"https:\/\/demoweb.info\/sexshop001\/#website\",\"url\":\"https:\/\/demoweb.info\/sexshop001\/\",\"name\":\"Tienda Er\u00f3tica\",\"description\":\"DEMOWEB SL\",\"potentialAction\":[{\"@type\":\"SearchAction\",\"target\":{\"@type\":\"EntryPoint\",\"urlTemplate\":\"https:\/\/demoweb.info\/sexshop001\/?s={search_term_string}\"},\"query-input\":\"required name=search_term_string\"}],\"inLanguage\":\"es\"}]}<\/script>\n<!-- \/ Yoast SEO plugin. -->","yoast_head_json":{"title":"SATISFYER BOOTY CALL PLUGS NEGROS - Tienda Er\u00f3tica","robots":{"index":"noindex","follow":"follow","max-snippet":"max-snippet:-1","max-image-preview":"max-image-preview:large","max-video-preview":"max-video-preview:-1"},"og_locale":"es_ES","og_type":"article","og_title":"SATISFYER BOOTY CALL PLUGS NEGROS - Tienda Er\u00f3tica","og_description":"SATISFYER BOOTY CALL PLUGS BLACK Nueva edici\u00f3n 2020. Booty Call Este placentero tr\u00edo siempre consigue abrir la puerta de atr\u00e1s","og_url":"https:\/\/demoweb.info\/sexshop001\/producto\/satisfyer-booty-call-plugs-negros\/","og_site_name":"Tienda Er\u00f3tica","article_modified_time":"2022-01-22T17:00:35+00:00","og_image":[{"width":550,"height":550,"url":"https:\/\/demoweb.info\/sexshop001\/wp-content\/uploads\/2022\/01\/SATISFYER-BOOTY-CALL-PLUGS-NEGROS.jpg","type":"image\/jpeg"}],"twitter_card":"summary_large_image","twitter_misc":{"Tiempo de lectura":"2 minutos"},"schema":{"@context":"https:\/\/schema.org","@graph":[{"@type":"WebPage","@id":"https:\/\/demoweb.info\/sexshop001\/producto\/satisfyer-booty-call-plugs-negros\/","url":"https:\/\/demoweb.info\/sexshop001\/producto\/satisfyer-booty-call-plugs-negros\/","name":"SATISFYER BOOTY CALL PLUGS NEGROS - Tienda Er\u00f3tica","isPartOf":{"@id":"https:\/\/demoweb.info\/sexshop001\/#website"},"datePublished":"2022-01-22T17:00:27+00:00","dateModified":"2022-01-22T17:00:35+00:00","breadcrumb":{"@id":"https:\/\/demoweb.info\/sexshop001\/producto\/satisfyer-booty-call-plugs-negros\/#breadcrumb"},"inLanguage":"es","potentialAction":[{"@type":"ReadAction","target":["https:\/\/demoweb.info\/sexshop001\/producto\/satisfyer-booty-call-plugs-negros\/"]}]},{"@type":"BreadcrumbList","@id":"https:\/\/demoweb.info\/sexshop001\/producto\/satisfyer-booty-call-plugs-negros\/#breadcrumb","itemListElement":[{"@type":"ListItem","position":1,"name":"Portada","item":"https:\/\/demoweb.info\/sexshop001\/"},{"@type":"ListItem","position":2,"name":"Tienda","item":"https:\/\/demoweb.info\/sexshop001\/tienda\/"},{"@type":"ListItem","position":3,"name":"SATISFYER BOOTY CALL PLUGS NEGROS"}]},{"@type":"WebSite","@id":"https:\/\/demoweb.info\/sexshop001\/#website","url":"https:\/\/demoweb.info\/sexshop001\/","name":"Tienda Er\u00f3tica","description":"DEMOWEB SL","potentialAction":[{"@type":"SearchAction","target":{"@type":"EntryPoint","urlTemplate":"https:\/\/demoweb.info\/sexshop001\/?s={search_term_string}"},"query-input":"required name=search_term_string"}],"inLanguage":"es"}]}},"_links":{"self":[{"href":"https:\/\/demoweb.info\/sexshop001\/wp-json\/wp\/v3\/product\/60328","targetHints":{"allow":["GET"]}}],"collection":[{"href":"https:\/\/demoweb.info\/sexshop001\/wp-json\/wp\/v3\/product"}],"about":[{"href":"https:\/\/demoweb.info\/sexshop001\/wp-json\/wp\/v2\/types\/product"}],"replies":[{"embeddable":true,"href":"https:\/\/demoweb.info\/sexshop001\/wp-json\/wp\/v2\/comments?post=60328"}],"wp:featuredmedia":[{"embeddable":true,"href":"https:\/\/demoweb.info\/sexshop001\/wp-json\/wp\/v2\/media\/60329"}],"wp:attachment":[{"href":"https:\/\/demoweb.info\/sexshop001\/wp-json\/wp\/v2\/media?parent=60328"}],"wp:term":[{"taxonomy":"product_cat","embeddable":true,"href":"https:\/\/demoweb.info\/sexshop001\/wp-json\/wp\/v2\/product_cat?post=60328"},{"taxonomy":"product_tag","embeddable":true,"href":"https:\/\/demoweb.info\/sexshop001\/wp-json\/wp\/v2\/product_tag?post=60328"}],"curies":[{"name":"wp","href":"https:\/\/api.w.org\/{rel}","templated":true}]}}