{"id":60303,"date":"2022-01-22T18:00:12","date_gmt":"2022-01-22T17:00:12","guid":{"rendered":"https:\/\/demoweb.info\/sexshop001\/producto\/aid-be-boosted-capsulas-potenciadoras-de-la-ereccion-42uds\/"},"modified":"2022-01-22T18:00:16","modified_gmt":"2022-01-22T17:00:16","slug":"aid-be-boosted-capsulas-potenciadoras-de-la-ereccion-42uds","status":"publish","type":"product","link":"https:\/\/demoweb.info\/sexshop001\/producto\/aid-be-boosted-capsulas-potenciadoras-de-la-ereccion-42uds\/","title":{"rendered":"AID BE BOOSTED &#8211; C\u00c1PSULAS POTENCIADORAS DE LA ERECCI\u00d3N 42UDS"},"content":{"rendered":"<p><strong>AID BE BOOSTED (42 TABS) <\/strong><\/p>\n<p>Aid Be Boosted for men apoya la capacidad de erecci\u00f3n y el rendimiento sexual gracias al Ginseng y la Maca.<\/p>\n<p>&#8211; Apoya la habilidad er\u00e9ctil natural.<br \/>\n&#8211; Mejora el rendimiento sexual.<br \/>\n&#8211; Proporciona m\u00e1s energ\u00eda y aumenta la resistencia.<\/p>\n<p>Tome una vez al d\u00eda 2 tabletas aproximadamente 30 minutos antes de la actividad con suficiente agua. No tome m\u00e1s de 2 tabletas en 24 horas. No exceda la porci\u00f3n diaria recomendada.<\/p>\n<p>Contiene: 42 c\u00e1psulas.<\/p>\n","protected":false},"excerpt":{"rendered":"<p>AID BE BOOSTED (42 TABS) Aid Be Boosted for men apoya la capacidad de erecci\u00f3n y el rendimiento sexual gracias<\/p>\n","protected":false},"featured_media":60304,"comment_status":"open","ping_status":"open","template":"","meta":[],"product_cat":[408],"product_tag":[409],"class_list":["post-60303","product","type-product","status-publish","has-post-thumbnail","hentry","product_cat-capsulas","product_tag-cobeco-pharma"],"bundled_by":[],"bundle_stock_status":"instock","bundle_stock_quantity":8,"bundle_virtual":false,"bundle_layout":"","bundle_add_to_cart_form_location":"","bundle_editable_in_cart":false,"bundle_sold_individually_context":"","bundle_item_grouping":"","bundle_min_size":"","bundle_max_size":"","bundled_items":[],"yoast_head":"<!-- This site is optimized with the Yoast SEO plugin v20.6 - https:\/\/yoast.com\/wordpress\/plugins\/seo\/ -->\n<title>AID BE BOOSTED - C\u00c1PSULAS POTENCIADORAS DE LA ERECCI\u00d3N 42UDS - Tienda Er\u00f3tica<\/title>\n<meta name=\"robots\" content=\"noindex, follow, max-snippet:-1, max-image-preview:large, max-video-preview:-1\" \/>\n<meta property=\"og:locale\" content=\"es_ES\" \/>\n<meta property=\"og:type\" content=\"article\" \/>\n<meta property=\"og:title\" content=\"AID BE BOOSTED - C\u00c1PSULAS POTENCIADORAS DE LA ERECCI\u00d3N 42UDS - Tienda Er\u00f3tica\" \/>\n<meta property=\"og:description\" content=\"AID BE BOOSTED (42 TABS) Aid Be Boosted for men apoya la capacidad de erecci\u00f3n y el rendimiento sexual gracias\" \/>\n<meta property=\"og:url\" content=\"https:\/\/demoweb.info\/sexshop001\/producto\/aid-be-boosted-capsulas-potenciadoras-de-la-ereccion-42uds\/\" \/>\n<meta property=\"og:site_name\" content=\"Tienda Er\u00f3tica\" \/>\n<meta property=\"article:modified_time\" content=\"2022-01-22T17:00:16+00:00\" \/>\n<meta property=\"og:image\" content=\"https:\/\/demoweb.info\/sexshop001\/wp-content\/uploads\/2022\/01\/AID-BE-BOOSTED-CAPSULAS-POTENCIADORAS-DE-LA-ERECCION-42UDS.jpg\" \/>\n\t<meta property=\"og:image:width\" content=\"550\" \/>\n\t<meta property=\"og:image:height\" content=\"550\" \/>\n\t<meta property=\"og:image:type\" content=\"image\/jpeg\" \/>\n<meta name=\"twitter:card\" content=\"summary_large_image\" \/>\n<script type=\"application\/ld+json\" class=\"yoast-schema-graph\">{\"@context\":\"https:\/\/schema.org\",\"@graph\":[{\"@type\":\"WebPage\",\"@id\":\"https:\/\/demoweb.info\/sexshop001\/producto\/aid-be-boosted-capsulas-potenciadoras-de-la-ereccion-42uds\/\",\"url\":\"https:\/\/demoweb.info\/sexshop001\/producto\/aid-be-boosted-capsulas-potenciadoras-de-la-ereccion-42uds\/\",\"name\":\"AID BE BOOSTED - C\u00c1PSULAS POTENCIADORAS DE LA ERECCI\u00d3N 42UDS - Tienda Er\u00f3tica\",\"isPartOf\":{\"@id\":\"https:\/\/demoweb.info\/sexshop001\/#website\"},\"datePublished\":\"2022-01-22T17:00:12+00:00\",\"dateModified\":\"2022-01-22T17:00:16+00:00\",\"breadcrumb\":{\"@id\":\"https:\/\/demoweb.info\/sexshop001\/producto\/aid-be-boosted-capsulas-potenciadoras-de-la-ereccion-42uds\/#breadcrumb\"},\"inLanguage\":\"es\",\"potentialAction\":[{\"@type\":\"ReadAction\",\"target\":[\"https:\/\/demoweb.info\/sexshop001\/producto\/aid-be-boosted-capsulas-potenciadoras-de-la-ereccion-42uds\/\"]}]},{\"@type\":\"BreadcrumbList\",\"@id\":\"https:\/\/demoweb.info\/sexshop001\/producto\/aid-be-boosted-capsulas-potenciadoras-de-la-ereccion-42uds\/#breadcrumb\",\"itemListElement\":[{\"@type\":\"ListItem\",\"position\":1,\"name\":\"Portada\",\"item\":\"https:\/\/demoweb.info\/sexshop001\/\"},{\"@type\":\"ListItem\",\"position\":2,\"name\":\"Tienda\",\"item\":\"https:\/\/demoweb.info\/sexshop001\/tienda\/\"},{\"@type\":\"ListItem\",\"position\":3,\"name\":\"AID BE BOOSTED &#8211; C\u00c1PSULAS POTENCIADORAS DE LA ERECCI\u00d3N 42UDS\"}]},{\"@type\":\"WebSite\",\"@id\":\"https:\/\/demoweb.info\/sexshop001\/#website\",\"url\":\"https:\/\/demoweb.info\/sexshop001\/\",\"name\":\"Tienda Er\u00f3tica\",\"description\":\"DEMOWEB SL\",\"potentialAction\":[{\"@type\":\"SearchAction\",\"target\":{\"@type\":\"EntryPoint\",\"urlTemplate\":\"https:\/\/demoweb.info\/sexshop001\/?s={search_term_string}\"},\"query-input\":\"required name=search_term_string\"}],\"inLanguage\":\"es\"}]}<\/script>\n<!-- \/ Yoast SEO plugin. -->","yoast_head_json":{"title":"AID BE BOOSTED - C\u00c1PSULAS POTENCIADORAS DE LA ERECCI\u00d3N 42UDS - Tienda Er\u00f3tica","robots":{"index":"noindex","follow":"follow","max-snippet":"max-snippet:-1","max-image-preview":"max-image-preview:large","max-video-preview":"max-video-preview:-1"},"og_locale":"es_ES","og_type":"article","og_title":"AID BE BOOSTED - C\u00c1PSULAS POTENCIADORAS DE LA ERECCI\u00d3N 42UDS - Tienda Er\u00f3tica","og_description":"AID BE BOOSTED (42 TABS) Aid Be Boosted for men apoya la capacidad de erecci\u00f3n y el rendimiento sexual gracias","og_url":"https:\/\/demoweb.info\/sexshop001\/producto\/aid-be-boosted-capsulas-potenciadoras-de-la-ereccion-42uds\/","og_site_name":"Tienda Er\u00f3tica","article_modified_time":"2022-01-22T17:00:16+00:00","og_image":[{"width":550,"height":550,"url":"https:\/\/demoweb.info\/sexshop001\/wp-content\/uploads\/2022\/01\/AID-BE-BOOSTED-CAPSULAS-POTENCIADORAS-DE-LA-ERECCION-42UDS.jpg","type":"image\/jpeg"}],"twitter_card":"summary_large_image","schema":{"@context":"https:\/\/schema.org","@graph":[{"@type":"WebPage","@id":"https:\/\/demoweb.info\/sexshop001\/producto\/aid-be-boosted-capsulas-potenciadoras-de-la-ereccion-42uds\/","url":"https:\/\/demoweb.info\/sexshop001\/producto\/aid-be-boosted-capsulas-potenciadoras-de-la-ereccion-42uds\/","name":"AID BE BOOSTED - C\u00c1PSULAS POTENCIADORAS DE LA ERECCI\u00d3N 42UDS - Tienda Er\u00f3tica","isPartOf":{"@id":"https:\/\/demoweb.info\/sexshop001\/#website"},"datePublished":"2022-01-22T17:00:12+00:00","dateModified":"2022-01-22T17:00:16+00:00","breadcrumb":{"@id":"https:\/\/demoweb.info\/sexshop001\/producto\/aid-be-boosted-capsulas-potenciadoras-de-la-ereccion-42uds\/#breadcrumb"},"inLanguage":"es","potentialAction":[{"@type":"ReadAction","target":["https:\/\/demoweb.info\/sexshop001\/producto\/aid-be-boosted-capsulas-potenciadoras-de-la-ereccion-42uds\/"]}]},{"@type":"BreadcrumbList","@id":"https:\/\/demoweb.info\/sexshop001\/producto\/aid-be-boosted-capsulas-potenciadoras-de-la-ereccion-42uds\/#breadcrumb","itemListElement":[{"@type":"ListItem","position":1,"name":"Portada","item":"https:\/\/demoweb.info\/sexshop001\/"},{"@type":"ListItem","position":2,"name":"Tienda","item":"https:\/\/demoweb.info\/sexshop001\/tienda\/"},{"@type":"ListItem","position":3,"name":"AID BE BOOSTED &#8211; C\u00c1PSULAS POTENCIADORAS DE LA ERECCI\u00d3N 42UDS"}]},{"@type":"WebSite","@id":"https:\/\/demoweb.info\/sexshop001\/#website","url":"https:\/\/demoweb.info\/sexshop001\/","name":"Tienda Er\u00f3tica","description":"DEMOWEB SL","potentialAction":[{"@type":"SearchAction","target":{"@type":"EntryPoint","urlTemplate":"https:\/\/demoweb.info\/sexshop001\/?s={search_term_string}"},"query-input":"required name=search_term_string"}],"inLanguage":"es"}]}},"_links":{"self":[{"href":"https:\/\/demoweb.info\/sexshop001\/wp-json\/wp\/v3\/product\/60303","targetHints":{"allow":["GET"]}}],"collection":[{"href":"https:\/\/demoweb.info\/sexshop001\/wp-json\/wp\/v3\/product"}],"about":[{"href":"https:\/\/demoweb.info\/sexshop001\/wp-json\/wp\/v2\/types\/product"}],"replies":[{"embeddable":true,"href":"https:\/\/demoweb.info\/sexshop001\/wp-json\/wp\/v2\/comments?post=60303"}],"wp:featuredmedia":[{"embeddable":true,"href":"https:\/\/demoweb.info\/sexshop001\/wp-json\/wp\/v2\/media\/60304"}],"wp:attachment":[{"href":"https:\/\/demoweb.info\/sexshop001\/wp-json\/wp\/v2\/media?parent=60303"}],"wp:term":[{"taxonomy":"product_cat","embeddable":true,"href":"https:\/\/demoweb.info\/sexshop001\/wp-json\/wp\/v2\/product_cat?post=60303"},{"taxonomy":"product_tag","embeddable":true,"href":"https:\/\/demoweb.info\/sexshop001\/wp-json\/wp\/v2\/product_tag?post=60303"}],"curies":[{"name":"wp","href":"https:\/\/api.w.org\/{rel}","templated":true}]}}