{"id":60301,"date":"2022-01-22T18:00:12","date_gmt":"2022-01-22T17:00:12","guid":{"rendered":"https:\/\/demoweb.info\/sexshop001\/producto\/spray-para-la-ereccion-15ml\/"},"modified":"2022-01-22T18:00:15","modified_gmt":"2022-01-22T17:00:15","slug":"spray-para-la-ereccion-15ml","status":"publish","type":"product","link":"https:\/\/demoweb.info\/sexshop001\/producto\/spray-para-la-ereccion-15ml\/","title":{"rendered":"SPRAY PARA LA ERECCI\u00d3N 15ML"},"content":{"rendered":"<p><strong>ERECT DIRECT 15ML<\/strong><\/p>\n<p>Este spray es un complemento alimenticio que te ayudar\u00e1 a experimentar erecciones de forma m\u00e1s r\u00e1pida y duradera.<\/p>\n<p>El principal ingrediente de este producto exclusivo es Ginkgo Biloba. Este extracto de planta estimula el flujo y la circulaci\u00f3n sangu\u00ednea en el cuerpo y en los genitales. Esto tiene efectos positivos sobre la funci\u00f3n cognitiva y puede mejorar los est\u00edmulos sexuales.<\/p>\n<p>El eleutherococcus extract, o Ginseng Siberiano, tiene un efecto positivo sobre aquella parte del cerebro que es responsable de la liberaci\u00f3n de hormonas sexuales. El Ginseng Siberiano estimula el deseo sexual y la exitaci\u00f3n.<\/p>\n<p>L-arginina HCL estimula el flujo sangu\u00edneo en los \u00f3ganos genitales, lo que tiene un efecto positivo en el rendimiento sexual. El extracto de serenoa serrulata mejora la potencia sexual y a un funcinameiento m\u00e1s saludable de los genitales.<\/p>\n<p>Agitar bien antes de usar. Nebulizar 3 ml (de 2 hasta 5 pulverizaciones) bajo de la lengua unos 15 minutos antes del efecto deseado. No tome m\u00e1s de 3 ml dentro de 24 horas. No exceda la dosis diaria recomendada. <\/p>\n<p>Contiene: 15 ml<\/p>\n","protected":false},"excerpt":{"rendered":"<p>ERECT DIRECT 15ML Este spray es un complemento alimenticio que te ayudar\u00e1 a experimentar erecciones de forma m\u00e1s r\u00e1pida y<\/p>\n","protected":false},"featured_media":60302,"comment_status":"open","ping_status":"open","template":"","meta":[],"product_cat":[400],"product_tag":[409],"class_list":["post-60301","product","type-product","status-publish","has-post-thumbnail","hentry","product_cat-vigorizantes-para-el-sprays","product_tag-cobeco-pharma"],"bundled_by":[],"bundle_stock_status":"instock","bundle_stock_quantity":9,"bundle_virtual":false,"bundle_layout":"","bundle_add_to_cart_form_location":"","bundle_editable_in_cart":false,"bundle_sold_individually_context":"","bundle_item_grouping":"","bundle_min_size":"","bundle_max_size":"","bundled_items":[],"yoast_head":"<!-- This site is optimized with the Yoast SEO plugin v20.6 - https:\/\/yoast.com\/wordpress\/plugins\/seo\/ -->\n<title>SPRAY PARA LA ERECCI\u00d3N 15ML - Tienda Er\u00f3tica<\/title>\n<meta name=\"robots\" content=\"noindex, follow, max-snippet:-1, max-image-preview:large, max-video-preview:-1\" \/>\n<meta property=\"og:locale\" content=\"es_ES\" \/>\n<meta property=\"og:type\" content=\"article\" \/>\n<meta property=\"og:title\" content=\"SPRAY PARA LA ERECCI\u00d3N 15ML - Tienda Er\u00f3tica\" \/>\n<meta property=\"og:description\" content=\"ERECT DIRECT 15ML Este spray es un complemento alimenticio que te ayudar\u00e1 a experimentar erecciones de forma m\u00e1s r\u00e1pida y\" \/>\n<meta property=\"og:url\" content=\"https:\/\/demoweb.info\/sexshop001\/producto\/spray-para-la-ereccion-15ml\/\" \/>\n<meta property=\"og:site_name\" content=\"Tienda Er\u00f3tica\" \/>\n<meta property=\"article:modified_time\" content=\"2022-01-22T17:00:15+00:00\" \/>\n<meta property=\"og:image\" content=\"https:\/\/demoweb.info\/sexshop001\/wp-content\/uploads\/2022\/01\/SPRAY-PARA-LA-ERECCION-15ML.jpg\" \/>\n\t<meta property=\"og:image:width\" content=\"550\" \/>\n\t<meta property=\"og:image:height\" content=\"550\" \/>\n\t<meta property=\"og:image:type\" content=\"image\/jpeg\" \/>\n<meta name=\"twitter:card\" content=\"summary_large_image\" \/>\n<meta name=\"twitter:label1\" content=\"Tiempo de lectura\" \/>\n\t<meta name=\"twitter:data1\" content=\"1 minuto\" \/>\n<script type=\"application\/ld+json\" class=\"yoast-schema-graph\">{\"@context\":\"https:\/\/schema.org\",\"@graph\":[{\"@type\":\"WebPage\",\"@id\":\"https:\/\/demoweb.info\/sexshop001\/producto\/spray-para-la-ereccion-15ml\/\",\"url\":\"https:\/\/demoweb.info\/sexshop001\/producto\/spray-para-la-ereccion-15ml\/\",\"name\":\"SPRAY PARA LA ERECCI\u00d3N 15ML - Tienda Er\u00f3tica\",\"isPartOf\":{\"@id\":\"https:\/\/demoweb.info\/sexshop001\/#website\"},\"datePublished\":\"2022-01-22T17:00:12+00:00\",\"dateModified\":\"2022-01-22T17:00:15+00:00\",\"breadcrumb\":{\"@id\":\"https:\/\/demoweb.info\/sexshop001\/producto\/spray-para-la-ereccion-15ml\/#breadcrumb\"},\"inLanguage\":\"es\",\"potentialAction\":[{\"@type\":\"ReadAction\",\"target\":[\"https:\/\/demoweb.info\/sexshop001\/producto\/spray-para-la-ereccion-15ml\/\"]}]},{\"@type\":\"BreadcrumbList\",\"@id\":\"https:\/\/demoweb.info\/sexshop001\/producto\/spray-para-la-ereccion-15ml\/#breadcrumb\",\"itemListElement\":[{\"@type\":\"ListItem\",\"position\":1,\"name\":\"Portada\",\"item\":\"https:\/\/demoweb.info\/sexshop001\/\"},{\"@type\":\"ListItem\",\"position\":2,\"name\":\"Tienda\",\"item\":\"https:\/\/demoweb.info\/sexshop001\/tienda\/\"},{\"@type\":\"ListItem\",\"position\":3,\"name\":\"SPRAY PARA LA ERECCI\u00d3N 15ML\"}]},{\"@type\":\"WebSite\",\"@id\":\"https:\/\/demoweb.info\/sexshop001\/#website\",\"url\":\"https:\/\/demoweb.info\/sexshop001\/\",\"name\":\"Tienda Er\u00f3tica\",\"description\":\"DEMOWEB SL\",\"potentialAction\":[{\"@type\":\"SearchAction\",\"target\":{\"@type\":\"EntryPoint\",\"urlTemplate\":\"https:\/\/demoweb.info\/sexshop001\/?s={search_term_string}\"},\"query-input\":\"required name=search_term_string\"}],\"inLanguage\":\"es\"}]}<\/script>\n<!-- \/ Yoast SEO plugin. -->","yoast_head_json":{"title":"SPRAY PARA LA ERECCI\u00d3N 15ML - Tienda Er\u00f3tica","robots":{"index":"noindex","follow":"follow","max-snippet":"max-snippet:-1","max-image-preview":"max-image-preview:large","max-video-preview":"max-video-preview:-1"},"og_locale":"es_ES","og_type":"article","og_title":"SPRAY PARA LA ERECCI\u00d3N 15ML - Tienda Er\u00f3tica","og_description":"ERECT DIRECT 15ML Este spray es un complemento alimenticio que te ayudar\u00e1 a experimentar erecciones de forma m\u00e1s r\u00e1pida y","og_url":"https:\/\/demoweb.info\/sexshop001\/producto\/spray-para-la-ereccion-15ml\/","og_site_name":"Tienda Er\u00f3tica","article_modified_time":"2022-01-22T17:00:15+00:00","og_image":[{"width":550,"height":550,"url":"https:\/\/demoweb.info\/sexshop001\/wp-content\/uploads\/2022\/01\/SPRAY-PARA-LA-ERECCION-15ML.jpg","type":"image\/jpeg"}],"twitter_card":"summary_large_image","twitter_misc":{"Tiempo de lectura":"1 minuto"},"schema":{"@context":"https:\/\/schema.org","@graph":[{"@type":"WebPage","@id":"https:\/\/demoweb.info\/sexshop001\/producto\/spray-para-la-ereccion-15ml\/","url":"https:\/\/demoweb.info\/sexshop001\/producto\/spray-para-la-ereccion-15ml\/","name":"SPRAY PARA LA ERECCI\u00d3N 15ML - Tienda Er\u00f3tica","isPartOf":{"@id":"https:\/\/demoweb.info\/sexshop001\/#website"},"datePublished":"2022-01-22T17:00:12+00:00","dateModified":"2022-01-22T17:00:15+00:00","breadcrumb":{"@id":"https:\/\/demoweb.info\/sexshop001\/producto\/spray-para-la-ereccion-15ml\/#breadcrumb"},"inLanguage":"es","potentialAction":[{"@type":"ReadAction","target":["https:\/\/demoweb.info\/sexshop001\/producto\/spray-para-la-ereccion-15ml\/"]}]},{"@type":"BreadcrumbList","@id":"https:\/\/demoweb.info\/sexshop001\/producto\/spray-para-la-ereccion-15ml\/#breadcrumb","itemListElement":[{"@type":"ListItem","position":1,"name":"Portada","item":"https:\/\/demoweb.info\/sexshop001\/"},{"@type":"ListItem","position":2,"name":"Tienda","item":"https:\/\/demoweb.info\/sexshop001\/tienda\/"},{"@type":"ListItem","position":3,"name":"SPRAY PARA LA ERECCI\u00d3N 15ML"}]},{"@type":"WebSite","@id":"https:\/\/demoweb.info\/sexshop001\/#website","url":"https:\/\/demoweb.info\/sexshop001\/","name":"Tienda Er\u00f3tica","description":"DEMOWEB SL","potentialAction":[{"@type":"SearchAction","target":{"@type":"EntryPoint","urlTemplate":"https:\/\/demoweb.info\/sexshop001\/?s={search_term_string}"},"query-input":"required name=search_term_string"}],"inLanguage":"es"}]}},"_links":{"self":[{"href":"https:\/\/demoweb.info\/sexshop001\/wp-json\/wp\/v3\/product\/60301","targetHints":{"allow":["GET"]}}],"collection":[{"href":"https:\/\/demoweb.info\/sexshop001\/wp-json\/wp\/v3\/product"}],"about":[{"href":"https:\/\/demoweb.info\/sexshop001\/wp-json\/wp\/v2\/types\/product"}],"replies":[{"embeddable":true,"href":"https:\/\/demoweb.info\/sexshop001\/wp-json\/wp\/v2\/comments?post=60301"}],"wp:featuredmedia":[{"embeddable":true,"href":"https:\/\/demoweb.info\/sexshop001\/wp-json\/wp\/v2\/media\/60302"}],"wp:attachment":[{"href":"https:\/\/demoweb.info\/sexshop001\/wp-json\/wp\/v2\/media?parent=60301"}],"wp:term":[{"taxonomy":"product_cat","embeddable":true,"href":"https:\/\/demoweb.info\/sexshop001\/wp-json\/wp\/v2\/product_cat?post=60301"},{"taxonomy":"product_tag","embeddable":true,"href":"https:\/\/demoweb.info\/sexshop001\/wp-json\/wp\/v2\/product_tag?post=60301"}],"curies":[{"name":"wp","href":"https:\/\/api.w.org\/{rel}","templated":true}]}}