{"id":59919,"date":"2022-01-22T17:55:51","date_gmt":"2022-01-22T16:55:51","guid":{"rendered":"https:\/\/demoweb.info\/sexshop001\/producto\/collins-especulo-mediano\/"},"modified":"2022-01-22T17:56:03","modified_gmt":"2022-01-22T16:56:03","slug":"collins-especulo-mediano","status":"publish","type":"product","link":"https:\/\/demoweb.info\/sexshop001\/producto\/collins-especulo-mediano\/","title":{"rendered":"COLLINS ESP\u00c9CULO MEDIANO"},"content":{"rendered":"<p><strong>COLLINS SPECULUM &#8211; MEDIUM<\/strong><\/p>\n<p>Esp\u00e9culo liso, de acero inoxidable, y bien dise\u00f1ado se utiliza para examinar el interior.<\/p>\n<p>Hay un tornillo en la parte posterior de este esp\u00e9culo que le permite abrirse al nivel deseado.<\/p>\n<p>Caracter\u00edsticcas:<br \/>\n&#8211; Longitud: 15 cm<br \/>\n&#8211; Longitud Insertable: 10 cm<br \/>\n&#8211; Ancho: 6 cm<br \/>\n&#8211; Alto: 7,8 cm<br \/>\n&#8211; Di\u00e1metro: 2,1 &#8211; 11,3 cm<br \/>\n&#8211; Material: Acero Inox.<\/p>\n","protected":false},"excerpt":{"rendered":"<p>COLLINS SPECULUM &#8211; MEDIUM Esp\u00e9culo liso, de acero inoxidable, y bien dise\u00f1ado se utiliza para examinar el interior. Hay un<\/p>\n","protected":false},"featured_media":59920,"comment_status":"open","ping_status":"open","template":"","meta":[],"product_cat":[1320],"product_tag":[283],"class_list":["post-59919","product","type-product","status-publish","has-post-thumbnail","hentry","product_cat-especulos","product_tag-triune"],"bundled_by":[],"bundle_stock_status":"instock","bundle_stock_quantity":1,"bundle_virtual":false,"bundle_layout":"","bundle_add_to_cart_form_location":"","bundle_editable_in_cart":false,"bundle_sold_individually_context":"","bundle_item_grouping":"","bundle_min_size":"","bundle_max_size":"","bundled_items":[],"yoast_head":"<!-- This site is optimized with the Yoast SEO plugin v20.6 - https:\/\/yoast.com\/wordpress\/plugins\/seo\/ -->\n<title>COLLINS ESP\u00c9CULO MEDIANO - Tienda Er\u00f3tica<\/title>\n<meta name=\"robots\" content=\"noindex, follow, max-snippet:-1, max-image-preview:large, max-video-preview:-1\" \/>\n<meta property=\"og:locale\" content=\"es_ES\" \/>\n<meta property=\"og:type\" content=\"article\" \/>\n<meta property=\"og:title\" content=\"COLLINS ESP\u00c9CULO MEDIANO - Tienda Er\u00f3tica\" \/>\n<meta property=\"og:description\" content=\"COLLINS SPECULUM &#8211; MEDIUM Esp\u00e9culo liso, de acero inoxidable, y bien dise\u00f1ado se utiliza para examinar el interior. Hay un\" \/>\n<meta property=\"og:url\" content=\"https:\/\/demoweb.info\/sexshop001\/producto\/collins-especulo-mediano\/\" \/>\n<meta property=\"og:site_name\" content=\"Tienda Er\u00f3tica\" \/>\n<meta property=\"article:modified_time\" content=\"2022-01-22T16:56:03+00:00\" \/>\n<meta property=\"og:image\" content=\"https:\/\/demoweb.info\/sexshop001\/wp-content\/uploads\/2022\/01\/COLLINS-ESPECULO-MEDIANO.jpg\" \/>\n\t<meta property=\"og:image:width\" content=\"550\" \/>\n\t<meta property=\"og:image:height\" content=\"550\" \/>\n\t<meta property=\"og:image:type\" content=\"image\/jpeg\" \/>\n<meta name=\"twitter:card\" content=\"summary_large_image\" \/>\n<script type=\"application\/ld+json\" class=\"yoast-schema-graph\">{\"@context\":\"https:\/\/schema.org\",\"@graph\":[{\"@type\":\"WebPage\",\"@id\":\"https:\/\/demoweb.info\/sexshop001\/producto\/collins-especulo-mediano\/\",\"url\":\"https:\/\/demoweb.info\/sexshop001\/producto\/collins-especulo-mediano\/\",\"name\":\"COLLINS ESP\u00c9CULO MEDIANO - Tienda Er\u00f3tica\",\"isPartOf\":{\"@id\":\"https:\/\/demoweb.info\/sexshop001\/#website\"},\"datePublished\":\"2022-01-22T16:55:51+00:00\",\"dateModified\":\"2022-01-22T16:56:03+00:00\",\"breadcrumb\":{\"@id\":\"https:\/\/demoweb.info\/sexshop001\/producto\/collins-especulo-mediano\/#breadcrumb\"},\"inLanguage\":\"es\",\"potentialAction\":[{\"@type\":\"ReadAction\",\"target\":[\"https:\/\/demoweb.info\/sexshop001\/producto\/collins-especulo-mediano\/\"]}]},{\"@type\":\"BreadcrumbList\",\"@id\":\"https:\/\/demoweb.info\/sexshop001\/producto\/collins-especulo-mediano\/#breadcrumb\",\"itemListElement\":[{\"@type\":\"ListItem\",\"position\":1,\"name\":\"Portada\",\"item\":\"https:\/\/demoweb.info\/sexshop001\/\"},{\"@type\":\"ListItem\",\"position\":2,\"name\":\"Tienda\",\"item\":\"https:\/\/demoweb.info\/sexshop001\/tienda\/\"},{\"@type\":\"ListItem\",\"position\":3,\"name\":\"COLLINS ESP\u00c9CULO MEDIANO\"}]},{\"@type\":\"WebSite\",\"@id\":\"https:\/\/demoweb.info\/sexshop001\/#website\",\"url\":\"https:\/\/demoweb.info\/sexshop001\/\",\"name\":\"Tienda Er\u00f3tica\",\"description\":\"DEMOWEB SL\",\"potentialAction\":[{\"@type\":\"SearchAction\",\"target\":{\"@type\":\"EntryPoint\",\"urlTemplate\":\"https:\/\/demoweb.info\/sexshop001\/?s={search_term_string}\"},\"query-input\":\"required name=search_term_string\"}],\"inLanguage\":\"es\"}]}<\/script>\n<!-- \/ Yoast SEO plugin. -->","yoast_head_json":{"title":"COLLINS ESP\u00c9CULO MEDIANO - Tienda Er\u00f3tica","robots":{"index":"noindex","follow":"follow","max-snippet":"max-snippet:-1","max-image-preview":"max-image-preview:large","max-video-preview":"max-video-preview:-1"},"og_locale":"es_ES","og_type":"article","og_title":"COLLINS ESP\u00c9CULO MEDIANO - Tienda Er\u00f3tica","og_description":"COLLINS SPECULUM &#8211; MEDIUM Esp\u00e9culo liso, de acero inoxidable, y bien dise\u00f1ado se utiliza para examinar el interior. Hay un","og_url":"https:\/\/demoweb.info\/sexshop001\/producto\/collins-especulo-mediano\/","og_site_name":"Tienda Er\u00f3tica","article_modified_time":"2022-01-22T16:56:03+00:00","og_image":[{"width":550,"height":550,"url":"https:\/\/demoweb.info\/sexshop001\/wp-content\/uploads\/2022\/01\/COLLINS-ESPECULO-MEDIANO.jpg","type":"image\/jpeg"}],"twitter_card":"summary_large_image","schema":{"@context":"https:\/\/schema.org","@graph":[{"@type":"WebPage","@id":"https:\/\/demoweb.info\/sexshop001\/producto\/collins-especulo-mediano\/","url":"https:\/\/demoweb.info\/sexshop001\/producto\/collins-especulo-mediano\/","name":"COLLINS ESP\u00c9CULO MEDIANO - Tienda Er\u00f3tica","isPartOf":{"@id":"https:\/\/demoweb.info\/sexshop001\/#website"},"datePublished":"2022-01-22T16:55:51+00:00","dateModified":"2022-01-22T16:56:03+00:00","breadcrumb":{"@id":"https:\/\/demoweb.info\/sexshop001\/producto\/collins-especulo-mediano\/#breadcrumb"},"inLanguage":"es","potentialAction":[{"@type":"ReadAction","target":["https:\/\/demoweb.info\/sexshop001\/producto\/collins-especulo-mediano\/"]}]},{"@type":"BreadcrumbList","@id":"https:\/\/demoweb.info\/sexshop001\/producto\/collins-especulo-mediano\/#breadcrumb","itemListElement":[{"@type":"ListItem","position":1,"name":"Portada","item":"https:\/\/demoweb.info\/sexshop001\/"},{"@type":"ListItem","position":2,"name":"Tienda","item":"https:\/\/demoweb.info\/sexshop001\/tienda\/"},{"@type":"ListItem","position":3,"name":"COLLINS ESP\u00c9CULO MEDIANO"}]},{"@type":"WebSite","@id":"https:\/\/demoweb.info\/sexshop001\/#website","url":"https:\/\/demoweb.info\/sexshop001\/","name":"Tienda Er\u00f3tica","description":"DEMOWEB SL","potentialAction":[{"@type":"SearchAction","target":{"@type":"EntryPoint","urlTemplate":"https:\/\/demoweb.info\/sexshop001\/?s={search_term_string}"},"query-input":"required name=search_term_string"}],"inLanguage":"es"}]}},"_links":{"self":[{"href":"https:\/\/demoweb.info\/sexshop001\/wp-json\/wp\/v3\/product\/59919","targetHints":{"allow":["GET"]}}],"collection":[{"href":"https:\/\/demoweb.info\/sexshop001\/wp-json\/wp\/v3\/product"}],"about":[{"href":"https:\/\/demoweb.info\/sexshop001\/wp-json\/wp\/v2\/types\/product"}],"replies":[{"embeddable":true,"href":"https:\/\/demoweb.info\/sexshop001\/wp-json\/wp\/v2\/comments?post=59919"}],"wp:featuredmedia":[{"embeddable":true,"href":"https:\/\/demoweb.info\/sexshop001\/wp-json\/wp\/v2\/media\/59920"}],"wp:attachment":[{"href":"https:\/\/demoweb.info\/sexshop001\/wp-json\/wp\/v2\/media?parent=59919"}],"wp:term":[{"taxonomy":"product_cat","embeddable":true,"href":"https:\/\/demoweb.info\/sexshop001\/wp-json\/wp\/v2\/product_cat?post=59919"},{"taxonomy":"product_tag","embeddable":true,"href":"https:\/\/demoweb.info\/sexshop001\/wp-json\/wp\/v2\/product_tag?post=59919"}],"curies":[{"name":"wp","href":"https:\/\/api.w.org\/{rel}","templated":true}]}}