{"id":59895,"date":"2022-01-22T17:55:30","date_gmt":"2022-01-22T16:55:30","guid":{"rendered":"https:\/\/demoweb.info\/sexshop001\/producto\/masajeador-punto-p-motor-dual-negro\/"},"modified":"2022-01-22T17:55:46","modified_gmt":"2022-01-22T16:55:46","slug":"masajeador-punto-p-motor-dual-negro","status":"publish","type":"product","link":"https:\/\/demoweb.info\/sexshop001\/producto\/masajeador-punto-p-motor-dual-negro\/","title":{"rendered":"MASAJEADOR PUNTO P MOTOR DUAL &#8211; NEGRO"},"content":{"rendered":"<p><strong>DUAL MOTOR P-SPOT MASSAGER<\/strong><\/p>\n<p>CONTROL tiene importantes beneficios.<\/p>\n<p>Dise\u00f1ado con el poder de influenciar, CONTROL ofrece tecnolog\u00eda para mejorar el juego de la pr\u00f3stata y elevar las experiencias \u00edntimas. La estimulaci\u00f3n de la pr\u00f3stata \/ perineo a trav\u00e9s de la vibraci\u00f3n mejora el rendimiento sexual y puede desencadenar m\u00faltiples orgasmos de pr\u00f3stata. El dise\u00f1o impermeable se puede usar solo o durante el juego sexual para obtener resultados potentes.<\/p>\n<p>Una forma innovadora creada para conectarse con la pr\u00f3stata y proporcionar un placer preciso internamente, 2 potentes motores est\u00e1n alojados en la punta y la base para el doble de satisfacci\u00f3n y rendimiento. Ambos motores recargables ofrecen una fuerte vibraci\u00f3n digital dual en 3 niveles de potencia y 9 funciones para intensificar cada orgasmo. La base ergon\u00f3mica moldeada por placer proporciona vibraci\u00f3n y presi\u00f3n constante directamente a la regi\u00f3n perineal para una completa estimulaci\u00f3n con manos libres.<\/p>\n<p>Medidas:<\/p>\n<ul>\n<li>Largo: 12.7 cm<\/li>\n<li>Longitud Insertable: 10.1 cm<\/li>\n<li>Ancho: 3.8 cm<\/li>\n<\/ul>\n<p>Caracter\u00edsticas:<\/p>\n<ul>\n<li>Dise\u00f1o progresivo: Creado espec\u00edficamente para la anatom\u00eda masculina<\/li>\n<li>2 potentes motores de placer: Mejorar el rendimiento e intensificar los climas<\/li>\n<li>Controles intuitivos simples: 12 modos de vibraci\u00f3n digital<\/li>\n<li>Impermeable y lavable: Disfruta en la ducha, ba\u00f1era o spa<\/li>\n<li>Vibraci\u00f3n silenciosa y potente: Amplificar el placer<\/li>\n<li>USB recargable: 1+ horas de tiempo de ejecuci\u00f3n continua por carga<\/li>\n<\/ul>\n<p><strong>Gu\u00eda de inicio r\u00e1pido: <\/strong><\/p>\n<p>El masajeador de silicona de punto doble P de control de CONTROL viene listo con una carga.<\/p>\n<p>Encendido \/ apagado: Simplemente mant\u00e9n presionado el bot\u00f3n de encendido durante 3 segundos para encender o apagar.<\/p>\n<p>El masajeador de silicona P-Spot de doble motor CONTROL tiene 3 niveles de potencia y 9 funciones para disfrutar de un total de 12 modos de vibraci\u00f3n. Presiona el bot\u00f3n de encendido para recorrer los niveles de vibraci\u00f3n silenciosa y potente.<\/p>\n","protected":false},"excerpt":{"rendered":"<p>DUAL MOTOR P-SPOT MASSAGER CONTROL tiene importantes beneficios. Dise\u00f1ado con el poder de influenciar, CONTROL ofrece tecnolog\u00eda para mejorar el<\/p>\n","protected":false},"featured_media":59896,"comment_status":"open","ping_status":"open","template":"","meta":[],"product_cat":[439],"product_tag":[259,490],"class_list":["post-59895","product","type-product","status-publish","has-post-thumbnail","hentry","product_cat-punto-p-plugs","product_tag-pipedream","product_tag-sir-richards"],"bundled_by":[],"bundle_stock_status":"instock","bundle_stock_quantity":1,"bundle_virtual":false,"bundle_layout":"","bundle_add_to_cart_form_location":"","bundle_editable_in_cart":false,"bundle_sold_individually_context":"","bundle_item_grouping":"","bundle_min_size":"","bundle_max_size":"","bundled_items":[],"yoast_head":"<!-- This site is optimized with the Yoast SEO plugin v20.6 - https:\/\/yoast.com\/wordpress\/plugins\/seo\/ -->\n<title>MASAJEADOR PUNTO P MOTOR DUAL - NEGRO - Tienda Er\u00f3tica<\/title>\n<meta name=\"robots\" content=\"noindex, follow, max-snippet:-1, max-image-preview:large, max-video-preview:-1\" \/>\n<meta property=\"og:locale\" content=\"es_ES\" \/>\n<meta property=\"og:type\" content=\"article\" \/>\n<meta property=\"og:title\" content=\"MASAJEADOR PUNTO P MOTOR DUAL - NEGRO - Tienda Er\u00f3tica\" \/>\n<meta property=\"og:description\" content=\"DUAL MOTOR P-SPOT MASSAGER CONTROL tiene importantes beneficios. Dise\u00f1ado con el poder de influenciar, CONTROL ofrece tecnolog\u00eda para mejorar el\" \/>\n<meta property=\"og:url\" content=\"https:\/\/demoweb.info\/sexshop001\/producto\/masajeador-punto-p-motor-dual-negro\/\" \/>\n<meta property=\"og:site_name\" content=\"Tienda Er\u00f3tica\" \/>\n<meta property=\"article:modified_time\" content=\"2022-01-22T16:55:46+00:00\" \/>\n<meta property=\"og:image\" content=\"https:\/\/demoweb.info\/sexshop001\/wp-content\/uploads\/2022\/01\/MASAJEADOR-PUNTO-P-MOTOR-DUAL-NEGRO.jpg\" \/>\n\t<meta property=\"og:image:width\" content=\"550\" \/>\n\t<meta property=\"og:image:height\" content=\"550\" \/>\n\t<meta property=\"og:image:type\" content=\"image\/jpeg\" \/>\n<meta name=\"twitter:card\" content=\"summary_large_image\" \/>\n<meta name=\"twitter:label1\" content=\"Tiempo de lectura\" \/>\n\t<meta name=\"twitter:data1\" content=\"2 minutos\" \/>\n<script type=\"application\/ld+json\" class=\"yoast-schema-graph\">{\"@context\":\"https:\/\/schema.org\",\"@graph\":[{\"@type\":\"WebPage\",\"@id\":\"https:\/\/demoweb.info\/sexshop001\/producto\/masajeador-punto-p-motor-dual-negro\/\",\"url\":\"https:\/\/demoweb.info\/sexshop001\/producto\/masajeador-punto-p-motor-dual-negro\/\",\"name\":\"MASAJEADOR PUNTO P MOTOR DUAL - NEGRO - Tienda Er\u00f3tica\",\"isPartOf\":{\"@id\":\"https:\/\/demoweb.info\/sexshop001\/#website\"},\"datePublished\":\"2022-01-22T16:55:30+00:00\",\"dateModified\":\"2022-01-22T16:55:46+00:00\",\"breadcrumb\":{\"@id\":\"https:\/\/demoweb.info\/sexshop001\/producto\/masajeador-punto-p-motor-dual-negro\/#breadcrumb\"},\"inLanguage\":\"es\",\"potentialAction\":[{\"@type\":\"ReadAction\",\"target\":[\"https:\/\/demoweb.info\/sexshop001\/producto\/masajeador-punto-p-motor-dual-negro\/\"]}]},{\"@type\":\"BreadcrumbList\",\"@id\":\"https:\/\/demoweb.info\/sexshop001\/producto\/masajeador-punto-p-motor-dual-negro\/#breadcrumb\",\"itemListElement\":[{\"@type\":\"ListItem\",\"position\":1,\"name\":\"Portada\",\"item\":\"https:\/\/demoweb.info\/sexshop001\/\"},{\"@type\":\"ListItem\",\"position\":2,\"name\":\"Tienda\",\"item\":\"https:\/\/demoweb.info\/sexshop001\/tienda\/\"},{\"@type\":\"ListItem\",\"position\":3,\"name\":\"MASAJEADOR PUNTO P MOTOR DUAL &#8211; NEGRO\"}]},{\"@type\":\"WebSite\",\"@id\":\"https:\/\/demoweb.info\/sexshop001\/#website\",\"url\":\"https:\/\/demoweb.info\/sexshop001\/\",\"name\":\"Tienda Er\u00f3tica\",\"description\":\"DEMOWEB SL\",\"potentialAction\":[{\"@type\":\"SearchAction\",\"target\":{\"@type\":\"EntryPoint\",\"urlTemplate\":\"https:\/\/demoweb.info\/sexshop001\/?s={search_term_string}\"},\"query-input\":\"required name=search_term_string\"}],\"inLanguage\":\"es\"}]}<\/script>\n<!-- \/ Yoast SEO plugin. -->","yoast_head_json":{"title":"MASAJEADOR PUNTO P MOTOR DUAL - NEGRO - Tienda Er\u00f3tica","robots":{"index":"noindex","follow":"follow","max-snippet":"max-snippet:-1","max-image-preview":"max-image-preview:large","max-video-preview":"max-video-preview:-1"},"og_locale":"es_ES","og_type":"article","og_title":"MASAJEADOR PUNTO P MOTOR DUAL - NEGRO - Tienda Er\u00f3tica","og_description":"DUAL MOTOR P-SPOT MASSAGER CONTROL tiene importantes beneficios. Dise\u00f1ado con el poder de influenciar, CONTROL ofrece tecnolog\u00eda para mejorar el","og_url":"https:\/\/demoweb.info\/sexshop001\/producto\/masajeador-punto-p-motor-dual-negro\/","og_site_name":"Tienda Er\u00f3tica","article_modified_time":"2022-01-22T16:55:46+00:00","og_image":[{"width":550,"height":550,"url":"https:\/\/demoweb.info\/sexshop001\/wp-content\/uploads\/2022\/01\/MASAJEADOR-PUNTO-P-MOTOR-DUAL-NEGRO.jpg","type":"image\/jpeg"}],"twitter_card":"summary_large_image","twitter_misc":{"Tiempo de lectura":"2 minutos"},"schema":{"@context":"https:\/\/schema.org","@graph":[{"@type":"WebPage","@id":"https:\/\/demoweb.info\/sexshop001\/producto\/masajeador-punto-p-motor-dual-negro\/","url":"https:\/\/demoweb.info\/sexshop001\/producto\/masajeador-punto-p-motor-dual-negro\/","name":"MASAJEADOR PUNTO P MOTOR DUAL - NEGRO - Tienda Er\u00f3tica","isPartOf":{"@id":"https:\/\/demoweb.info\/sexshop001\/#website"},"datePublished":"2022-01-22T16:55:30+00:00","dateModified":"2022-01-22T16:55:46+00:00","breadcrumb":{"@id":"https:\/\/demoweb.info\/sexshop001\/producto\/masajeador-punto-p-motor-dual-negro\/#breadcrumb"},"inLanguage":"es","potentialAction":[{"@type":"ReadAction","target":["https:\/\/demoweb.info\/sexshop001\/producto\/masajeador-punto-p-motor-dual-negro\/"]}]},{"@type":"BreadcrumbList","@id":"https:\/\/demoweb.info\/sexshop001\/producto\/masajeador-punto-p-motor-dual-negro\/#breadcrumb","itemListElement":[{"@type":"ListItem","position":1,"name":"Portada","item":"https:\/\/demoweb.info\/sexshop001\/"},{"@type":"ListItem","position":2,"name":"Tienda","item":"https:\/\/demoweb.info\/sexshop001\/tienda\/"},{"@type":"ListItem","position":3,"name":"MASAJEADOR PUNTO P MOTOR DUAL &#8211; NEGRO"}]},{"@type":"WebSite","@id":"https:\/\/demoweb.info\/sexshop001\/#website","url":"https:\/\/demoweb.info\/sexshop001\/","name":"Tienda Er\u00f3tica","description":"DEMOWEB SL","potentialAction":[{"@type":"SearchAction","target":{"@type":"EntryPoint","urlTemplate":"https:\/\/demoweb.info\/sexshop001\/?s={search_term_string}"},"query-input":"required name=search_term_string"}],"inLanguage":"es"}]}},"_links":{"self":[{"href":"https:\/\/demoweb.info\/sexshop001\/wp-json\/wp\/v3\/product\/59895","targetHints":{"allow":["GET"]}}],"collection":[{"href":"https:\/\/demoweb.info\/sexshop001\/wp-json\/wp\/v3\/product"}],"about":[{"href":"https:\/\/demoweb.info\/sexshop001\/wp-json\/wp\/v2\/types\/product"}],"replies":[{"embeddable":true,"href":"https:\/\/demoweb.info\/sexshop001\/wp-json\/wp\/v2\/comments?post=59895"}],"wp:featuredmedia":[{"embeddable":true,"href":"https:\/\/demoweb.info\/sexshop001\/wp-json\/wp\/v2\/media\/59896"}],"wp:attachment":[{"href":"https:\/\/demoweb.info\/sexshop001\/wp-json\/wp\/v2\/media?parent=59895"}],"wp:term":[{"taxonomy":"product_cat","embeddable":true,"href":"https:\/\/demoweb.info\/sexshop001\/wp-json\/wp\/v2\/product_cat?post=59895"},{"taxonomy":"product_tag","embeddable":true,"href":"https:\/\/demoweb.info\/sexshop001\/wp-json\/wp\/v2\/product_tag?post=59895"}],"curies":[{"name":"wp","href":"https:\/\/api.w.org\/{rel}","templated":true}]}}