{"id":59871,"date":"2022-01-22T17:55:30","date_gmt":"2022-01-22T16:55:30","guid":{"rendered":"https:\/\/demoweb.info\/sexshop001\/producto\/arnes-con-pene-realistico-22cm-mulato\/"},"modified":"2022-01-22T17:55:30","modified_gmt":"2022-01-22T16:55:30","slug":"arnes-con-pene-realistico-22cm-mulato","status":"publish","type":"product","link":"https:\/\/demoweb.info\/sexshop001\/producto\/arnes-con-pene-realistico-22cm-mulato\/","title":{"rendered":"ARN\u00c9S CON PENE REAL\u00cdSTICO 22CM &#8211; MULATO"},"content":{"rendered":"<p><strong>STRAP-ON HARNESS W\/ 8 INCH COCK <\/strong><\/p>\n<p>Cuando quieres que tu primer arn\u00e9s se vea y se sienta como si fuera real, \u00a1el arn\u00e9s con correa de King Cock es justo lo que has estado buscando!<\/p>\n<p>Cada vena, cada eje y cada cabezal est\u00e1n cuidadosamente hechos a mano con exquisitos detalles para brindarte la experiencia m\u00e1s realista jam\u00e1s imaginada.<\/p>\n<p>La amplia base de la ventosa encaja perfectamente en el arn\u00e9s para un ajuste seguro e incluso se puede usar sin el arn\u00e9s, p\u00e9gala a cualquier superficie lisa y plana para divertirte al m\u00e1ximo.<\/p>\n<p>Cada King Cock no contiene ftalatos, no contiene l\u00e1tex, es seguro para el cuerpo e hipoalerg\u00e9nico.<\/p>\n<p>El arn\u00e9s de vinilo resistente mantiene todo en su lugar incluso cuando la acci\u00f3n se calienta. El dise\u00f1o ajustado se adapta a los contornos de tu cuerpo y se vuelve a\u00fan m\u00e1s suave y adecuado con cada uso.<\/p>\n<p>Con una correa de tanga y tiras completamente ajustables, se ajusta c\u00f3modamente a las cinturas de hasta 132 cm.<\/p>\n<p>Las hebillas de cintur\u00f3n de metal aseguran que no se suelten durante la diversi\u00f3n, mientras que las correas de velcro sostienen la junta t\u00f3rica en su lugar.<\/p>\n<p>Despu\u00e9s de cada uso l\u00e1valo con un limpiador de juguetes y agua tibia y d\u00e9jalo secar.<\/p>\n<p>Caracter\u00edsticas:<\/p>\n<ul>\n<li>Longitud total: 22 cm<\/li>\n<li>Longitud insertable: 20,3 cm<\/li>\n<li>Di\u00e1metro del producto: 4,6 cm<\/li>\n<li>Resistente al agua.<\/li>\n<li>Materiales: PVC, Vinilo, Metal, Velcro, Silicona<\/li>\n<\/ul>\n","protected":false},"excerpt":{"rendered":"<p>STRAP-ON HARNESS W\/ 8 INCH COCK Cuando quieres que tu primer arn\u00e9s se vea y se sienta como si fuera<\/p>\n","protected":false},"featured_media":59872,"comment_status":"open","ping_status":"open","template":"","meta":[],"product_cat":[480],"product_tag":[489,259],"class_list":["post-59871","product","type-product","status-publish","has-post-thumbnail","hentry","product_cat-con-pene","product_tag-king-cock","product_tag-pipedream"],"bundled_by":[],"bundle_stock_status":"instock","bundle_stock_quantity":2,"bundle_virtual":false,"bundle_layout":"","bundle_add_to_cart_form_location":"","bundle_editable_in_cart":false,"bundle_sold_individually_context":"","bundle_item_grouping":"","bundle_min_size":"","bundle_max_size":"","bundled_items":[],"yoast_head":"<!-- This site is optimized with the Yoast SEO plugin v20.6 - https:\/\/yoast.com\/wordpress\/plugins\/seo\/ -->\n<title>ARN\u00c9S CON PENE REAL\u00cdSTICO 22CM - MULATO - Tienda Er\u00f3tica<\/title>\n<meta name=\"robots\" content=\"noindex, follow, max-snippet:-1, max-image-preview:large, max-video-preview:-1\" \/>\n<meta property=\"og:locale\" content=\"es_ES\" \/>\n<meta property=\"og:type\" content=\"article\" \/>\n<meta property=\"og:title\" content=\"ARN\u00c9S CON PENE REAL\u00cdSTICO 22CM - MULATO - Tienda Er\u00f3tica\" \/>\n<meta property=\"og:description\" content=\"STRAP-ON HARNESS W\/ 8 INCH COCK Cuando quieres que tu primer arn\u00e9s se vea y se sienta como si fuera\" \/>\n<meta property=\"og:url\" content=\"https:\/\/demoweb.info\/sexshop001\/producto\/arnes-con-pene-realistico-22cm-mulato\/\" \/>\n<meta property=\"og:site_name\" content=\"Tienda Er\u00f3tica\" \/>\n<meta property=\"og:image\" content=\"https:\/\/demoweb.info\/sexshop001\/wp-content\/uploads\/2022\/01\/ARNES-CON-PENE-REALISTICO-22CM-MULATO.jpg\" \/>\n\t<meta property=\"og:image:width\" content=\"550\" \/>\n\t<meta property=\"og:image:height\" content=\"550\" \/>\n\t<meta property=\"og:image:type\" content=\"image\/jpeg\" \/>\n<meta name=\"twitter:card\" content=\"summary_large_image\" \/>\n<meta name=\"twitter:label1\" content=\"Tiempo de lectura\" \/>\n\t<meta name=\"twitter:data1\" content=\"1 minuto\" \/>\n<script type=\"application\/ld+json\" class=\"yoast-schema-graph\">{\"@context\":\"https:\/\/schema.org\",\"@graph\":[{\"@type\":\"WebPage\",\"@id\":\"https:\/\/demoweb.info\/sexshop001\/producto\/arnes-con-pene-realistico-22cm-mulato\/\",\"url\":\"https:\/\/demoweb.info\/sexshop001\/producto\/arnes-con-pene-realistico-22cm-mulato\/\",\"name\":\"ARN\u00c9S CON PENE REAL\u00cdSTICO 22CM - MULATO - Tienda Er\u00f3tica\",\"isPartOf\":{\"@id\":\"https:\/\/demoweb.info\/sexshop001\/#website\"},\"datePublished\":\"2022-01-22T16:55:30+00:00\",\"dateModified\":\"2022-01-22T16:55:30+00:00\",\"breadcrumb\":{\"@id\":\"https:\/\/demoweb.info\/sexshop001\/producto\/arnes-con-pene-realistico-22cm-mulato\/#breadcrumb\"},\"inLanguage\":\"es\",\"potentialAction\":[{\"@type\":\"ReadAction\",\"target\":[\"https:\/\/demoweb.info\/sexshop001\/producto\/arnes-con-pene-realistico-22cm-mulato\/\"]}]},{\"@type\":\"BreadcrumbList\",\"@id\":\"https:\/\/demoweb.info\/sexshop001\/producto\/arnes-con-pene-realistico-22cm-mulato\/#breadcrumb\",\"itemListElement\":[{\"@type\":\"ListItem\",\"position\":1,\"name\":\"Portada\",\"item\":\"https:\/\/demoweb.info\/sexshop001\/\"},{\"@type\":\"ListItem\",\"position\":2,\"name\":\"Tienda\",\"item\":\"https:\/\/demoweb.info\/sexshop001\/tienda\/\"},{\"@type\":\"ListItem\",\"position\":3,\"name\":\"ARN\u00c9S CON PENE REAL\u00cdSTICO 22CM &#8211; MULATO\"}]},{\"@type\":\"WebSite\",\"@id\":\"https:\/\/demoweb.info\/sexshop001\/#website\",\"url\":\"https:\/\/demoweb.info\/sexshop001\/\",\"name\":\"Tienda Er\u00f3tica\",\"description\":\"DEMOWEB SL\",\"potentialAction\":[{\"@type\":\"SearchAction\",\"target\":{\"@type\":\"EntryPoint\",\"urlTemplate\":\"https:\/\/demoweb.info\/sexshop001\/?s={search_term_string}\"},\"query-input\":\"required name=search_term_string\"}],\"inLanguage\":\"es\"}]}<\/script>\n<!-- \/ Yoast SEO plugin. -->","yoast_head_json":{"title":"ARN\u00c9S CON PENE REAL\u00cdSTICO 22CM - MULATO - Tienda Er\u00f3tica","robots":{"index":"noindex","follow":"follow","max-snippet":"max-snippet:-1","max-image-preview":"max-image-preview:large","max-video-preview":"max-video-preview:-1"},"og_locale":"es_ES","og_type":"article","og_title":"ARN\u00c9S CON PENE REAL\u00cdSTICO 22CM - MULATO - Tienda Er\u00f3tica","og_description":"STRAP-ON HARNESS W\/ 8 INCH COCK Cuando quieres que tu primer arn\u00e9s se vea y se sienta como si fuera","og_url":"https:\/\/demoweb.info\/sexshop001\/producto\/arnes-con-pene-realistico-22cm-mulato\/","og_site_name":"Tienda Er\u00f3tica","og_image":[{"width":550,"height":550,"url":"https:\/\/demoweb.info\/sexshop001\/wp-content\/uploads\/2022\/01\/ARNES-CON-PENE-REALISTICO-22CM-MULATO.jpg","type":"image\/jpeg"}],"twitter_card":"summary_large_image","twitter_misc":{"Tiempo de lectura":"1 minuto"},"schema":{"@context":"https:\/\/schema.org","@graph":[{"@type":"WebPage","@id":"https:\/\/demoweb.info\/sexshop001\/producto\/arnes-con-pene-realistico-22cm-mulato\/","url":"https:\/\/demoweb.info\/sexshop001\/producto\/arnes-con-pene-realistico-22cm-mulato\/","name":"ARN\u00c9S CON PENE REAL\u00cdSTICO 22CM - MULATO - Tienda Er\u00f3tica","isPartOf":{"@id":"https:\/\/demoweb.info\/sexshop001\/#website"},"datePublished":"2022-01-22T16:55:30+00:00","dateModified":"2022-01-22T16:55:30+00:00","breadcrumb":{"@id":"https:\/\/demoweb.info\/sexshop001\/producto\/arnes-con-pene-realistico-22cm-mulato\/#breadcrumb"},"inLanguage":"es","potentialAction":[{"@type":"ReadAction","target":["https:\/\/demoweb.info\/sexshop001\/producto\/arnes-con-pene-realistico-22cm-mulato\/"]}]},{"@type":"BreadcrumbList","@id":"https:\/\/demoweb.info\/sexshop001\/producto\/arnes-con-pene-realistico-22cm-mulato\/#breadcrumb","itemListElement":[{"@type":"ListItem","position":1,"name":"Portada","item":"https:\/\/demoweb.info\/sexshop001\/"},{"@type":"ListItem","position":2,"name":"Tienda","item":"https:\/\/demoweb.info\/sexshop001\/tienda\/"},{"@type":"ListItem","position":3,"name":"ARN\u00c9S CON PENE REAL\u00cdSTICO 22CM &#8211; MULATO"}]},{"@type":"WebSite","@id":"https:\/\/demoweb.info\/sexshop001\/#website","url":"https:\/\/demoweb.info\/sexshop001\/","name":"Tienda Er\u00f3tica","description":"DEMOWEB SL","potentialAction":[{"@type":"SearchAction","target":{"@type":"EntryPoint","urlTemplate":"https:\/\/demoweb.info\/sexshop001\/?s={search_term_string}"},"query-input":"required name=search_term_string"}],"inLanguage":"es"}]}},"_links":{"self":[{"href":"https:\/\/demoweb.info\/sexshop001\/wp-json\/wp\/v3\/product\/59871","targetHints":{"allow":["GET"]}}],"collection":[{"href":"https:\/\/demoweb.info\/sexshop001\/wp-json\/wp\/v3\/product"}],"about":[{"href":"https:\/\/demoweb.info\/sexshop001\/wp-json\/wp\/v2\/types\/product"}],"replies":[{"embeddable":true,"href":"https:\/\/demoweb.info\/sexshop001\/wp-json\/wp\/v2\/comments?post=59871"}],"wp:featuredmedia":[{"embeddable":true,"href":"https:\/\/demoweb.info\/sexshop001\/wp-json\/wp\/v2\/media\/59872"}],"wp:attachment":[{"href":"https:\/\/demoweb.info\/sexshop001\/wp-json\/wp\/v2\/media?parent=59871"}],"wp:term":[{"taxonomy":"product_cat","embeddable":true,"href":"https:\/\/demoweb.info\/sexshop001\/wp-json\/wp\/v2\/product_cat?post=59871"},{"taxonomy":"product_tag","embeddable":true,"href":"https:\/\/demoweb.info\/sexshop001\/wp-json\/wp\/v2\/product_tag?post=59871"}],"curies":[{"name":"wp","href":"https:\/\/api.w.org\/{rel}","templated":true}]}}