{"id":59810,"date":"2022-01-22T17:54:30","date_gmt":"2022-01-22T16:54:30","guid":{"rendered":"https:\/\/demoweb.info\/sexshop001\/producto\/pene-vibrador-con-testiculos-18cm-mulato\/"},"modified":"2022-01-22T17:54:46","modified_gmt":"2022-01-22T16:54:46","slug":"pene-vibrador-con-testiculos-18cm-mulato","status":"publish","type":"product","link":"https:\/\/demoweb.info\/sexshop001\/producto\/pene-vibrador-con-testiculos-18cm-mulato\/","title":{"rendered":"PENE VIBRADOR CON TEST\u00cdCULOS 18CM &#8211; MULATO"},"content":{"rendered":"<p><strong>7 INCH VIBRATING COCK WITH BALLS- TAN<\/strong><\/p>\n<p>Los nuevos consoladores vibratorios King Cock son los penes vibratorios de fabricaci\u00f3n estadounidense m\u00e1s realistas del mundo!<\/p>\n<p>Cada vena, cada eje y cada cabezal est\u00e1n hechos a mano con una exquisita atenci\u00f3n al detalle para brindarle la experiencia m\u00e1s realista imaginada. Los ejes posables te permiten doblar el pene para ajustarse a los contornos de tu cuerpo, mientras que el potente motor te aleja.<\/p>\n<p>Las bases extra\u00edbles para ventosas se adhieren a casi cualquier superficie plana y hacen que todos los arneses King Cock sean compatibles. Incluso puedes llevar estas vibraciones a prueba de agua a la ducha, a la ba\u00f1era de hidromasaje o al spa y convertir la hora del ba\u00f1o en tiempo de juego.<\/p>\n<p>Caracter\u00edsticas:<\/p>\n<ul>\n<li>Peso del producto: 362 gr<\/li>\n<li>Di\u00e1metro del producto: 4 cm<\/li>\n<li>Longitud insertable: 13 cm<\/li>\n<li>Resistente al agua<\/li>\n<li>Libre de ftalato<\/li>\n<li>Materiales ABS Pl\u00e1stico, PVC<\/li>\n<li>Funciona con 3 x AAA (no incluidas)<\/li>\n<\/ul>\n","protected":false},"excerpt":{"rendered":"<p>7 INCH VIBRATING COCK WITH BALLS- TAN Los nuevos consoladores vibratorios King Cock son los penes vibratorios de fabricaci\u00f3n estadounidense<\/p>\n","protected":false},"featured_media":59811,"comment_status":"open","ping_status":"open","template":"","meta":[],"product_cat":[317],"product_tag":[489,259],"class_list":["post-59810","product","type-product","status-publish","has-post-thumbnail","hentry","product_cat-con-vibrador","product_tag-king-cock","product_tag-pipedream"],"bundled_by":[],"bundle_stock_status":"outofstock","bundle_stock_quantity":0,"bundle_virtual":false,"bundle_layout":"","bundle_add_to_cart_form_location":"","bundle_editable_in_cart":false,"bundle_sold_individually_context":"","bundle_item_grouping":"","bundle_min_size":"","bundle_max_size":"","bundled_items":[],"yoast_head":"<!-- This site is optimized with the Yoast SEO plugin v20.6 - https:\/\/yoast.com\/wordpress\/plugins\/seo\/ -->\n<title>PENE VIBRADOR CON TEST\u00cdCULOS 18CM - MULATO - Tienda Er\u00f3tica<\/title>\n<meta name=\"robots\" content=\"noindex, follow, max-snippet:-1, max-image-preview:large, max-video-preview:-1\" \/>\n<meta property=\"og:locale\" content=\"es_ES\" \/>\n<meta property=\"og:type\" content=\"article\" \/>\n<meta property=\"og:title\" content=\"PENE VIBRADOR CON TEST\u00cdCULOS 18CM - MULATO - Tienda Er\u00f3tica\" \/>\n<meta property=\"og:description\" content=\"7 INCH VIBRATING COCK WITH BALLS- TAN Los nuevos consoladores vibratorios King Cock son los penes vibratorios de fabricaci\u00f3n estadounidense\" \/>\n<meta property=\"og:url\" content=\"https:\/\/demoweb.info\/sexshop001\/producto\/pene-vibrador-con-testiculos-18cm-mulato\/\" \/>\n<meta property=\"og:site_name\" content=\"Tienda Er\u00f3tica\" \/>\n<meta property=\"article:modified_time\" content=\"2022-01-22T16:54:46+00:00\" \/>\n<meta property=\"og:image\" content=\"https:\/\/demoweb.info\/sexshop001\/wp-content\/uploads\/2022\/01\/PENE-VIBRADOR-CON-TESTICULOS-18CM-MULATO.jpg\" \/>\n\t<meta property=\"og:image:width\" content=\"550\" \/>\n\t<meta property=\"og:image:height\" content=\"550\" \/>\n\t<meta property=\"og:image:type\" content=\"image\/jpeg\" \/>\n<meta name=\"twitter:card\" content=\"summary_large_image\" \/>\n<meta name=\"twitter:label1\" content=\"Tiempo de lectura\" \/>\n\t<meta name=\"twitter:data1\" content=\"1 minuto\" \/>\n<script type=\"application\/ld+json\" class=\"yoast-schema-graph\">{\"@context\":\"https:\/\/schema.org\",\"@graph\":[{\"@type\":\"WebPage\",\"@id\":\"https:\/\/demoweb.info\/sexshop001\/producto\/pene-vibrador-con-testiculos-18cm-mulato\/\",\"url\":\"https:\/\/demoweb.info\/sexshop001\/producto\/pene-vibrador-con-testiculos-18cm-mulato\/\",\"name\":\"PENE VIBRADOR CON TEST\u00cdCULOS 18CM - MULATO - Tienda Er\u00f3tica\",\"isPartOf\":{\"@id\":\"https:\/\/demoweb.info\/sexshop001\/#website\"},\"datePublished\":\"2022-01-22T16:54:30+00:00\",\"dateModified\":\"2022-01-22T16:54:46+00:00\",\"breadcrumb\":{\"@id\":\"https:\/\/demoweb.info\/sexshop001\/producto\/pene-vibrador-con-testiculos-18cm-mulato\/#breadcrumb\"},\"inLanguage\":\"es\",\"potentialAction\":[{\"@type\":\"ReadAction\",\"target\":[\"https:\/\/demoweb.info\/sexshop001\/producto\/pene-vibrador-con-testiculos-18cm-mulato\/\"]}]},{\"@type\":\"BreadcrumbList\",\"@id\":\"https:\/\/demoweb.info\/sexshop001\/producto\/pene-vibrador-con-testiculos-18cm-mulato\/#breadcrumb\",\"itemListElement\":[{\"@type\":\"ListItem\",\"position\":1,\"name\":\"Portada\",\"item\":\"https:\/\/demoweb.info\/sexshop001\/\"},{\"@type\":\"ListItem\",\"position\":2,\"name\":\"Tienda\",\"item\":\"https:\/\/demoweb.info\/sexshop001\/tienda\/\"},{\"@type\":\"ListItem\",\"position\":3,\"name\":\"PENE VIBRADOR CON TEST\u00cdCULOS 18CM &#8211; MULATO\"}]},{\"@type\":\"WebSite\",\"@id\":\"https:\/\/demoweb.info\/sexshop001\/#website\",\"url\":\"https:\/\/demoweb.info\/sexshop001\/\",\"name\":\"Tienda Er\u00f3tica\",\"description\":\"DEMOWEB SL\",\"potentialAction\":[{\"@type\":\"SearchAction\",\"target\":{\"@type\":\"EntryPoint\",\"urlTemplate\":\"https:\/\/demoweb.info\/sexshop001\/?s={search_term_string}\"},\"query-input\":\"required name=search_term_string\"}],\"inLanguage\":\"es\"}]}<\/script>\n<!-- \/ Yoast SEO plugin. -->","yoast_head_json":{"title":"PENE VIBRADOR CON TEST\u00cdCULOS 18CM - MULATO - Tienda Er\u00f3tica","robots":{"index":"noindex","follow":"follow","max-snippet":"max-snippet:-1","max-image-preview":"max-image-preview:large","max-video-preview":"max-video-preview:-1"},"og_locale":"es_ES","og_type":"article","og_title":"PENE VIBRADOR CON TEST\u00cdCULOS 18CM - MULATO - Tienda Er\u00f3tica","og_description":"7 INCH VIBRATING COCK WITH BALLS- TAN Los nuevos consoladores vibratorios King Cock son los penes vibratorios de fabricaci\u00f3n estadounidense","og_url":"https:\/\/demoweb.info\/sexshop001\/producto\/pene-vibrador-con-testiculos-18cm-mulato\/","og_site_name":"Tienda Er\u00f3tica","article_modified_time":"2022-01-22T16:54:46+00:00","og_image":[{"width":550,"height":550,"url":"https:\/\/demoweb.info\/sexshop001\/wp-content\/uploads\/2022\/01\/PENE-VIBRADOR-CON-TESTICULOS-18CM-MULATO.jpg","type":"image\/jpeg"}],"twitter_card":"summary_large_image","twitter_misc":{"Tiempo de lectura":"1 minuto"},"schema":{"@context":"https:\/\/schema.org","@graph":[{"@type":"WebPage","@id":"https:\/\/demoweb.info\/sexshop001\/producto\/pene-vibrador-con-testiculos-18cm-mulato\/","url":"https:\/\/demoweb.info\/sexshop001\/producto\/pene-vibrador-con-testiculos-18cm-mulato\/","name":"PENE VIBRADOR CON TEST\u00cdCULOS 18CM - MULATO - Tienda Er\u00f3tica","isPartOf":{"@id":"https:\/\/demoweb.info\/sexshop001\/#website"},"datePublished":"2022-01-22T16:54:30+00:00","dateModified":"2022-01-22T16:54:46+00:00","breadcrumb":{"@id":"https:\/\/demoweb.info\/sexshop001\/producto\/pene-vibrador-con-testiculos-18cm-mulato\/#breadcrumb"},"inLanguage":"es","potentialAction":[{"@type":"ReadAction","target":["https:\/\/demoweb.info\/sexshop001\/producto\/pene-vibrador-con-testiculos-18cm-mulato\/"]}]},{"@type":"BreadcrumbList","@id":"https:\/\/demoweb.info\/sexshop001\/producto\/pene-vibrador-con-testiculos-18cm-mulato\/#breadcrumb","itemListElement":[{"@type":"ListItem","position":1,"name":"Portada","item":"https:\/\/demoweb.info\/sexshop001\/"},{"@type":"ListItem","position":2,"name":"Tienda","item":"https:\/\/demoweb.info\/sexshop001\/tienda\/"},{"@type":"ListItem","position":3,"name":"PENE VIBRADOR CON TEST\u00cdCULOS 18CM &#8211; MULATO"}]},{"@type":"WebSite","@id":"https:\/\/demoweb.info\/sexshop001\/#website","url":"https:\/\/demoweb.info\/sexshop001\/","name":"Tienda Er\u00f3tica","description":"DEMOWEB SL","potentialAction":[{"@type":"SearchAction","target":{"@type":"EntryPoint","urlTemplate":"https:\/\/demoweb.info\/sexshop001\/?s={search_term_string}"},"query-input":"required name=search_term_string"}],"inLanguage":"es"}]}},"_links":{"self":[{"href":"https:\/\/demoweb.info\/sexshop001\/wp-json\/wp\/v3\/product\/59810","targetHints":{"allow":["GET"]}}],"collection":[{"href":"https:\/\/demoweb.info\/sexshop001\/wp-json\/wp\/v3\/product"}],"about":[{"href":"https:\/\/demoweb.info\/sexshop001\/wp-json\/wp\/v2\/types\/product"}],"replies":[{"embeddable":true,"href":"https:\/\/demoweb.info\/sexshop001\/wp-json\/wp\/v2\/comments?post=59810"}],"wp:featuredmedia":[{"embeddable":true,"href":"https:\/\/demoweb.info\/sexshop001\/wp-json\/wp\/v2\/media\/59811"}],"wp:attachment":[{"href":"https:\/\/demoweb.info\/sexshop001\/wp-json\/wp\/v2\/media?parent=59810"}],"wp:term":[{"taxonomy":"product_cat","embeddable":true,"href":"https:\/\/demoweb.info\/sexshop001\/wp-json\/wp\/v2\/product_cat?post=59810"},{"taxonomy":"product_tag","embeddable":true,"href":"https:\/\/demoweb.info\/sexshop001\/wp-json\/wp\/v2\/product_tag?post=59810"}],"curies":[{"name":"wp","href":"https:\/\/api.w.org\/{rel}","templated":true}]}}